{"id":37503,"date":"2022-12-07T09:55:26","date_gmt":"2022-12-07T02:55:26","guid":{"rendered":"https:\/\/mouldking.store\/?post_type=product&#038;p=37503"},"modified":"2022-12-07T09:55:26","modified_gmt":"2022-12-07T02:55:26","slug":"fiftyseven-no-57-3-grave-frog","status":"publish","type":"product","link":"https:\/\/mouldking.store\/es\/shop\/fiftyseven-no-57-3-grave-frog\/","title":{"rendered":"CINCUENTA Y SIETE No 57 3 GRAVE FROG"},"content":{"rendered":"<p>Informaci\u00f3n del Producto:<\/p>\n<ol>\n<li>Marca: CINCUENTA Y SIETE<\/li>\n<li>G\u00e9nero: Unisex<\/li>\n<li>Name: GRAVE FROG<\/li>\n<li>Rango de edad: &gt; 6 a\u00f1os<\/li>\n<li>Model Number: No 57 3<\/li>\n<li>Clasificaci\u00f3n: Ensamblaje<\/li>\n<li>Forma de bloque de pl\u00e1stico: Ladrillos autoblocantes<\/li>\n<li>Material: Pl\u00e1stico<\/li>\n<li>Tipo de pl\u00e1stico: ABS<\/li>\n<li>Contiene instrucciones de montaje detalladas.<\/li>\n<\/ol>\n<p>Aviso:<br \/>\n1. Sin caja original, pero garantizamos que nuestros productos tienen garant\u00eda de calidad y un buen embalaje.<br \/>\n2. Como todas las piezas que hemos comprobado antes del env\u00edo, si encuentra que faltan piezas o est\u00e1n da\u00f1adas, no se preocupe y p\u00f3ngase en contacto con nosotros y podemos reenvi\u00e1rselas inmediatamente de forma gratuita.<\/p>\n<figure id=\"attachment_37504\" aria-describedby=\"caption-attachment-37504\" style=\"width: 800px\" class=\"wp-caption aligncenter\"><img fetchpriority=\"high\" decoding=\"async\" class=\"wp-image-37504 size-full\" src=\"https:\/\/mouldking.store\/wp-content\/uploads\/2022\/12\/FIFTYSEVEN-No-57-GRAVE-FROG-5.jpg\" alt=\"FIFTYSEVEN No 57 3 GRAVE FROG\" width=\"800\" height=\"800\" title=\"-\" srcset=\"https:\/\/mouldking.store\/wp-content\/uploads\/2022\/12\/FIFTYSEVEN-No-57-GRAVE-FROG-5.jpg 800w, https:\/\/mouldking.store\/wp-content\/uploads\/2022\/12\/FIFTYSEVEN-No-57-GRAVE-FROG-5-300x300.jpg 300w, https:\/\/mouldking.store\/wp-content\/uploads\/2022\/12\/FIFTYSEVEN-No-57-GRAVE-FROG-5-768x768.jpg 768w, https:\/\/mouldking.store\/wp-content\/uploads\/2022\/12\/FIFTYSEVEN-No-57-GRAVE-FROG-5-600x600.jpg 600w, https:\/\/mouldking.store\/wp-content\/uploads\/2022\/12\/FIFTYSEVEN-No-57-GRAVE-FROG-5-150x150.jpg 150w, https:\/\/mouldking.store\/wp-content\/uploads\/2022\/12\/FIFTYSEVEN-No-57-GRAVE-FROG-5-60x60.jpg 60w, https:\/\/mouldking.store\/wp-content\/uploads\/2022\/12\/FIFTYSEVEN-No-57-GRAVE-FROG-5-90x90.jpg 90w\" sizes=\"(max-width: 800px) 100vw, 800px\" \/><figcaption id=\"caption-attachment-37504\" class=\"wp-caption-text\">CINCUENTA Y SIETE No 57 3 GRAVE FROG<\/figcaption><\/figure>\n<figure id=\"attachment_37505\" aria-describedby=\"caption-attachment-37505\" style=\"width: 800px\" class=\"wp-caption aligncenter\"><img decoding=\"async\" class=\"wp-image-37505 size-full\" src=\"https:\/\/mouldking.store\/wp-content\/uploads\/2022\/12\/FIFTYSEVEN-No-57-GRAVE-FROG-4.jpg\" alt=\"FIFTYSEVEN No 57 3 GRAVE FROG\" width=\"800\" height=\"800\" title=\"-\" srcset=\"https:\/\/mouldking.store\/wp-content\/uploads\/2022\/12\/FIFTYSEVEN-No-57-GRAVE-FROG-4.jpg 800w, https:\/\/mouldking.store\/wp-content\/uploads\/2022\/12\/FIFTYSEVEN-No-57-GRAVE-FROG-4-300x300.jpg 300w, https:\/\/mouldking.store\/wp-content\/uploads\/2022\/12\/FIFTYSEVEN-No-57-GRAVE-FROG-4-768x768.jpg 768w, https:\/\/mouldking.store\/wp-content\/uploads\/2022\/12\/FIFTYSEVEN-No-57-GRAVE-FROG-4-600x600.jpg 600w, https:\/\/mouldking.store\/wp-content\/uploads\/2022\/12\/FIFTYSEVEN-No-57-GRAVE-FROG-4-150x150.jpg 150w, https:\/\/mouldking.store\/wp-content\/uploads\/2022\/12\/FIFTYSEVEN-No-57-GRAVE-FROG-4-60x60.jpg 60w, https:\/\/mouldking.store\/wp-content\/uploads\/2022\/12\/FIFTYSEVEN-No-57-GRAVE-FROG-4-90x90.jpg 90w\" sizes=\"(max-width: 800px) 100vw, 800px\" \/><figcaption id=\"caption-attachment-37505\" class=\"wp-caption-text\">CINCUENTA Y SIETE No 57 3 GRAVE FROG<\/figcaption><\/figure>\n<figure id=\"attachment_37506\" aria-describedby=\"caption-attachment-37506\" style=\"width: 800px\" class=\"wp-caption aligncenter\"><img decoding=\"async\" class=\"wp-image-37506 size-full\" src=\"https:\/\/mouldking.store\/wp-content\/uploads\/2022\/12\/FIFTYSEVEN-No-57-GRAVE-FROG-3.jpg\" alt=\"FIFTYSEVEN No 57 3 GRAVE FROG\" width=\"800\" height=\"800\" title=\"-\" srcset=\"https:\/\/mouldking.store\/wp-content\/uploads\/2022\/12\/FIFTYSEVEN-No-57-GRAVE-FROG-3.jpg 800w, https:\/\/mouldking.store\/wp-content\/uploads\/2022\/12\/FIFTYSEVEN-No-57-GRAVE-FROG-3-300x300.jpg 300w, https:\/\/mouldking.store\/wp-content\/uploads\/2022\/12\/FIFTYSEVEN-No-57-GRAVE-FROG-3-768x768.jpg 768w, https:\/\/mouldking.store\/wp-content\/uploads\/2022\/12\/FIFTYSEVEN-No-57-GRAVE-FROG-3-600x600.jpg 600w, https:\/\/mouldking.store\/wp-content\/uploads\/2022\/12\/FIFTYSEVEN-No-57-GRAVE-FROG-3-150x150.jpg 150w, https:\/\/mouldking.store\/wp-content\/uploads\/2022\/12\/FIFTYSEVEN-No-57-GRAVE-FROG-3-60x60.jpg 60w, https:\/\/mouldking.store\/wp-content\/uploads\/2022\/12\/FIFTYSEVEN-No-57-GRAVE-FROG-3-90x90.jpg 90w\" sizes=\"(max-width: 800px) 100vw, 800px\" \/><figcaption id=\"caption-attachment-37506\" class=\"wp-caption-text\">CINCUENTA Y SIETE No 57 3 GRAVE FROG<\/figcaption><\/figure>\n<figure id=\"attachment_37507\" aria-describedby=\"caption-attachment-37507\" style=\"width: 800px\" class=\"wp-caption aligncenter\"><img loading=\"lazy\" decoding=\"async\" class=\"wp-image-37507 size-full\" src=\"https:\/\/mouldking.store\/wp-content\/uploads\/2022\/12\/FIFTYSEVEN-No-57-GRAVE-FROG-2.jpg\" alt=\"FIFTYSEVEN No 57 3 GRAVE FROG\" width=\"800\" height=\"800\" title=\"-\" srcset=\"https:\/\/mouldking.store\/wp-content\/uploads\/2022\/12\/FIFTYSEVEN-No-57-GRAVE-FROG-2.jpg 800w, https:\/\/mouldking.store\/wp-content\/uploads\/2022\/12\/FIFTYSEVEN-No-57-GRAVE-FROG-2-300x300.jpg 300w, https:\/\/mouldking.store\/wp-content\/uploads\/2022\/12\/FIFTYSEVEN-No-57-GRAVE-FROG-2-768x768.jpg 768w, https:\/\/mouldking.store\/wp-content\/uploads\/2022\/12\/FIFTYSEVEN-No-57-GRAVE-FROG-2-600x600.jpg 600w, https:\/\/mouldking.store\/wp-content\/uploads\/2022\/12\/FIFTYSEVEN-No-57-GRAVE-FROG-2-150x150.jpg 150w, https:\/\/mouldking.store\/wp-content\/uploads\/2022\/12\/FIFTYSEVEN-No-57-GRAVE-FROG-2-60x60.jpg 60w, https:\/\/mouldking.store\/wp-content\/uploads\/2022\/12\/FIFTYSEVEN-No-57-GRAVE-FROG-2-90x90.jpg 90w\" sizes=\"(max-width: 800px) 100vw, 800px\" \/><figcaption id=\"caption-attachment-37507\" class=\"wp-caption-text\">CINCUENTA Y SIETE No 57 3 GRAVE FROG<\/figcaption><\/figure>\n<figure id=\"attachment_37508\" aria-describedby=\"caption-attachment-37508\" style=\"width: 800px\" class=\"wp-caption aligncenter\"><img loading=\"lazy\" decoding=\"async\" class=\"wp-image-37508 size-full\" src=\"https:\/\/mouldking.store\/wp-content\/uploads\/2022\/12\/FIFTYSEVEN-No-57-GRAVE-FROG-1.jpg\" alt=\"FIFTYSEVEN No 57 3 GRAVE FROG\" width=\"800\" height=\"800\" title=\"-\" srcset=\"https:\/\/mouldking.store\/wp-content\/uploads\/2022\/12\/FIFTYSEVEN-No-57-GRAVE-FROG-1.jpg 800w, https:\/\/mouldking.store\/wp-content\/uploads\/2022\/12\/FIFTYSEVEN-No-57-GRAVE-FROG-1-300x300.jpg 300w, https:\/\/mouldking.store\/wp-content\/uploads\/2022\/12\/FIFTYSEVEN-No-57-GRAVE-FROG-1-768x768.jpg 768w, https:\/\/mouldking.store\/wp-content\/uploads\/2022\/12\/FIFTYSEVEN-No-57-GRAVE-FROG-1-600x600.jpg 600w, https:\/\/mouldking.store\/wp-content\/uploads\/2022\/12\/FIFTYSEVEN-No-57-GRAVE-FROG-1-150x150.jpg 150w, https:\/\/mouldking.store\/wp-content\/uploads\/2022\/12\/FIFTYSEVEN-No-57-GRAVE-FROG-1-60x60.jpg 60w, https:\/\/mouldking.store\/wp-content\/uploads\/2022\/12\/FIFTYSEVEN-No-57-GRAVE-FROG-1-90x90.jpg 90w\" sizes=\"(max-width: 800px) 100vw, 800px\" \/><figcaption id=\"caption-attachment-37508\" class=\"wp-caption-text\">CINCUENTA Y SIETE No 57 3 GRAVE FROG<\/figcaption><\/figure>","protected":false},"excerpt":{"rendered":"<p>Product information: Brand: FIFTYSEVEN Gender: Unisex Name: GRAVE FROG Age Range: &gt; 6 years old Model Number: No 57 3 Classification: Assemblage Plastic Block Shape: Self-Locking Bricks Material: Plastic Plastic Type: ABS Contains detailed assembly instructions. Notice: 1. Without an original box, but we guarantee our products have quality assurance and nice packaging. 2. As [&hellip;]<\/p>","protected":false},"featured_media":37504,"comment_status":"closed","ping_status":"closed","template":"","meta":{"_acf_changed":false},"product_cat":[1365],"product_tag":[9056,9074,9070,9071,9072,9073,9057,9075],"class_list":["product","first","instock","shipping-taxable","purchasable","product-type-simple"],"acf":[],"_links":{"self":[{"href":"https:\/\/mouldking.store\/es\/wp-json\/wp\/v2\/product\/37503","targetHints":{"allow":["GET"]}}],"collection":[{"href":"https:\/\/mouldking.store\/es\/wp-json\/wp\/v2\/product"}],"about":[{"href":"https:\/\/mouldking.store\/es\/wp-json\/wp\/v2\/types\/product"}],"replies":[{"embeddable":true,"href":"https:\/\/mouldking.store\/es\/wp-json\/wp\/v2\/comments?post=37503"}],"wp:featuredmedia":[{"embeddable":true,"href":"https:\/\/mouldking.store\/es\/wp-json\/wp\/v2\/media\/37504"}],"wp:attachment":[{"href":"https:\/\/mouldking.store\/es\/wp-json\/wp\/v2\/media?parent=37503"}],"wp:term":[{"taxonomy":"product_cat","embeddable":true,"href":"https:\/\/mouldking.store\/es\/wp-json\/wp\/v2\/product_cat?post=37503"},{"taxonomy":"product_tag","embeddable":true,"href":"https:\/\/mouldking.store\/es\/wp-json\/wp\/v2\/product_tag?post=37503"}],"curies":[{"name":"wp","href":"https:\/\/api.w.org\/{rel}","templated":true}]}}