{"id":37607,"date":"2022-12-08T15:42:19","date_gmt":"2022-12-08T08:42:19","guid":{"rendered":"https:\/\/mouldking.store\/?post_type=product&#038;p=37607"},"modified":"2025-12-25T09:12:11","modified_gmt":"2025-12-25T02:12:11","slug":"moc-125351-snow-peak-sweets-factory-and-lounge-with-2919-pieces","status":"publish","type":"product","link":"https:\/\/mouldking.store\/es\/shop\/moc-125351-snow-peak-sweets-factory-and-lounge-with-2919-pieces\/","title":{"rendered":"MOC-125351 F\u00e1brica y sal\u00f3n de dulces Snow Peak con 2919 piezas"},"content":{"rendered":"<p>Informaci\u00f3n del Producto:<\/p>\n<ol>\n<li>Marca: MOC<\/li>\n<li>G\u00e9nero: Unisex<\/li>\n<li>Nombre: F\u00e1brica y sal\u00f3n de dulces Snow Peak<\/li>\n<li>Rango de edad: &gt; 6 a\u00f1os<\/li>\n<li>N\u00famero de modelo: 125351<\/li>\n<li>Clasificaci\u00f3n: Ensamblaje<\/li>\n<li>Forma de bloque de pl\u00e1stico: Ladrillos autoblocantes<\/li>\n<li>Material: Pl\u00e1stico<\/li>\n<li>Tipo de pl\u00e1stico: ABS<\/li>\n<li>Bloques de ladrillos: 2919 PCS<\/li>\n<li>Contiene instrucciones de montaje detalladas.<\/li>\n<li>Organizar el tiempo: 4-8 semanas<\/li>\n<\/ol>\n<p>Aviso:<br \/>\n1. Sin caja original, pero garantizamos que nuestros productos tienen garant\u00eda de calidad y un buen embalaje.<br \/>\n2. Como todas las piezas que hemos comprobado antes del env\u00edo, si encuentra que faltan piezas o est\u00e1n da\u00f1adas, no se preocupe y p\u00f3ngase en contacto con nosotros y podemos reenvi\u00e1rselas inmediatamente de forma gratuita.<\/p>\n<figure id=\"attachment_37608\" aria-describedby=\"caption-attachment-37608\" style=\"width: 1004px\" class=\"wp-caption aligncenter\"><img fetchpriority=\"high\" decoding=\"async\" class=\"wp-image-37608 size-full\" src=\"https:\/\/mouldking.store\/wp-content\/uploads\/2022\/12\/MOC-125351-Modular-Building-Snow-Peak-Sweets-Factory-And-Lounge-MOC-FACTORY.png\" alt=\"MOC-125351 Snow Peak Sweets Factory And Lounge With 2919 Pieces\" width=\"1004\" height=\"1004\" title=\"-\" srcset=\"https:\/\/mouldking.store\/wp-content\/uploads\/2022\/12\/MOC-125351-Modular-Building-Snow-Peak-Sweets-Factory-And-Lounge-MOC-FACTORY.png 1004w, https:\/\/mouldking.store\/wp-content\/uploads\/2022\/12\/MOC-125351-Modular-Building-Snow-Peak-Sweets-Factory-And-Lounge-MOC-FACTORY-300x300.png 300w, https:\/\/mouldking.store\/wp-content\/uploads\/2022\/12\/MOC-125351-Modular-Building-Snow-Peak-Sweets-Factory-And-Lounge-MOC-FACTORY-768x768.png 768w, https:\/\/mouldking.store\/wp-content\/uploads\/2022\/12\/MOC-125351-Modular-Building-Snow-Peak-Sweets-Factory-And-Lounge-MOC-FACTORY-600x600.png 600w, https:\/\/mouldking.store\/wp-content\/uploads\/2022\/12\/MOC-125351-Modular-Building-Snow-Peak-Sweets-Factory-And-Lounge-MOC-FACTORY-150x150.png 150w, https:\/\/mouldking.store\/wp-content\/uploads\/2022\/12\/MOC-125351-Modular-Building-Snow-Peak-Sweets-Factory-And-Lounge-MOC-FACTORY-60x60.png 60w, https:\/\/mouldking.store\/wp-content\/uploads\/2022\/12\/MOC-125351-Modular-Building-Snow-Peak-Sweets-Factory-And-Lounge-MOC-FACTORY-90x90.png 90w\" sizes=\"(max-width: 1004px) 100vw, 1004px\" \/><figcaption id=\"caption-attachment-37608\" class=\"wp-caption-text\">MOC-125351 F\u00e1brica y sal\u00f3n de dulces Snow Peak con 2919 piezas<\/figcaption><\/figure>\n<figure id=\"attachment_37609\" aria-describedby=\"caption-attachment-37609\" style=\"width: 1000px\" class=\"wp-caption aligncenter\"><img decoding=\"async\" class=\"wp-image-37609 size-full\" src=\"https:\/\/mouldking.store\/wp-content\/uploads\/2022\/12\/Snow-Peak-Sweets-Factory-And-Lounge-MOC-125351-2.png\" alt=\"MOC-125351 Snow Peak Sweets Factory And Lounge With 2919 Pieces\" width=\"1000\" height=\"1000\" title=\"-\" srcset=\"https:\/\/mouldking.store\/wp-content\/uploads\/2022\/12\/Snow-Peak-Sweets-Factory-And-Lounge-MOC-125351-2.png 1000w, https:\/\/mouldking.store\/wp-content\/uploads\/2022\/12\/Snow-Peak-Sweets-Factory-And-Lounge-MOC-125351-2-300x300.png 300w, https:\/\/mouldking.store\/wp-content\/uploads\/2022\/12\/Snow-Peak-Sweets-Factory-And-Lounge-MOC-125351-2-768x768.png 768w, https:\/\/mouldking.store\/wp-content\/uploads\/2022\/12\/Snow-Peak-Sweets-Factory-And-Lounge-MOC-125351-2-600x600.png 600w, https:\/\/mouldking.store\/wp-content\/uploads\/2022\/12\/Snow-Peak-Sweets-Factory-And-Lounge-MOC-125351-2-150x150.png 150w, https:\/\/mouldking.store\/wp-content\/uploads\/2022\/12\/Snow-Peak-Sweets-Factory-And-Lounge-MOC-125351-2-60x60.png 60w, https:\/\/mouldking.store\/wp-content\/uploads\/2022\/12\/Snow-Peak-Sweets-Factory-And-Lounge-MOC-125351-2-90x90.png 90w\" sizes=\"(max-width: 1000px) 100vw, 1000px\" \/><figcaption id=\"caption-attachment-37609\" class=\"wp-caption-text\">MOC-125351 F\u00e1brica y sal\u00f3n de dulces Snow Peak con 2919 piezas<\/figcaption><\/figure>\n<figure id=\"attachment_37610\" aria-describedby=\"caption-attachment-37610\" style=\"width: 1000px\" class=\"wp-caption aligncenter\"><img decoding=\"async\" class=\"wp-image-37610 size-full\" src=\"https:\/\/mouldking.store\/wp-content\/uploads\/2022\/12\/Snow-Peak-Sweets-Factory-And-Lounge-MOC-125351-3.png\" alt=\"MOC-125351 Snow Peak Sweets Factory And Lounge With 2919 Pieces\" width=\"1000\" height=\"1000\" title=\"-\" srcset=\"https:\/\/mouldking.store\/wp-content\/uploads\/2022\/12\/Snow-Peak-Sweets-Factory-And-Lounge-MOC-125351-3.png 1000w, https:\/\/mouldking.store\/wp-content\/uploads\/2022\/12\/Snow-Peak-Sweets-Factory-And-Lounge-MOC-125351-3-300x300.png 300w, https:\/\/mouldking.store\/wp-content\/uploads\/2022\/12\/Snow-Peak-Sweets-Factory-And-Lounge-MOC-125351-3-768x768.png 768w, https:\/\/mouldking.store\/wp-content\/uploads\/2022\/12\/Snow-Peak-Sweets-Factory-And-Lounge-MOC-125351-3-600x600.png 600w, https:\/\/mouldking.store\/wp-content\/uploads\/2022\/12\/Snow-Peak-Sweets-Factory-And-Lounge-MOC-125351-3-150x150.png 150w, https:\/\/mouldking.store\/wp-content\/uploads\/2022\/12\/Snow-Peak-Sweets-Factory-And-Lounge-MOC-125351-3-60x60.png 60w, https:\/\/mouldking.store\/wp-content\/uploads\/2022\/12\/Snow-Peak-Sweets-Factory-And-Lounge-MOC-125351-3-90x90.png 90w\" sizes=\"(max-width: 1000px) 100vw, 1000px\" \/><figcaption id=\"caption-attachment-37610\" class=\"wp-caption-text\">MOC-125351 F\u00e1brica y sal\u00f3n de dulces Snow Peak con 2919 piezas<\/figcaption><\/figure>\n<figure id=\"attachment_37611\" aria-describedby=\"caption-attachment-37611\" style=\"width: 1000px\" class=\"wp-caption aligncenter\"><img loading=\"lazy\" decoding=\"async\" class=\"wp-image-37611 size-full\" src=\"https:\/\/mouldking.store\/wp-content\/uploads\/2022\/12\/Snow-Peak-Sweets-Factory-And-Lounge-MOC-125351-4.png\" alt=\"MOC-125351 Snow Peak Sweets Factory And Lounge With 2919 Pieces\" width=\"1000\" height=\"1000\" title=\"-\" srcset=\"https:\/\/mouldking.store\/wp-content\/uploads\/2022\/12\/Snow-Peak-Sweets-Factory-And-Lounge-MOC-125351-4.png 1000w, https:\/\/mouldking.store\/wp-content\/uploads\/2022\/12\/Snow-Peak-Sweets-Factory-And-Lounge-MOC-125351-4-300x300.png 300w, https:\/\/mouldking.store\/wp-content\/uploads\/2022\/12\/Snow-Peak-Sweets-Factory-And-Lounge-MOC-125351-4-768x768.png 768w, https:\/\/mouldking.store\/wp-content\/uploads\/2022\/12\/Snow-Peak-Sweets-Factory-And-Lounge-MOC-125351-4-600x600.png 600w, https:\/\/mouldking.store\/wp-content\/uploads\/2022\/12\/Snow-Peak-Sweets-Factory-And-Lounge-MOC-125351-4-150x150.png 150w, https:\/\/mouldking.store\/wp-content\/uploads\/2022\/12\/Snow-Peak-Sweets-Factory-And-Lounge-MOC-125351-4-60x60.png 60w, https:\/\/mouldking.store\/wp-content\/uploads\/2022\/12\/Snow-Peak-Sweets-Factory-And-Lounge-MOC-125351-4-90x90.png 90w\" sizes=\"(max-width: 1000px) 100vw, 1000px\" \/><figcaption id=\"caption-attachment-37611\" class=\"wp-caption-text\">MOC-125351 F\u00e1brica y sal\u00f3n de dulces Snow Peak con 2919 piezas<\/figcaption><\/figure>\n<figure id=\"attachment_37612\" aria-describedby=\"caption-attachment-37612\" style=\"width: 1000px\" class=\"wp-caption aligncenter\"><img loading=\"lazy\" decoding=\"async\" class=\"wp-image-37612 size-full\" src=\"https:\/\/mouldking.store\/wp-content\/uploads\/2022\/12\/Snow-Peak-Sweets-Factory-And-Lounge-MOC-125351-5.png\" alt=\"MOC-125351 Snow Peak Sweets Factory And Lounge With 2919 Pieces\" width=\"1000\" height=\"1000\" title=\"-\" srcset=\"https:\/\/mouldking.store\/wp-content\/uploads\/2022\/12\/Snow-Peak-Sweets-Factory-And-Lounge-MOC-125351-5.png 1000w, https:\/\/mouldking.store\/wp-content\/uploads\/2022\/12\/Snow-Peak-Sweets-Factory-And-Lounge-MOC-125351-5-300x300.png 300w, https:\/\/mouldking.store\/wp-content\/uploads\/2022\/12\/Snow-Peak-Sweets-Factory-And-Lounge-MOC-125351-5-768x768.png 768w, https:\/\/mouldking.store\/wp-content\/uploads\/2022\/12\/Snow-Peak-Sweets-Factory-And-Lounge-MOC-125351-5-600x600.png 600w, https:\/\/mouldking.store\/wp-content\/uploads\/2022\/12\/Snow-Peak-Sweets-Factory-And-Lounge-MOC-125351-5-150x150.png 150w, https:\/\/mouldking.store\/wp-content\/uploads\/2022\/12\/Snow-Peak-Sweets-Factory-And-Lounge-MOC-125351-5-60x60.png 60w, https:\/\/mouldking.store\/wp-content\/uploads\/2022\/12\/Snow-Peak-Sweets-Factory-And-Lounge-MOC-125351-5-90x90.png 90w\" sizes=\"(max-width: 1000px) 100vw, 1000px\" \/><figcaption id=\"caption-attachment-37612\" class=\"wp-caption-text\">MOC-125351 F\u00e1brica y sal\u00f3n de dulces Snow Peak con 2919 piezas<\/figcaption><\/figure>\n<figure id=\"attachment_37613\" aria-describedby=\"caption-attachment-37613\" style=\"width: 1000px\" class=\"wp-caption aligncenter\"><img loading=\"lazy\" decoding=\"async\" class=\"wp-image-37613 size-full\" src=\"https:\/\/mouldking.store\/wp-content\/uploads\/2022\/12\/Snow-Peak-Sweets-Factory-And-Lounge-MOC-125351-6.png\" alt=\"MOC-125351 Snow Peak Sweets Factory And Lounge With 2919 Pieces\" width=\"1000\" height=\"1000\" title=\"-\" srcset=\"https:\/\/mouldking.store\/wp-content\/uploads\/2022\/12\/Snow-Peak-Sweets-Factory-And-Lounge-MOC-125351-6.png 1000w, https:\/\/mouldking.store\/wp-content\/uploads\/2022\/12\/Snow-Peak-Sweets-Factory-And-Lounge-MOC-125351-6-300x300.png 300w, https:\/\/mouldking.store\/wp-content\/uploads\/2022\/12\/Snow-Peak-Sweets-Factory-And-Lounge-MOC-125351-6-768x768.png 768w, https:\/\/mouldking.store\/wp-content\/uploads\/2022\/12\/Snow-Peak-Sweets-Factory-And-Lounge-MOC-125351-6-600x600.png 600w, https:\/\/mouldking.store\/wp-content\/uploads\/2022\/12\/Snow-Peak-Sweets-Factory-And-Lounge-MOC-125351-6-150x150.png 150w, https:\/\/mouldking.store\/wp-content\/uploads\/2022\/12\/Snow-Peak-Sweets-Factory-And-Lounge-MOC-125351-6-60x60.png 60w, https:\/\/mouldking.store\/wp-content\/uploads\/2022\/12\/Snow-Peak-Sweets-Factory-And-Lounge-MOC-125351-6-90x90.png 90w\" sizes=\"(max-width: 1000px) 100vw, 1000px\" \/><figcaption id=\"caption-attachment-37613\" class=\"wp-caption-text\">MOC-125351 F\u00e1brica y sal\u00f3n de dulces Snow Peak con 2919 piezas<\/figcaption><\/figure>","protected":false},"excerpt":{"rendered":"<p>Product information: Brand: MOC Gender: Unisex Name: Snow Peak Sweets Factory And Lounge Age Range: &gt; 6 years old Model Number: 125351 Classification: Assemblage Plastic Block Shape: Self-Locking Bricks Material: Plastic Plastic Type: ABS Bricks Blocks:2919 PCS Contains detailed assembly instructions. Time arrange: 4-8 weeks Notice: 1. Without an original box, but we guarantee our [&hellip;]<\/p>","protected":false},"featured_media":37608,"comment_status":"closed","ping_status":"closed","template":"","meta":{"_acf_changed":false},"product_cat":[1395,1406,390],"product_tag":[430,9201,9206,9200,9202,9205,9203,9204],"class_list":["product","first","instock","shipping-taxable","purchasable","product-type-simple"],"acf":[],"_links":{"self":[{"href":"https:\/\/mouldking.store\/es\/wp-json\/wp\/v2\/product\/37607","targetHints":{"allow":["GET"]}}],"collection":[{"href":"https:\/\/mouldking.store\/es\/wp-json\/wp\/v2\/product"}],"about":[{"href":"https:\/\/mouldking.store\/es\/wp-json\/wp\/v2\/types\/product"}],"replies":[{"embeddable":true,"href":"https:\/\/mouldking.store\/es\/wp-json\/wp\/v2\/comments?post=37607"}],"wp:featuredmedia":[{"embeddable":true,"href":"https:\/\/mouldking.store\/es\/wp-json\/wp\/v2\/media\/37608"}],"wp:attachment":[{"href":"https:\/\/mouldking.store\/es\/wp-json\/wp\/v2\/media?parent=37607"}],"wp:term":[{"taxonomy":"product_cat","embeddable":true,"href":"https:\/\/mouldking.store\/es\/wp-json\/wp\/v2\/product_cat?post=37607"},{"taxonomy":"product_tag","embeddable":true,"href":"https:\/\/mouldking.store\/es\/wp-json\/wp\/v2\/product_tag?post=37607"}],"curies":[{"name":"wp","href":"https:\/\/api.w.org\/{rel}","templated":true}]}}