{"id":37640,"date":"2022-12-08T16:21:45","date_gmt":"2022-12-08T09:21:45","guid":{"rendered":"https:\/\/mouldking.store\/?post_type=product&#038;p=37640"},"modified":"2025-12-25T09:12:09","modified_gmt":"2025-12-25T02:12:09","slug":"moc-51829-modular-zoo-with-6682-pieces","status":"publish","type":"product","link":"https:\/\/mouldking.store\/es\/shop\/moc-51829-modular-zoo-with-6682-pieces\/","title":{"rendered":"MOC-51829 Modular ZOO With 6682 Pieces"},"content":{"rendered":"<p>Informaci\u00f3n del Producto:<\/p>\n<ol>\n<li>Marca: MOC<\/li>\n<li>G\u00e9nero: Unisex<\/li>\n<li>Name: Modular ZOO<\/li>\n<li>Rango de edad: &gt; 6 a\u00f1os<\/li>\n<li>Model Number: 51829<\/li>\n<li>Clasificaci\u00f3n: Ensamblaje<\/li>\n<li>Forma de bloque de pl\u00e1stico: Ladrillos autoblocantes<\/li>\n<li>Material: Pl\u00e1stico<\/li>\n<li>Tipo de pl\u00e1stico: ABS<\/li>\n<li>Bricks Blocks:6682 PCS<\/li>\n<li>Contiene instrucciones de montaje detalladas.<\/li>\n<li>Organizar el tiempo: 4-8 semanas<\/li>\n<\/ol>\n<p>Aviso:<br \/>\n1. Sin caja original, pero garantizamos que nuestros productos tienen garant\u00eda de calidad y un buen embalaje.<br \/>\n2. Como todas las piezas que hemos comprobado antes del env\u00edo, si encuentra que faltan piezas o est\u00e1n da\u00f1adas, no se preocupe y p\u00f3ngase en contacto con nosotros y podemos reenvi\u00e1rselas inmediatamente de forma gratuita.<\/p>\n<figure id=\"attachment_37641\" aria-describedby=\"caption-attachment-37641\" style=\"width: 1004px\" class=\"wp-caption aligncenter\"><img fetchpriority=\"high\" decoding=\"async\" class=\"wp-image-37641 size-full\" src=\"https:\/\/mouldking.store\/wp-content\/uploads\/2022\/12\/MOC-51829-Modular-Buildings-Modular-ZOO-MOC-FACTORY.png\" alt=\"MOC-51829 Modular ZOO With 6682 Pieces\" width=\"1004\" height=\"1004\" title=\"-\" srcset=\"https:\/\/mouldking.store\/wp-content\/uploads\/2022\/12\/MOC-51829-Modular-Buildings-Modular-ZOO-MOC-FACTORY.png 1004w, https:\/\/mouldking.store\/wp-content\/uploads\/2022\/12\/MOC-51829-Modular-Buildings-Modular-ZOO-MOC-FACTORY-300x300.png 300w, https:\/\/mouldking.store\/wp-content\/uploads\/2022\/12\/MOC-51829-Modular-Buildings-Modular-ZOO-MOC-FACTORY-768x768.png 768w, https:\/\/mouldking.store\/wp-content\/uploads\/2022\/12\/MOC-51829-Modular-Buildings-Modular-ZOO-MOC-FACTORY-600x600.png 600w, https:\/\/mouldking.store\/wp-content\/uploads\/2022\/12\/MOC-51829-Modular-Buildings-Modular-ZOO-MOC-FACTORY-150x150.png 150w, https:\/\/mouldking.store\/wp-content\/uploads\/2022\/12\/MOC-51829-Modular-Buildings-Modular-ZOO-MOC-FACTORY-60x60.png 60w, https:\/\/mouldking.store\/wp-content\/uploads\/2022\/12\/MOC-51829-Modular-Buildings-Modular-ZOO-MOC-FACTORY-90x90.png 90w\" sizes=\"(max-width: 1004px) 100vw, 1004px\" \/><figcaption id=\"caption-attachment-37641\" class=\"wp-caption-text\">MOC-51829 Modular ZOO With 6682 Pieces<\/figcaption><\/figure>\n<figure id=\"attachment_37642\" aria-describedby=\"caption-attachment-37642\" style=\"width: 1000px\" class=\"wp-caption aligncenter\"><img decoding=\"async\" class=\"wp-image-37642 size-full\" src=\"https:\/\/mouldking.store\/wp-content\/uploads\/2022\/12\/Modular-ZOO-MOC-51829-2.png\" alt=\"MOC-51829 Modular ZOO With 6682 Pieces\" width=\"1000\" height=\"1000\" title=\"-\" srcset=\"https:\/\/mouldking.store\/wp-content\/uploads\/2022\/12\/Modular-ZOO-MOC-51829-2.png 1000w, https:\/\/mouldking.store\/wp-content\/uploads\/2022\/12\/Modular-ZOO-MOC-51829-2-300x300.png 300w, https:\/\/mouldking.store\/wp-content\/uploads\/2022\/12\/Modular-ZOO-MOC-51829-2-768x768.png 768w, https:\/\/mouldking.store\/wp-content\/uploads\/2022\/12\/Modular-ZOO-MOC-51829-2-600x600.png 600w, https:\/\/mouldking.store\/wp-content\/uploads\/2022\/12\/Modular-ZOO-MOC-51829-2-150x150.png 150w, https:\/\/mouldking.store\/wp-content\/uploads\/2022\/12\/Modular-ZOO-MOC-51829-2-60x60.png 60w, https:\/\/mouldking.store\/wp-content\/uploads\/2022\/12\/Modular-ZOO-MOC-51829-2-90x90.png 90w\" sizes=\"(max-width: 1000px) 100vw, 1000px\" \/><figcaption id=\"caption-attachment-37642\" class=\"wp-caption-text\">MOC-51829 Modular ZOO With 6682 Pieces<\/figcaption><\/figure>\n<figure id=\"attachment_37643\" aria-describedby=\"caption-attachment-37643\" style=\"width: 1000px\" class=\"wp-caption aligncenter\"><img decoding=\"async\" class=\"wp-image-37643 size-full\" src=\"https:\/\/mouldking.store\/wp-content\/uploads\/2022\/12\/Modular-ZOO-MOC-51829-3.png\" alt=\"MOC-51829 Modular ZOO With 6682 Pieces\" width=\"1000\" height=\"1000\" title=\"-\" srcset=\"https:\/\/mouldking.store\/wp-content\/uploads\/2022\/12\/Modular-ZOO-MOC-51829-3.png 1000w, https:\/\/mouldking.store\/wp-content\/uploads\/2022\/12\/Modular-ZOO-MOC-51829-3-300x300.png 300w, https:\/\/mouldking.store\/wp-content\/uploads\/2022\/12\/Modular-ZOO-MOC-51829-3-768x768.png 768w, https:\/\/mouldking.store\/wp-content\/uploads\/2022\/12\/Modular-ZOO-MOC-51829-3-600x600.png 600w, https:\/\/mouldking.store\/wp-content\/uploads\/2022\/12\/Modular-ZOO-MOC-51829-3-150x150.png 150w, https:\/\/mouldking.store\/wp-content\/uploads\/2022\/12\/Modular-ZOO-MOC-51829-3-60x60.png 60w, https:\/\/mouldking.store\/wp-content\/uploads\/2022\/12\/Modular-ZOO-MOC-51829-3-90x90.png 90w\" sizes=\"(max-width: 1000px) 100vw, 1000px\" \/><figcaption id=\"caption-attachment-37643\" class=\"wp-caption-text\">MOC-51829 Modular ZOO With 6682 Pieces<\/figcaption><\/figure>\n<figure id=\"attachment_37644\" aria-describedby=\"caption-attachment-37644\" style=\"width: 1000px\" class=\"wp-caption aligncenter\"><img loading=\"lazy\" decoding=\"async\" class=\"wp-image-37644 size-full\" src=\"https:\/\/mouldking.store\/wp-content\/uploads\/2022\/12\/Modular-ZOO-MOC-51829-4.png\" alt=\"MOC-51829 Modular ZOO With 6682 Pieces\" width=\"1000\" height=\"1000\" title=\"-\" srcset=\"https:\/\/mouldking.store\/wp-content\/uploads\/2022\/12\/Modular-ZOO-MOC-51829-4.png 1000w, https:\/\/mouldking.store\/wp-content\/uploads\/2022\/12\/Modular-ZOO-MOC-51829-4-300x300.png 300w, https:\/\/mouldking.store\/wp-content\/uploads\/2022\/12\/Modular-ZOO-MOC-51829-4-768x768.png 768w, https:\/\/mouldking.store\/wp-content\/uploads\/2022\/12\/Modular-ZOO-MOC-51829-4-600x600.png 600w, https:\/\/mouldking.store\/wp-content\/uploads\/2022\/12\/Modular-ZOO-MOC-51829-4-150x150.png 150w, https:\/\/mouldking.store\/wp-content\/uploads\/2022\/12\/Modular-ZOO-MOC-51829-4-60x60.png 60w, https:\/\/mouldking.store\/wp-content\/uploads\/2022\/12\/Modular-ZOO-MOC-51829-4-90x90.png 90w\" sizes=\"(max-width: 1000px) 100vw, 1000px\" \/><figcaption id=\"caption-attachment-37644\" class=\"wp-caption-text\">MOC-51829 Modular ZOO With 6682 Pieces<\/figcaption><\/figure>","protected":false},"excerpt":{"rendered":"<p>Product information: Brand: MOC Gender: Unisex Name: Modular ZOO Age Range: &gt; 6 years old Model Number: 51829 Classification: Assemblage Plastic Block Shape: Self-Locking Bricks Material: Plastic Plastic Type: ABS Bricks Blocks:6682 PCS Contains detailed assembly instructions. Time arrange: 4-8 weeks Notice: 1. Without an original box, but we guarantee our products have quality assurance [&hellip;]<\/p>","protected":false},"featured_media":37641,"comment_status":"closed","ping_status":"closed","template":"","meta":{"_acf_changed":false},"product_cat":[1395,1406,390],"product_tag":[9231,430,9229,9232,9228,5679,9230],"class_list":["product","first","instock","shipping-taxable","purchasable","product-type-simple"],"acf":[],"_links":{"self":[{"href":"https:\/\/mouldking.store\/es\/wp-json\/wp\/v2\/product\/37640","targetHints":{"allow":["GET"]}}],"collection":[{"href":"https:\/\/mouldking.store\/es\/wp-json\/wp\/v2\/product"}],"about":[{"href":"https:\/\/mouldking.store\/es\/wp-json\/wp\/v2\/types\/product"}],"replies":[{"embeddable":true,"href":"https:\/\/mouldking.store\/es\/wp-json\/wp\/v2\/comments?post=37640"}],"wp:featuredmedia":[{"embeddable":true,"href":"https:\/\/mouldking.store\/es\/wp-json\/wp\/v2\/media\/37641"}],"wp:attachment":[{"href":"https:\/\/mouldking.store\/es\/wp-json\/wp\/v2\/media?parent=37640"}],"wp:term":[{"taxonomy":"product_cat","embeddable":true,"href":"https:\/\/mouldking.store\/es\/wp-json\/wp\/v2\/product_cat?post=37640"},{"taxonomy":"product_tag","embeddable":true,"href":"https:\/\/mouldking.store\/es\/wp-json\/wp\/v2\/product_tag?post=37640"}],"curies":[{"name":"wp","href":"https:\/\/api.w.org\/{rel}","templated":true}]}}