{"id":37674,"date":"2022-12-09T09:41:30","date_gmt":"2022-12-09T02:41:30","guid":{"rendered":"https:\/\/mouldking.store\/?post_type=product&#038;p=37674"},"modified":"2022-12-09T09:41:30","modified_gmt":"2022-12-09T02:41:30","slug":"jiestar-89149-riverside-scholars-with-2488pcs","status":"publish","type":"product","link":"https:\/\/mouldking.store\/es\/shop\/jiestar-89149-riverside-scholars-with-2488pcs\/","title":{"rendered":"JIESTAR 89149 Becarios de Riverside con 2488 piezas"},"content":{"rendered":"<p>Informaci\u00f3n del Producto:<\/p>\n<ol>\n<li>Marca: JIESTAR<\/li>\n<li>G\u00e9nero: Unisex<\/li>\n<li>Name: Riverside Scholars<\/li>\n<li>Rango de edad: &gt; 6 a\u00f1os<\/li>\n<li>Model Number: 89149<\/li>\n<li>Clasificaci\u00f3n: Ensamblaje<\/li>\n<li>Forma de bloque de pl\u00e1stico: Ladrillos autoblocantes<\/li>\n<li>Material: Pl\u00e1stico<\/li>\n<li>Tipo de pl\u00e1stico: ABS<\/li>\n<li>Bricks Blocks:2488 PCS<\/li>\n<li>Size: 25.5 \u00d7 25.5 \u00d7 40 cm<\/li>\n<li>Contiene instrucciones de montaje detalladas.<\/li>\n<\/ol>\n<p>Aviso:<br \/>\n1. Sin caja original, pero garantizamos que nuestros productos tienen garant\u00eda de calidad y un buen embalaje.<br \/>\n2. Como todas las piezas que hemos comprobado antes del env\u00edo, si encuentra que faltan piezas o est\u00e1n da\u00f1adas, no se preocupe y p\u00f3ngase en contacto con nosotros y podemos reenvi\u00e1rselas inmediatamente de forma gratuita.<\/p>\n<figure id=\"attachment_37675\" aria-describedby=\"caption-attachment-37675\" style=\"width: 800px\" class=\"wp-caption aligncenter\"><img fetchpriority=\"high\" decoding=\"async\" class=\"wp-image-37675 size-full\" src=\"https:\/\/mouldking.store\/wp-content\/uploads\/2022\/12\/Riverside-Scholars-JIESTAR-89149-2.jpg\" alt=\"JIESTAR 89149 Riverside Scholars With 2488pcs\" width=\"800\" height=\"800\" title=\"-\" srcset=\"https:\/\/mouldking.store\/wp-content\/uploads\/2022\/12\/Riverside-Scholars-JIESTAR-89149-2.jpg 800w, https:\/\/mouldking.store\/wp-content\/uploads\/2022\/12\/Riverside-Scholars-JIESTAR-89149-2-300x300.jpg 300w, https:\/\/mouldking.store\/wp-content\/uploads\/2022\/12\/Riverside-Scholars-JIESTAR-89149-2-768x768.jpg 768w, https:\/\/mouldking.store\/wp-content\/uploads\/2022\/12\/Riverside-Scholars-JIESTAR-89149-2-600x600.jpg 600w, https:\/\/mouldking.store\/wp-content\/uploads\/2022\/12\/Riverside-Scholars-JIESTAR-89149-2-150x150.jpg 150w, https:\/\/mouldking.store\/wp-content\/uploads\/2022\/12\/Riverside-Scholars-JIESTAR-89149-2-60x60.jpg 60w, https:\/\/mouldking.store\/wp-content\/uploads\/2022\/12\/Riverside-Scholars-JIESTAR-89149-2-90x90.jpg 90w\" sizes=\"(max-width: 800px) 100vw, 800px\" \/><figcaption id=\"caption-attachment-37675\" class=\"wp-caption-text\">JIESTAR 89149 Becarios de Riverside con 2488 piezas<\/figcaption><\/figure>\n<figure id=\"attachment_37676\" aria-describedby=\"caption-attachment-37676\" style=\"width: 800px\" class=\"wp-caption aligncenter\"><img decoding=\"async\" class=\"wp-image-37676 size-full\" src=\"https:\/\/mouldking.store\/wp-content\/uploads\/2022\/12\/Riverside-Scholars-JIESTAR-89149-1.jpg\" alt=\"JIESTAR 89149 Riverside Scholars With 2488pcs\" width=\"800\" height=\"800\" title=\"-\" srcset=\"https:\/\/mouldking.store\/wp-content\/uploads\/2022\/12\/Riverside-Scholars-JIESTAR-89149-1.jpg 800w, https:\/\/mouldking.store\/wp-content\/uploads\/2022\/12\/Riverside-Scholars-JIESTAR-89149-1-300x300.jpg 300w, https:\/\/mouldking.store\/wp-content\/uploads\/2022\/12\/Riverside-Scholars-JIESTAR-89149-1-768x768.jpg 768w, https:\/\/mouldking.store\/wp-content\/uploads\/2022\/12\/Riverside-Scholars-JIESTAR-89149-1-600x600.jpg 600w, https:\/\/mouldking.store\/wp-content\/uploads\/2022\/12\/Riverside-Scholars-JIESTAR-89149-1-150x150.jpg 150w, https:\/\/mouldking.store\/wp-content\/uploads\/2022\/12\/Riverside-Scholars-JIESTAR-89149-1-60x60.jpg 60w, https:\/\/mouldking.store\/wp-content\/uploads\/2022\/12\/Riverside-Scholars-JIESTAR-89149-1-90x90.jpg 90w\" sizes=\"(max-width: 800px) 100vw, 800px\" \/><figcaption id=\"caption-attachment-37676\" class=\"wp-caption-text\">JIESTAR 89149 Becarios de Riverside con 2488 piezas<\/figcaption><\/figure>","protected":false},"excerpt":{"rendered":"<p>Product information: Brand: JIESTAR Gender: Unisex Name: Riverside Scholars Age Range: &gt; 6 years old Model Number: 89149 Classification: Assemblage Plastic Block Shape: Self-Locking Bricks Material: Plastic Plastic Type: ABS Bricks Blocks:2488 PCS Size: 25.5 \u00d7 25.5 \u00d7 40 cm Contains detailed assembly instructions. Notice: 1. Without an original box, but we guarantee our products [&hellip;]<\/p>","protected":false},"featured_media":37675,"comment_status":"closed","ping_status":"closed","template":"","meta":{"_acf_changed":false},"product_cat":[1395],"product_tag":[9271,3075,9275,9276,9270,9272,9274,9273],"class_list":["product","first","instock","shipping-taxable","purchasable","product-type-simple"],"acf":[],"_links":{"self":[{"href":"https:\/\/mouldking.store\/es\/wp-json\/wp\/v2\/product\/37674","targetHints":{"allow":["GET"]}}],"collection":[{"href":"https:\/\/mouldking.store\/es\/wp-json\/wp\/v2\/product"}],"about":[{"href":"https:\/\/mouldking.store\/es\/wp-json\/wp\/v2\/types\/product"}],"replies":[{"embeddable":true,"href":"https:\/\/mouldking.store\/es\/wp-json\/wp\/v2\/comments?post=37674"}],"wp:featuredmedia":[{"embeddable":true,"href":"https:\/\/mouldking.store\/es\/wp-json\/wp\/v2\/media\/37675"}],"wp:attachment":[{"href":"https:\/\/mouldking.store\/es\/wp-json\/wp\/v2\/media?parent=37674"}],"wp:term":[{"taxonomy":"product_cat","embeddable":true,"href":"https:\/\/mouldking.store\/es\/wp-json\/wp\/v2\/product_cat?post=37674"},{"taxonomy":"product_tag","embeddable":true,"href":"https:\/\/mouldking.store\/es\/wp-json\/wp\/v2\/product_tag?post=37674"}],"curies":[{"name":"wp","href":"https:\/\/api.w.org\/{rel}","templated":true}]}}