{"id":37724,"date":"2022-12-09T10:20:22","date_gmt":"2022-12-09T03:20:22","guid":{"rendered":"https:\/\/mouldking.store\/?post_type=product&#038;p=37724"},"modified":"2025-02-28T16:18:58","modified_gmt":"2025-02-28T09:18:58","slug":"k-box-10511-lamborghini-urus-suv-with-3251-pieces","status":"publish","type":"product","link":"https:\/\/mouldking.store\/es\/shop\/k-box-10511-lamborghini-urus-suv-with-3251-pieces\/","title":{"rendered":"K-BOX 10511 Lamborghini Urus SUV Con 3251 Piezas"},"content":{"rendered":"<p>Informaci\u00f3n del Producto:<\/p>\n<ol>\n<li>Marca: K-BOX<\/li>\n<li>G\u00e9nero: Unisex<\/li>\n<li>Name: Lamborghini Urus SUV<\/li>\n<li>Rango de edad: &gt; 6 a\u00f1os<\/li>\n<li>Model Number: 10511<\/li>\n<li>Clasificaci\u00f3n: Ensamblaje<\/li>\n<li>Forma de bloque de pl\u00e1stico: Ladrillos autoblocantes<\/li>\n<li>Material: Pl\u00e1stico<\/li>\n<li>Tipo de pl\u00e1stico: ABS<\/li>\n<li>Bricks Blocks:3251 PCS<\/li>\n<li>Size:\u00a024.5 \u00d7 50 \u00d7 16.5 cm<\/li>\n<li>Contiene instrucciones de montaje detalladas.<\/li>\n<\/ol>\n<p>Aviso:<br \/>\n1. Sin caja original, pero garantizamos que nuestros productos tienen garant\u00eda de calidad y un buen embalaje.<br \/>\n2. Como todas las piezas que hemos comprobado antes del env\u00edo, si encuentra que faltan piezas o est\u00e1n da\u00f1adas, no se preocupe y p\u00f3ngase en contacto con nosotros y podemos reenvi\u00e1rselas inmediatamente de forma gratuita.<\/p>\n<figure id=\"attachment_37726\" aria-describedby=\"caption-attachment-37726\" style=\"width: 800px\" class=\"wp-caption aligncenter\"><img fetchpriority=\"high\" decoding=\"async\" class=\"wp-image-37726 size-full\" src=\"https:\/\/mouldking.store\/wp-content\/uploads\/2022\/12\/K-BOX-10511-Lamborghini-Urus-7.jpg\" alt=\"K-BOX 10511 Lamborghini Urus SUV With 3251 Pieces\" width=\"800\" height=\"800\" title=\"-\" srcset=\"https:\/\/mouldking.store\/wp-content\/uploads\/2022\/12\/K-BOX-10511-Lamborghini-Urus-7.jpg 800w, https:\/\/mouldking.store\/wp-content\/uploads\/2022\/12\/K-BOX-10511-Lamborghini-Urus-7-300x300.jpg 300w, https:\/\/mouldking.store\/wp-content\/uploads\/2022\/12\/K-BOX-10511-Lamborghini-Urus-7-768x768.jpg 768w, https:\/\/mouldking.store\/wp-content\/uploads\/2022\/12\/K-BOX-10511-Lamborghini-Urus-7-600x600.jpg 600w, https:\/\/mouldking.store\/wp-content\/uploads\/2022\/12\/K-BOX-10511-Lamborghini-Urus-7-150x150.jpg 150w, https:\/\/mouldking.store\/wp-content\/uploads\/2022\/12\/K-BOX-10511-Lamborghini-Urus-7-60x60.jpg 60w, https:\/\/mouldking.store\/wp-content\/uploads\/2022\/12\/K-BOX-10511-Lamborghini-Urus-7-90x90.jpg 90w\" sizes=\"(max-width: 800px) 100vw, 800px\" \/><figcaption id=\"caption-attachment-37726\" class=\"wp-caption-text\">K-BOX 10511 Lamborghini Urus SUV Con 3251 Piezas<\/figcaption><\/figure>\n<figure id=\"attachment_37727\" aria-describedby=\"caption-attachment-37727\" style=\"width: 752px\" class=\"wp-caption aligncenter\"><img decoding=\"async\" class=\"wp-image-37727 size-full\" src=\"https:\/\/mouldking.store\/wp-content\/uploads\/2022\/12\/K-BOX-10511-Lamborghini-Urus-6.jpg\" alt=\"K-BOX 10511 Lamborghini Urus SUV With 3251 Pieces\" width=\"752\" height=\"1024\" title=\"-\" srcset=\"https:\/\/mouldking.store\/wp-content\/uploads\/2022\/12\/K-BOX-10511-Lamborghini-Urus-6.jpg 752w, https:\/\/mouldking.store\/wp-content\/uploads\/2022\/12\/K-BOX-10511-Lamborghini-Urus-6-220x300.jpg 220w, https:\/\/mouldking.store\/wp-content\/uploads\/2022\/12\/K-BOX-10511-Lamborghini-Urus-6-300x409.jpg 300w, https:\/\/mouldking.store\/wp-content\/uploads\/2022\/12\/K-BOX-10511-Lamborghini-Urus-6-600x817.jpg 600w, https:\/\/mouldking.store\/wp-content\/uploads\/2022\/12\/K-BOX-10511-Lamborghini-Urus-6-110x150.jpg 110w, https:\/\/mouldking.store\/wp-content\/uploads\/2022\/12\/K-BOX-10511-Lamborghini-Urus-6-44x60.jpg 44w, https:\/\/mouldking.store\/wp-content\/uploads\/2022\/12\/K-BOX-10511-Lamborghini-Urus-6-66x90.jpg 66w\" sizes=\"(max-width: 752px) 100vw, 752px\" \/><figcaption id=\"caption-attachment-37727\" class=\"wp-caption-text\">K-BOX 10511 Lamborghini Urus SUV Con 3251 Piezas<\/figcaption><\/figure>\n<figure id=\"attachment_37728\" aria-describedby=\"caption-attachment-37728\" style=\"width: 636px\" class=\"wp-caption aligncenter\"><img decoding=\"async\" class=\"wp-image-37728 size-full\" src=\"https:\/\/mouldking.store\/wp-content\/uploads\/2022\/12\/K-BOX-10511-Lamborghini-Urus-5.jpg\" alt=\"K-BOX 10511 Lamborghini Urus SUV With 3251 Pieces\" width=\"636\" height=\"1024\" title=\"-\" srcset=\"https:\/\/mouldking.store\/wp-content\/uploads\/2022\/12\/K-BOX-10511-Lamborghini-Urus-5.jpg 636w, https:\/\/mouldking.store\/wp-content\/uploads\/2022\/12\/K-BOX-10511-Lamborghini-Urus-5-186x300.jpg 186w, https:\/\/mouldking.store\/wp-content\/uploads\/2022\/12\/K-BOX-10511-Lamborghini-Urus-5-300x483.jpg 300w, https:\/\/mouldking.store\/wp-content\/uploads\/2022\/12\/K-BOX-10511-Lamborghini-Urus-5-600x966.jpg 600w, https:\/\/mouldking.store\/wp-content\/uploads\/2022\/12\/K-BOX-10511-Lamborghini-Urus-5-93x150.jpg 93w, https:\/\/mouldking.store\/wp-content\/uploads\/2022\/12\/K-BOX-10511-Lamborghini-Urus-5-37x60.jpg 37w, https:\/\/mouldking.store\/wp-content\/uploads\/2022\/12\/K-BOX-10511-Lamborghini-Urus-5-56x90.jpg 56w\" sizes=\"(max-width: 636px) 100vw, 636px\" \/><figcaption id=\"caption-attachment-37728\" class=\"wp-caption-text\">K-BOX 10511 Lamborghini Urus SUV Con 3251 Piezas<\/figcaption><\/figure>\n<figure id=\"attachment_37729\" aria-describedby=\"caption-attachment-37729\" style=\"width: 556px\" class=\"wp-caption aligncenter\"><img loading=\"lazy\" decoding=\"async\" class=\"wp-image-37729 size-full\" src=\"https:\/\/mouldking.store\/wp-content\/uploads\/2022\/12\/K-BOX-10511-Lamborghini-Urus-4.jpg\" alt=\"K-BOX 10511 Lamborghini Urus SUV With 3251 Pieces\" width=\"556\" height=\"1024\" title=\"-\" srcset=\"https:\/\/mouldking.store\/wp-content\/uploads\/2022\/12\/K-BOX-10511-Lamborghini-Urus-4.jpg 556w, https:\/\/mouldking.store\/wp-content\/uploads\/2022\/12\/K-BOX-10511-Lamborghini-Urus-4-163x300.jpg 163w, https:\/\/mouldking.store\/wp-content\/uploads\/2022\/12\/K-BOX-10511-Lamborghini-Urus-4-300x553.jpg 300w, https:\/\/mouldking.store\/wp-content\/uploads\/2022\/12\/K-BOX-10511-Lamborghini-Urus-4-81x150.jpg 81w, https:\/\/mouldking.store\/wp-content\/uploads\/2022\/12\/K-BOX-10511-Lamborghini-Urus-4-33x60.jpg 33w, https:\/\/mouldking.store\/wp-content\/uploads\/2022\/12\/K-BOX-10511-Lamborghini-Urus-4-49x90.jpg 49w\" sizes=\"(max-width: 556px) 100vw, 556px\" \/><figcaption id=\"caption-attachment-37729\" class=\"wp-caption-text\">K-BOX 10511 Lamborghini Urus SUV Con 3251 Piezas<\/figcaption><\/figure>\n<figure id=\"attachment_37730\" aria-describedby=\"caption-attachment-37730\" style=\"width: 556px\" class=\"wp-caption aligncenter\"><img loading=\"lazy\" decoding=\"async\" class=\"wp-image-37730 size-full\" src=\"https:\/\/mouldking.store\/wp-content\/uploads\/2022\/12\/K-BOX-10511-Lamborghini-Urus-3.jpg\" alt=\"K-BOX 10511 Lamborghini Urus SUV With 3251 Pieces\" width=\"556\" height=\"1024\" title=\"-\" srcset=\"https:\/\/mouldking.store\/wp-content\/uploads\/2022\/12\/K-BOX-10511-Lamborghini-Urus-3.jpg 556w, https:\/\/mouldking.store\/wp-content\/uploads\/2022\/12\/K-BOX-10511-Lamborghini-Urus-3-163x300.jpg 163w, https:\/\/mouldking.store\/wp-content\/uploads\/2022\/12\/K-BOX-10511-Lamborghini-Urus-3-300x553.jpg 300w, https:\/\/mouldking.store\/wp-content\/uploads\/2022\/12\/K-BOX-10511-Lamborghini-Urus-3-81x150.jpg 81w, https:\/\/mouldking.store\/wp-content\/uploads\/2022\/12\/K-BOX-10511-Lamborghini-Urus-3-33x60.jpg 33w, https:\/\/mouldking.store\/wp-content\/uploads\/2022\/12\/K-BOX-10511-Lamborghini-Urus-3-49x90.jpg 49w\" sizes=\"(max-width: 556px) 100vw, 556px\" \/><figcaption id=\"caption-attachment-37730\" class=\"wp-caption-text\">K-BOX 10511 Lamborghini Urus SUV Con 3251 Piezas<\/figcaption><\/figure>\n<figure id=\"attachment_37731\" aria-describedby=\"caption-attachment-37731\" style=\"width: 700px\" class=\"wp-caption aligncenter\"><img loading=\"lazy\" decoding=\"async\" class=\"wp-image-37731 size-full\" src=\"https:\/\/mouldking.store\/wp-content\/uploads\/2022\/12\/K-BOX-10511-Lamborghini-Urus-2.jpg\" alt=\"K-BOX 10511 Lamborghini Urus SUV With 3251 Pieces\" width=\"700\" height=\"1024\" title=\"-\" srcset=\"https:\/\/mouldking.store\/wp-content\/uploads\/2022\/12\/K-BOX-10511-Lamborghini-Urus-2.jpg 700w, https:\/\/mouldking.store\/wp-content\/uploads\/2022\/12\/K-BOX-10511-Lamborghini-Urus-2-205x300.jpg 205w, https:\/\/mouldking.store\/wp-content\/uploads\/2022\/12\/K-BOX-10511-Lamborghini-Urus-2-300x439.jpg 300w, https:\/\/mouldking.store\/wp-content\/uploads\/2022\/12\/K-BOX-10511-Lamborghini-Urus-2-600x878.jpg 600w, https:\/\/mouldking.store\/wp-content\/uploads\/2022\/12\/K-BOX-10511-Lamborghini-Urus-2-103x150.jpg 103w, https:\/\/mouldking.store\/wp-content\/uploads\/2022\/12\/K-BOX-10511-Lamborghini-Urus-2-41x60.jpg 41w, https:\/\/mouldking.store\/wp-content\/uploads\/2022\/12\/K-BOX-10511-Lamborghini-Urus-2-62x90.jpg 62w\" sizes=\"(max-width: 700px) 100vw, 700px\" \/><figcaption id=\"caption-attachment-37731\" class=\"wp-caption-text\">K-BOX 10511 Lamborghini Urus SUV Con 3251 Piezas<\/figcaption><\/figure>\n<figure id=\"attachment_37732\" aria-describedby=\"caption-attachment-37732\" style=\"width: 820px\" class=\"wp-caption aligncenter\"><img loading=\"lazy\" decoding=\"async\" class=\"wp-image-37732 size-full\" src=\"https:\/\/mouldking.store\/wp-content\/uploads\/2022\/12\/K-BOX-10511-Lamborghini-Urus-1.jpg\" alt=\"K-BOX 10511 Lamborghini Urus SUV With 3251 Pieces\" width=\"820\" height=\"1024\" title=\"-\" srcset=\"https:\/\/mouldking.store\/wp-content\/uploads\/2022\/12\/K-BOX-10511-Lamborghini-Urus-1.jpg 820w, https:\/\/mouldking.store\/wp-content\/uploads\/2022\/12\/K-BOX-10511-Lamborghini-Urus-1-240x300.jpg 240w, https:\/\/mouldking.store\/wp-content\/uploads\/2022\/12\/K-BOX-10511-Lamborghini-Urus-1-768x959.jpg 768w, https:\/\/mouldking.store\/wp-content\/uploads\/2022\/12\/K-BOX-10511-Lamborghini-Urus-1-300x375.jpg 300w, https:\/\/mouldking.store\/wp-content\/uploads\/2022\/12\/K-BOX-10511-Lamborghini-Urus-1-600x749.jpg 600w, https:\/\/mouldking.store\/wp-content\/uploads\/2022\/12\/K-BOX-10511-Lamborghini-Urus-1-120x150.jpg 120w, https:\/\/mouldking.store\/wp-content\/uploads\/2022\/12\/K-BOX-10511-Lamborghini-Urus-1-48x60.jpg 48w, https:\/\/mouldking.store\/wp-content\/uploads\/2022\/12\/K-BOX-10511-Lamborghini-Urus-1-72x90.jpg 72w\" sizes=\"(max-width: 820px) 100vw, 820px\" \/><figcaption id=\"caption-attachment-37732\" class=\"wp-caption-text\">K-BOX 10511 Lamborghini Urus SUV Con 3251 Piezas<\/figcaption><\/figure>","protected":false},"excerpt":{"rendered":"<p>Product information: Brand: K-BOX Gender: Unisex Name: Lamborghini Urus SUV Age Range: &gt; 6 years old Model Number: 10511 Classification: Assemblage Plastic Block Shape: Self-Locking Bricks Material: Plastic Plastic Type: ABS Bricks Blocks:3251 PCS Size:\u00a024.5 \u00d7 50 \u00d7 16.5 cm Contains detailed assembly instructions. Notice: 1. Without an original box, but we guarantee our products [&hellip;]<\/p>","protected":false},"featured_media":37726,"comment_status":"closed","ping_status":"closed","template":"","meta":{"_acf_changed":false},"product_cat":[1360,1357],"product_tag":[9311,2969,9315,9316,9310,596,9314,9313,9312],"class_list":["product","first","instock","shipping-taxable","purchasable","product-type-variable"],"acf":[],"_links":{"self":[{"href":"https:\/\/mouldking.store\/es\/wp-json\/wp\/v2\/product\/37724","targetHints":{"allow":["GET"]}}],"collection":[{"href":"https:\/\/mouldking.store\/es\/wp-json\/wp\/v2\/product"}],"about":[{"href":"https:\/\/mouldking.store\/es\/wp-json\/wp\/v2\/types\/product"}],"replies":[{"embeddable":true,"href":"https:\/\/mouldking.store\/es\/wp-json\/wp\/v2\/comments?post=37724"}],"wp:featuredmedia":[{"embeddable":true,"href":"https:\/\/mouldking.store\/es\/wp-json\/wp\/v2\/media\/37726"}],"wp:attachment":[{"href":"https:\/\/mouldking.store\/es\/wp-json\/wp\/v2\/media?parent=37724"}],"wp:term":[{"taxonomy":"product_cat","embeddable":true,"href":"https:\/\/mouldking.store\/es\/wp-json\/wp\/v2\/product_cat?post=37724"},{"taxonomy":"product_tag","embeddable":true,"href":"https:\/\/mouldking.store\/es\/wp-json\/wp\/v2\/product_tag?post=37724"}],"curies":[{"name":"wp","href":"https:\/\/api.w.org\/{rel}","templated":true}]}}