{"id":37772,"date":"2022-12-09T11:14:30","date_gmt":"2022-12-09T04:14:30","guid":{"rendered":"https:\/\/mouldking.store\/?post_type=product&#038;p=37772"},"modified":"2025-12-25T09:12:09","modified_gmt":"2025-12-25T02:12:09","slug":"moc-127451-game-boy-with-191-pieces","status":"publish","type":"product","link":"https:\/\/mouldking.store\/es\/shop\/moc-127451-game-boy-with-191-pieces\/","title":{"rendered":"MOC-127451 Game Boy con 191 piezas"},"content":{"rendered":"<p>Informaci\u00f3n del Producto:<\/p>\n<ol>\n<li>Marca: MOC<\/li>\n<li>G\u00e9nero: Unisex<\/li>\n<li>Nombre: Gameboy<\/li>\n<li>Rango de edad: &gt; 6 a\u00f1os<\/li>\n<li>N\u00famero de modelo: 127451<\/li>\n<li>Clasificaci\u00f3n: Ensamblaje<\/li>\n<li>Forma de bloque de pl\u00e1stico: Ladrillos autoblocantes<\/li>\n<li>Material: Pl\u00e1stico<\/li>\n<li>Tipo de pl\u00e1stico: ABS<\/li>\n<li>Bloques de ladrillos: 191 PCS<\/li>\n<li>Tama\u00f1o: 13,5 x 9 x 4 cm<\/li>\n<li>Peso: 0,12 kg<\/li>\n<li>Contiene instrucciones de montaje detalladas.<\/li>\n<\/ol>\n<p>Aviso:<br \/>\n1. Sin caja original, pero garantizamos que nuestros productos tienen garant\u00eda de calidad y un buen embalaje.<br \/>\n2. Como todas las piezas que hemos comprobado antes del env\u00edo, si encuentra que faltan piezas o est\u00e1n da\u00f1adas, no se preocupe y p\u00f3ngase en contacto con nosotros y podemos reenvi\u00e1rselas inmediatamente de forma gratuita.<\/p>\n<figure id=\"attachment_37773\" aria-describedby=\"caption-attachment-37773\" style=\"width: 1004px\" class=\"wp-caption aligncenter\"><img fetchpriority=\"high\" decoding=\"async\" class=\"wp-image-37773 size-full\" src=\"https:\/\/mouldking.store\/wp-content\/uploads\/2022\/12\/MOC-127451-Creator-Game-Boy-MOC-FACTORY.png\" alt=\"MOC-127451 Game Boy With 191 Pieces\" width=\"1004\" height=\"1004\" title=\"-\" srcset=\"https:\/\/mouldking.store\/wp-content\/uploads\/2022\/12\/MOC-127451-Creator-Game-Boy-MOC-FACTORY.png 1004w, https:\/\/mouldking.store\/wp-content\/uploads\/2022\/12\/MOC-127451-Creator-Game-Boy-MOC-FACTORY-300x300.png 300w, https:\/\/mouldking.store\/wp-content\/uploads\/2022\/12\/MOC-127451-Creator-Game-Boy-MOC-FACTORY-768x768.png 768w, https:\/\/mouldking.store\/wp-content\/uploads\/2022\/12\/MOC-127451-Creator-Game-Boy-MOC-FACTORY-600x600.png 600w, https:\/\/mouldking.store\/wp-content\/uploads\/2022\/12\/MOC-127451-Creator-Game-Boy-MOC-FACTORY-150x150.png 150w, https:\/\/mouldking.store\/wp-content\/uploads\/2022\/12\/MOC-127451-Creator-Game-Boy-MOC-FACTORY-60x60.png 60w, https:\/\/mouldking.store\/wp-content\/uploads\/2022\/12\/MOC-127451-Creator-Game-Boy-MOC-FACTORY-90x90.png 90w\" sizes=\"(max-width: 1004px) 100vw, 1004px\" \/><figcaption id=\"caption-attachment-37773\" class=\"wp-caption-text\">MOC-127451 Game Boy con 191 piezas<\/figcaption><\/figure>\n<figure id=\"attachment_37774\" aria-describedby=\"caption-attachment-37774\" style=\"width: 1000px\" class=\"wp-caption alignnone\"><img decoding=\"async\" class=\"wp-image-37774 size-full\" src=\"https:\/\/mouldking.store\/wp-content\/uploads\/2022\/12\/MOC-127451-Game-Boy-5.jpg\" alt=\"MOC-127451 Game Boy With 191 Pieces\" width=\"1000\" height=\"1000\" title=\"-\" srcset=\"https:\/\/mouldking.store\/wp-content\/uploads\/2022\/12\/MOC-127451-Game-Boy-5.jpg 1000w, https:\/\/mouldking.store\/wp-content\/uploads\/2022\/12\/MOC-127451-Game-Boy-5-300x300.jpg 300w, https:\/\/mouldking.store\/wp-content\/uploads\/2022\/12\/MOC-127451-Game-Boy-5-768x768.jpg 768w, https:\/\/mouldking.store\/wp-content\/uploads\/2022\/12\/MOC-127451-Game-Boy-5-600x600.jpg 600w, https:\/\/mouldking.store\/wp-content\/uploads\/2022\/12\/MOC-127451-Game-Boy-5-150x150.jpg 150w, https:\/\/mouldking.store\/wp-content\/uploads\/2022\/12\/MOC-127451-Game-Boy-5-60x60.jpg 60w, https:\/\/mouldking.store\/wp-content\/uploads\/2022\/12\/MOC-127451-Game-Boy-5-90x90.jpg 90w\" sizes=\"(max-width: 1000px) 100vw, 1000px\" \/><figcaption id=\"caption-attachment-37774\" class=\"wp-caption-text\">MOC-127451 Game Boy con 191 piezas<\/figcaption><\/figure>\n<figure id=\"attachment_37775\" aria-describedby=\"caption-attachment-37775\" style=\"width: 1000px\" class=\"wp-caption aligncenter\"><img decoding=\"async\" class=\"wp-image-37775 size-full\" src=\"https:\/\/mouldking.store\/wp-content\/uploads\/2022\/12\/MOC-127451-Game-Boy-4.jpg\" alt=\"MOC-127451 Game Boy With 191 Pieces\" width=\"1000\" height=\"1000\" title=\"-\" srcset=\"https:\/\/mouldking.store\/wp-content\/uploads\/2022\/12\/MOC-127451-Game-Boy-4.jpg 1000w, https:\/\/mouldking.store\/wp-content\/uploads\/2022\/12\/MOC-127451-Game-Boy-4-300x300.jpg 300w, https:\/\/mouldking.store\/wp-content\/uploads\/2022\/12\/MOC-127451-Game-Boy-4-768x768.jpg 768w, https:\/\/mouldking.store\/wp-content\/uploads\/2022\/12\/MOC-127451-Game-Boy-4-600x600.jpg 600w, https:\/\/mouldking.store\/wp-content\/uploads\/2022\/12\/MOC-127451-Game-Boy-4-150x150.jpg 150w, https:\/\/mouldking.store\/wp-content\/uploads\/2022\/12\/MOC-127451-Game-Boy-4-60x60.jpg 60w, https:\/\/mouldking.store\/wp-content\/uploads\/2022\/12\/MOC-127451-Game-Boy-4-90x90.jpg 90w\" sizes=\"(max-width: 1000px) 100vw, 1000px\" \/><figcaption id=\"caption-attachment-37775\" class=\"wp-caption-text\">MOC-127451 Game Boy con 191 piezas<\/figcaption><\/figure>\n<figure id=\"attachment_37776\" aria-describedby=\"caption-attachment-37776\" style=\"width: 768px\" class=\"wp-caption aligncenter\"><img loading=\"lazy\" decoding=\"async\" class=\"wp-image-37776 size-large\" src=\"https:\/\/mouldking.store\/wp-content\/uploads\/2022\/12\/MOC-127451-Game-Boy-3-768x1024.jpg\" alt=\"MOC-127451 Game Boy With 191 Pieces\" width=\"768\" height=\"1024\" title=\"-\" srcset=\"https:\/\/mouldking.store\/wp-content\/uploads\/2022\/12\/MOC-127451-Game-Boy-3-768x1024.jpg 768w, https:\/\/mouldking.store\/wp-content\/uploads\/2022\/12\/MOC-127451-Game-Boy-3-225x300.jpg 225w, https:\/\/mouldking.store\/wp-content\/uploads\/2022\/12\/MOC-127451-Game-Boy-3-300x400.jpg 300w, https:\/\/mouldking.store\/wp-content\/uploads\/2022\/12\/MOC-127451-Game-Boy-3-600x800.jpg 600w, https:\/\/mouldking.store\/wp-content\/uploads\/2022\/12\/MOC-127451-Game-Boy-3-113x150.jpg 113w, https:\/\/mouldking.store\/wp-content\/uploads\/2022\/12\/MOC-127451-Game-Boy-3-45x60.jpg 45w, https:\/\/mouldking.store\/wp-content\/uploads\/2022\/12\/MOC-127451-Game-Boy-3-68x90.jpg 68w, https:\/\/mouldking.store\/wp-content\/uploads\/2022\/12\/MOC-127451-Game-Boy-3.jpg 810w\" sizes=\"(max-width: 768px) 100vw, 768px\" \/><figcaption id=\"caption-attachment-37776\" class=\"wp-caption-text\">MOC-127451 Game Boy con 191 piezas<\/figcaption><\/figure>\n<figure id=\"attachment_37777\" aria-describedby=\"caption-attachment-37777\" style=\"width: 1000px\" class=\"wp-caption aligncenter\"><img loading=\"lazy\" decoding=\"async\" class=\"wp-image-37777 size-full\" src=\"https:\/\/mouldking.store\/wp-content\/uploads\/2022\/12\/MOC-127451-Game-Boy-2.jpg\" alt=\"MOC-127451 Game Boy With 191 Pieces\" width=\"1000\" height=\"1000\" title=\"-\" srcset=\"https:\/\/mouldking.store\/wp-content\/uploads\/2022\/12\/MOC-127451-Game-Boy-2.jpg 1000w, https:\/\/mouldking.store\/wp-content\/uploads\/2022\/12\/MOC-127451-Game-Boy-2-300x300.jpg 300w, https:\/\/mouldking.store\/wp-content\/uploads\/2022\/12\/MOC-127451-Game-Boy-2-768x768.jpg 768w, https:\/\/mouldking.store\/wp-content\/uploads\/2022\/12\/MOC-127451-Game-Boy-2-600x600.jpg 600w, https:\/\/mouldking.store\/wp-content\/uploads\/2022\/12\/MOC-127451-Game-Boy-2-150x150.jpg 150w, https:\/\/mouldking.store\/wp-content\/uploads\/2022\/12\/MOC-127451-Game-Boy-2-60x60.jpg 60w, https:\/\/mouldking.store\/wp-content\/uploads\/2022\/12\/MOC-127451-Game-Boy-2-90x90.jpg 90w\" sizes=\"(max-width: 1000px) 100vw, 1000px\" \/><figcaption id=\"caption-attachment-37777\" class=\"wp-caption-text\">MOC-127451 Game Boy con 191 piezas<\/figcaption><\/figure>\n<figure id=\"attachment_37778\" aria-describedby=\"caption-attachment-37778\" style=\"width: 774px\" class=\"wp-caption aligncenter\"><img loading=\"lazy\" decoding=\"async\" class=\"wp-image-37778 size-large\" src=\"https:\/\/mouldking.store\/wp-content\/uploads\/2022\/12\/MOC-127451-Game-Boy-1-774x1024.jpg\" alt=\"MOC-127451 Game Boy With 191 Pieces\" width=\"774\" height=\"1024\" title=\"-\" srcset=\"https:\/\/mouldking.store\/wp-content\/uploads\/2022\/12\/MOC-127451-Game-Boy-1-774x1024.jpg 774w, https:\/\/mouldking.store\/wp-content\/uploads\/2022\/12\/MOC-127451-Game-Boy-1-227x300.jpg 227w, https:\/\/mouldking.store\/wp-content\/uploads\/2022\/12\/MOC-127451-Game-Boy-1-768x1016.jpg 768w, https:\/\/mouldking.store\/wp-content\/uploads\/2022\/12\/MOC-127451-Game-Boy-1-300x397.jpg 300w, https:\/\/mouldking.store\/wp-content\/uploads\/2022\/12\/MOC-127451-Game-Boy-1-600x794.jpg 600w, https:\/\/mouldking.store\/wp-content\/uploads\/2022\/12\/MOC-127451-Game-Boy-1-113x150.jpg 113w, https:\/\/mouldking.store\/wp-content\/uploads\/2022\/12\/MOC-127451-Game-Boy-1-45x60.jpg 45w, https:\/\/mouldking.store\/wp-content\/uploads\/2022\/12\/MOC-127451-Game-Boy-1-68x90.jpg 68w, https:\/\/mouldking.store\/wp-content\/uploads\/2022\/12\/MOC-127451-Game-Boy-1.jpg 907w\" sizes=\"(max-width: 774px) 100vw, 774px\" \/><figcaption id=\"caption-attachment-37778\" class=\"wp-caption-text\">MOC-127451 Game Boy con 191 piezas<\/figcaption><\/figure>","protected":false},"excerpt":{"rendered":"<p>Product information: Brand: MOC Gender: Unisex Name: Game Boy Age Range: &gt; 6 years old Model Number: 127451 Classification: Assemblage Plastic Block Shape: Self-Locking Bricks Material: Plastic Plastic Type: ABS Bricks Blocks:191 PCS Size: 13.5 x 9 x 4 cm Weight:0.12 kg Contains detailed assembly instructions. Notice: 1. Without an original box, but we guarantee [&hellip;]<\/p>","protected":false},"featured_media":37773,"comment_status":"closed","ping_status":"closed","template":"","meta":{"_acf_changed":false},"product_cat":[1406,371],"product_tag":[9344,430,9343,9345,9342],"class_list":["product","first","instock","shipping-taxable","purchasable","product-type-simple"],"acf":[],"_links":{"self":[{"href":"https:\/\/mouldking.store\/es\/wp-json\/wp\/v2\/product\/37772","targetHints":{"allow":["GET"]}}],"collection":[{"href":"https:\/\/mouldking.store\/es\/wp-json\/wp\/v2\/product"}],"about":[{"href":"https:\/\/mouldking.store\/es\/wp-json\/wp\/v2\/types\/product"}],"replies":[{"embeddable":true,"href":"https:\/\/mouldking.store\/es\/wp-json\/wp\/v2\/comments?post=37772"}],"wp:featuredmedia":[{"embeddable":true,"href":"https:\/\/mouldking.store\/es\/wp-json\/wp\/v2\/media\/37773"}],"wp:attachment":[{"href":"https:\/\/mouldking.store\/es\/wp-json\/wp\/v2\/media?parent=37772"}],"wp:term":[{"taxonomy":"product_cat","embeddable":true,"href":"https:\/\/mouldking.store\/es\/wp-json\/wp\/v2\/product_cat?post=37772"},{"taxonomy":"product_tag","embeddable":true,"href":"https:\/\/mouldking.store\/es\/wp-json\/wp\/v2\/product_tag?post=37772"}],"curies":[{"name":"wp","href":"https:\/\/api.w.org\/{rel}","templated":true}]}}