{"id":37850,"date":"2022-12-14T10:20:19","date_gmt":"2022-12-14T03:20:19","guid":{"rendered":"https:\/\/mouldking.store\/?post_type=product&#038;p=37850"},"modified":"2022-12-14T10:20:19","modified_gmt":"2022-12-14T03:20:19","slug":"cada-c66010-japanese-wabi-sabi-tea-house-with-1200pcs","status":"publish","type":"product","link":"https:\/\/mouldking.store\/es\/shop\/cada-c66010-japanese-wabi-sabi-tea-house-with-1200pcs\/","title":{"rendered":"CaDa C66010 Casa de t\u00e9 japonesa Wabi-sabi con 1200PCS"},"content":{"rendered":"<p>Informaci\u00f3n del Producto:<\/p>\n<ol>\n<li>Marca: CaDa<\/li>\n<li>G\u00e9nero: Unisex<\/li>\n<li>Name: Japanese Wabi-sabi Tea House<\/li>\n<li>Rango de edad: &gt; 6 a\u00f1os<\/li>\n<li>Model Number: C66010<\/li>\n<li>Clasificaci\u00f3n: Ensamblaje<\/li>\n<li>Forma de bloque de pl\u00e1stico: Ladrillos autoblocantes<\/li>\n<li>Material: Pl\u00e1stico<\/li>\n<li>Tipo de pl\u00e1stico: ABS<\/li>\n<li>Bricks Blocks:1200PCS<\/li>\n<li>Size: 20 \u00d7 13 \u00d7 23 cm<\/li>\n<li>Contiene instrucciones de montaje detalladas.<\/li>\n<\/ol>\n<p>Aviso:<br \/>\n1. Sin caja original, pero garantizamos que nuestros productos tienen garant\u00eda de calidad y un buen embalaje.<br \/>\n2. Como todas las piezas que hemos comprobado antes del env\u00edo, si encuentra que faltan piezas o est\u00e1n da\u00f1adas, no se preocupe y p\u00f3ngase en contacto con nosotros y podemos reenvi\u00e1rselas inmediatamente de forma gratuita.<\/p>\n<figure id=\"attachment_37851\" aria-describedby=\"caption-attachment-37851\" style=\"width: 800px\" class=\"wp-caption aligncenter\"><img fetchpriority=\"high\" decoding=\"async\" class=\"wp-image-37851 size-full\" src=\"https:\/\/mouldking.store\/wp-content\/uploads\/2022\/12\/Japanese-Wabi-sabi-Tea-House-CaDa-C66010-7.jpg\" alt=\"CaDa C66010 Japanese Wabi-sabi Tea House With 1200PCS\" width=\"800\" height=\"800\" title=\"-\" srcset=\"https:\/\/mouldking.store\/wp-content\/uploads\/2022\/12\/Japanese-Wabi-sabi-Tea-House-CaDa-C66010-7.jpg 800w, https:\/\/mouldking.store\/wp-content\/uploads\/2022\/12\/Japanese-Wabi-sabi-Tea-House-CaDa-C66010-7-300x300.jpg 300w, https:\/\/mouldking.store\/wp-content\/uploads\/2022\/12\/Japanese-Wabi-sabi-Tea-House-CaDa-C66010-7-768x768.jpg 768w, https:\/\/mouldking.store\/wp-content\/uploads\/2022\/12\/Japanese-Wabi-sabi-Tea-House-CaDa-C66010-7-600x600.jpg 600w, https:\/\/mouldking.store\/wp-content\/uploads\/2022\/12\/Japanese-Wabi-sabi-Tea-House-CaDa-C66010-7-150x150.jpg 150w, https:\/\/mouldking.store\/wp-content\/uploads\/2022\/12\/Japanese-Wabi-sabi-Tea-House-CaDa-C66010-7-60x60.jpg 60w, https:\/\/mouldking.store\/wp-content\/uploads\/2022\/12\/Japanese-Wabi-sabi-Tea-House-CaDa-C66010-7-90x90.jpg 90w\" sizes=\"(max-width: 800px) 100vw, 800px\" \/><figcaption id=\"caption-attachment-37851\" class=\"wp-caption-text\">CaDa C66010 Casa de t\u00e9 japonesa Wabi-sabi con 1200PCS<\/figcaption><\/figure>\n<figure id=\"attachment_37852\" aria-describedby=\"caption-attachment-37852\" style=\"width: 800px\" class=\"wp-caption aligncenter\"><img decoding=\"async\" class=\"wp-image-37852 size-full\" src=\"https:\/\/mouldking.store\/wp-content\/uploads\/2022\/12\/Japanese-Wabi-sabi-Tea-House-CaDa-C66010-6.jpg\" alt=\"CaDa C66010 Japanese Wabi-sabi Tea House With 1200PCS\" width=\"800\" height=\"800\" title=\"-\" srcset=\"https:\/\/mouldking.store\/wp-content\/uploads\/2022\/12\/Japanese-Wabi-sabi-Tea-House-CaDa-C66010-6.jpg 800w, https:\/\/mouldking.store\/wp-content\/uploads\/2022\/12\/Japanese-Wabi-sabi-Tea-House-CaDa-C66010-6-300x300.jpg 300w, https:\/\/mouldking.store\/wp-content\/uploads\/2022\/12\/Japanese-Wabi-sabi-Tea-House-CaDa-C66010-6-768x768.jpg 768w, https:\/\/mouldking.store\/wp-content\/uploads\/2022\/12\/Japanese-Wabi-sabi-Tea-House-CaDa-C66010-6-600x600.jpg 600w, https:\/\/mouldking.store\/wp-content\/uploads\/2022\/12\/Japanese-Wabi-sabi-Tea-House-CaDa-C66010-6-150x150.jpg 150w, https:\/\/mouldking.store\/wp-content\/uploads\/2022\/12\/Japanese-Wabi-sabi-Tea-House-CaDa-C66010-6-60x60.jpg 60w, https:\/\/mouldking.store\/wp-content\/uploads\/2022\/12\/Japanese-Wabi-sabi-Tea-House-CaDa-C66010-6-90x90.jpg 90w\" sizes=\"(max-width: 800px) 100vw, 800px\" \/><figcaption id=\"caption-attachment-37852\" class=\"wp-caption-text\">CaDa C66010 Casa de t\u00e9 japonesa Wabi-sabi con 1200PCS<\/figcaption><\/figure>\n<figure id=\"attachment_37853\" aria-describedby=\"caption-attachment-37853\" style=\"width: 800px\" class=\"wp-caption aligncenter\"><img decoding=\"async\" class=\"wp-image-37853 size-full\" src=\"https:\/\/mouldking.store\/wp-content\/uploads\/2022\/12\/Japanese-Wabi-sabi-Tea-House-CaDa-C66010-5.jpg\" alt=\"CaDa C66010 Japanese Wabi-sabi Tea House With 1200PCS\" width=\"800\" height=\"800\" title=\"-\" srcset=\"https:\/\/mouldking.store\/wp-content\/uploads\/2022\/12\/Japanese-Wabi-sabi-Tea-House-CaDa-C66010-5.jpg 800w, https:\/\/mouldking.store\/wp-content\/uploads\/2022\/12\/Japanese-Wabi-sabi-Tea-House-CaDa-C66010-5-300x300.jpg 300w, https:\/\/mouldking.store\/wp-content\/uploads\/2022\/12\/Japanese-Wabi-sabi-Tea-House-CaDa-C66010-5-768x768.jpg 768w, https:\/\/mouldking.store\/wp-content\/uploads\/2022\/12\/Japanese-Wabi-sabi-Tea-House-CaDa-C66010-5-600x600.jpg 600w, https:\/\/mouldking.store\/wp-content\/uploads\/2022\/12\/Japanese-Wabi-sabi-Tea-House-CaDa-C66010-5-150x150.jpg 150w, https:\/\/mouldking.store\/wp-content\/uploads\/2022\/12\/Japanese-Wabi-sabi-Tea-House-CaDa-C66010-5-60x60.jpg 60w, https:\/\/mouldking.store\/wp-content\/uploads\/2022\/12\/Japanese-Wabi-sabi-Tea-House-CaDa-C66010-5-90x90.jpg 90w\" sizes=\"(max-width: 800px) 100vw, 800px\" \/><figcaption id=\"caption-attachment-37853\" class=\"wp-caption-text\">CaDa C66010 Casa de t\u00e9 japonesa Wabi-sabi con 1200PCS<\/figcaption><\/figure>\n<figure id=\"attachment_37854\" aria-describedby=\"caption-attachment-37854\" style=\"width: 800px\" class=\"wp-caption aligncenter\"><img loading=\"lazy\" decoding=\"async\" class=\"wp-image-37854 size-full\" src=\"https:\/\/mouldking.store\/wp-content\/uploads\/2022\/12\/Japanese-Wabi-sabi-Tea-House-CaDa-C66010-4.jpg\" alt=\"CaDa C66010 Japanese Wabi-sabi Tea House With 1200PCS\" width=\"800\" height=\"800\" title=\"-\" srcset=\"https:\/\/mouldking.store\/wp-content\/uploads\/2022\/12\/Japanese-Wabi-sabi-Tea-House-CaDa-C66010-4.jpg 800w, https:\/\/mouldking.store\/wp-content\/uploads\/2022\/12\/Japanese-Wabi-sabi-Tea-House-CaDa-C66010-4-300x300.jpg 300w, https:\/\/mouldking.store\/wp-content\/uploads\/2022\/12\/Japanese-Wabi-sabi-Tea-House-CaDa-C66010-4-768x768.jpg 768w, https:\/\/mouldking.store\/wp-content\/uploads\/2022\/12\/Japanese-Wabi-sabi-Tea-House-CaDa-C66010-4-600x600.jpg 600w, https:\/\/mouldking.store\/wp-content\/uploads\/2022\/12\/Japanese-Wabi-sabi-Tea-House-CaDa-C66010-4-150x150.jpg 150w, https:\/\/mouldking.store\/wp-content\/uploads\/2022\/12\/Japanese-Wabi-sabi-Tea-House-CaDa-C66010-4-60x60.jpg 60w, https:\/\/mouldking.store\/wp-content\/uploads\/2022\/12\/Japanese-Wabi-sabi-Tea-House-CaDa-C66010-4-90x90.jpg 90w\" sizes=\"(max-width: 800px) 100vw, 800px\" \/><figcaption id=\"caption-attachment-37854\" class=\"wp-caption-text\">CaDa C66010 Casa de t\u00e9 japonesa Wabi-sabi con 1200PCS<\/figcaption><\/figure>\n<figure id=\"attachment_37855\" aria-describedby=\"caption-attachment-37855\" style=\"width: 800px\" class=\"wp-caption aligncenter\"><img loading=\"lazy\" decoding=\"async\" class=\"wp-image-37855 size-full\" src=\"https:\/\/mouldking.store\/wp-content\/uploads\/2022\/12\/Japanese-Wabi-sabi-Tea-House-CaDa-C66010-3.jpg\" alt=\"CaDa C66010 Japanese Wabi-sabi Tea House With 1200PCS\" width=\"800\" height=\"800\" title=\"-\" srcset=\"https:\/\/mouldking.store\/wp-content\/uploads\/2022\/12\/Japanese-Wabi-sabi-Tea-House-CaDa-C66010-3.jpg 800w, https:\/\/mouldking.store\/wp-content\/uploads\/2022\/12\/Japanese-Wabi-sabi-Tea-House-CaDa-C66010-3-300x300.jpg 300w, https:\/\/mouldking.store\/wp-content\/uploads\/2022\/12\/Japanese-Wabi-sabi-Tea-House-CaDa-C66010-3-768x768.jpg 768w, https:\/\/mouldking.store\/wp-content\/uploads\/2022\/12\/Japanese-Wabi-sabi-Tea-House-CaDa-C66010-3-600x600.jpg 600w, https:\/\/mouldking.store\/wp-content\/uploads\/2022\/12\/Japanese-Wabi-sabi-Tea-House-CaDa-C66010-3-150x150.jpg 150w, https:\/\/mouldking.store\/wp-content\/uploads\/2022\/12\/Japanese-Wabi-sabi-Tea-House-CaDa-C66010-3-60x60.jpg 60w, https:\/\/mouldking.store\/wp-content\/uploads\/2022\/12\/Japanese-Wabi-sabi-Tea-House-CaDa-C66010-3-90x90.jpg 90w\" sizes=\"(max-width: 800px) 100vw, 800px\" \/><figcaption id=\"caption-attachment-37855\" class=\"wp-caption-text\">CaDa C66010 Casa de t\u00e9 japonesa Wabi-sabi con 1200PCS<\/figcaption><\/figure>\n<figure id=\"attachment_37856\" aria-describedby=\"caption-attachment-37856\" style=\"width: 800px\" class=\"wp-caption aligncenter\"><img loading=\"lazy\" decoding=\"async\" class=\"wp-image-37856 size-full\" src=\"https:\/\/mouldking.store\/wp-content\/uploads\/2022\/12\/Japanese-Wabi-sabi-Tea-House-CaDa-C66010-2.jpg\" alt=\"CaDa C66010 Japanese Wabi-sabi Tea House With 1200PCS\" width=\"800\" height=\"800\" title=\"-\" srcset=\"https:\/\/mouldking.store\/wp-content\/uploads\/2022\/12\/Japanese-Wabi-sabi-Tea-House-CaDa-C66010-2.jpg 800w, https:\/\/mouldking.store\/wp-content\/uploads\/2022\/12\/Japanese-Wabi-sabi-Tea-House-CaDa-C66010-2-300x300.jpg 300w, https:\/\/mouldking.store\/wp-content\/uploads\/2022\/12\/Japanese-Wabi-sabi-Tea-House-CaDa-C66010-2-768x768.jpg 768w, https:\/\/mouldking.store\/wp-content\/uploads\/2022\/12\/Japanese-Wabi-sabi-Tea-House-CaDa-C66010-2-600x600.jpg 600w, https:\/\/mouldking.store\/wp-content\/uploads\/2022\/12\/Japanese-Wabi-sabi-Tea-House-CaDa-C66010-2-150x150.jpg 150w, https:\/\/mouldking.store\/wp-content\/uploads\/2022\/12\/Japanese-Wabi-sabi-Tea-House-CaDa-C66010-2-60x60.jpg 60w, https:\/\/mouldking.store\/wp-content\/uploads\/2022\/12\/Japanese-Wabi-sabi-Tea-House-CaDa-C66010-2-90x90.jpg 90w\" sizes=\"(max-width: 800px) 100vw, 800px\" \/><figcaption id=\"caption-attachment-37856\" class=\"wp-caption-text\">CaDa C66010 Casa de t\u00e9 japonesa Wabi-sabi con 1200PCS<\/figcaption><\/figure>\n<figure id=\"attachment_37857\" aria-describedby=\"caption-attachment-37857\" style=\"width: 800px\" class=\"wp-caption aligncenter\"><img loading=\"lazy\" decoding=\"async\" class=\"wp-image-37857 size-full\" src=\"https:\/\/mouldking.store\/wp-content\/uploads\/2022\/12\/Japanese-Wabi-sabi-Tea-House-CaDa-C66010-1.jpg\" alt=\"CaDa C66010 Japanese Wabi-sabi Tea House With 1200PCS\" width=\"800\" height=\"800\" title=\"-\" srcset=\"https:\/\/mouldking.store\/wp-content\/uploads\/2022\/12\/Japanese-Wabi-sabi-Tea-House-CaDa-C66010-1.jpg 800w, https:\/\/mouldking.store\/wp-content\/uploads\/2022\/12\/Japanese-Wabi-sabi-Tea-House-CaDa-C66010-1-300x300.jpg 300w, https:\/\/mouldking.store\/wp-content\/uploads\/2022\/12\/Japanese-Wabi-sabi-Tea-House-CaDa-C66010-1-768x768.jpg 768w, https:\/\/mouldking.store\/wp-content\/uploads\/2022\/12\/Japanese-Wabi-sabi-Tea-House-CaDa-C66010-1-600x600.jpg 600w, https:\/\/mouldking.store\/wp-content\/uploads\/2022\/12\/Japanese-Wabi-sabi-Tea-House-CaDa-C66010-1-150x150.jpg 150w, https:\/\/mouldking.store\/wp-content\/uploads\/2022\/12\/Japanese-Wabi-sabi-Tea-House-CaDa-C66010-1-60x60.jpg 60w, https:\/\/mouldking.store\/wp-content\/uploads\/2022\/12\/Japanese-Wabi-sabi-Tea-House-CaDa-C66010-1-90x90.jpg 90w\" sizes=\"(max-width: 800px) 100vw, 800px\" \/><figcaption id=\"caption-attachment-37857\" class=\"wp-caption-text\">CaDa C66010 Casa de t\u00e9 japonesa Wabi-sabi con 1200PCS<\/figcaption><\/figure>","protected":false},"excerpt":{"rendered":"<p>Informaci\u00f3n del producto: Marca: CaDa G\u00e9nero: Unisex Nombre: Casa de t\u00e9 japonesa Wabi-sabi Rango de edad: &gt; 6 a\u00f1os N\u00famero de modelo: C66010 Clasificaci\u00f3n: Ensamblaje Forma de bloque de pl\u00e1stico: Ladrillos autoblocantes Material: Pl\u00e1stico Tipo de pl\u00e1stico: Bloques de ladrillos ABS: 1200PCS Tama\u00f1o: 20 \u00d7 13 \u00d7 23 cm Contiene instrucciones de montaje detalladas. Aviso: 1. Sin caja original, pero garantizamos nuestra [\u2026]<\/p>","protected":false},"featured_media":37851,"comment_status":"closed","ping_status":"closed","template":"","meta":{"_acf_changed":false},"product_cat":[1365],"product_tag":[9368,1916,9371,9374,9367,5434,9373,9370,9369,9372],"class_list":["product","first","instock","shipping-taxable","purchasable","product-type-simple"],"acf":[],"_links":{"self":[{"href":"https:\/\/mouldking.store\/es\/wp-json\/wp\/v2\/product\/37850","targetHints":{"allow":["GET"]}}],"collection":[{"href":"https:\/\/mouldking.store\/es\/wp-json\/wp\/v2\/product"}],"about":[{"href":"https:\/\/mouldking.store\/es\/wp-json\/wp\/v2\/types\/product"}],"replies":[{"embeddable":true,"href":"https:\/\/mouldking.store\/es\/wp-json\/wp\/v2\/comments?post=37850"}],"wp:featuredmedia":[{"embeddable":true,"href":"https:\/\/mouldking.store\/es\/wp-json\/wp\/v2\/media\/37851"}],"wp:attachment":[{"href":"https:\/\/mouldking.store\/es\/wp-json\/wp\/v2\/media?parent=37850"}],"wp:term":[{"taxonomy":"product_cat","embeddable":true,"href":"https:\/\/mouldking.store\/es\/wp-json\/wp\/v2\/product_cat?post=37850"},{"taxonomy":"product_tag","embeddable":true,"href":"https:\/\/mouldking.store\/es\/wp-json\/wp\/v2\/product_tag?post=37850"}],"curies":[{"name":"wp","href":"https:\/\/api.w.org\/{rel}","templated":true}]}}