{"id":38198,"date":"2022-12-21T11:04:57","date_gmt":"2022-12-21T04:04:57","guid":{"rendered":"https:\/\/mouldking.store\/?post_type=product&#038;p=38198"},"modified":"2025-12-25T09:12:05","modified_gmt":"2025-12-25T02:12:05","slug":"moc-115655-black-falcons-tower-31120-1-alt-build-with-944pcs","status":"publish","type":"product","link":"https:\/\/mouldking.store\/es\/shop\/moc-115655-black-falcons-tower-31120-1-alt-build-with-944pcs\/","title":{"rendered":"MOC-115655 Torre del Halc\u00f3n Negro 31120-1 Alt. Construir con 944PCS"},"content":{"rendered":"<ol>\n<li>Marca: MOC<\/li>\n<li>G\u00e9nero: Unisex<\/li>\n<li>Nombre: Torre del Halc\u00f3n Negro 31120-1 Alt. Construir<\/li>\n<li>Rango de edad: &gt; 6 a\u00f1os<\/li>\n<li>N\u00famero de modelo: 115655<\/li>\n<li>Clasificaci\u00f3n: Ensamblaje<\/li>\n<li>Forma de bloque de pl\u00e1stico: Ladrillos autoblocantes<\/li>\n<li>Material: Pl\u00e1stico<\/li>\n<li>Tipo de pl\u00e1stico: ABS<\/li>\n<li>Bloques de ladrillos: 944PCS<\/li>\n<li>Peso: 1500g<\/li>\n<li>Contiene instrucciones de montaje detalladas.<\/li>\n<\/ol>\n<p>Aviso:<br \/>\n1. Sin caja original, pero garantizamos que nuestros productos tienen garant\u00eda de calidad y un buen embalaje.<br \/>\n2. Como todas las piezas que hemos comprobado antes del env\u00edo, si encuentra que faltan piezas o est\u00e1n da\u00f1adas, no se preocupe y p\u00f3ngase en contacto con nosotros y podemos reenvi\u00e1rselas inmediatamente de forma gratuita.<\/p>\n<figure id=\"attachment_38200\" aria-describedby=\"caption-attachment-38200\" style=\"width: 1024px\" class=\"wp-caption aligncenter\"><img fetchpriority=\"high\" decoding=\"async\" class=\"wp-image-38200 size-large\" src=\"https:\/\/mouldking.store\/wp-content\/uploads\/2022\/12\/MOC-115655-Black-Falcons-Tower-1024x1024.png\" alt=\"MOC-115655 Black Falcon\u2019s Tower 31120-1 Alt. Build With 944PCS\" width=\"1024\" height=\"1024\" title=\"-\" srcset=\"https:\/\/mouldking.store\/wp-content\/uploads\/2022\/12\/MOC-115655-Black-Falcons-Tower-1024x1024.png 1024w, https:\/\/mouldking.store\/wp-content\/uploads\/2022\/12\/MOC-115655-Black-Falcons-Tower-300x300.png 300w, https:\/\/mouldking.store\/wp-content\/uploads\/2022\/12\/MOC-115655-Black-Falcons-Tower-768x768.png 768w, https:\/\/mouldking.store\/wp-content\/uploads\/2022\/12\/MOC-115655-Black-Falcons-Tower-600x600.png 600w, https:\/\/mouldking.store\/wp-content\/uploads\/2022\/12\/MOC-115655-Black-Falcons-Tower-150x150.png 150w, https:\/\/mouldking.store\/wp-content\/uploads\/2022\/12\/MOC-115655-Black-Falcons-Tower-60x60.png 60w, https:\/\/mouldking.store\/wp-content\/uploads\/2022\/12\/MOC-115655-Black-Falcons-Tower-90x90.png 90w, https:\/\/mouldking.store\/wp-content\/uploads\/2022\/12\/MOC-115655-Black-Falcons-Tower.png 1095w\" sizes=\"(max-width: 1024px) 100vw, 1024px\" \/><figcaption id=\"caption-attachment-38200\" class=\"wp-caption-text\">MOC-115655 Torre del Halc\u00f3n Negro 31120-1 Alt. Construir con 944PCS<\/figcaption><\/figure>\n<figure id=\"attachment_38201\" aria-describedby=\"caption-attachment-38201\" style=\"width: 1024px\" class=\"wp-caption aligncenter\"><img decoding=\"async\" class=\"wp-image-38201 size-large\" src=\"https:\/\/mouldking.store\/wp-content\/uploads\/2022\/12\/Black-Falcons-Tower-31120-1-Alt.-Build-MOC-115655-3-1024x1024.jpg\" alt=\"MOC-115655 Black Falcon\u2019s Tower 31120-1 Alt. Build With 944PCS\" width=\"1024\" height=\"1024\" title=\"-\" srcset=\"https:\/\/mouldking.store\/wp-content\/uploads\/2022\/12\/Black-Falcons-Tower-31120-1-Alt.-Build-MOC-115655-3-1024x1024.jpg 1024w, https:\/\/mouldking.store\/wp-content\/uploads\/2022\/12\/Black-Falcons-Tower-31120-1-Alt.-Build-MOC-115655-3-300x300.jpg 300w, https:\/\/mouldking.store\/wp-content\/uploads\/2022\/12\/Black-Falcons-Tower-31120-1-Alt.-Build-MOC-115655-3-768x768.jpg 768w, https:\/\/mouldking.store\/wp-content\/uploads\/2022\/12\/Black-Falcons-Tower-31120-1-Alt.-Build-MOC-115655-3-600x600.jpg 600w, https:\/\/mouldking.store\/wp-content\/uploads\/2022\/12\/Black-Falcons-Tower-31120-1-Alt.-Build-MOC-115655-3-150x150.jpg 150w, https:\/\/mouldking.store\/wp-content\/uploads\/2022\/12\/Black-Falcons-Tower-31120-1-Alt.-Build-MOC-115655-3-60x60.jpg 60w, https:\/\/mouldking.store\/wp-content\/uploads\/2022\/12\/Black-Falcons-Tower-31120-1-Alt.-Build-MOC-115655-3-90x90.jpg 90w, https:\/\/mouldking.store\/wp-content\/uploads\/2022\/12\/Black-Falcons-Tower-31120-1-Alt.-Build-MOC-115655-3.jpg 1100w\" sizes=\"(max-width: 1024px) 100vw, 1024px\" \/><figcaption id=\"caption-attachment-38201\" class=\"wp-caption-text\">MOC-115655 Torre del Halc\u00f3n Negro 31120-1 Alt. Construir con 944PCS<\/figcaption><\/figure>\n<figure id=\"attachment_38202\" aria-describedby=\"caption-attachment-38202\" style=\"width: 1024px\" class=\"wp-caption aligncenter\"><img decoding=\"async\" class=\"wp-image-38202 size-large\" src=\"https:\/\/mouldking.store\/wp-content\/uploads\/2022\/12\/Black-Falcons-Tower-31120-1-Alt.-Build-MOC-115655-2-1024x1024.jpg\" alt=\"MOC-115655 Black Falcon\u2019s Tower 31120-1 Alt. Build With 944PCS\" width=\"1024\" height=\"1024\" title=\"-\" srcset=\"https:\/\/mouldking.store\/wp-content\/uploads\/2022\/12\/Black-Falcons-Tower-31120-1-Alt.-Build-MOC-115655-2-1024x1024.jpg 1024w, https:\/\/mouldking.store\/wp-content\/uploads\/2022\/12\/Black-Falcons-Tower-31120-1-Alt.-Build-MOC-115655-2-300x300.jpg 300w, https:\/\/mouldking.store\/wp-content\/uploads\/2022\/12\/Black-Falcons-Tower-31120-1-Alt.-Build-MOC-115655-2-768x768.jpg 768w, https:\/\/mouldking.store\/wp-content\/uploads\/2022\/12\/Black-Falcons-Tower-31120-1-Alt.-Build-MOC-115655-2-600x600.jpg 600w, https:\/\/mouldking.store\/wp-content\/uploads\/2022\/12\/Black-Falcons-Tower-31120-1-Alt.-Build-MOC-115655-2-150x150.jpg 150w, https:\/\/mouldking.store\/wp-content\/uploads\/2022\/12\/Black-Falcons-Tower-31120-1-Alt.-Build-MOC-115655-2-60x60.jpg 60w, https:\/\/mouldking.store\/wp-content\/uploads\/2022\/12\/Black-Falcons-Tower-31120-1-Alt.-Build-MOC-115655-2-90x90.jpg 90w, https:\/\/mouldking.store\/wp-content\/uploads\/2022\/12\/Black-Falcons-Tower-31120-1-Alt.-Build-MOC-115655-2.jpg 1100w\" sizes=\"(max-width: 1024px) 100vw, 1024px\" \/><figcaption id=\"caption-attachment-38202\" class=\"wp-caption-text\">MOC-115655 Torre del Halc\u00f3n Negro 31120-1 Alt. Construir con 944PCS<\/figcaption><\/figure>\n<figure id=\"attachment_38203\" aria-describedby=\"caption-attachment-38203\" style=\"width: 1024px\" class=\"wp-caption aligncenter\"><img loading=\"lazy\" decoding=\"async\" class=\"wp-image-38203 size-large\" src=\"https:\/\/mouldking.store\/wp-content\/uploads\/2022\/12\/Black-Falcons-Tower-31120-1-Alt.-Build-MOC-115655-1-1024x1024.jpg\" alt=\"MOC-115655 Black Falcon\u2019s Tower 31120-1 Alt. Build With 944PCS\" width=\"1024\" height=\"1024\" title=\"-\" srcset=\"https:\/\/mouldking.store\/wp-content\/uploads\/2022\/12\/Black-Falcons-Tower-31120-1-Alt.-Build-MOC-115655-1-1024x1024.jpg 1024w, https:\/\/mouldking.store\/wp-content\/uploads\/2022\/12\/Black-Falcons-Tower-31120-1-Alt.-Build-MOC-115655-1-300x300.jpg 300w, https:\/\/mouldking.store\/wp-content\/uploads\/2022\/12\/Black-Falcons-Tower-31120-1-Alt.-Build-MOC-115655-1-768x768.jpg 768w, https:\/\/mouldking.store\/wp-content\/uploads\/2022\/12\/Black-Falcons-Tower-31120-1-Alt.-Build-MOC-115655-1-600x600.jpg 600w, https:\/\/mouldking.store\/wp-content\/uploads\/2022\/12\/Black-Falcons-Tower-31120-1-Alt.-Build-MOC-115655-1-150x150.jpg 150w, https:\/\/mouldking.store\/wp-content\/uploads\/2022\/12\/Black-Falcons-Tower-31120-1-Alt.-Build-MOC-115655-1-60x60.jpg 60w, https:\/\/mouldking.store\/wp-content\/uploads\/2022\/12\/Black-Falcons-Tower-31120-1-Alt.-Build-MOC-115655-1-90x90.jpg 90w, https:\/\/mouldking.store\/wp-content\/uploads\/2022\/12\/Black-Falcons-Tower-31120-1-Alt.-Build-MOC-115655-1.jpg 1100w\" sizes=\"(max-width: 1024px) 100vw, 1024px\" \/><figcaption id=\"caption-attachment-38203\" class=\"wp-caption-text\">MOC-115655 Torre del Halc\u00f3n Negro 31120-1 Alt. Construir con 944PCS<\/figcaption><\/figure>\n<figure id=\"attachment_38204\" aria-describedby=\"caption-attachment-38204\" style=\"width: 1024px\" class=\"wp-caption aligncenter\"><img loading=\"lazy\" decoding=\"async\" class=\"wp-image-38204 size-large\" src=\"https:\/\/mouldking.store\/wp-content\/uploads\/2022\/12\/Black-Falcons-Tower-31120-1-Alt.-Build-MOC-115655-4-1024x1024.jpg\" alt=\"MOC-115655 Black Falcon\u2019s Tower 31120-1 Alt. Build With 944PCS\" width=\"1024\" height=\"1024\" title=\"-\" srcset=\"https:\/\/mouldking.store\/wp-content\/uploads\/2022\/12\/Black-Falcons-Tower-31120-1-Alt.-Build-MOC-115655-4-1024x1024.jpg 1024w, https:\/\/mouldking.store\/wp-content\/uploads\/2022\/12\/Black-Falcons-Tower-31120-1-Alt.-Build-MOC-115655-4-300x300.jpg 300w, https:\/\/mouldking.store\/wp-content\/uploads\/2022\/12\/Black-Falcons-Tower-31120-1-Alt.-Build-MOC-115655-4-768x768.jpg 768w, https:\/\/mouldking.store\/wp-content\/uploads\/2022\/12\/Black-Falcons-Tower-31120-1-Alt.-Build-MOC-115655-4-600x600.jpg 600w, https:\/\/mouldking.store\/wp-content\/uploads\/2022\/12\/Black-Falcons-Tower-31120-1-Alt.-Build-MOC-115655-4-150x150.jpg 150w, https:\/\/mouldking.store\/wp-content\/uploads\/2022\/12\/Black-Falcons-Tower-31120-1-Alt.-Build-MOC-115655-4-60x60.jpg 60w, https:\/\/mouldking.store\/wp-content\/uploads\/2022\/12\/Black-Falcons-Tower-31120-1-Alt.-Build-MOC-115655-4-90x90.jpg 90w, https:\/\/mouldking.store\/wp-content\/uploads\/2022\/12\/Black-Falcons-Tower-31120-1-Alt.-Build-MOC-115655-4.jpg 1100w\" sizes=\"(max-width: 1024px) 100vw, 1024px\" \/><figcaption id=\"caption-attachment-38204\" class=\"wp-caption-text\">MOC-115655 Torre del Halc\u00f3n Negro 31120-1 Alt. Construir con 944PCS<\/figcaption><\/figure>","protected":false},"excerpt":{"rendered":"<p>Instrucciones de construcci\u00f3n en PDF<\/p>\n<p>Sin Caja Original<\/p>\n<p>Organizar el tiempo: 4-8 semanas<\/p>","protected":false},"author":1145,"featured_media":38200,"comment_status":"closed","ping_status":"closed","template":"","meta":{"_acf_changed":false},"product_cat":[1365,1395,1406],"product_tag":[9616,9620,9617,9619,9621,9618,8583,430,9615,9622,9614,2302],"class_list":["product","first","instock","shipping-taxable","purchasable","product-type-simple"],"acf":[],"_links":{"self":[{"href":"https:\/\/mouldking.store\/es\/wp-json\/wp\/v2\/product\/38198","targetHints":{"allow":["GET"]}}],"collection":[{"href":"https:\/\/mouldking.store\/es\/wp-json\/wp\/v2\/product"}],"about":[{"href":"https:\/\/mouldking.store\/es\/wp-json\/wp\/v2\/types\/product"}],"author":[{"embeddable":true,"href":"https:\/\/mouldking.store\/es\/wp-json\/wp\/v2\/users\/1145"}],"replies":[{"embeddable":true,"href":"https:\/\/mouldking.store\/es\/wp-json\/wp\/v2\/comments?post=38198"}],"wp:featuredmedia":[{"embeddable":true,"href":"https:\/\/mouldking.store\/es\/wp-json\/wp\/v2\/media\/38200"}],"wp:attachment":[{"href":"https:\/\/mouldking.store\/es\/wp-json\/wp\/v2\/media?parent=38198"}],"wp:term":[{"taxonomy":"product_cat","embeddable":true,"href":"https:\/\/mouldking.store\/es\/wp-json\/wp\/v2\/product_cat?post=38198"},{"taxonomy":"product_tag","embeddable":true,"href":"https:\/\/mouldking.store\/es\/wp-json\/wp\/v2\/product_tag?post=38198"}],"curies":[{"name":"wp","href":"https:\/\/api.w.org\/{rel}","templated":true}]}}