{"id":38297,"date":"2022-12-21T12:38:43","date_gmt":"2022-12-21T05:38:43","guid":{"rendered":"https:\/\/mouldking.store\/?post_type=product&#038;p=38297"},"modified":"2025-12-25T09:12:04","modified_gmt":"2025-12-25T02:12:04","slug":"moc-94790-indycar-1997-tr-herta-circuit-with-252-pieces","status":"publish","type":"product","link":"https:\/\/mouldking.store\/es\/shop\/moc-94790-indycar-1997-tr-herta-circuit-with-252-pieces\/","title":{"rendered":"MOC-94790 Indycar 1997 TR Herta Circuit With 252 Pieces"},"content":{"rendered":"<ol>\n<li>Marca: MOC<\/li>\n<li>G\u00e9nero: Unisex<\/li>\n<li>Name: Indycar 1997 TR Herta Circuit<\/li>\n<li>Rango de edad: &gt; 6 a\u00f1os<\/li>\n<li>Model Number: 94790<\/li>\n<li>Clasificaci\u00f3n: Ensamblaje<\/li>\n<li>Forma de bloque de pl\u00e1stico: Ladrillos autoblocantes<\/li>\n<li>Material: Pl\u00e1stico<\/li>\n<li>Tipo de pl\u00e1stico: ABS<\/li>\n<li>Bricks Blocks:252 PCS<\/li>\n<li>Peso: 300g<\/li>\n<li>Contiene instrucciones de montaje detalladas.<\/li>\n<\/ol>\n<p>Aviso:<br \/>\n1. Sin caja original, pero garantizamos que nuestros productos tienen garant\u00eda de calidad y un buen embalaje.<br \/>\n2. Como todas las piezas que hemos comprobado antes del env\u00edo, si encuentra que faltan piezas o est\u00e1n da\u00f1adas, no se preocupe y p\u00f3ngase en contacto con nosotros y podemos reenvi\u00e1rselas inmediatamente de forma gratuita.<\/p>\n<figure id=\"attachment_38298\" aria-describedby=\"caption-attachment-38298\" style=\"width: 1024px\" class=\"wp-caption aligncenter\"><img fetchpriority=\"high\" decoding=\"async\" class=\"wp-image-38298 size-large\" src=\"https:\/\/mouldking.store\/wp-content\/uploads\/2022\/12\/MOC-94790-Technic-Indycar-1997-TR-Herta-Circuit-MOC-FACTORY-1024x1024.png\" alt=\"MOC-94790 Indycar 1997 TR Herta Circuit With 252 Pieces\" width=\"1024\" height=\"1024\" title=\"-\" srcset=\"https:\/\/mouldking.store\/wp-content\/uploads\/2022\/12\/MOC-94790-Technic-Indycar-1997-TR-Herta-Circuit-MOC-FACTORY-1024x1024.png 1024w, https:\/\/mouldking.store\/wp-content\/uploads\/2022\/12\/MOC-94790-Technic-Indycar-1997-TR-Herta-Circuit-MOC-FACTORY-300x300.png 300w, https:\/\/mouldking.store\/wp-content\/uploads\/2022\/12\/MOC-94790-Technic-Indycar-1997-TR-Herta-Circuit-MOC-FACTORY-768x768.png 768w, https:\/\/mouldking.store\/wp-content\/uploads\/2022\/12\/MOC-94790-Technic-Indycar-1997-TR-Herta-Circuit-MOC-FACTORY-600x600.png 600w, https:\/\/mouldking.store\/wp-content\/uploads\/2022\/12\/MOC-94790-Technic-Indycar-1997-TR-Herta-Circuit-MOC-FACTORY-150x150.png 150w, https:\/\/mouldking.store\/wp-content\/uploads\/2022\/12\/MOC-94790-Technic-Indycar-1997-TR-Herta-Circuit-MOC-FACTORY-60x60.png 60w, https:\/\/mouldking.store\/wp-content\/uploads\/2022\/12\/MOC-94790-Technic-Indycar-1997-TR-Herta-Circuit-MOC-FACTORY-90x90.png 90w, https:\/\/mouldking.store\/wp-content\/uploads\/2022\/12\/MOC-94790-Technic-Indycar-1997-TR-Herta-Circuit-MOC-FACTORY.png 1095w\" sizes=\"(max-width: 1024px) 100vw, 1024px\" \/><figcaption id=\"caption-attachment-38298\" class=\"wp-caption-text\">MOC-94790 Indycar 1997 TR Herta Circuit With 252 Pieces<\/figcaption><\/figure>\n<figure id=\"attachment_38299\" aria-describedby=\"caption-attachment-38299\" style=\"width: 1024px\" class=\"wp-caption aligncenter\"><img decoding=\"async\" class=\"wp-image-38299 size-large\" src=\"https:\/\/mouldking.store\/wp-content\/uploads\/2022\/12\/Indycar-1997-TR-Herta-Circuit-MOC-94790-1-1024x1024.jpg\" alt=\"MOC-94790 Indycar 1997 TR Herta Circuit With 252 Pieces\" width=\"1024\" height=\"1024\" title=\"-\" srcset=\"https:\/\/mouldking.store\/wp-content\/uploads\/2022\/12\/Indycar-1997-TR-Herta-Circuit-MOC-94790-1-1024x1024.jpg 1024w, https:\/\/mouldking.store\/wp-content\/uploads\/2022\/12\/Indycar-1997-TR-Herta-Circuit-MOC-94790-1-300x300.jpg 300w, https:\/\/mouldking.store\/wp-content\/uploads\/2022\/12\/Indycar-1997-TR-Herta-Circuit-MOC-94790-1-768x768.jpg 768w, https:\/\/mouldking.store\/wp-content\/uploads\/2022\/12\/Indycar-1997-TR-Herta-Circuit-MOC-94790-1-600x600.jpg 600w, https:\/\/mouldking.store\/wp-content\/uploads\/2022\/12\/Indycar-1997-TR-Herta-Circuit-MOC-94790-1-150x150.jpg 150w, https:\/\/mouldking.store\/wp-content\/uploads\/2022\/12\/Indycar-1997-TR-Herta-Circuit-MOC-94790-1-60x60.jpg 60w, https:\/\/mouldking.store\/wp-content\/uploads\/2022\/12\/Indycar-1997-TR-Herta-Circuit-MOC-94790-1-90x90.jpg 90w, https:\/\/mouldking.store\/wp-content\/uploads\/2022\/12\/Indycar-1997-TR-Herta-Circuit-MOC-94790-1.jpg 1100w\" sizes=\"(max-width: 1024px) 100vw, 1024px\" \/><figcaption id=\"caption-attachment-38299\" class=\"wp-caption-text\">MOC-94790 Indycar 1997 TR Herta Circuit With 252 Pieces<\/figcaption><\/figure>\n<figure id=\"attachment_38300\" aria-describedby=\"caption-attachment-38300\" style=\"width: 1024px\" class=\"wp-caption aligncenter\"><img decoding=\"async\" class=\"wp-image-38300 size-large\" src=\"https:\/\/mouldking.store\/wp-content\/uploads\/2022\/12\/Indycar-1997-TR-Herta-Circuit-MOC-94790-2-1024x1024.jpg\" alt=\"MOC-94790 Indycar 1997 TR Herta Circuit With 252 Pieces\" width=\"1024\" height=\"1024\" title=\"-\" srcset=\"https:\/\/mouldking.store\/wp-content\/uploads\/2022\/12\/Indycar-1997-TR-Herta-Circuit-MOC-94790-2-1024x1024.jpg 1024w, https:\/\/mouldking.store\/wp-content\/uploads\/2022\/12\/Indycar-1997-TR-Herta-Circuit-MOC-94790-2-300x300.jpg 300w, https:\/\/mouldking.store\/wp-content\/uploads\/2022\/12\/Indycar-1997-TR-Herta-Circuit-MOC-94790-2-768x768.jpg 768w, https:\/\/mouldking.store\/wp-content\/uploads\/2022\/12\/Indycar-1997-TR-Herta-Circuit-MOC-94790-2-600x600.jpg 600w, https:\/\/mouldking.store\/wp-content\/uploads\/2022\/12\/Indycar-1997-TR-Herta-Circuit-MOC-94790-2-150x150.jpg 150w, https:\/\/mouldking.store\/wp-content\/uploads\/2022\/12\/Indycar-1997-TR-Herta-Circuit-MOC-94790-2-60x60.jpg 60w, https:\/\/mouldking.store\/wp-content\/uploads\/2022\/12\/Indycar-1997-TR-Herta-Circuit-MOC-94790-2-90x90.jpg 90w, https:\/\/mouldking.store\/wp-content\/uploads\/2022\/12\/Indycar-1997-TR-Herta-Circuit-MOC-94790-2.jpg 1100w\" sizes=\"(max-width: 1024px) 100vw, 1024px\" \/><figcaption id=\"caption-attachment-38300\" class=\"wp-caption-text\">MOC-94790 Indycar 1997 TR Herta Circuit With 252 Pieces<\/figcaption><\/figure>\n<figure id=\"attachment_38301\" aria-describedby=\"caption-attachment-38301\" style=\"width: 1024px\" class=\"wp-caption aligncenter\"><img loading=\"lazy\" decoding=\"async\" class=\"wp-image-38301 size-large\" src=\"https:\/\/mouldking.store\/wp-content\/uploads\/2022\/12\/Indycar-1997-TR-Herta-Circuit-MOC-94790-3-1024x1024.jpg\" alt=\"MOC-94790 Indycar 1997 TR Herta Circuit With 252 Pieces\" width=\"1024\" height=\"1024\" title=\"-\" srcset=\"https:\/\/mouldking.store\/wp-content\/uploads\/2022\/12\/Indycar-1997-TR-Herta-Circuit-MOC-94790-3-1024x1024.jpg 1024w, https:\/\/mouldking.store\/wp-content\/uploads\/2022\/12\/Indycar-1997-TR-Herta-Circuit-MOC-94790-3-300x300.jpg 300w, https:\/\/mouldking.store\/wp-content\/uploads\/2022\/12\/Indycar-1997-TR-Herta-Circuit-MOC-94790-3-768x768.jpg 768w, https:\/\/mouldking.store\/wp-content\/uploads\/2022\/12\/Indycar-1997-TR-Herta-Circuit-MOC-94790-3-600x600.jpg 600w, https:\/\/mouldking.store\/wp-content\/uploads\/2022\/12\/Indycar-1997-TR-Herta-Circuit-MOC-94790-3-150x150.jpg 150w, https:\/\/mouldking.store\/wp-content\/uploads\/2022\/12\/Indycar-1997-TR-Herta-Circuit-MOC-94790-3-60x60.jpg 60w, https:\/\/mouldking.store\/wp-content\/uploads\/2022\/12\/Indycar-1997-TR-Herta-Circuit-MOC-94790-3-90x90.jpg 90w, https:\/\/mouldking.store\/wp-content\/uploads\/2022\/12\/Indycar-1997-TR-Herta-Circuit-MOC-94790-3.jpg 1100w\" sizes=\"(max-width: 1024px) 100vw, 1024px\" \/><figcaption id=\"caption-attachment-38301\" class=\"wp-caption-text\">MOC-94790 Indycar 1997 TR Herta Circuit With 252 Pieces<\/figcaption><\/figure>\n<figure id=\"attachment_38302\" aria-describedby=\"caption-attachment-38302\" style=\"width: 1024px\" class=\"wp-caption aligncenter\"><img loading=\"lazy\" decoding=\"async\" class=\"wp-image-38302 size-large\" src=\"https:\/\/mouldking.store\/wp-content\/uploads\/2022\/12\/Indycar-1997-TR-Herta-Circuit-MOC-94790-4-1024x1024.jpg\" alt=\"MOC-94790 Indycar 1997 TR Herta Circuit With 252 Pieces\" width=\"1024\" height=\"1024\" title=\"-\" srcset=\"https:\/\/mouldking.store\/wp-content\/uploads\/2022\/12\/Indycar-1997-TR-Herta-Circuit-MOC-94790-4-1024x1024.jpg 1024w, https:\/\/mouldking.store\/wp-content\/uploads\/2022\/12\/Indycar-1997-TR-Herta-Circuit-MOC-94790-4-300x300.jpg 300w, https:\/\/mouldking.store\/wp-content\/uploads\/2022\/12\/Indycar-1997-TR-Herta-Circuit-MOC-94790-4-768x768.jpg 768w, https:\/\/mouldking.store\/wp-content\/uploads\/2022\/12\/Indycar-1997-TR-Herta-Circuit-MOC-94790-4-600x600.jpg 600w, https:\/\/mouldking.store\/wp-content\/uploads\/2022\/12\/Indycar-1997-TR-Herta-Circuit-MOC-94790-4-150x150.jpg 150w, https:\/\/mouldking.store\/wp-content\/uploads\/2022\/12\/Indycar-1997-TR-Herta-Circuit-MOC-94790-4-60x60.jpg 60w, https:\/\/mouldking.store\/wp-content\/uploads\/2022\/12\/Indycar-1997-TR-Herta-Circuit-MOC-94790-4-90x90.jpg 90w, https:\/\/mouldking.store\/wp-content\/uploads\/2022\/12\/Indycar-1997-TR-Herta-Circuit-MOC-94790-4.jpg 1100w\" sizes=\"(max-width: 1024px) 100vw, 1024px\" \/><figcaption id=\"caption-attachment-38302\" class=\"wp-caption-text\">MOC-94790 Indycar 1997 TR Herta Circuit With 252 Pieces<\/figcaption><\/figure>\n<figure id=\"attachment_38303\" aria-describedby=\"caption-attachment-38303\" style=\"width: 1024px\" class=\"wp-caption aligncenter\"><img loading=\"lazy\" decoding=\"async\" class=\"wp-image-38303 size-large\" src=\"https:\/\/mouldking.store\/wp-content\/uploads\/2022\/12\/Indycar-1997-TR-Herta-Circuit-MOC-94790-5-1024x1024.jpg\" alt=\"MOC-94790 Indycar 1997 TR Herta Circuit With 252 Pieces\" width=\"1024\" height=\"1024\" title=\"-\" srcset=\"https:\/\/mouldking.store\/wp-content\/uploads\/2022\/12\/Indycar-1997-TR-Herta-Circuit-MOC-94790-5-1024x1024.jpg 1024w, https:\/\/mouldking.store\/wp-content\/uploads\/2022\/12\/Indycar-1997-TR-Herta-Circuit-MOC-94790-5-300x300.jpg 300w, https:\/\/mouldking.store\/wp-content\/uploads\/2022\/12\/Indycar-1997-TR-Herta-Circuit-MOC-94790-5-768x768.jpg 768w, https:\/\/mouldking.store\/wp-content\/uploads\/2022\/12\/Indycar-1997-TR-Herta-Circuit-MOC-94790-5-600x600.jpg 600w, https:\/\/mouldking.store\/wp-content\/uploads\/2022\/12\/Indycar-1997-TR-Herta-Circuit-MOC-94790-5-150x150.jpg 150w, https:\/\/mouldking.store\/wp-content\/uploads\/2022\/12\/Indycar-1997-TR-Herta-Circuit-MOC-94790-5-60x60.jpg 60w, https:\/\/mouldking.store\/wp-content\/uploads\/2022\/12\/Indycar-1997-TR-Herta-Circuit-MOC-94790-5-90x90.jpg 90w, https:\/\/mouldking.store\/wp-content\/uploads\/2022\/12\/Indycar-1997-TR-Herta-Circuit-MOC-94790-5.jpg 1100w\" sizes=\"(max-width: 1024px) 100vw, 1024px\" \/><figcaption id=\"caption-attachment-38303\" class=\"wp-caption-text\">MOC-94790 Indycar 1997 TR Herta Circuit With 252 Pieces<\/figcaption><\/figure>","protected":false},"excerpt":{"rendered":"<p>Instrucciones de construcci\u00f3n en PDF<\/p>\n<p>Sin Caja Original<\/p>\n<p>Organizar el tiempo: 4-8 semanas<\/p>","protected":false},"featured_media":38298,"comment_status":"closed","ping_status":"closed","template":"","meta":{"_acf_changed":false},"product_cat":[1360,1357,1406],"product_tag":[9710,9712,9711,9714,9709,9713,9715,430,9708,9716,9707],"class_list":["product","first","instock","shipping-taxable","purchasable","product-type-simple"],"acf":[],"_links":{"self":[{"href":"https:\/\/mouldking.store\/es\/wp-json\/wp\/v2\/product\/38297","targetHints":{"allow":["GET"]}}],"collection":[{"href":"https:\/\/mouldking.store\/es\/wp-json\/wp\/v2\/product"}],"about":[{"href":"https:\/\/mouldking.store\/es\/wp-json\/wp\/v2\/types\/product"}],"replies":[{"embeddable":true,"href":"https:\/\/mouldking.store\/es\/wp-json\/wp\/v2\/comments?post=38297"}],"wp:featuredmedia":[{"embeddable":true,"href":"https:\/\/mouldking.store\/es\/wp-json\/wp\/v2\/media\/38298"}],"wp:attachment":[{"href":"https:\/\/mouldking.store\/es\/wp-json\/wp\/v2\/media?parent=38297"}],"wp:term":[{"taxonomy":"product_cat","embeddable":true,"href":"https:\/\/mouldking.store\/es\/wp-json\/wp\/v2\/product_cat?post=38297"},{"taxonomy":"product_tag","embeddable":true,"href":"https:\/\/mouldking.store\/es\/wp-json\/wp\/v2\/product_tag?post=38297"}],"curies":[{"name":"wp","href":"https:\/\/api.w.org\/{rel}","templated":true}]}}