{"id":38361,"date":"2022-12-21T15:26:52","date_gmt":"2022-12-21T08:26:52","guid":{"rendered":"https:\/\/mouldking.store\/?post_type=product&#038;p=38361"},"modified":"2025-12-25T09:12:03","modified_gmt":"2025-12-25T02:12:03","slug":"moc-116561-port-sauvage-loup-de-mer-pirate-ship-with-1089-pieces","status":"publish","type":"product","link":"https:\/\/mouldking.store\/es\/shop\/moc-116561-port-sauvage-loup-de-mer-pirate-ship-with-1089-pieces\/","title":{"rendered":"MOC-116561 Port Sauvage: Barco pirata Loup de Mer con 1089 piezas"},"content":{"rendered":"<ol>\n<li>Marca: MOC<\/li>\n<li>G\u00e9nero: Unisex<\/li>\n<li>Name: Port Sauvage: Loup de Mer Pirate Ship<\/li>\n<li>Rango de edad: &gt; 6 a\u00f1os<\/li>\n<li>Model Number: 116561<\/li>\n<li>Clasificaci\u00f3n: Ensamblaje<\/li>\n<li>Forma de bloque de pl\u00e1stico: Ladrillos autoblocantes<\/li>\n<li>Material: Pl\u00e1stico<\/li>\n<li>Tipo de pl\u00e1stico: ABS<\/li>\n<li>Bricks Blocks:1089 PCS<\/li>\n<li>Peso: 2200g<\/li>\n<li>Contiene instrucciones de montaje detalladas.<\/li>\n<\/ol>\n<p>Aviso:<br \/>\n1. Sin caja original, pero garantizamos que nuestros productos tienen garant\u00eda de calidad y un buen embalaje.<br \/>\n2. Como todas las piezas que hemos comprobado antes del env\u00edo, si encuentra que faltan piezas o est\u00e1n da\u00f1adas, no se preocupe y p\u00f3ngase en contacto con nosotros y podemos reenvi\u00e1rselas inmediatamente de forma gratuita.<\/p>\n<figure id=\"attachment_38362\" aria-describedby=\"caption-attachment-38362\" style=\"width: 1024px\" class=\"wp-caption aligncenter\"><img fetchpriority=\"high\" decoding=\"async\" class=\"wp-image-38362 size-large\" src=\"https:\/\/mouldking.store\/wp-content\/uploads\/2022\/12\/MOC-116561-Creator-Port-Sauvage-Loup-de-Mer-Pirate-Ship-MOC-FACTORY-1024x1024.png\" alt=\"MOC-116561 Port Sauvage: Loup de Mer Pirate Ship With 1089 Pieces\" width=\"1024\" height=\"1024\" title=\"-\" srcset=\"https:\/\/mouldking.store\/wp-content\/uploads\/2022\/12\/MOC-116561-Creator-Port-Sauvage-Loup-de-Mer-Pirate-Ship-MOC-FACTORY-1024x1024.png 1024w, https:\/\/mouldking.store\/wp-content\/uploads\/2022\/12\/MOC-116561-Creator-Port-Sauvage-Loup-de-Mer-Pirate-Ship-MOC-FACTORY-300x300.png 300w, https:\/\/mouldking.store\/wp-content\/uploads\/2022\/12\/MOC-116561-Creator-Port-Sauvage-Loup-de-Mer-Pirate-Ship-MOC-FACTORY-768x768.png 768w, https:\/\/mouldking.store\/wp-content\/uploads\/2022\/12\/MOC-116561-Creator-Port-Sauvage-Loup-de-Mer-Pirate-Ship-MOC-FACTORY-600x600.png 600w, https:\/\/mouldking.store\/wp-content\/uploads\/2022\/12\/MOC-116561-Creator-Port-Sauvage-Loup-de-Mer-Pirate-Ship-MOC-FACTORY-150x150.png 150w, https:\/\/mouldking.store\/wp-content\/uploads\/2022\/12\/MOC-116561-Creator-Port-Sauvage-Loup-de-Mer-Pirate-Ship-MOC-FACTORY-60x60.png 60w, https:\/\/mouldking.store\/wp-content\/uploads\/2022\/12\/MOC-116561-Creator-Port-Sauvage-Loup-de-Mer-Pirate-Ship-MOC-FACTORY-90x90.png 90w, https:\/\/mouldking.store\/wp-content\/uploads\/2022\/12\/MOC-116561-Creator-Port-Sauvage-Loup-de-Mer-Pirate-Ship-MOC-FACTORY.png 1095w\" sizes=\"(max-width: 1024px) 100vw, 1024px\" \/><figcaption id=\"caption-attachment-38362\" class=\"wp-caption-text\">MOC-116561 Port Sauvage: Barco pirata Loup de Mer con 1089 piezas<\/figcaption><\/figure>\n<figure id=\"attachment_38363\" aria-describedby=\"caption-attachment-38363\" style=\"width: 1024px\" class=\"wp-caption aligncenter\"><img decoding=\"async\" class=\"wp-image-38363 size-large\" src=\"https:\/\/mouldking.store\/wp-content\/uploads\/2022\/12\/Port-Sauvage-Loup-de-Mer-Pirate-Ship-MOC-116561-1-1024x1024.jpg\" alt=\"MOC-116561 Port Sauvage: Loup de Mer Pirate Ship With 1089 Pieces\" width=\"1024\" height=\"1024\" title=\"-\" srcset=\"https:\/\/mouldking.store\/wp-content\/uploads\/2022\/12\/Port-Sauvage-Loup-de-Mer-Pirate-Ship-MOC-116561-1-1024x1024.jpg 1024w, https:\/\/mouldking.store\/wp-content\/uploads\/2022\/12\/Port-Sauvage-Loup-de-Mer-Pirate-Ship-MOC-116561-1-300x300.jpg 300w, https:\/\/mouldking.store\/wp-content\/uploads\/2022\/12\/Port-Sauvage-Loup-de-Mer-Pirate-Ship-MOC-116561-1-768x768.jpg 768w, https:\/\/mouldking.store\/wp-content\/uploads\/2022\/12\/Port-Sauvage-Loup-de-Mer-Pirate-Ship-MOC-116561-1-600x600.jpg 600w, https:\/\/mouldking.store\/wp-content\/uploads\/2022\/12\/Port-Sauvage-Loup-de-Mer-Pirate-Ship-MOC-116561-1-150x150.jpg 150w, https:\/\/mouldking.store\/wp-content\/uploads\/2022\/12\/Port-Sauvage-Loup-de-Mer-Pirate-Ship-MOC-116561-1-60x60.jpg 60w, https:\/\/mouldking.store\/wp-content\/uploads\/2022\/12\/Port-Sauvage-Loup-de-Mer-Pirate-Ship-MOC-116561-1-90x90.jpg 90w, https:\/\/mouldking.store\/wp-content\/uploads\/2022\/12\/Port-Sauvage-Loup-de-Mer-Pirate-Ship-MOC-116561-1.jpg 1100w\" sizes=\"(max-width: 1024px) 100vw, 1024px\" \/><figcaption id=\"caption-attachment-38363\" class=\"wp-caption-text\">MOC-116561 Port Sauvage: Barco pirata Loup de Mer con 1089 piezas<\/figcaption><\/figure>\n<figure id=\"attachment_38364\" aria-describedby=\"caption-attachment-38364\" style=\"width: 1024px\" class=\"wp-caption aligncenter\"><img decoding=\"async\" class=\"wp-image-38364 size-large\" src=\"https:\/\/mouldking.store\/wp-content\/uploads\/2022\/12\/Port-Sauvage-Loup-de-Mer-Pirate-Ship-MOC-116561-2-1024x1024.jpg\" alt=\"MOC-116561 Port Sauvage: Loup de Mer Pirate Ship With 1089 Pieces\" width=\"1024\" height=\"1024\" title=\"-\" srcset=\"https:\/\/mouldking.store\/wp-content\/uploads\/2022\/12\/Port-Sauvage-Loup-de-Mer-Pirate-Ship-MOC-116561-2-1024x1024.jpg 1024w, https:\/\/mouldking.store\/wp-content\/uploads\/2022\/12\/Port-Sauvage-Loup-de-Mer-Pirate-Ship-MOC-116561-2-300x300.jpg 300w, https:\/\/mouldking.store\/wp-content\/uploads\/2022\/12\/Port-Sauvage-Loup-de-Mer-Pirate-Ship-MOC-116561-2-768x768.jpg 768w, https:\/\/mouldking.store\/wp-content\/uploads\/2022\/12\/Port-Sauvage-Loup-de-Mer-Pirate-Ship-MOC-116561-2-600x600.jpg 600w, https:\/\/mouldking.store\/wp-content\/uploads\/2022\/12\/Port-Sauvage-Loup-de-Mer-Pirate-Ship-MOC-116561-2-150x150.jpg 150w, https:\/\/mouldking.store\/wp-content\/uploads\/2022\/12\/Port-Sauvage-Loup-de-Mer-Pirate-Ship-MOC-116561-2-60x60.jpg 60w, https:\/\/mouldking.store\/wp-content\/uploads\/2022\/12\/Port-Sauvage-Loup-de-Mer-Pirate-Ship-MOC-116561-2-90x90.jpg 90w, https:\/\/mouldking.store\/wp-content\/uploads\/2022\/12\/Port-Sauvage-Loup-de-Mer-Pirate-Ship-MOC-116561-2.jpg 1100w\" sizes=\"(max-width: 1024px) 100vw, 1024px\" \/><figcaption id=\"caption-attachment-38364\" class=\"wp-caption-text\">MOC-116561 Port Sauvage: Barco pirata Loup de Mer con 1089 piezas<\/figcaption><\/figure>\n<figure id=\"attachment_38365\" aria-describedby=\"caption-attachment-38365\" style=\"width: 1024px\" class=\"wp-caption aligncenter\"><img loading=\"lazy\" decoding=\"async\" class=\"wp-image-38365 size-large\" src=\"https:\/\/mouldking.store\/wp-content\/uploads\/2022\/12\/Port-Sauvage-Loup-de-Mer-Pirate-Ship-MOC-116561-4-1024x1024.jpg\" alt=\"MOC-116561 Port Sauvage: Loup de Mer Pirate Ship With 1089 Pieces\" width=\"1024\" height=\"1024\" title=\"-\" srcset=\"https:\/\/mouldking.store\/wp-content\/uploads\/2022\/12\/Port-Sauvage-Loup-de-Mer-Pirate-Ship-MOC-116561-4-1024x1024.jpg 1024w, https:\/\/mouldking.store\/wp-content\/uploads\/2022\/12\/Port-Sauvage-Loup-de-Mer-Pirate-Ship-MOC-116561-4-300x300.jpg 300w, https:\/\/mouldking.store\/wp-content\/uploads\/2022\/12\/Port-Sauvage-Loup-de-Mer-Pirate-Ship-MOC-116561-4-768x768.jpg 768w, https:\/\/mouldking.store\/wp-content\/uploads\/2022\/12\/Port-Sauvage-Loup-de-Mer-Pirate-Ship-MOC-116561-4-600x600.jpg 600w, https:\/\/mouldking.store\/wp-content\/uploads\/2022\/12\/Port-Sauvage-Loup-de-Mer-Pirate-Ship-MOC-116561-4-150x150.jpg 150w, https:\/\/mouldking.store\/wp-content\/uploads\/2022\/12\/Port-Sauvage-Loup-de-Mer-Pirate-Ship-MOC-116561-4-60x60.jpg 60w, https:\/\/mouldking.store\/wp-content\/uploads\/2022\/12\/Port-Sauvage-Loup-de-Mer-Pirate-Ship-MOC-116561-4-90x90.jpg 90w, https:\/\/mouldking.store\/wp-content\/uploads\/2022\/12\/Port-Sauvage-Loup-de-Mer-Pirate-Ship-MOC-116561-4.jpg 1100w\" sizes=\"(max-width: 1024px) 100vw, 1024px\" \/><figcaption id=\"caption-attachment-38365\" class=\"wp-caption-text\">MOC-116561 Port Sauvage: Barco pirata Loup de Mer con 1089 piezas<\/figcaption><\/figure>\n<figure id=\"attachment_38366\" aria-describedby=\"caption-attachment-38366\" style=\"width: 1024px\" class=\"wp-caption aligncenter\"><img loading=\"lazy\" decoding=\"async\" class=\"wp-image-38366 size-large\" src=\"https:\/\/mouldking.store\/wp-content\/uploads\/2022\/12\/Port-Sauvage-Loup-de-Mer-Pirate-Ship-MOC-116561-3-1024x1024.jpg\" alt=\"MOC-116561 Port Sauvage: Loup de Mer Pirate Ship With 1089 Pieces\" width=\"1024\" height=\"1024\" title=\"-\" srcset=\"https:\/\/mouldking.store\/wp-content\/uploads\/2022\/12\/Port-Sauvage-Loup-de-Mer-Pirate-Ship-MOC-116561-3-1024x1024.jpg 1024w, https:\/\/mouldking.store\/wp-content\/uploads\/2022\/12\/Port-Sauvage-Loup-de-Mer-Pirate-Ship-MOC-116561-3-300x300.jpg 300w, https:\/\/mouldking.store\/wp-content\/uploads\/2022\/12\/Port-Sauvage-Loup-de-Mer-Pirate-Ship-MOC-116561-3-768x768.jpg 768w, https:\/\/mouldking.store\/wp-content\/uploads\/2022\/12\/Port-Sauvage-Loup-de-Mer-Pirate-Ship-MOC-116561-3-600x600.jpg 600w, https:\/\/mouldking.store\/wp-content\/uploads\/2022\/12\/Port-Sauvage-Loup-de-Mer-Pirate-Ship-MOC-116561-3-150x150.jpg 150w, https:\/\/mouldking.store\/wp-content\/uploads\/2022\/12\/Port-Sauvage-Loup-de-Mer-Pirate-Ship-MOC-116561-3-60x60.jpg 60w, https:\/\/mouldking.store\/wp-content\/uploads\/2022\/12\/Port-Sauvage-Loup-de-Mer-Pirate-Ship-MOC-116561-3-90x90.jpg 90w, https:\/\/mouldking.store\/wp-content\/uploads\/2022\/12\/Port-Sauvage-Loup-de-Mer-Pirate-Ship-MOC-116561-3.jpg 1100w\" sizes=\"(max-width: 1024px) 100vw, 1024px\" \/><figcaption id=\"caption-attachment-38366\" class=\"wp-caption-text\">MOC-116561 Port Sauvage: Barco pirata Loup de Mer con 1089 piezas<\/figcaption><\/figure>\n<figure id=\"attachment_38367\" aria-describedby=\"caption-attachment-38367\" style=\"width: 1024px\" class=\"wp-caption aligncenter\"><img loading=\"lazy\" decoding=\"async\" class=\"wp-image-38367 size-large\" src=\"https:\/\/mouldking.store\/wp-content\/uploads\/2022\/12\/Port-Sauvage-Loup-de-Mer-Pirate-Ship-MOC-116561-5-1024x1024.jpg\" alt=\"MOC-116561 Port Sauvage: Loup de Mer Pirate Ship With 1089 Pieces\" width=\"1024\" height=\"1024\" title=\"-\" srcset=\"https:\/\/mouldking.store\/wp-content\/uploads\/2022\/12\/Port-Sauvage-Loup-de-Mer-Pirate-Ship-MOC-116561-5-1024x1024.jpg 1024w, https:\/\/mouldking.store\/wp-content\/uploads\/2022\/12\/Port-Sauvage-Loup-de-Mer-Pirate-Ship-MOC-116561-5-300x300.jpg 300w, https:\/\/mouldking.store\/wp-content\/uploads\/2022\/12\/Port-Sauvage-Loup-de-Mer-Pirate-Ship-MOC-116561-5-768x768.jpg 768w, https:\/\/mouldking.store\/wp-content\/uploads\/2022\/12\/Port-Sauvage-Loup-de-Mer-Pirate-Ship-MOC-116561-5-600x600.jpg 600w, https:\/\/mouldking.store\/wp-content\/uploads\/2022\/12\/Port-Sauvage-Loup-de-Mer-Pirate-Ship-MOC-116561-5-150x150.jpg 150w, https:\/\/mouldking.store\/wp-content\/uploads\/2022\/12\/Port-Sauvage-Loup-de-Mer-Pirate-Ship-MOC-116561-5-60x60.jpg 60w, https:\/\/mouldking.store\/wp-content\/uploads\/2022\/12\/Port-Sauvage-Loup-de-Mer-Pirate-Ship-MOC-116561-5-90x90.jpg 90w, https:\/\/mouldking.store\/wp-content\/uploads\/2022\/12\/Port-Sauvage-Loup-de-Mer-Pirate-Ship-MOC-116561-5.jpg 1080w\" sizes=\"(max-width: 1024px) 100vw, 1024px\" \/><figcaption id=\"caption-attachment-38367\" class=\"wp-caption-text\">MOC-116561 Port Sauvage: Barco pirata Loup de Mer con 1089 piezas<\/figcaption><\/figure>","protected":false},"excerpt":{"rendered":"<p>Instrucciones de construcci\u00f3n en PDF<\/p>\n<p>Sin Caja Original<\/p>\n<p>Organizar el tiempo: 4-8 semanas<\/p>","protected":false},"featured_media":38362,"comment_status":"closed","ping_status":"closed","template":"","meta":{"_acf_changed":false},"product_cat":[1365,1406],"product_tag":[9776,9777,430,9775,9779,9774,5487,8704,9759,9778,304],"class_list":["product","first","instock","shipping-taxable","purchasable","product-type-simple"],"acf":[],"_links":{"self":[{"href":"https:\/\/mouldking.store\/es\/wp-json\/wp\/v2\/product\/38361","targetHints":{"allow":["GET"]}}],"collection":[{"href":"https:\/\/mouldking.store\/es\/wp-json\/wp\/v2\/product"}],"about":[{"href":"https:\/\/mouldking.store\/es\/wp-json\/wp\/v2\/types\/product"}],"replies":[{"embeddable":true,"href":"https:\/\/mouldking.store\/es\/wp-json\/wp\/v2\/comments?post=38361"}],"wp:featuredmedia":[{"embeddable":true,"href":"https:\/\/mouldking.store\/es\/wp-json\/wp\/v2\/media\/38362"}],"wp:attachment":[{"href":"https:\/\/mouldking.store\/es\/wp-json\/wp\/v2\/media?parent=38361"}],"wp:term":[{"taxonomy":"product_cat","embeddable":true,"href":"https:\/\/mouldking.store\/es\/wp-json\/wp\/v2\/product_cat?post=38361"},{"taxonomy":"product_tag","embeddable":true,"href":"https:\/\/mouldking.store\/es\/wp-json\/wp\/v2\/product_tag?post=38361"}],"curies":[{"name":"wp","href":"https:\/\/api.w.org\/{rel}","templated":true}]}}