{"id":38423,"date":"2022-12-21T17:50:13","date_gmt":"2022-12-21T10:50:13","guid":{"rendered":"https:\/\/mouldking.store\/?post_type=product&#038;p=38423"},"modified":"2025-12-25T09:12:06","modified_gmt":"2025-12-25T02:12:06","slug":"moc-106668-tie-harpoon-tie-hp-fo-with-1176-pieces","status":"publish","type":"product","link":"https:\/\/mouldking.store\/es\/shop\/moc-106668-tie-harpoon-tie-hp-fo-with-1176-pieces\/","title":{"rendered":"MOC-106668 TIE Arp\u00f3n (TIE\/hp-fo) Con 1176 Piezas"},"content":{"rendered":"<ol>\n<li>Marca: MOC<\/li>\n<li>G\u00e9nero: Unisex<\/li>\n<li>Name: TIE Harpoon (TIE\/hp-fo)<\/li>\n<li>Rango de edad: &gt; 6 a\u00f1os<\/li>\n<li>Model Number: 106668<\/li>\n<li>Clasificaci\u00f3n: Ensamblaje<\/li>\n<li>Forma de bloque de pl\u00e1stico: Ladrillos autoblocantes<\/li>\n<li>Material: Pl\u00e1stico<\/li>\n<li>Tipo de pl\u00e1stico: ABS<\/li>\n<li>Bricks Blocks:1176 PCS<\/li>\n<li>Dimensions: 28.8 x 26.4 x 23.3cm<\/li>\n<li>Peso: 1200g<\/li>\n<li>Contiene instrucciones de montaje detalladas.<\/li>\n<\/ol>\n<p>Aviso:<br \/>\n1. Sin caja original, pero garantizamos que nuestros productos tienen garant\u00eda de calidad y un buen embalaje.<br \/>\n2. Como todas las piezas que hemos comprobado antes del env\u00edo, si encuentra que faltan piezas o est\u00e1n da\u00f1adas, no se preocupe y p\u00f3ngase en contacto con nosotros y podemos reenvi\u00e1rselas inmediatamente de forma gratuita.<\/p>\n<figure id=\"attachment_38424\" aria-describedby=\"caption-attachment-38424\" style=\"width: 1024px\" class=\"wp-caption aligncenter\"><img fetchpriority=\"high\" decoding=\"async\" class=\"wp-image-38424 size-large\" src=\"https:\/\/mouldking.store\/wp-content\/uploads\/2022\/12\/MOC-106668-Star-Wars-TIE-Harpoon-TIEhp-fo-MOC-FACTORY-1024x1024.png\" alt=\"MOC-106668 TIE Harpoon (TIE\/hp-fo) With 1176 Pieces\" width=\"1024\" height=\"1024\" title=\"-\" srcset=\"https:\/\/mouldking.store\/wp-content\/uploads\/2022\/12\/MOC-106668-Star-Wars-TIE-Harpoon-TIEhp-fo-MOC-FACTORY-1024x1024.png 1024w, https:\/\/mouldking.store\/wp-content\/uploads\/2022\/12\/MOC-106668-Star-Wars-TIE-Harpoon-TIEhp-fo-MOC-FACTORY-300x300.png 300w, https:\/\/mouldking.store\/wp-content\/uploads\/2022\/12\/MOC-106668-Star-Wars-TIE-Harpoon-TIEhp-fo-MOC-FACTORY-768x768.png 768w, https:\/\/mouldking.store\/wp-content\/uploads\/2022\/12\/MOC-106668-Star-Wars-TIE-Harpoon-TIEhp-fo-MOC-FACTORY-600x600.png 600w, https:\/\/mouldking.store\/wp-content\/uploads\/2022\/12\/MOC-106668-Star-Wars-TIE-Harpoon-TIEhp-fo-MOC-FACTORY-150x150.png 150w, https:\/\/mouldking.store\/wp-content\/uploads\/2022\/12\/MOC-106668-Star-Wars-TIE-Harpoon-TIEhp-fo-MOC-FACTORY-60x60.png 60w, https:\/\/mouldking.store\/wp-content\/uploads\/2022\/12\/MOC-106668-Star-Wars-TIE-Harpoon-TIEhp-fo-MOC-FACTORY-90x90.png 90w, https:\/\/mouldking.store\/wp-content\/uploads\/2022\/12\/MOC-106668-Star-Wars-TIE-Harpoon-TIEhp-fo-MOC-FACTORY.png 1095w\" sizes=\"(max-width: 1024px) 100vw, 1024px\" \/><figcaption id=\"caption-attachment-38424\" class=\"wp-caption-text\">MOC-106668 TIE Arp\u00f3n (TIE\/hp-fo) Con 1176 Piezas<\/figcaption><\/figure>\n<figure id=\"attachment_38425\" aria-describedby=\"caption-attachment-38425\" style=\"width: 1024px\" class=\"wp-caption aligncenter\"><img decoding=\"async\" class=\"wp-image-38425 size-large\" src=\"https:\/\/mouldking.store\/wp-content\/uploads\/2022\/12\/TIE-Harpoon-TIEhp-fo-MOC-106668-1-1024x1024.jpg\" alt=\"MOC-106668 TIE Harpoon (TIE\/hp-fo) With 1176 Pieces\" width=\"1024\" height=\"1024\" title=\"-\" srcset=\"https:\/\/mouldking.store\/wp-content\/uploads\/2022\/12\/TIE-Harpoon-TIEhp-fo-MOC-106668-1-1024x1024.jpg 1024w, https:\/\/mouldking.store\/wp-content\/uploads\/2022\/12\/TIE-Harpoon-TIEhp-fo-MOC-106668-1-300x300.jpg 300w, https:\/\/mouldking.store\/wp-content\/uploads\/2022\/12\/TIE-Harpoon-TIEhp-fo-MOC-106668-1-768x768.jpg 768w, https:\/\/mouldking.store\/wp-content\/uploads\/2022\/12\/TIE-Harpoon-TIEhp-fo-MOC-106668-1-600x600.jpg 600w, https:\/\/mouldking.store\/wp-content\/uploads\/2022\/12\/TIE-Harpoon-TIEhp-fo-MOC-106668-1-150x150.jpg 150w, https:\/\/mouldking.store\/wp-content\/uploads\/2022\/12\/TIE-Harpoon-TIEhp-fo-MOC-106668-1-60x60.jpg 60w, https:\/\/mouldking.store\/wp-content\/uploads\/2022\/12\/TIE-Harpoon-TIEhp-fo-MOC-106668-1-90x90.jpg 90w, https:\/\/mouldking.store\/wp-content\/uploads\/2022\/12\/TIE-Harpoon-TIEhp-fo-MOC-106668-1.jpg 1100w\" sizes=\"(max-width: 1024px) 100vw, 1024px\" \/><figcaption id=\"caption-attachment-38425\" class=\"wp-caption-text\">MOC-106668 TIE Arp\u00f3n (TIE\/hp-fo) Con 1176 Piezas<\/figcaption><\/figure>\n<figure id=\"attachment_38426\" aria-describedby=\"caption-attachment-38426\" style=\"width: 1024px\" class=\"wp-caption aligncenter\"><img decoding=\"async\" class=\"wp-image-38426 size-large\" src=\"https:\/\/mouldking.store\/wp-content\/uploads\/2022\/12\/TIE-Harpoon-TIEhp-fo-MOC-106668-3-1024x1024.jpg\" alt=\"MOC-106668 TIE Harpoon (TIE\/hp-fo) With 1176 Pieces\" width=\"1024\" height=\"1024\" title=\"-\" srcset=\"https:\/\/mouldking.store\/wp-content\/uploads\/2022\/12\/TIE-Harpoon-TIEhp-fo-MOC-106668-3-1024x1024.jpg 1024w, https:\/\/mouldking.store\/wp-content\/uploads\/2022\/12\/TIE-Harpoon-TIEhp-fo-MOC-106668-3-300x300.jpg 300w, https:\/\/mouldking.store\/wp-content\/uploads\/2022\/12\/TIE-Harpoon-TIEhp-fo-MOC-106668-3-768x768.jpg 768w, https:\/\/mouldking.store\/wp-content\/uploads\/2022\/12\/TIE-Harpoon-TIEhp-fo-MOC-106668-3-600x600.jpg 600w, https:\/\/mouldking.store\/wp-content\/uploads\/2022\/12\/TIE-Harpoon-TIEhp-fo-MOC-106668-3-150x150.jpg 150w, https:\/\/mouldking.store\/wp-content\/uploads\/2022\/12\/TIE-Harpoon-TIEhp-fo-MOC-106668-3-60x60.jpg 60w, https:\/\/mouldking.store\/wp-content\/uploads\/2022\/12\/TIE-Harpoon-TIEhp-fo-MOC-106668-3-90x90.jpg 90w, https:\/\/mouldking.store\/wp-content\/uploads\/2022\/12\/TIE-Harpoon-TIEhp-fo-MOC-106668-3.jpg 1100w\" sizes=\"(max-width: 1024px) 100vw, 1024px\" \/><figcaption id=\"caption-attachment-38426\" class=\"wp-caption-text\">MOC-106668 TIE Arp\u00f3n (TIE\/hp-fo) Con 1176 Piezas<\/figcaption><\/figure>\n<figure id=\"attachment_38427\" aria-describedby=\"caption-attachment-38427\" style=\"width: 1024px\" class=\"wp-caption aligncenter\"><img loading=\"lazy\" decoding=\"async\" class=\"wp-image-38427 size-large\" src=\"https:\/\/mouldking.store\/wp-content\/uploads\/2022\/12\/TIE-Harpoon-TIEhp-fo-MOC-106668-2-1024x1024.jpg\" alt=\"MOC-106668 TIE Harpoon (TIE\/hp-fo) With 1176 Pieces\" width=\"1024\" height=\"1024\" title=\"-\" srcset=\"https:\/\/mouldking.store\/wp-content\/uploads\/2022\/12\/TIE-Harpoon-TIEhp-fo-MOC-106668-2-1024x1024.jpg 1024w, https:\/\/mouldking.store\/wp-content\/uploads\/2022\/12\/TIE-Harpoon-TIEhp-fo-MOC-106668-2-300x300.jpg 300w, https:\/\/mouldking.store\/wp-content\/uploads\/2022\/12\/TIE-Harpoon-TIEhp-fo-MOC-106668-2-768x768.jpg 768w, https:\/\/mouldking.store\/wp-content\/uploads\/2022\/12\/TIE-Harpoon-TIEhp-fo-MOC-106668-2-600x600.jpg 600w, https:\/\/mouldking.store\/wp-content\/uploads\/2022\/12\/TIE-Harpoon-TIEhp-fo-MOC-106668-2-150x150.jpg 150w, https:\/\/mouldking.store\/wp-content\/uploads\/2022\/12\/TIE-Harpoon-TIEhp-fo-MOC-106668-2-60x60.jpg 60w, https:\/\/mouldking.store\/wp-content\/uploads\/2022\/12\/TIE-Harpoon-TIEhp-fo-MOC-106668-2-90x90.jpg 90w, https:\/\/mouldking.store\/wp-content\/uploads\/2022\/12\/TIE-Harpoon-TIEhp-fo-MOC-106668-2.jpg 1100w\" sizes=\"(max-width: 1024px) 100vw, 1024px\" \/><figcaption id=\"caption-attachment-38427\" class=\"wp-caption-text\">MOC-106668 TIE Arp\u00f3n (TIE\/hp-fo) Con 1176 Piezas<\/figcaption><\/figure>\n<figure id=\"attachment_38428\" aria-describedby=\"caption-attachment-38428\" style=\"width: 1024px\" class=\"wp-caption aligncenter\"><img loading=\"lazy\" decoding=\"async\" class=\"wp-image-38428 size-large\" src=\"https:\/\/mouldking.store\/wp-content\/uploads\/2022\/12\/TIE-Harpoon-TIEhp-fo-MOC-106668-4-1024x1024.jpg\" alt=\"MOC-106668 TIE Harpoon (TIE\/hp-fo) With 1176 Pieces\" width=\"1024\" height=\"1024\" title=\"-\" srcset=\"https:\/\/mouldking.store\/wp-content\/uploads\/2022\/12\/TIE-Harpoon-TIEhp-fo-MOC-106668-4-1024x1024.jpg 1024w, https:\/\/mouldking.store\/wp-content\/uploads\/2022\/12\/TIE-Harpoon-TIEhp-fo-MOC-106668-4-300x300.jpg 300w, https:\/\/mouldking.store\/wp-content\/uploads\/2022\/12\/TIE-Harpoon-TIEhp-fo-MOC-106668-4-768x768.jpg 768w, https:\/\/mouldking.store\/wp-content\/uploads\/2022\/12\/TIE-Harpoon-TIEhp-fo-MOC-106668-4-600x600.jpg 600w, https:\/\/mouldking.store\/wp-content\/uploads\/2022\/12\/TIE-Harpoon-TIEhp-fo-MOC-106668-4-150x150.jpg 150w, https:\/\/mouldking.store\/wp-content\/uploads\/2022\/12\/TIE-Harpoon-TIEhp-fo-MOC-106668-4-60x60.jpg 60w, https:\/\/mouldking.store\/wp-content\/uploads\/2022\/12\/TIE-Harpoon-TIEhp-fo-MOC-106668-4-90x90.jpg 90w, https:\/\/mouldking.store\/wp-content\/uploads\/2022\/12\/TIE-Harpoon-TIEhp-fo-MOC-106668-4.jpg 1100w\" sizes=\"(max-width: 1024px) 100vw, 1024px\" \/><figcaption id=\"caption-attachment-38428\" class=\"wp-caption-text\">MOC-106668 TIE Arp\u00f3n (TIE\/hp-fo) Con 1176 Piezas<\/figcaption><\/figure>\n<figure id=\"attachment_38429\" aria-describedby=\"caption-attachment-38429\" style=\"width: 1024px\" class=\"wp-caption aligncenter\"><img loading=\"lazy\" decoding=\"async\" class=\"wp-image-38429 size-large\" src=\"https:\/\/mouldking.store\/wp-content\/uploads\/2022\/12\/TIE-Harpoon-TIEhp-fo-MOC-106668-5-1024x1024.jpg\" alt=\"MOC-106668 TIE Harpoon (TIE\/hp-fo) With 1176 Pieces\" width=\"1024\" height=\"1024\" title=\"-\" srcset=\"https:\/\/mouldking.store\/wp-content\/uploads\/2022\/12\/TIE-Harpoon-TIEhp-fo-MOC-106668-5-1024x1024.jpg 1024w, https:\/\/mouldking.store\/wp-content\/uploads\/2022\/12\/TIE-Harpoon-TIEhp-fo-MOC-106668-5-300x300.jpg 300w, https:\/\/mouldking.store\/wp-content\/uploads\/2022\/12\/TIE-Harpoon-TIEhp-fo-MOC-106668-5-768x768.jpg 768w, https:\/\/mouldking.store\/wp-content\/uploads\/2022\/12\/TIE-Harpoon-TIEhp-fo-MOC-106668-5-600x600.jpg 600w, https:\/\/mouldking.store\/wp-content\/uploads\/2022\/12\/TIE-Harpoon-TIEhp-fo-MOC-106668-5-150x150.jpg 150w, https:\/\/mouldking.store\/wp-content\/uploads\/2022\/12\/TIE-Harpoon-TIEhp-fo-MOC-106668-5-60x60.jpg 60w, https:\/\/mouldking.store\/wp-content\/uploads\/2022\/12\/TIE-Harpoon-TIEhp-fo-MOC-106668-5-90x90.jpg 90w, https:\/\/mouldking.store\/wp-content\/uploads\/2022\/12\/TIE-Harpoon-TIEhp-fo-MOC-106668-5.jpg 1100w\" sizes=\"(max-width: 1024px) 100vw, 1024px\" \/><figcaption id=\"caption-attachment-38429\" class=\"wp-caption-text\">MOC-106668 TIE Arp\u00f3n (TIE\/hp-fo) Con 1176 Piezas<\/figcaption><\/figure>\n<figure id=\"attachment_38430\" aria-describedby=\"caption-attachment-38430\" style=\"width: 1024px\" class=\"wp-caption aligncenter\"><img loading=\"lazy\" decoding=\"async\" class=\"wp-image-38430 size-large\" src=\"https:\/\/mouldking.store\/wp-content\/uploads\/2022\/12\/TIE-Harpoon-TIEhp-fo-MOC-106668-6-1024x1024.jpg\" alt=\"MOC-106668 TIE Harpoon (TIE\/hp-fo) With 1176 Pieces\" width=\"1024\" height=\"1024\" title=\"-\" srcset=\"https:\/\/mouldking.store\/wp-content\/uploads\/2022\/12\/TIE-Harpoon-TIEhp-fo-MOC-106668-6-1024x1024.jpg 1024w, https:\/\/mouldking.store\/wp-content\/uploads\/2022\/12\/TIE-Harpoon-TIEhp-fo-MOC-106668-6-300x300.jpg 300w, https:\/\/mouldking.store\/wp-content\/uploads\/2022\/12\/TIE-Harpoon-TIEhp-fo-MOC-106668-6-768x768.jpg 768w, https:\/\/mouldking.store\/wp-content\/uploads\/2022\/12\/TIE-Harpoon-TIEhp-fo-MOC-106668-6-600x600.jpg 600w, https:\/\/mouldking.store\/wp-content\/uploads\/2022\/12\/TIE-Harpoon-TIEhp-fo-MOC-106668-6-150x150.jpg 150w, https:\/\/mouldking.store\/wp-content\/uploads\/2022\/12\/TIE-Harpoon-TIEhp-fo-MOC-106668-6-60x60.jpg 60w, https:\/\/mouldking.store\/wp-content\/uploads\/2022\/12\/TIE-Harpoon-TIEhp-fo-MOC-106668-6-90x90.jpg 90w, https:\/\/mouldking.store\/wp-content\/uploads\/2022\/12\/TIE-Harpoon-TIEhp-fo-MOC-106668-6.jpg 1100w\" sizes=\"(max-width: 1024px) 100vw, 1024px\" \/><figcaption id=\"caption-attachment-38430\" class=\"wp-caption-text\">MOC-106668 TIE Arp\u00f3n (TIE\/hp-fo) Con 1176 Piezas<\/figcaption><\/figure>\n<figure id=\"attachment_38432\" aria-describedby=\"caption-attachment-38432\" style=\"width: 1024px\" class=\"wp-caption aligncenter\"><img loading=\"lazy\" decoding=\"async\" class=\"wp-image-38432 size-large\" src=\"https:\/\/mouldking.store\/wp-content\/uploads\/2022\/12\/TIE-Harpoon-TIEhp-fo-MOC-106668-8-1024x1024.jpg\" alt=\"MOC-106668 TIE Harpoon (TIE\/hp-fo) With 1176 Pieces\" width=\"1024\" height=\"1024\" title=\"-\" srcset=\"https:\/\/mouldking.store\/wp-content\/uploads\/2022\/12\/TIE-Harpoon-TIEhp-fo-MOC-106668-8-1024x1024.jpg 1024w, https:\/\/mouldking.store\/wp-content\/uploads\/2022\/12\/TIE-Harpoon-TIEhp-fo-MOC-106668-8-300x300.jpg 300w, https:\/\/mouldking.store\/wp-content\/uploads\/2022\/12\/TIE-Harpoon-TIEhp-fo-MOC-106668-8-768x768.jpg 768w, https:\/\/mouldking.store\/wp-content\/uploads\/2022\/12\/TIE-Harpoon-TIEhp-fo-MOC-106668-8-600x600.jpg 600w, https:\/\/mouldking.store\/wp-content\/uploads\/2022\/12\/TIE-Harpoon-TIEhp-fo-MOC-106668-8-150x150.jpg 150w, https:\/\/mouldking.store\/wp-content\/uploads\/2022\/12\/TIE-Harpoon-TIEhp-fo-MOC-106668-8-60x60.jpg 60w, https:\/\/mouldking.store\/wp-content\/uploads\/2022\/12\/TIE-Harpoon-TIEhp-fo-MOC-106668-8-90x90.jpg 90w, https:\/\/mouldking.store\/wp-content\/uploads\/2022\/12\/TIE-Harpoon-TIEhp-fo-MOC-106668-8.jpg 1100w\" sizes=\"(max-width: 1024px) 100vw, 1024px\" \/><figcaption id=\"caption-attachment-38432\" class=\"wp-caption-text\">MOC-106668 TIE Arp\u00f3n (TIE\/hp-fo) Con 1176 Piezas<\/figcaption><\/figure>","protected":false},"excerpt":{"rendered":"<p>Instrucciones de construcci\u00f3n en PDF<\/p>\n<p>Sin Caja Original<\/p>\n<p>Organizar el tiempo: 4-8 semanas<\/p>","protected":false},"featured_media":38424,"comment_status":"closed","ping_status":"closed","template":"","meta":{"_acf_changed":false},"product_cat":[1406,415],"product_tag":[9828,430,9827,9832,9826,5532,9830,9831,9829],"class_list":["product","first","instock","shipping-taxable","purchasable","product-type-variable"],"acf":[],"_links":{"self":[{"href":"https:\/\/mouldking.store\/es\/wp-json\/wp\/v2\/product\/38423","targetHints":{"allow":["GET"]}}],"collection":[{"href":"https:\/\/mouldking.store\/es\/wp-json\/wp\/v2\/product"}],"about":[{"href":"https:\/\/mouldking.store\/es\/wp-json\/wp\/v2\/types\/product"}],"replies":[{"embeddable":true,"href":"https:\/\/mouldking.store\/es\/wp-json\/wp\/v2\/comments?post=38423"}],"wp:featuredmedia":[{"embeddable":true,"href":"https:\/\/mouldking.store\/es\/wp-json\/wp\/v2\/media\/38424"}],"wp:attachment":[{"href":"https:\/\/mouldking.store\/es\/wp-json\/wp\/v2\/media?parent=38423"}],"wp:term":[{"taxonomy":"product_cat","embeddable":true,"href":"https:\/\/mouldking.store\/es\/wp-json\/wp\/v2\/product_cat?post=38423"},{"taxonomy":"product_tag","embeddable":true,"href":"https:\/\/mouldking.store\/es\/wp-json\/wp\/v2\/product_tag?post=38423"}],"curies":[{"name":"wp","href":"https:\/\/api.w.org\/{rel}","templated":true}]}}