{"id":38453,"date":"2022-12-22T09:50:46","date_gmt":"2022-12-22T02:50:46","guid":{"rendered":"https:\/\/mouldking.store\/?post_type=product&#038;p=38453"},"modified":"2025-12-25T09:12:00","modified_gmt":"2025-12-25T02:12:00","slug":"moc-112047-tie-whisper-tie-wi-with-1129-pieces","status":"publish","type":"product","link":"https:\/\/mouldking.store\/es\/shop\/moc-112047-tie-whisper-tie-wi-with-1129-pieces\/","title":{"rendered":"MOC-112047 TIE Whisper (TIE\/wi) con 1129 piezas"},"content":{"rendered":"<ol>\n<li>Marca: MOC<\/li>\n<li>G\u00e9nero: Unisex<\/li>\n<li>Name: TIE Whisper (TIE\/wi)<\/li>\n<li>Rango de edad: &gt; 6 a\u00f1os<\/li>\n<li>Model Number: 112047<\/li>\n<li>Clasificaci\u00f3n: Ensamblaje<\/li>\n<li>Forma de bloque de pl\u00e1stico: Ladrillos autoblocantes<\/li>\n<li>Material: Pl\u00e1stico<\/li>\n<li>Tipo de pl\u00e1stico: ABS<\/li>\n<li>Bricks Blocks:1129 PCS<\/li>\n<li>Dimensions: 38.9 x 31 x 15.6cm<\/li>\n<li>Peso: 1200g<\/li>\n<li>Contiene instrucciones de montaje detalladas.<\/li>\n<\/ol>\n<p>Aviso:<br \/>\n1. Sin caja original, pero garantizamos que nuestros productos tienen garant\u00eda de calidad y un buen embalaje.<br \/>\n2. Como todas las piezas que hemos comprobado antes del env\u00edo, si encuentra que faltan piezas o est\u00e1n da\u00f1adas, no se preocupe y p\u00f3ngase en contacto con nosotros y podemos reenvi\u00e1rselas inmediatamente de forma gratuita.<\/p>\n<figure id=\"attachment_38454\" aria-describedby=\"caption-attachment-38454\" style=\"width: 1024px\" class=\"wp-caption aligncenter\"><img fetchpriority=\"high\" decoding=\"async\" class=\"wp-image-38454 size-large\" src=\"https:\/\/mouldking.store\/wp-content\/uploads\/2022\/12\/MOC-112047-Star-Wars-TIE-Whisper-TIEwi-MOC-FACTORY-1024x1024.png\" alt=\"MOC-112047 TIE Whisper (TIE\/wi) With 1129 Pieces\" width=\"1024\" height=\"1024\" title=\"-\" srcset=\"https:\/\/mouldking.store\/wp-content\/uploads\/2022\/12\/MOC-112047-Star-Wars-TIE-Whisper-TIEwi-MOC-FACTORY-1024x1024.png 1024w, https:\/\/mouldking.store\/wp-content\/uploads\/2022\/12\/MOC-112047-Star-Wars-TIE-Whisper-TIEwi-MOC-FACTORY-300x300.png 300w, https:\/\/mouldking.store\/wp-content\/uploads\/2022\/12\/MOC-112047-Star-Wars-TIE-Whisper-TIEwi-MOC-FACTORY-768x768.png 768w, https:\/\/mouldking.store\/wp-content\/uploads\/2022\/12\/MOC-112047-Star-Wars-TIE-Whisper-TIEwi-MOC-FACTORY-600x600.png 600w, https:\/\/mouldking.store\/wp-content\/uploads\/2022\/12\/MOC-112047-Star-Wars-TIE-Whisper-TIEwi-MOC-FACTORY-150x150.png 150w, https:\/\/mouldking.store\/wp-content\/uploads\/2022\/12\/MOC-112047-Star-Wars-TIE-Whisper-TIEwi-MOC-FACTORY-60x60.png 60w, https:\/\/mouldking.store\/wp-content\/uploads\/2022\/12\/MOC-112047-Star-Wars-TIE-Whisper-TIEwi-MOC-FACTORY-90x90.png 90w, https:\/\/mouldking.store\/wp-content\/uploads\/2022\/12\/MOC-112047-Star-Wars-TIE-Whisper-TIEwi-MOC-FACTORY.png 1095w\" sizes=\"(max-width: 1024px) 100vw, 1024px\" \/><figcaption id=\"caption-attachment-38454\" class=\"wp-caption-text\">MOC-112047 TIE Whisper (TIE\/wi) con 1129 piezas<\/figcaption><\/figure>\n<figure id=\"attachment_38455\" aria-describedby=\"caption-attachment-38455\" style=\"width: 1100px\" class=\"wp-caption aligncenter\"><img decoding=\"async\" class=\"wp-image-38455 size-full\" src=\"https:\/\/mouldking.store\/wp-content\/uploads\/2022\/12\/TIE-Whisper-TIEwi-MOC-112047-1.jpg\" alt=\"MOC-112047 TIE Whisper (TIE\/wi) With 1129 Pieces\" width=\"1100\" height=\"1100\" title=\"-\" srcset=\"https:\/\/mouldking.store\/wp-content\/uploads\/2022\/12\/TIE-Whisper-TIEwi-MOC-112047-1.jpg 1100w, https:\/\/mouldking.store\/wp-content\/uploads\/2022\/12\/TIE-Whisper-TIEwi-MOC-112047-1-300x300.jpg 300w, https:\/\/mouldking.store\/wp-content\/uploads\/2022\/12\/TIE-Whisper-TIEwi-MOC-112047-1-1024x1024.jpg 1024w, https:\/\/mouldking.store\/wp-content\/uploads\/2022\/12\/TIE-Whisper-TIEwi-MOC-112047-1-768x768.jpg 768w, https:\/\/mouldking.store\/wp-content\/uploads\/2022\/12\/TIE-Whisper-TIEwi-MOC-112047-1-600x600.jpg 600w, https:\/\/mouldking.store\/wp-content\/uploads\/2022\/12\/TIE-Whisper-TIEwi-MOC-112047-1-150x150.jpg 150w, https:\/\/mouldking.store\/wp-content\/uploads\/2022\/12\/TIE-Whisper-TIEwi-MOC-112047-1-60x60.jpg 60w, https:\/\/mouldking.store\/wp-content\/uploads\/2022\/12\/TIE-Whisper-TIEwi-MOC-112047-1-90x90.jpg 90w\" sizes=\"(max-width: 1100px) 100vw, 1100px\" \/><figcaption id=\"caption-attachment-38455\" class=\"wp-caption-text\">MOC-112047 TIE Whisper (TIE\/wi) con 1129 piezas<\/figcaption><\/figure>\n<figure id=\"attachment_38456\" aria-describedby=\"caption-attachment-38456\" style=\"width: 1024px\" class=\"wp-caption aligncenter\"><img decoding=\"async\" class=\"wp-image-38456 size-large\" src=\"https:\/\/mouldking.store\/wp-content\/uploads\/2022\/12\/TIE-Whisper-TIEwi-MOC-112047-2-1024x1024.jpg\" alt=\"MOC-112047 TIE Whisper (TIE\/wi) With 1129 Pieces\" width=\"1024\" height=\"1024\" title=\"-\" srcset=\"https:\/\/mouldking.store\/wp-content\/uploads\/2022\/12\/TIE-Whisper-TIEwi-MOC-112047-2-1024x1024.jpg 1024w, https:\/\/mouldking.store\/wp-content\/uploads\/2022\/12\/TIE-Whisper-TIEwi-MOC-112047-2-300x300.jpg 300w, https:\/\/mouldking.store\/wp-content\/uploads\/2022\/12\/TIE-Whisper-TIEwi-MOC-112047-2-768x768.jpg 768w, https:\/\/mouldking.store\/wp-content\/uploads\/2022\/12\/TIE-Whisper-TIEwi-MOC-112047-2-600x600.jpg 600w, https:\/\/mouldking.store\/wp-content\/uploads\/2022\/12\/TIE-Whisper-TIEwi-MOC-112047-2-150x150.jpg 150w, https:\/\/mouldking.store\/wp-content\/uploads\/2022\/12\/TIE-Whisper-TIEwi-MOC-112047-2-60x60.jpg 60w, https:\/\/mouldking.store\/wp-content\/uploads\/2022\/12\/TIE-Whisper-TIEwi-MOC-112047-2-90x90.jpg 90w, https:\/\/mouldking.store\/wp-content\/uploads\/2022\/12\/TIE-Whisper-TIEwi-MOC-112047-2.jpg 1100w\" sizes=\"(max-width: 1024px) 100vw, 1024px\" \/><figcaption id=\"caption-attachment-38456\" class=\"wp-caption-text\">MOC-112047 TIE Whisper (TIE\/wi) con 1129 piezas<\/figcaption><\/figure>\n<figure id=\"attachment_38457\" aria-describedby=\"caption-attachment-38457\" style=\"width: 1100px\" class=\"wp-caption aligncenter\"><img loading=\"lazy\" decoding=\"async\" class=\"wp-image-38457 size-full\" src=\"https:\/\/mouldking.store\/wp-content\/uploads\/2022\/12\/TIE-Whisper-TIEwi-MOC-112047-3.jpg\" alt=\"MOC-112047 TIE Whisper (TIE\/wi) With 1129 Pieces\" width=\"1100\" height=\"1100\" title=\"-\" srcset=\"https:\/\/mouldking.store\/wp-content\/uploads\/2022\/12\/TIE-Whisper-TIEwi-MOC-112047-3.jpg 1100w, https:\/\/mouldking.store\/wp-content\/uploads\/2022\/12\/TIE-Whisper-TIEwi-MOC-112047-3-300x300.jpg 300w, https:\/\/mouldking.store\/wp-content\/uploads\/2022\/12\/TIE-Whisper-TIEwi-MOC-112047-3-1024x1024.jpg 1024w, https:\/\/mouldking.store\/wp-content\/uploads\/2022\/12\/TIE-Whisper-TIEwi-MOC-112047-3-768x768.jpg 768w, https:\/\/mouldking.store\/wp-content\/uploads\/2022\/12\/TIE-Whisper-TIEwi-MOC-112047-3-600x600.jpg 600w, https:\/\/mouldking.store\/wp-content\/uploads\/2022\/12\/TIE-Whisper-TIEwi-MOC-112047-3-150x150.jpg 150w, https:\/\/mouldking.store\/wp-content\/uploads\/2022\/12\/TIE-Whisper-TIEwi-MOC-112047-3-60x60.jpg 60w, https:\/\/mouldking.store\/wp-content\/uploads\/2022\/12\/TIE-Whisper-TIEwi-MOC-112047-3-90x90.jpg 90w\" sizes=\"(max-width: 1100px) 100vw, 1100px\" \/><figcaption id=\"caption-attachment-38457\" class=\"wp-caption-text\">MOC-112047 TIE Whisper (TIE\/wi) con 1129 piezas<\/figcaption><\/figure>\n<figure id=\"attachment_38458\" aria-describedby=\"caption-attachment-38458\" style=\"width: 1024px\" class=\"wp-caption aligncenter\"><img loading=\"lazy\" decoding=\"async\" class=\"wp-image-38458 size-large\" src=\"https:\/\/mouldking.store\/wp-content\/uploads\/2022\/12\/TIE-Whisper-TIEwi-MOC-112047-4-1024x1024.jpg\" alt=\"MOC-112047 TIE Whisper (TIE\/wi) With 1129 Pieces\" width=\"1024\" height=\"1024\" title=\"-\" srcset=\"https:\/\/mouldking.store\/wp-content\/uploads\/2022\/12\/TIE-Whisper-TIEwi-MOC-112047-4-1024x1024.jpg 1024w, https:\/\/mouldking.store\/wp-content\/uploads\/2022\/12\/TIE-Whisper-TIEwi-MOC-112047-4-300x300.jpg 300w, https:\/\/mouldking.store\/wp-content\/uploads\/2022\/12\/TIE-Whisper-TIEwi-MOC-112047-4-768x768.jpg 768w, https:\/\/mouldking.store\/wp-content\/uploads\/2022\/12\/TIE-Whisper-TIEwi-MOC-112047-4-600x600.jpg 600w, https:\/\/mouldking.store\/wp-content\/uploads\/2022\/12\/TIE-Whisper-TIEwi-MOC-112047-4-150x150.jpg 150w, https:\/\/mouldking.store\/wp-content\/uploads\/2022\/12\/TIE-Whisper-TIEwi-MOC-112047-4-60x60.jpg 60w, https:\/\/mouldking.store\/wp-content\/uploads\/2022\/12\/TIE-Whisper-TIEwi-MOC-112047-4-90x90.jpg 90w, https:\/\/mouldking.store\/wp-content\/uploads\/2022\/12\/TIE-Whisper-TIEwi-MOC-112047-4.jpg 1100w\" sizes=\"(max-width: 1024px) 100vw, 1024px\" \/><figcaption id=\"caption-attachment-38458\" class=\"wp-caption-text\">MOC-112047 TIE Whisper (TIE\/wi) con 1129 piezas<\/figcaption><\/figure>\n<figure id=\"attachment_38459\" aria-describedby=\"caption-attachment-38459\" style=\"width: 1024px\" class=\"wp-caption aligncenter\"><img loading=\"lazy\" decoding=\"async\" class=\"wp-image-38459 size-large\" src=\"https:\/\/mouldking.store\/wp-content\/uploads\/2022\/12\/TIE-Whisper-TIEwi-MOC-112047-5-1024x1024.jpg\" alt=\"MOC-112047 TIE Whisper (TIE\/wi) With 1129 Pieces\" width=\"1024\" height=\"1024\" title=\"-\" srcset=\"https:\/\/mouldking.store\/wp-content\/uploads\/2022\/12\/TIE-Whisper-TIEwi-MOC-112047-5-1024x1024.jpg 1024w, https:\/\/mouldking.store\/wp-content\/uploads\/2022\/12\/TIE-Whisper-TIEwi-MOC-112047-5-300x300.jpg 300w, https:\/\/mouldking.store\/wp-content\/uploads\/2022\/12\/TIE-Whisper-TIEwi-MOC-112047-5-768x768.jpg 768w, https:\/\/mouldking.store\/wp-content\/uploads\/2022\/12\/TIE-Whisper-TIEwi-MOC-112047-5-600x600.jpg 600w, https:\/\/mouldking.store\/wp-content\/uploads\/2022\/12\/TIE-Whisper-TIEwi-MOC-112047-5-150x150.jpg 150w, https:\/\/mouldking.store\/wp-content\/uploads\/2022\/12\/TIE-Whisper-TIEwi-MOC-112047-5-60x60.jpg 60w, https:\/\/mouldking.store\/wp-content\/uploads\/2022\/12\/TIE-Whisper-TIEwi-MOC-112047-5-90x90.jpg 90w, https:\/\/mouldking.store\/wp-content\/uploads\/2022\/12\/TIE-Whisper-TIEwi-MOC-112047-5.jpg 1100w\" sizes=\"(max-width: 1024px) 100vw, 1024px\" \/><figcaption id=\"caption-attachment-38459\" class=\"wp-caption-text\">MOC-112047 TIE Whisper (TIE\/wi) con 1129 piezas<\/figcaption><\/figure>\n<figure id=\"attachment_38460\" aria-describedby=\"caption-attachment-38460\" style=\"width: 1024px\" class=\"wp-caption aligncenter\"><img loading=\"lazy\" decoding=\"async\" class=\"wp-image-38460 size-large\" src=\"https:\/\/mouldking.store\/wp-content\/uploads\/2022\/12\/TIE-Whisper-TIEwi-MOC-112047-6-1024x1024.jpg\" alt=\"MOC-112047 TIE Whisper (TIE\/wi) With 1129 Pieces\" width=\"1024\" height=\"1024\" title=\"-\" srcset=\"https:\/\/mouldking.store\/wp-content\/uploads\/2022\/12\/TIE-Whisper-TIEwi-MOC-112047-6-1024x1024.jpg 1024w, https:\/\/mouldking.store\/wp-content\/uploads\/2022\/12\/TIE-Whisper-TIEwi-MOC-112047-6-300x300.jpg 300w, https:\/\/mouldking.store\/wp-content\/uploads\/2022\/12\/TIE-Whisper-TIEwi-MOC-112047-6-768x768.jpg 768w, https:\/\/mouldking.store\/wp-content\/uploads\/2022\/12\/TIE-Whisper-TIEwi-MOC-112047-6-600x600.jpg 600w, https:\/\/mouldking.store\/wp-content\/uploads\/2022\/12\/TIE-Whisper-TIEwi-MOC-112047-6-150x150.jpg 150w, https:\/\/mouldking.store\/wp-content\/uploads\/2022\/12\/TIE-Whisper-TIEwi-MOC-112047-6-60x60.jpg 60w, https:\/\/mouldking.store\/wp-content\/uploads\/2022\/12\/TIE-Whisper-TIEwi-MOC-112047-6-90x90.jpg 90w, https:\/\/mouldking.store\/wp-content\/uploads\/2022\/12\/TIE-Whisper-TIEwi-MOC-112047-6.jpg 1100w\" sizes=\"(max-width: 1024px) 100vw, 1024px\" \/><figcaption id=\"caption-attachment-38460\" class=\"wp-caption-text\">MOC-112047 TIE Whisper (TIE\/wi) con 1129 piezas<\/figcaption><\/figure>","protected":false},"excerpt":{"rendered":"<p>Instrucciones de construcci\u00f3n en PDF<\/p>\n<p>Sin Caja Original<\/p>\n<p>Organizar el tiempo: 4-8 semanas<\/p>","protected":false},"featured_media":38454,"comment_status":"closed","ping_status":"closed","template":"","meta":{"_acf_changed":false},"product_cat":[1406,415],"product_tag":[430,9848,9853,9847,5532,9850,9852,9851,9849],"class_list":["product","first","instock","shipping-taxable","purchasable","product-type-simple"],"acf":[],"_links":{"self":[{"href":"https:\/\/mouldking.store\/es\/wp-json\/wp\/v2\/product\/38453","targetHints":{"allow":["GET"]}}],"collection":[{"href":"https:\/\/mouldking.store\/es\/wp-json\/wp\/v2\/product"}],"about":[{"href":"https:\/\/mouldking.store\/es\/wp-json\/wp\/v2\/types\/product"}],"replies":[{"embeddable":true,"href":"https:\/\/mouldking.store\/es\/wp-json\/wp\/v2\/comments?post=38453"}],"wp:featuredmedia":[{"embeddable":true,"href":"https:\/\/mouldking.store\/es\/wp-json\/wp\/v2\/media\/38454"}],"wp:attachment":[{"href":"https:\/\/mouldking.store\/es\/wp-json\/wp\/v2\/media?parent=38453"}],"wp:term":[{"taxonomy":"product_cat","embeddable":true,"href":"https:\/\/mouldking.store\/es\/wp-json\/wp\/v2\/product_cat?post=38453"},{"taxonomy":"product_tag","embeddable":true,"href":"https:\/\/mouldking.store\/es\/wp-json\/wp\/v2\/product_tag?post=38453"}],"curies":[{"name":"wp","href":"https:\/\/api.w.org\/{rel}","templated":true}]}}