{"id":38465,"date":"2022-12-22T10:08:08","date_gmt":"2022-12-22T03:08:08","guid":{"rendered":"https:\/\/mouldking.store\/?post_type=product&#038;p=38465"},"modified":"2025-12-25T09:12:00","modified_gmt":"2025-12-25T02:12:00","slug":"moc-65505-br-310-kof-ii-with-331-pieces","status":"publish","type":"product","link":"https:\/\/mouldking.store\/es\/shop\/moc-65505-br-310-kof-ii-with-331-pieces\/","title":{"rendered":"MOC-65505 Br 310 \/ K\u00d6F II With 331 Pieces"},"content":{"rendered":"<ol>\n<li>Marca: MOC<\/li>\n<li>G\u00e9nero: Unisex<\/li>\n<li>Name: Br 310 \/ K\u00d6F II<\/li>\n<li>Rango de edad: &gt; 6 a\u00f1os<\/li>\n<li>Model Number: 65505<\/li>\n<li>Clasificaci\u00f3n: Ensamblaje<\/li>\n<li>Forma de bloque de pl\u00e1stico: Ladrillos autoblocantes<\/li>\n<li>Material: Pl\u00e1stico<\/li>\n<li>Tipo de pl\u00e1stico: ABS<\/li>\n<li>Bricks Blocks:331 PCS<\/li>\n<li>Peso: 200g<\/li>\n<li>Contiene instrucciones de montaje detalladas.<\/li>\n<\/ol>\n<p>Aviso:<br \/>\n1. Sin caja original, pero garantizamos que nuestros productos tienen garant\u00eda de calidad y un buen embalaje.<br \/>\n2. Como todas las piezas que hemos comprobado antes del env\u00edo, si encuentra que faltan piezas o est\u00e1n da\u00f1adas, no se preocupe y p\u00f3ngase en contacto con nosotros y podemos reenvi\u00e1rselas inmediatamente de forma gratuita.<\/p>\n<figure id=\"attachment_38466\" aria-describedby=\"caption-attachment-38466\" style=\"width: 1024px\" class=\"wp-caption aligncenter\"><img fetchpriority=\"high\" decoding=\"async\" class=\"wp-image-38466 size-large\" src=\"https:\/\/mouldking.store\/wp-content\/uploads\/2022\/12\/MOC-65505-Technic-Br-310-KOF-II-MOC-FACTORY-1024x1024.png\" alt=\"MOC-65505 Br 310 \/ K\u00d6F II With 331 Pieces\" width=\"1024\" height=\"1024\" title=\"-\" srcset=\"https:\/\/mouldking.store\/wp-content\/uploads\/2022\/12\/MOC-65505-Technic-Br-310-KOF-II-MOC-FACTORY-1024x1024.png 1024w, https:\/\/mouldking.store\/wp-content\/uploads\/2022\/12\/MOC-65505-Technic-Br-310-KOF-II-MOC-FACTORY-300x300.png 300w, https:\/\/mouldking.store\/wp-content\/uploads\/2022\/12\/MOC-65505-Technic-Br-310-KOF-II-MOC-FACTORY-768x768.png 768w, https:\/\/mouldking.store\/wp-content\/uploads\/2022\/12\/MOC-65505-Technic-Br-310-KOF-II-MOC-FACTORY-600x600.png 600w, https:\/\/mouldking.store\/wp-content\/uploads\/2022\/12\/MOC-65505-Technic-Br-310-KOF-II-MOC-FACTORY-150x150.png 150w, https:\/\/mouldking.store\/wp-content\/uploads\/2022\/12\/MOC-65505-Technic-Br-310-KOF-II-MOC-FACTORY-60x60.png 60w, https:\/\/mouldking.store\/wp-content\/uploads\/2022\/12\/MOC-65505-Technic-Br-310-KOF-II-MOC-FACTORY-90x90.png 90w, https:\/\/mouldking.store\/wp-content\/uploads\/2022\/12\/MOC-65505-Technic-Br-310-KOF-II-MOC-FACTORY.png 1095w\" sizes=\"(max-width: 1024px) 100vw, 1024px\" \/><figcaption id=\"caption-attachment-38466\" class=\"wp-caption-text\">MOC-65505 Br 310 \/ K\u00d6F II With 331 Pieces<\/figcaption><\/figure>\n<figure id=\"attachment_38467\" aria-describedby=\"caption-attachment-38467\" style=\"width: 1024px\" class=\"wp-caption aligncenter\"><img decoding=\"async\" class=\"wp-image-38467 size-large\" src=\"https:\/\/mouldking.store\/wp-content\/uploads\/2022\/12\/Br-310-KOF-II-MOC-65505-1-1024x1024.jpg\" alt=\"MOC-65505 Br 310 \/ K\u00d6F II With 331 Pieces\" width=\"1024\" height=\"1024\" title=\"-\" srcset=\"https:\/\/mouldking.store\/wp-content\/uploads\/2022\/12\/Br-310-KOF-II-MOC-65505-1-1024x1024.jpg 1024w, https:\/\/mouldking.store\/wp-content\/uploads\/2022\/12\/Br-310-KOF-II-MOC-65505-1-300x300.jpg 300w, https:\/\/mouldking.store\/wp-content\/uploads\/2022\/12\/Br-310-KOF-II-MOC-65505-1-768x768.jpg 768w, https:\/\/mouldking.store\/wp-content\/uploads\/2022\/12\/Br-310-KOF-II-MOC-65505-1-600x600.jpg 600w, https:\/\/mouldking.store\/wp-content\/uploads\/2022\/12\/Br-310-KOF-II-MOC-65505-1-150x150.jpg 150w, https:\/\/mouldking.store\/wp-content\/uploads\/2022\/12\/Br-310-KOF-II-MOC-65505-1-60x60.jpg 60w, https:\/\/mouldking.store\/wp-content\/uploads\/2022\/12\/Br-310-KOF-II-MOC-65505-1-90x90.jpg 90w, https:\/\/mouldking.store\/wp-content\/uploads\/2022\/12\/Br-310-KOF-II-MOC-65505-1.jpg 1100w\" sizes=\"(max-width: 1024px) 100vw, 1024px\" \/><figcaption id=\"caption-attachment-38467\" class=\"wp-caption-text\">MOC-65505 Br 310 \/ K\u00d6F II With 331 Pieces<\/figcaption><\/figure>\n<figure id=\"attachment_38468\" aria-describedby=\"caption-attachment-38468\" style=\"width: 1100px\" class=\"wp-caption aligncenter\"><img decoding=\"async\" class=\"wp-image-38468 size-full\" src=\"https:\/\/mouldking.store\/wp-content\/uploads\/2022\/12\/Br-310-KOF-II-MOC-65505-2.jpg\" alt=\"MOC-65505 Br 310 \/ K\u00d6F II With 331 Pieces\" width=\"1100\" height=\"1100\" title=\"-\" srcset=\"https:\/\/mouldking.store\/wp-content\/uploads\/2022\/12\/Br-310-KOF-II-MOC-65505-2.jpg 1100w, https:\/\/mouldking.store\/wp-content\/uploads\/2022\/12\/Br-310-KOF-II-MOC-65505-2-300x300.jpg 300w, https:\/\/mouldking.store\/wp-content\/uploads\/2022\/12\/Br-310-KOF-II-MOC-65505-2-1024x1024.jpg 1024w, https:\/\/mouldking.store\/wp-content\/uploads\/2022\/12\/Br-310-KOF-II-MOC-65505-2-768x768.jpg 768w, https:\/\/mouldking.store\/wp-content\/uploads\/2022\/12\/Br-310-KOF-II-MOC-65505-2-600x600.jpg 600w, https:\/\/mouldking.store\/wp-content\/uploads\/2022\/12\/Br-310-KOF-II-MOC-65505-2-150x150.jpg 150w, https:\/\/mouldking.store\/wp-content\/uploads\/2022\/12\/Br-310-KOF-II-MOC-65505-2-60x60.jpg 60w, https:\/\/mouldking.store\/wp-content\/uploads\/2022\/12\/Br-310-KOF-II-MOC-65505-2-90x90.jpg 90w\" sizes=\"(max-width: 1100px) 100vw, 1100px\" \/><figcaption id=\"caption-attachment-38468\" class=\"wp-caption-text\">MOC-65505 Br 310 \/ K\u00d6F II With 331 Pieces<\/figcaption><\/figure>\n<figure id=\"attachment_38469\" aria-describedby=\"caption-attachment-38469\" style=\"width: 1024px\" class=\"wp-caption aligncenter\"><img loading=\"lazy\" decoding=\"async\" class=\"wp-image-38469 size-large\" src=\"https:\/\/mouldking.store\/wp-content\/uploads\/2022\/12\/Br-310-KOF-II-MOC-65505-3-1024x1024.jpg\" alt=\"MOC-65505 Br 310 \/ K\u00d6F II With 331 Pieces\" width=\"1024\" height=\"1024\" title=\"-\" srcset=\"https:\/\/mouldking.store\/wp-content\/uploads\/2022\/12\/Br-310-KOF-II-MOC-65505-3-1024x1024.jpg 1024w, https:\/\/mouldking.store\/wp-content\/uploads\/2022\/12\/Br-310-KOF-II-MOC-65505-3-300x300.jpg 300w, https:\/\/mouldking.store\/wp-content\/uploads\/2022\/12\/Br-310-KOF-II-MOC-65505-3-768x768.jpg 768w, https:\/\/mouldking.store\/wp-content\/uploads\/2022\/12\/Br-310-KOF-II-MOC-65505-3-600x600.jpg 600w, https:\/\/mouldking.store\/wp-content\/uploads\/2022\/12\/Br-310-KOF-II-MOC-65505-3-150x150.jpg 150w, https:\/\/mouldking.store\/wp-content\/uploads\/2022\/12\/Br-310-KOF-II-MOC-65505-3-60x60.jpg 60w, https:\/\/mouldking.store\/wp-content\/uploads\/2022\/12\/Br-310-KOF-II-MOC-65505-3-90x90.jpg 90w, https:\/\/mouldking.store\/wp-content\/uploads\/2022\/12\/Br-310-KOF-II-MOC-65505-3.jpg 1100w\" sizes=\"(max-width: 1024px) 100vw, 1024px\" \/><figcaption id=\"caption-attachment-38469\" class=\"wp-caption-text\">MOC-65505 Br 310 \/ K\u00d6F II With 331 Pieces<\/figcaption><\/figure>","protected":false},"excerpt":{"rendered":"<p>Instrucciones de construcci\u00f3n en PDF<\/p>\n<p>Sin Caja Original<\/p>\n<p>Organizar el tiempo: 4-8 semanas<\/p>","protected":false},"featured_media":38466,"comment_status":"closed","ping_status":"closed","template":"","meta":{"_acf_changed":false},"product_cat":[1357,1406],"product_tag":[9862,9864,9863,430,9861,9865,9860],"class_list":["product","first","instock","shipping-taxable","purchasable","product-type-simple"],"acf":[],"_links":{"self":[{"href":"https:\/\/mouldking.store\/es\/wp-json\/wp\/v2\/product\/38465","targetHints":{"allow":["GET"]}}],"collection":[{"href":"https:\/\/mouldking.store\/es\/wp-json\/wp\/v2\/product"}],"about":[{"href":"https:\/\/mouldking.store\/es\/wp-json\/wp\/v2\/types\/product"}],"replies":[{"embeddable":true,"href":"https:\/\/mouldking.store\/es\/wp-json\/wp\/v2\/comments?post=38465"}],"wp:featuredmedia":[{"embeddable":true,"href":"https:\/\/mouldking.store\/es\/wp-json\/wp\/v2\/media\/38466"}],"wp:attachment":[{"href":"https:\/\/mouldking.store\/es\/wp-json\/wp\/v2\/media?parent=38465"}],"wp:term":[{"taxonomy":"product_cat","embeddable":true,"href":"https:\/\/mouldking.store\/es\/wp-json\/wp\/v2\/product_cat?post=38465"},{"taxonomy":"product_tag","embeddable":true,"href":"https:\/\/mouldking.store\/es\/wp-json\/wp\/v2\/product_tag?post=38465"}],"curies":[{"name":"wp","href":"https:\/\/api.w.org\/{rel}","templated":true}]}}