{"id":38526,"date":"2022-12-22T11:17:18","date_gmt":"2022-12-22T04:17:18","guid":{"rendered":"https:\/\/mouldking.store\/?post_type=product&#038;p=38526"},"modified":"2025-12-25T09:11:59","modified_gmt":"2025-12-25T02:11:59","slug":"moc-112452-the-dwarfs-meet-the-skeleton-king-with-1780-pieces","status":"publish","type":"product","link":"https:\/\/mouldking.store\/es\/shop\/moc-112452-the-dwarfs-meet-the-skeleton-king-with-1780-pieces\/","title":{"rendered":"MOC-112452 Los enanos se encuentran con el rey esqueleto con 1780 piezas"},"content":{"rendered":"<ol>\n<li>Marca: MOC<\/li>\n<li>G\u00e9nero: Unisex<\/li>\n<li>Name: The Dwarfs Meet The Skeleton King<\/li>\n<li>Rango de edad: &gt; 6 a\u00f1os<\/li>\n<li>Model Number: 112452<\/li>\n<li>Clasificaci\u00f3n: Ensamblaje<\/li>\n<li>Forma de bloque de pl\u00e1stico: Ladrillos autoblocantes<\/li>\n<li>Material: Pl\u00e1stico<\/li>\n<li>Tipo de pl\u00e1stico: ABS<\/li>\n<li>Bricks Blocks:1780 PCS<\/li>\n<li>Weight:2100g<\/li>\n<li>Contiene instrucciones de montaje detalladas.<\/li>\n<\/ol>\n<p>Aviso:<br \/>\n1. Sin caja original, pero garantizamos que nuestros productos tienen garant\u00eda de calidad y un buen embalaje.<br \/>\n2. Como todas las piezas que hemos comprobado antes del env\u00edo, si encuentra que faltan piezas o est\u00e1n da\u00f1adas, no se preocupe y p\u00f3ngase en contacto con nosotros y podemos reenvi\u00e1rselas inmediatamente de forma gratuita.<\/p>\n<figure id=\"attachment_38527\" aria-describedby=\"caption-attachment-38527\" style=\"width: 1004px\" class=\"wp-caption aligncenter\"><img fetchpriority=\"high\" decoding=\"async\" class=\"wp-image-38527 size-full\" src=\"https:\/\/mouldking.store\/wp-content\/uploads\/2022\/12\/MOC-112452-Creator-The-Dwarfs-Meet-The-Skeleton-King-MOC-FACTORY.png\" alt=\"MOC-112452 The Dwarfs Meet The Skeleton King With 1780 Pieces\" width=\"1004\" height=\"1004\" title=\"-\" srcset=\"https:\/\/mouldking.store\/wp-content\/uploads\/2022\/12\/MOC-112452-Creator-The-Dwarfs-Meet-The-Skeleton-King-MOC-FACTORY.png 1004w, https:\/\/mouldking.store\/wp-content\/uploads\/2022\/12\/MOC-112452-Creator-The-Dwarfs-Meet-The-Skeleton-King-MOC-FACTORY-300x300.png 300w, https:\/\/mouldking.store\/wp-content\/uploads\/2022\/12\/MOC-112452-Creator-The-Dwarfs-Meet-The-Skeleton-King-MOC-FACTORY-768x768.png 768w, https:\/\/mouldking.store\/wp-content\/uploads\/2022\/12\/MOC-112452-Creator-The-Dwarfs-Meet-The-Skeleton-King-MOC-FACTORY-600x600.png 600w, https:\/\/mouldking.store\/wp-content\/uploads\/2022\/12\/MOC-112452-Creator-The-Dwarfs-Meet-The-Skeleton-King-MOC-FACTORY-150x150.png 150w, https:\/\/mouldking.store\/wp-content\/uploads\/2022\/12\/MOC-112452-Creator-The-Dwarfs-Meet-The-Skeleton-King-MOC-FACTORY-60x60.png 60w, https:\/\/mouldking.store\/wp-content\/uploads\/2022\/12\/MOC-112452-Creator-The-Dwarfs-Meet-The-Skeleton-King-MOC-FACTORY-90x90.png 90w\" sizes=\"(max-width: 1004px) 100vw, 1004px\" \/><figcaption id=\"caption-attachment-38527\" class=\"wp-caption-text\">MOC-112452 Los enanos se encuentran con el rey esqueleto con 1780 piezas<\/figcaption><\/figure>\n<figure id=\"attachment_38528\" aria-describedby=\"caption-attachment-38528\" style=\"width: 1024px\" class=\"wp-caption aligncenter\"><img decoding=\"async\" class=\"wp-image-38528 size-large\" src=\"https:\/\/mouldking.store\/wp-content\/uploads\/2022\/12\/The-Dwarfs-Meet-The-Skeleton-King-MOC-112452-1-1024x1024.jpg\" alt=\"MOC-112452 The Dwarfs Meet The Skeleton King With 1780 Pieces\" width=\"1024\" height=\"1024\" title=\"-\" srcset=\"https:\/\/mouldking.store\/wp-content\/uploads\/2022\/12\/The-Dwarfs-Meet-The-Skeleton-King-MOC-112452-1-1024x1024.jpg 1024w, https:\/\/mouldking.store\/wp-content\/uploads\/2022\/12\/The-Dwarfs-Meet-The-Skeleton-King-MOC-112452-1-300x300.jpg 300w, https:\/\/mouldking.store\/wp-content\/uploads\/2022\/12\/The-Dwarfs-Meet-The-Skeleton-King-MOC-112452-1-768x768.jpg 768w, https:\/\/mouldking.store\/wp-content\/uploads\/2022\/12\/The-Dwarfs-Meet-The-Skeleton-King-MOC-112452-1-600x600.jpg 600w, https:\/\/mouldking.store\/wp-content\/uploads\/2022\/12\/The-Dwarfs-Meet-The-Skeleton-King-MOC-112452-1-150x150.jpg 150w, https:\/\/mouldking.store\/wp-content\/uploads\/2022\/12\/The-Dwarfs-Meet-The-Skeleton-King-MOC-112452-1-60x60.jpg 60w, https:\/\/mouldking.store\/wp-content\/uploads\/2022\/12\/The-Dwarfs-Meet-The-Skeleton-King-MOC-112452-1-90x90.jpg 90w, https:\/\/mouldking.store\/wp-content\/uploads\/2022\/12\/The-Dwarfs-Meet-The-Skeleton-King-MOC-112452-1.jpg 1100w\" sizes=\"(max-width: 1024px) 100vw, 1024px\" \/><figcaption id=\"caption-attachment-38528\" class=\"wp-caption-text\">MOC-112452 Los enanos se encuentran con el rey esqueleto con 1780 piezas<\/figcaption><\/figure>\n<figure id=\"attachment_38529\" aria-describedby=\"caption-attachment-38529\" style=\"width: 1024px\" class=\"wp-caption aligncenter\"><img decoding=\"async\" class=\"wp-image-38529 size-large\" src=\"https:\/\/mouldking.store\/wp-content\/uploads\/2022\/12\/The-Dwarfs-Meet-The-Skeleton-King-MOC-112452-2-1024x1024.jpg\" alt=\"MOC-112452 The Dwarfs Meet The Skeleton King With 1780 Pieces\" width=\"1024\" height=\"1024\" title=\"-\" srcset=\"https:\/\/mouldking.store\/wp-content\/uploads\/2022\/12\/The-Dwarfs-Meet-The-Skeleton-King-MOC-112452-2-1024x1024.jpg 1024w, https:\/\/mouldking.store\/wp-content\/uploads\/2022\/12\/The-Dwarfs-Meet-The-Skeleton-King-MOC-112452-2-300x300.jpg 300w, https:\/\/mouldking.store\/wp-content\/uploads\/2022\/12\/The-Dwarfs-Meet-The-Skeleton-King-MOC-112452-2-768x768.jpg 768w, https:\/\/mouldking.store\/wp-content\/uploads\/2022\/12\/The-Dwarfs-Meet-The-Skeleton-King-MOC-112452-2-600x600.jpg 600w, https:\/\/mouldking.store\/wp-content\/uploads\/2022\/12\/The-Dwarfs-Meet-The-Skeleton-King-MOC-112452-2-150x150.jpg 150w, https:\/\/mouldking.store\/wp-content\/uploads\/2022\/12\/The-Dwarfs-Meet-The-Skeleton-King-MOC-112452-2-60x60.jpg 60w, https:\/\/mouldking.store\/wp-content\/uploads\/2022\/12\/The-Dwarfs-Meet-The-Skeleton-King-MOC-112452-2-90x90.jpg 90w, https:\/\/mouldking.store\/wp-content\/uploads\/2022\/12\/The-Dwarfs-Meet-The-Skeleton-King-MOC-112452-2.jpg 1100w\" sizes=\"(max-width: 1024px) 100vw, 1024px\" \/><figcaption id=\"caption-attachment-38529\" class=\"wp-caption-text\">MOC-112452 Los enanos se encuentran con el rey esqueleto con 1780 piezas<\/figcaption><\/figure>\n<figure id=\"attachment_38530\" aria-describedby=\"caption-attachment-38530\" style=\"width: 1024px\" class=\"wp-caption aligncenter\"><img loading=\"lazy\" decoding=\"async\" class=\"wp-image-38530 size-large\" src=\"https:\/\/mouldking.store\/wp-content\/uploads\/2022\/12\/The-Dwarfs-Meet-The-Skeleton-King-MOC-112452-3-1024x1024.jpg\" alt=\"MOC-112452 The Dwarfs Meet The Skeleton King With 1780 Pieces\" width=\"1024\" height=\"1024\" title=\"-\" srcset=\"https:\/\/mouldking.store\/wp-content\/uploads\/2022\/12\/The-Dwarfs-Meet-The-Skeleton-King-MOC-112452-3-1024x1024.jpg 1024w, https:\/\/mouldking.store\/wp-content\/uploads\/2022\/12\/The-Dwarfs-Meet-The-Skeleton-King-MOC-112452-3-300x300.jpg 300w, https:\/\/mouldking.store\/wp-content\/uploads\/2022\/12\/The-Dwarfs-Meet-The-Skeleton-King-MOC-112452-3-768x768.jpg 768w, https:\/\/mouldking.store\/wp-content\/uploads\/2022\/12\/The-Dwarfs-Meet-The-Skeleton-King-MOC-112452-3-600x600.jpg 600w, https:\/\/mouldking.store\/wp-content\/uploads\/2022\/12\/The-Dwarfs-Meet-The-Skeleton-King-MOC-112452-3-150x150.jpg 150w, https:\/\/mouldking.store\/wp-content\/uploads\/2022\/12\/The-Dwarfs-Meet-The-Skeleton-King-MOC-112452-3-60x60.jpg 60w, https:\/\/mouldking.store\/wp-content\/uploads\/2022\/12\/The-Dwarfs-Meet-The-Skeleton-King-MOC-112452-3-90x90.jpg 90w, https:\/\/mouldking.store\/wp-content\/uploads\/2022\/12\/The-Dwarfs-Meet-The-Skeleton-King-MOC-112452-3.jpg 1100w\" sizes=\"(max-width: 1024px) 100vw, 1024px\" \/><figcaption id=\"caption-attachment-38530\" class=\"wp-caption-text\">MOC-112452 Los enanos se encuentran con el rey esqueleto con 1780 piezas<\/figcaption><\/figure>\n<figure id=\"attachment_38531\" aria-describedby=\"caption-attachment-38531\" style=\"width: 1024px\" class=\"wp-caption aligncenter\"><img loading=\"lazy\" decoding=\"async\" class=\"wp-image-38531 size-large\" src=\"https:\/\/mouldking.store\/wp-content\/uploads\/2022\/12\/The-Dwarfs-Meet-The-Skeleton-King-MOC-112452-4-1024x1024.jpg\" alt=\"MOC-112452 The Dwarfs Meet The Skeleton King With 1780 Pieces\" width=\"1024\" height=\"1024\" title=\"-\" srcset=\"https:\/\/mouldking.store\/wp-content\/uploads\/2022\/12\/The-Dwarfs-Meet-The-Skeleton-King-MOC-112452-4-1024x1024.jpg 1024w, https:\/\/mouldking.store\/wp-content\/uploads\/2022\/12\/The-Dwarfs-Meet-The-Skeleton-King-MOC-112452-4-300x300.jpg 300w, https:\/\/mouldking.store\/wp-content\/uploads\/2022\/12\/The-Dwarfs-Meet-The-Skeleton-King-MOC-112452-4-768x768.jpg 768w, https:\/\/mouldking.store\/wp-content\/uploads\/2022\/12\/The-Dwarfs-Meet-The-Skeleton-King-MOC-112452-4-600x600.jpg 600w, https:\/\/mouldking.store\/wp-content\/uploads\/2022\/12\/The-Dwarfs-Meet-The-Skeleton-King-MOC-112452-4-150x150.jpg 150w, https:\/\/mouldking.store\/wp-content\/uploads\/2022\/12\/The-Dwarfs-Meet-The-Skeleton-King-MOC-112452-4-60x60.jpg 60w, https:\/\/mouldking.store\/wp-content\/uploads\/2022\/12\/The-Dwarfs-Meet-The-Skeleton-King-MOC-112452-4-90x90.jpg 90w, https:\/\/mouldking.store\/wp-content\/uploads\/2022\/12\/The-Dwarfs-Meet-The-Skeleton-King-MOC-112452-4.jpg 1100w\" sizes=\"(max-width: 1024px) 100vw, 1024px\" \/><figcaption id=\"caption-attachment-38531\" class=\"wp-caption-text\">MOC-112452 Los enanos se encuentran con el rey esqueleto con 1780 piezas<\/figcaption><\/figure>\n<figure id=\"attachment_38532\" aria-describedby=\"caption-attachment-38532\" style=\"width: 1100px\" class=\"wp-caption aligncenter\"><img loading=\"lazy\" decoding=\"async\" class=\"wp-image-38532 size-full\" src=\"https:\/\/mouldking.store\/wp-content\/uploads\/2022\/12\/The-Dwarfs-Meet-The-Skeleton-King-MOC-112452-5.jpg\" alt=\"MOC-112452 The Dwarfs Meet The Skeleton King With 1780 Pieces\" width=\"1100\" height=\"1100\" title=\"-\" srcset=\"https:\/\/mouldking.store\/wp-content\/uploads\/2022\/12\/The-Dwarfs-Meet-The-Skeleton-King-MOC-112452-5.jpg 1100w, https:\/\/mouldking.store\/wp-content\/uploads\/2022\/12\/The-Dwarfs-Meet-The-Skeleton-King-MOC-112452-5-300x300.jpg 300w, https:\/\/mouldking.store\/wp-content\/uploads\/2022\/12\/The-Dwarfs-Meet-The-Skeleton-King-MOC-112452-5-1024x1024.jpg 1024w, https:\/\/mouldking.store\/wp-content\/uploads\/2022\/12\/The-Dwarfs-Meet-The-Skeleton-King-MOC-112452-5-768x768.jpg 768w, https:\/\/mouldking.store\/wp-content\/uploads\/2022\/12\/The-Dwarfs-Meet-The-Skeleton-King-MOC-112452-5-600x600.jpg 600w, https:\/\/mouldking.store\/wp-content\/uploads\/2022\/12\/The-Dwarfs-Meet-The-Skeleton-King-MOC-112452-5-150x150.jpg 150w, https:\/\/mouldking.store\/wp-content\/uploads\/2022\/12\/The-Dwarfs-Meet-The-Skeleton-King-MOC-112452-5-60x60.jpg 60w, https:\/\/mouldking.store\/wp-content\/uploads\/2022\/12\/The-Dwarfs-Meet-The-Skeleton-King-MOC-112452-5-90x90.jpg 90w\" sizes=\"(max-width: 1100px) 100vw, 1100px\" \/><figcaption id=\"caption-attachment-38532\" class=\"wp-caption-text\">MOC-112452 Los enanos se encuentran con el rey esqueleto con 1780 piezas<\/figcaption><\/figure>\n<figure id=\"attachment_38533\" aria-describedby=\"caption-attachment-38533\" style=\"width: 1100px\" class=\"wp-caption aligncenter\"><img loading=\"lazy\" decoding=\"async\" class=\"wp-image-38533 size-full\" src=\"https:\/\/mouldking.store\/wp-content\/uploads\/2022\/12\/The-Dwarfs-Meet-The-Skeleton-King-MOC-112452-6.jpg\" alt=\"MOC-112452 The Dwarfs Meet The Skeleton King With 1780 Pieces\" width=\"1100\" height=\"1100\" title=\"-\" srcset=\"https:\/\/mouldking.store\/wp-content\/uploads\/2022\/12\/The-Dwarfs-Meet-The-Skeleton-King-MOC-112452-6.jpg 1100w, https:\/\/mouldking.store\/wp-content\/uploads\/2022\/12\/The-Dwarfs-Meet-The-Skeleton-King-MOC-112452-6-300x300.jpg 300w, https:\/\/mouldking.store\/wp-content\/uploads\/2022\/12\/The-Dwarfs-Meet-The-Skeleton-King-MOC-112452-6-1024x1024.jpg 1024w, https:\/\/mouldking.store\/wp-content\/uploads\/2022\/12\/The-Dwarfs-Meet-The-Skeleton-King-MOC-112452-6-768x768.jpg 768w, https:\/\/mouldking.store\/wp-content\/uploads\/2022\/12\/The-Dwarfs-Meet-The-Skeleton-King-MOC-112452-6-600x600.jpg 600w, https:\/\/mouldking.store\/wp-content\/uploads\/2022\/12\/The-Dwarfs-Meet-The-Skeleton-King-MOC-112452-6-150x150.jpg 150w, https:\/\/mouldking.store\/wp-content\/uploads\/2022\/12\/The-Dwarfs-Meet-The-Skeleton-King-MOC-112452-6-60x60.jpg 60w, https:\/\/mouldking.store\/wp-content\/uploads\/2022\/12\/The-Dwarfs-Meet-The-Skeleton-King-MOC-112452-6-90x90.jpg 90w\" sizes=\"(max-width: 1100px) 100vw, 1100px\" \/><figcaption id=\"caption-attachment-38533\" class=\"wp-caption-text\">MOC-112452 Los enanos se encuentran con el rey esqueleto con 1780 piezas<\/figcaption><\/figure>","protected":false},"excerpt":{"rendered":"<p>Instrucciones de construcci\u00f3n en PDF<\/p>\n<p>Sin Caja Original<\/p>\n<p>Organizar el tiempo: 4-8 semanas<\/p>","protected":false},"featured_media":38527,"comment_status":"closed","ping_status":"closed","template":"","meta":{"_acf_changed":false},"product_cat":[1365,1406],"product_tag":[9922,9925,9923,430,9921,9928,9920,9924,9926,9927],"class_list":["product","first","instock","shipping-taxable","purchasable","product-type-simple"],"acf":[],"_links":{"self":[{"href":"https:\/\/mouldking.store\/es\/wp-json\/wp\/v2\/product\/38526","targetHints":{"allow":["GET"]}}],"collection":[{"href":"https:\/\/mouldking.store\/es\/wp-json\/wp\/v2\/product"}],"about":[{"href":"https:\/\/mouldking.store\/es\/wp-json\/wp\/v2\/types\/product"}],"replies":[{"embeddable":true,"href":"https:\/\/mouldking.store\/es\/wp-json\/wp\/v2\/comments?post=38526"}],"wp:featuredmedia":[{"embeddable":true,"href":"https:\/\/mouldking.store\/es\/wp-json\/wp\/v2\/media\/38527"}],"wp:attachment":[{"href":"https:\/\/mouldking.store\/es\/wp-json\/wp\/v2\/media?parent=38526"}],"wp:term":[{"taxonomy":"product_cat","embeddable":true,"href":"https:\/\/mouldking.store\/es\/wp-json\/wp\/v2\/product_cat?post=38526"},{"taxonomy":"product_tag","embeddable":true,"href":"https:\/\/mouldking.store\/es\/wp-json\/wp\/v2\/product_tag?post=38526"}],"curies":[{"name":"wp","href":"https:\/\/api.w.org\/{rel}","templated":true}]}}