{"id":38663,"date":"2022-12-22T18:20:14","date_gmt":"2022-12-22T11:20:14","guid":{"rendered":"https:\/\/mouldking.store\/?post_type=product&#038;p=38663"},"modified":"2025-12-25T09:11:57","modified_gmt":"2025-12-25T02:11:57","slug":"moc-40348-jewelry-shop-with-3702-pieces","status":"publish","type":"product","link":"https:\/\/mouldking.store\/es\/shop\/moc-40348-jewelry-shop-with-3702-pieces\/","title":{"rendered":"MOC-40348 Tienda de joyer\u00eda con 3702 piezas"},"content":{"rendered":"<ol>\n<li>Marca: MOC<\/li>\n<li>G\u00e9nero: Unisex<\/li>\n<li>Name: Jewelry Shop<\/li>\n<li>Rango de edad: &gt; 6 a\u00f1os<\/li>\n<li>Model Number: 40348<\/li>\n<li>Clasificaci\u00f3n: Ensamblaje<\/li>\n<li>Forma de bloque de pl\u00e1stico: Ladrillos autoblocantes<\/li>\n<li>Material: Pl\u00e1stico<\/li>\n<li>Tipo de pl\u00e1stico: ABS<\/li>\n<li>Bricks Blocks:3702 PCS<\/li>\n<li>Size: 48 x 32 x 50 cm<\/li>\n<li>Peso: 3000g<\/li>\n<li>Contiene instrucciones de montaje detalladas.<\/li>\n<\/ol>\n<p>Aviso:<br \/>\n1. Sin caja original, pero garantizamos que nuestros productos tienen garant\u00eda de calidad y un buen embalaje.<br \/>\n2. Como todas las piezas que hemos comprobado antes del env\u00edo, si encuentra que faltan piezas o est\u00e1n da\u00f1adas, no se preocupe y p\u00f3ngase en contacto con nosotros y podemos reenvi\u00e1rselas inmediatamente de forma gratuita.<\/p>\n<figure id=\"attachment_38664\" aria-describedby=\"caption-attachment-38664\" style=\"width: 1004px\" class=\"wp-caption aligncenter\"><img fetchpriority=\"high\" decoding=\"async\" class=\"wp-image-38664 size-full\" src=\"https:\/\/mouldking.store\/wp-content\/uploads\/2022\/12\/MOC-40348-Modular-Buildings-Jewelry-Shop-MOC-FACTORY.png\" alt=\"MOC-40348 Jewelry Shop With 3702 Pieces\" width=\"1004\" height=\"1004\" title=\"-\" srcset=\"https:\/\/mouldking.store\/wp-content\/uploads\/2022\/12\/MOC-40348-Modular-Buildings-Jewelry-Shop-MOC-FACTORY.png 1004w, https:\/\/mouldking.store\/wp-content\/uploads\/2022\/12\/MOC-40348-Modular-Buildings-Jewelry-Shop-MOC-FACTORY-300x300.png 300w, https:\/\/mouldking.store\/wp-content\/uploads\/2022\/12\/MOC-40348-Modular-Buildings-Jewelry-Shop-MOC-FACTORY-768x768.png 768w, https:\/\/mouldking.store\/wp-content\/uploads\/2022\/12\/MOC-40348-Modular-Buildings-Jewelry-Shop-MOC-FACTORY-600x600.png 600w, https:\/\/mouldking.store\/wp-content\/uploads\/2022\/12\/MOC-40348-Modular-Buildings-Jewelry-Shop-MOC-FACTORY-150x150.png 150w, https:\/\/mouldking.store\/wp-content\/uploads\/2022\/12\/MOC-40348-Modular-Buildings-Jewelry-Shop-MOC-FACTORY-60x60.png 60w, https:\/\/mouldking.store\/wp-content\/uploads\/2022\/12\/MOC-40348-Modular-Buildings-Jewelry-Shop-MOC-FACTORY-90x90.png 90w\" sizes=\"(max-width: 1004px) 100vw, 1004px\" \/><figcaption id=\"caption-attachment-38664\" class=\"wp-caption-text\">MOC-40348 Tienda de joyer\u00eda con 3702 piezas<\/figcaption><\/figure>\n<figure id=\"attachment_38665\" aria-describedby=\"caption-attachment-38665\" style=\"width: 1024px\" class=\"wp-caption aligncenter\"><img decoding=\"async\" class=\"wp-image-38665 size-large\" src=\"https:\/\/mouldking.store\/wp-content\/uploads\/2022\/12\/Jewelry-Shop-MOC-40348-1-1024x1024.jpg\" alt=\"MOC-40348 Jewelry Shop With 3702 Pieces\" width=\"1024\" height=\"1024\" title=\"-\" srcset=\"https:\/\/mouldking.store\/wp-content\/uploads\/2022\/12\/Jewelry-Shop-MOC-40348-1-1024x1024.jpg 1024w, https:\/\/mouldking.store\/wp-content\/uploads\/2022\/12\/Jewelry-Shop-MOC-40348-1-300x300.jpg 300w, https:\/\/mouldking.store\/wp-content\/uploads\/2022\/12\/Jewelry-Shop-MOC-40348-1-768x768.jpg 768w, https:\/\/mouldking.store\/wp-content\/uploads\/2022\/12\/Jewelry-Shop-MOC-40348-1-600x600.jpg 600w, https:\/\/mouldking.store\/wp-content\/uploads\/2022\/12\/Jewelry-Shop-MOC-40348-1-150x150.jpg 150w, https:\/\/mouldking.store\/wp-content\/uploads\/2022\/12\/Jewelry-Shop-MOC-40348-1-60x60.jpg 60w, https:\/\/mouldking.store\/wp-content\/uploads\/2022\/12\/Jewelry-Shop-MOC-40348-1-90x90.jpg 90w, https:\/\/mouldking.store\/wp-content\/uploads\/2022\/12\/Jewelry-Shop-MOC-40348-1.jpg 1100w\" sizes=\"(max-width: 1024px) 100vw, 1024px\" \/><figcaption id=\"caption-attachment-38665\" class=\"wp-caption-text\">MOC-40348 Tienda de joyer\u00eda con 3702 piezas<\/figcaption><\/figure>\n<figure id=\"attachment_38666\" aria-describedby=\"caption-attachment-38666\" style=\"width: 1024px\" class=\"wp-caption aligncenter\"><img decoding=\"async\" class=\"wp-image-38666 size-large\" src=\"https:\/\/mouldking.store\/wp-content\/uploads\/2022\/12\/Jewelry-Shop-MOC-40348-2-1024x1024.jpg\" alt=\"MOC-40348 Jewelry Shop With 3702 Pieces\" width=\"1024\" height=\"1024\" title=\"-\" srcset=\"https:\/\/mouldking.store\/wp-content\/uploads\/2022\/12\/Jewelry-Shop-MOC-40348-2-1024x1024.jpg 1024w, https:\/\/mouldking.store\/wp-content\/uploads\/2022\/12\/Jewelry-Shop-MOC-40348-2-300x300.jpg 300w, https:\/\/mouldking.store\/wp-content\/uploads\/2022\/12\/Jewelry-Shop-MOC-40348-2-768x768.jpg 768w, https:\/\/mouldking.store\/wp-content\/uploads\/2022\/12\/Jewelry-Shop-MOC-40348-2-600x600.jpg 600w, https:\/\/mouldking.store\/wp-content\/uploads\/2022\/12\/Jewelry-Shop-MOC-40348-2-150x150.jpg 150w, https:\/\/mouldking.store\/wp-content\/uploads\/2022\/12\/Jewelry-Shop-MOC-40348-2-60x60.jpg 60w, https:\/\/mouldking.store\/wp-content\/uploads\/2022\/12\/Jewelry-Shop-MOC-40348-2-90x90.jpg 90w, https:\/\/mouldking.store\/wp-content\/uploads\/2022\/12\/Jewelry-Shop-MOC-40348-2.jpg 1100w\" sizes=\"(max-width: 1024px) 100vw, 1024px\" \/><figcaption id=\"caption-attachment-38666\" class=\"wp-caption-text\">MOC-40348 Tienda de joyer\u00eda con 3702 piezas<\/figcaption><\/figure>\n<figure id=\"attachment_38667\" aria-describedby=\"caption-attachment-38667\" style=\"width: 1024px\" class=\"wp-caption aligncenter\"><img loading=\"lazy\" decoding=\"async\" class=\"wp-image-38667 size-large\" src=\"https:\/\/mouldking.store\/wp-content\/uploads\/2022\/12\/Jewelry-Shop-MOC-40348-3-1024x1024.jpg\" alt=\"MOC-40348 Jewelry Shop With 3702 Pieces\" width=\"1024\" height=\"1024\" title=\"-\" srcset=\"https:\/\/mouldking.store\/wp-content\/uploads\/2022\/12\/Jewelry-Shop-MOC-40348-3-1024x1024.jpg 1024w, https:\/\/mouldking.store\/wp-content\/uploads\/2022\/12\/Jewelry-Shop-MOC-40348-3-300x300.jpg 300w, https:\/\/mouldking.store\/wp-content\/uploads\/2022\/12\/Jewelry-Shop-MOC-40348-3-768x768.jpg 768w, https:\/\/mouldking.store\/wp-content\/uploads\/2022\/12\/Jewelry-Shop-MOC-40348-3-600x600.jpg 600w, https:\/\/mouldking.store\/wp-content\/uploads\/2022\/12\/Jewelry-Shop-MOC-40348-3-150x150.jpg 150w, https:\/\/mouldking.store\/wp-content\/uploads\/2022\/12\/Jewelry-Shop-MOC-40348-3-60x60.jpg 60w, https:\/\/mouldking.store\/wp-content\/uploads\/2022\/12\/Jewelry-Shop-MOC-40348-3-90x90.jpg 90w, https:\/\/mouldking.store\/wp-content\/uploads\/2022\/12\/Jewelry-Shop-MOC-40348-3.jpg 1100w\" sizes=\"(max-width: 1024px) 100vw, 1024px\" \/><figcaption id=\"caption-attachment-38667\" class=\"wp-caption-text\">MOC-40348 Tienda de joyer\u00eda con 3702 piezas<\/figcaption><\/figure>\n<figure id=\"attachment_38668\" aria-describedby=\"caption-attachment-38668\" style=\"width: 1024px\" class=\"wp-caption aligncenter\"><img loading=\"lazy\" decoding=\"async\" class=\"wp-image-38668 size-large\" src=\"https:\/\/mouldking.store\/wp-content\/uploads\/2022\/12\/Jewelry-Shop-MOC-40348-4-1024x1024.jpg\" alt=\"MOC-40348 Jewelry Shop With 3702 Pieces\" width=\"1024\" height=\"1024\" title=\"-\" srcset=\"https:\/\/mouldking.store\/wp-content\/uploads\/2022\/12\/Jewelry-Shop-MOC-40348-4-1024x1024.jpg 1024w, https:\/\/mouldking.store\/wp-content\/uploads\/2022\/12\/Jewelry-Shop-MOC-40348-4-300x300.jpg 300w, https:\/\/mouldking.store\/wp-content\/uploads\/2022\/12\/Jewelry-Shop-MOC-40348-4-768x768.jpg 768w, https:\/\/mouldking.store\/wp-content\/uploads\/2022\/12\/Jewelry-Shop-MOC-40348-4-600x600.jpg 600w, https:\/\/mouldking.store\/wp-content\/uploads\/2022\/12\/Jewelry-Shop-MOC-40348-4-150x150.jpg 150w, https:\/\/mouldking.store\/wp-content\/uploads\/2022\/12\/Jewelry-Shop-MOC-40348-4-60x60.jpg 60w, https:\/\/mouldking.store\/wp-content\/uploads\/2022\/12\/Jewelry-Shop-MOC-40348-4-90x90.jpg 90w, https:\/\/mouldking.store\/wp-content\/uploads\/2022\/12\/Jewelry-Shop-MOC-40348-4.jpg 1100w\" sizes=\"(max-width: 1024px) 100vw, 1024px\" \/><figcaption id=\"caption-attachment-38668\" class=\"wp-caption-text\">MOC-40348 Tienda de joyer\u00eda con 3702 piezas<\/figcaption><\/figure>\n<figure id=\"attachment_38669\" aria-describedby=\"caption-attachment-38669\" style=\"width: 1100px\" class=\"wp-caption aligncenter\"><img loading=\"lazy\" decoding=\"async\" class=\"wp-image-38669 size-full\" src=\"https:\/\/mouldking.store\/wp-content\/uploads\/2022\/12\/Jewelry-Shop-MOC-40348-5.jpg\" alt=\"MOC-40348 Jewelry Shop With 3702 Pieces\" width=\"1100\" height=\"1100\" title=\"-\" srcset=\"https:\/\/mouldking.store\/wp-content\/uploads\/2022\/12\/Jewelry-Shop-MOC-40348-5.jpg 1100w, https:\/\/mouldking.store\/wp-content\/uploads\/2022\/12\/Jewelry-Shop-MOC-40348-5-300x300.jpg 300w, https:\/\/mouldking.store\/wp-content\/uploads\/2022\/12\/Jewelry-Shop-MOC-40348-5-1024x1024.jpg 1024w, https:\/\/mouldking.store\/wp-content\/uploads\/2022\/12\/Jewelry-Shop-MOC-40348-5-768x768.jpg 768w, https:\/\/mouldking.store\/wp-content\/uploads\/2022\/12\/Jewelry-Shop-MOC-40348-5-600x600.jpg 600w, https:\/\/mouldking.store\/wp-content\/uploads\/2022\/12\/Jewelry-Shop-MOC-40348-5-150x150.jpg 150w, https:\/\/mouldking.store\/wp-content\/uploads\/2022\/12\/Jewelry-Shop-MOC-40348-5-60x60.jpg 60w, https:\/\/mouldking.store\/wp-content\/uploads\/2022\/12\/Jewelry-Shop-MOC-40348-5-90x90.jpg 90w\" sizes=\"(max-width: 1100px) 100vw, 1100px\" \/><figcaption id=\"caption-attachment-38669\" class=\"wp-caption-text\">MOC-40348 Tienda de joyer\u00eda con 3702 piezas<\/figcaption><\/figure>","protected":false},"excerpt":{"rendered":"<p>Instrucciones de construcci\u00f3n en PDF<\/p>\n<p>Sin Caja Original<\/p>\n<p>Organizar el tiempo: 4-8 semanas<\/p>","protected":false},"featured_media":38664,"comment_status":"closed","ping_status":"closed","template":"","meta":{"_acf_changed":false},"product_cat":[1395,1406,390],"product_tag":[10051,10052,430,10050,10053,10049,1711],"class_list":["product","first","instock","shipping-taxable","purchasable","product-type-simple"],"acf":[],"_links":{"self":[{"href":"https:\/\/mouldking.store\/es\/wp-json\/wp\/v2\/product\/38663","targetHints":{"allow":["GET"]}}],"collection":[{"href":"https:\/\/mouldking.store\/es\/wp-json\/wp\/v2\/product"}],"about":[{"href":"https:\/\/mouldking.store\/es\/wp-json\/wp\/v2\/types\/product"}],"replies":[{"embeddable":true,"href":"https:\/\/mouldking.store\/es\/wp-json\/wp\/v2\/comments?post=38663"}],"wp:featuredmedia":[{"embeddable":true,"href":"https:\/\/mouldking.store\/es\/wp-json\/wp\/v2\/media\/38664"}],"wp:attachment":[{"href":"https:\/\/mouldking.store\/es\/wp-json\/wp\/v2\/media?parent=38663"}],"wp:term":[{"taxonomy":"product_cat","embeddable":true,"href":"https:\/\/mouldking.store\/es\/wp-json\/wp\/v2\/product_cat?post=38663"},{"taxonomy":"product_tag","embeddable":true,"href":"https:\/\/mouldking.store\/es\/wp-json\/wp\/v2\/product_tag?post=38663"}],"curies":[{"name":"wp","href":"https:\/\/api.w.org\/{rel}","templated":true}]}}