{"id":38713,"date":"2022-12-23T10:35:33","date_gmt":"2022-12-23T03:35:33","guid":{"rendered":"https:\/\/mouldking.store\/?post_type=product&#038;p=38713"},"modified":"2022-12-23T10:35:34","modified_gmt":"2022-12-23T03:35:34","slug":"cada-c61029-pink-holiday-with-1181-pieces","status":"publish","type":"product","link":"https:\/\/mouldking.store\/es\/shop\/cada-c61029-pink-holiday-with-1181-pieces\/","title":{"rendered":"CADA C61029 Fiesta Rosa Con 1181 Piezas"},"content":{"rendered":"<p>Informaci\u00f3n del Producto:<\/p>\n<ol>\n<li>Marca: CADA<\/li>\n<li>G\u00e9nero: Unisex<\/li>\n<li>Name: Pink Holiday<\/li>\n<li>Rango de edad: &gt; 6 a\u00f1os<\/li>\n<li>Model Number: C61029<\/li>\n<li>Clasificaci\u00f3n: Ensamblaje<\/li>\n<li>Forma de bloque de pl\u00e1stico: Ladrillos autoblocantes<\/li>\n<li>Material: Pl\u00e1stico<\/li>\n<li>Tipo de pl\u00e1stico: ABS<\/li>\n<li>Bricks Blocks:1181 PCS<\/li>\n<li>Size: 37 \u00d7 17 \u00d7 10 cm<\/li>\n<li>Contiene instrucciones de montaje detalladas.<\/li>\n<\/ol>\n<p>Aviso:<br \/>\n1. Sin caja original, pero garantizamos que nuestros productos tienen garant\u00eda de calidad y un buen embalaje.<br \/>\n2. Como todas las piezas que hemos comprobado antes del env\u00edo, si encuentra que faltan piezas o est\u00e1n da\u00f1adas, no se preocupe y p\u00f3ngase en contacto con nosotros y podemos reenvi\u00e1rselas inmediatamente de forma gratuita.<\/p>\n<figure id=\"attachment_38718\" aria-describedby=\"caption-attachment-38718\" style=\"width: 800px\" class=\"wp-caption aligncenter\"><img fetchpriority=\"high\" decoding=\"async\" class=\"wp-image-38718 size-full\" src=\"https:\/\/mouldking.store\/wp-content\/uploads\/2022\/12\/CADA-C61029-Pink-Holiday-5.jpg\" alt=\"CADA C61029 Pink Holiday With 1181 Pieces\" width=\"800\" height=\"800\" title=\"-\" srcset=\"https:\/\/mouldking.store\/wp-content\/uploads\/2022\/12\/CADA-C61029-Pink-Holiday-5.jpg 800w, https:\/\/mouldking.store\/wp-content\/uploads\/2022\/12\/CADA-C61029-Pink-Holiday-5-300x300.jpg 300w, https:\/\/mouldking.store\/wp-content\/uploads\/2022\/12\/CADA-C61029-Pink-Holiday-5-768x768.jpg 768w, https:\/\/mouldking.store\/wp-content\/uploads\/2022\/12\/CADA-C61029-Pink-Holiday-5-600x600.jpg 600w, https:\/\/mouldking.store\/wp-content\/uploads\/2022\/12\/CADA-C61029-Pink-Holiday-5-150x150.jpg 150w, https:\/\/mouldking.store\/wp-content\/uploads\/2022\/12\/CADA-C61029-Pink-Holiday-5-60x60.jpg 60w, https:\/\/mouldking.store\/wp-content\/uploads\/2022\/12\/CADA-C61029-Pink-Holiday-5-90x90.jpg 90w\" sizes=\"(max-width: 800px) 100vw, 800px\" \/><figcaption id=\"caption-attachment-38718\" class=\"wp-caption-text\">CADA C61029 Fiesta Rosa Con 1181 Piezas<\/figcaption><\/figure>\n<figure id=\"attachment_38719\" aria-describedby=\"caption-attachment-38719\" style=\"width: 790px\" class=\"wp-caption aligncenter\"><img decoding=\"async\" class=\"wp-image-38719 size-full\" src=\"https:\/\/mouldking.store\/wp-content\/uploads\/2022\/12\/CADA-C61029-Pink-Holiday-4.jpg\" alt=\"CADA C61029 Pink Holiday With 1181 Pieces\" width=\"790\" height=\"725\" title=\"-\" srcset=\"https:\/\/mouldking.store\/wp-content\/uploads\/2022\/12\/CADA-C61029-Pink-Holiday-4.jpg 790w, https:\/\/mouldking.store\/wp-content\/uploads\/2022\/12\/CADA-C61029-Pink-Holiday-4-300x275.jpg 300w, https:\/\/mouldking.store\/wp-content\/uploads\/2022\/12\/CADA-C61029-Pink-Holiday-4-768x705.jpg 768w, https:\/\/mouldking.store\/wp-content\/uploads\/2022\/12\/CADA-C61029-Pink-Holiday-4-600x551.jpg 600w, https:\/\/mouldking.store\/wp-content\/uploads\/2022\/12\/CADA-C61029-Pink-Holiday-4-150x138.jpg 150w, https:\/\/mouldking.store\/wp-content\/uploads\/2022\/12\/CADA-C61029-Pink-Holiday-4-65x60.jpg 65w, https:\/\/mouldking.store\/wp-content\/uploads\/2022\/12\/CADA-C61029-Pink-Holiday-4-98x90.jpg 98w\" sizes=\"(max-width: 790px) 100vw, 790px\" \/><figcaption id=\"caption-attachment-38719\" class=\"wp-caption-text\">CADA C61029 Fiesta Rosa Con 1181 Piezas<\/figcaption><\/figure>\n<figure id=\"attachment_38720\" aria-describedby=\"caption-attachment-38720\" style=\"width: 755px\" class=\"wp-caption aligncenter\"><img decoding=\"async\" class=\"wp-image-38720 size-full\" src=\"https:\/\/mouldking.store\/wp-content\/uploads\/2022\/12\/CADA-C61029-Pink-Holiday-3.jpg\" alt=\"CADA C61029 Pink Holiday With 1181 Pieces\" width=\"755\" height=\"1024\" title=\"-\" srcset=\"https:\/\/mouldking.store\/wp-content\/uploads\/2022\/12\/CADA-C61029-Pink-Holiday-3.jpg 755w, https:\/\/mouldking.store\/wp-content\/uploads\/2022\/12\/CADA-C61029-Pink-Holiday-3-221x300.jpg 221w, https:\/\/mouldking.store\/wp-content\/uploads\/2022\/12\/CADA-C61029-Pink-Holiday-3-300x407.jpg 300w, https:\/\/mouldking.store\/wp-content\/uploads\/2022\/12\/CADA-C61029-Pink-Holiday-3-600x814.jpg 600w, https:\/\/mouldking.store\/wp-content\/uploads\/2022\/12\/CADA-C61029-Pink-Holiday-3-111x150.jpg 111w, https:\/\/mouldking.store\/wp-content\/uploads\/2022\/12\/CADA-C61029-Pink-Holiday-3-44x60.jpg 44w, https:\/\/mouldking.store\/wp-content\/uploads\/2022\/12\/CADA-C61029-Pink-Holiday-3-66x90.jpg 66w\" sizes=\"(max-width: 755px) 100vw, 755px\" \/><figcaption id=\"caption-attachment-38720\" class=\"wp-caption-text\">CADA C61029 Fiesta Rosa Con 1181 Piezas<\/figcaption><\/figure>\n<figure id=\"attachment_38721\" aria-describedby=\"caption-attachment-38721\" style=\"width: 788px\" class=\"wp-caption aligncenter\"><img loading=\"lazy\" decoding=\"async\" class=\"wp-image-38721 size-full\" src=\"https:\/\/mouldking.store\/wp-content\/uploads\/2022\/12\/CADA-C61029-Pink-Holiday-2.jpg\" alt=\"CADA C61029 Pink Holiday With 1181 Pieces\" width=\"788\" height=\"548\" title=\"-\" srcset=\"https:\/\/mouldking.store\/wp-content\/uploads\/2022\/12\/CADA-C61029-Pink-Holiday-2.jpg 788w, https:\/\/mouldking.store\/wp-content\/uploads\/2022\/12\/CADA-C61029-Pink-Holiday-2-300x209.jpg 300w, https:\/\/mouldking.store\/wp-content\/uploads\/2022\/12\/CADA-C61029-Pink-Holiday-2-768x534.jpg 768w, https:\/\/mouldking.store\/wp-content\/uploads\/2022\/12\/CADA-C61029-Pink-Holiday-2-600x417.jpg 600w, https:\/\/mouldking.store\/wp-content\/uploads\/2022\/12\/CADA-C61029-Pink-Holiday-2-150x104.jpg 150w, https:\/\/mouldking.store\/wp-content\/uploads\/2022\/12\/CADA-C61029-Pink-Holiday-2-86x60.jpg 86w, https:\/\/mouldking.store\/wp-content\/uploads\/2022\/12\/CADA-C61029-Pink-Holiday-2-129x90.jpg 129w\" sizes=\"(max-width: 788px) 100vw, 788px\" \/><figcaption id=\"caption-attachment-38721\" class=\"wp-caption-text\">CADA C61029 Fiesta Rosa Con 1181 Piezas<\/figcaption><\/figure>\n<figure id=\"attachment_38722\" aria-describedby=\"caption-attachment-38722\" style=\"width: 788px\" class=\"wp-caption aligncenter\"><img loading=\"lazy\" decoding=\"async\" class=\"wp-image-38722 size-full\" src=\"https:\/\/mouldking.store\/wp-content\/uploads\/2022\/12\/CADA-C61029-Pink-Holiday-1.jpg\" alt=\"CADA C61029 Pink Holiday With 1181 Pieces\" width=\"788\" height=\"696\" title=\"-\" srcset=\"https:\/\/mouldking.store\/wp-content\/uploads\/2022\/12\/CADA-C61029-Pink-Holiday-1.jpg 788w, https:\/\/mouldking.store\/wp-content\/uploads\/2022\/12\/CADA-C61029-Pink-Holiday-1-300x265.jpg 300w, https:\/\/mouldking.store\/wp-content\/uploads\/2022\/12\/CADA-C61029-Pink-Holiday-1-768x678.jpg 768w, https:\/\/mouldking.store\/wp-content\/uploads\/2022\/12\/CADA-C61029-Pink-Holiday-1-600x530.jpg 600w, https:\/\/mouldking.store\/wp-content\/uploads\/2022\/12\/CADA-C61029-Pink-Holiday-1-150x132.jpg 150w, https:\/\/mouldking.store\/wp-content\/uploads\/2022\/12\/CADA-C61029-Pink-Holiday-1-68x60.jpg 68w, https:\/\/mouldking.store\/wp-content\/uploads\/2022\/12\/CADA-C61029-Pink-Holiday-1-102x90.jpg 102w\" sizes=\"(max-width: 788px) 100vw, 788px\" \/><figcaption id=\"caption-attachment-38722\" class=\"wp-caption-text\">CADA C61029 Fiesta Rosa Con 1181 Piezas<\/figcaption><\/figure>","protected":false},"excerpt":{"rendered":"<p>Product information: Brand: CADA Gender: Unisex Name: Pink Holiday Age Range: &gt; 6 years old Model Number: C61029 Classification: Assemblage Plastic Block Shape: Self-Locking Bricks Material: Plastic Plastic Type: ABS Bricks Blocks:1181 PCS Size: 37 \u00d7 17 \u00d7 10 cm Contains detailed assembly instructions. Notice: 1. Without an original box, but we guarantee our products [&hellip;]<\/p>","protected":false},"featured_media":38718,"comment_status":"closed","ping_status":"closed","template":"","meta":{"_acf_changed":false},"product_cat":[1360,1357],"product_tag":[10102,1916,10105,10107,10101,10104,10103,10106],"class_list":["product","first","instock","shipping-taxable","purchasable","product-type-simple"],"acf":[],"_links":{"self":[{"href":"https:\/\/mouldking.store\/es\/wp-json\/wp\/v2\/product\/38713","targetHints":{"allow":["GET"]}}],"collection":[{"href":"https:\/\/mouldking.store\/es\/wp-json\/wp\/v2\/product"}],"about":[{"href":"https:\/\/mouldking.store\/es\/wp-json\/wp\/v2\/types\/product"}],"replies":[{"embeddable":true,"href":"https:\/\/mouldking.store\/es\/wp-json\/wp\/v2\/comments?post=38713"}],"wp:featuredmedia":[{"embeddable":true,"href":"https:\/\/mouldking.store\/es\/wp-json\/wp\/v2\/media\/38718"}],"wp:attachment":[{"href":"https:\/\/mouldking.store\/es\/wp-json\/wp\/v2\/media?parent=38713"}],"wp:term":[{"taxonomy":"product_cat","embeddable":true,"href":"https:\/\/mouldking.store\/es\/wp-json\/wp\/v2\/product_cat?post=38713"},{"taxonomy":"product_tag","embeddable":true,"href":"https:\/\/mouldking.store\/es\/wp-json\/wp\/v2\/product_tag?post=38713"}],"curies":[{"name":"wp","href":"https:\/\/api.w.org\/{rel}","templated":true}]}}