{"id":38724,"date":"2022-12-23T10:41:04","date_gmt":"2022-12-23T03:41:04","guid":{"rendered":"https:\/\/mouldking.store\/?post_type=product&#038;p=38724"},"modified":"2022-12-23T10:41:07","modified_gmt":"2022-12-23T03:41:07","slug":"quanguan-737-my-world-shadow-city-with-2176-pieces","status":"publish","type":"product","link":"https:\/\/mouldking.store\/es\/shop\/quanguan-737-my-world-shadow-city-with-2176-pieces\/","title":{"rendered":"QuanGuan 737 My World Shadow City con 2176 piezas"},"content":{"rendered":"<p>Informaci\u00f3n del Producto:<\/p>\n<ol>\n<li>Marca: QuanGuan<\/li>\n<li>G\u00e9nero: Unisex<\/li>\n<li>Nombre: Ciudad de las sombras de mi mundo<\/li>\n<li>Rango de edad: &gt; 6 a\u00f1os<\/li>\n<li>N\u00famero de modelo: 737<\/li>\n<li>Clasificaci\u00f3n: Ensamblaje<\/li>\n<li>Forma de bloque de pl\u00e1stico: Ladrillos autoblocantes<\/li>\n<li>Material: Pl\u00e1stico<\/li>\n<li>Tipo de pl\u00e1stico: ABS<\/li>\n<li>Bloques de ladrillos: 2176 PCS<\/li>\n<li>Tama\u00f1o:38,4x25,6 cm<\/li>\n<li>Contiene instrucciones de montaje detalladas.<\/li>\n<\/ol>\n<p>Aviso:<br \/>\n1. Sin caja original, pero garantizamos que nuestros productos tienen garant\u00eda de calidad y un buen embalaje.<br \/>\n2. Como todas las piezas que hemos comprobado antes del env\u00edo, si encuentra que faltan piezas o est\u00e1n da\u00f1adas, no se preocupe y p\u00f3ngase en contacto con nosotros y podemos reenvi\u00e1rselas inmediatamente de forma gratuita.<\/p>\n<figure id=\"attachment_38727\" aria-describedby=\"caption-attachment-38727\" style=\"width: 800px\" class=\"wp-caption aligncenter\"><img fetchpriority=\"high\" decoding=\"async\" class=\"wp-image-38727 size-full\" src=\"https:\/\/mouldking.store\/wp-content\/uploads\/2022\/12\/QuanGuan-737-My-World-Shadow-City-3.jpg\" alt=\"QuanGuan 737 My World Shadow City With 2176 Pieces\" width=\"800\" height=\"800\" title=\"-\" srcset=\"https:\/\/mouldking.store\/wp-content\/uploads\/2022\/12\/QuanGuan-737-My-World-Shadow-City-3.jpg 800w, https:\/\/mouldking.store\/wp-content\/uploads\/2022\/12\/QuanGuan-737-My-World-Shadow-City-3-300x300.jpg 300w, https:\/\/mouldking.store\/wp-content\/uploads\/2022\/12\/QuanGuan-737-My-World-Shadow-City-3-768x768.jpg 768w, https:\/\/mouldking.store\/wp-content\/uploads\/2022\/12\/QuanGuan-737-My-World-Shadow-City-3-600x600.jpg 600w, https:\/\/mouldking.store\/wp-content\/uploads\/2022\/12\/QuanGuan-737-My-World-Shadow-City-3-150x150.jpg 150w, https:\/\/mouldking.store\/wp-content\/uploads\/2022\/12\/QuanGuan-737-My-World-Shadow-City-3-60x60.jpg 60w, https:\/\/mouldking.store\/wp-content\/uploads\/2022\/12\/QuanGuan-737-My-World-Shadow-City-3-90x90.jpg 90w\" sizes=\"(max-width: 800px) 100vw, 800px\" \/><figcaption id=\"caption-attachment-38727\" class=\"wp-caption-text\">QuanGuan 737 My World Shadow City con 2176 piezas<\/figcaption><\/figure>\n<figure id=\"attachment_38728\" aria-describedby=\"caption-attachment-38728\" style=\"width: 800px\" class=\"wp-caption aligncenter\"><img decoding=\"async\" class=\"wp-image-38728 size-full\" src=\"https:\/\/mouldking.store\/wp-content\/uploads\/2022\/12\/QuanGuan-737-My-World-Shadow-City-2.jpg\" alt=\"QuanGuan 737 My World Shadow City With 2176 Pieces\" width=\"800\" height=\"800\" title=\"-\" srcset=\"https:\/\/mouldking.store\/wp-content\/uploads\/2022\/12\/QuanGuan-737-My-World-Shadow-City-2.jpg 800w, https:\/\/mouldking.store\/wp-content\/uploads\/2022\/12\/QuanGuan-737-My-World-Shadow-City-2-300x300.jpg 300w, https:\/\/mouldking.store\/wp-content\/uploads\/2022\/12\/QuanGuan-737-My-World-Shadow-City-2-768x768.jpg 768w, https:\/\/mouldking.store\/wp-content\/uploads\/2022\/12\/QuanGuan-737-My-World-Shadow-City-2-600x600.jpg 600w, https:\/\/mouldking.store\/wp-content\/uploads\/2022\/12\/QuanGuan-737-My-World-Shadow-City-2-150x150.jpg 150w, https:\/\/mouldking.store\/wp-content\/uploads\/2022\/12\/QuanGuan-737-My-World-Shadow-City-2-60x60.jpg 60w, https:\/\/mouldking.store\/wp-content\/uploads\/2022\/12\/QuanGuan-737-My-World-Shadow-City-2-90x90.jpg 90w\" sizes=\"(max-width: 800px) 100vw, 800px\" \/><figcaption id=\"caption-attachment-38728\" class=\"wp-caption-text\">QuanGuan 737 My World Shadow City con 2176 piezas<\/figcaption><\/figure>\n<figure id=\"attachment_38729\" aria-describedby=\"caption-attachment-38729\" style=\"width: 800px\" class=\"wp-caption aligncenter\"><img decoding=\"async\" class=\"wp-image-38729 size-full\" src=\"https:\/\/mouldking.store\/wp-content\/uploads\/2022\/12\/QuanGuan-737-My-World-Shadow-City-1.jpg\" alt=\"QuanGuan 737 My World Shadow City With 2176 Pieces\" width=\"800\" height=\"800\" title=\"-\" srcset=\"https:\/\/mouldking.store\/wp-content\/uploads\/2022\/12\/QuanGuan-737-My-World-Shadow-City-1.jpg 800w, https:\/\/mouldking.store\/wp-content\/uploads\/2022\/12\/QuanGuan-737-My-World-Shadow-City-1-300x300.jpg 300w, https:\/\/mouldking.store\/wp-content\/uploads\/2022\/12\/QuanGuan-737-My-World-Shadow-City-1-768x768.jpg 768w, https:\/\/mouldking.store\/wp-content\/uploads\/2022\/12\/QuanGuan-737-My-World-Shadow-City-1-600x600.jpg 600w, https:\/\/mouldking.store\/wp-content\/uploads\/2022\/12\/QuanGuan-737-My-World-Shadow-City-1-150x150.jpg 150w, https:\/\/mouldking.store\/wp-content\/uploads\/2022\/12\/QuanGuan-737-My-World-Shadow-City-1-60x60.jpg 60w, https:\/\/mouldking.store\/wp-content\/uploads\/2022\/12\/QuanGuan-737-My-World-Shadow-City-1-90x90.jpg 90w\" sizes=\"(max-width: 800px) 100vw, 800px\" \/><figcaption id=\"caption-attachment-38729\" class=\"wp-caption-text\">QuanGuan 737 My World Shadow City con 2176 piezas<\/figcaption><\/figure>","protected":false},"excerpt":{"rendered":"<p>Product information: Brand: QuanGuan Gender: Unisex Name: My World Shadow City Age Range: &gt; 6 years old Model Number: 737 Classification: Assemblage Plastic Block Shape: Self-Locking Bricks Material: Plastic Plastic Type: ABS Bricks Blocks:2176 PCS Size:38.4 x 25.6 cm Contains detailed assembly instructions. Notice: 1. Without an original box, but we guarantee our products have [&hellip;]<\/p>","protected":false},"featured_media":38727,"comment_status":"closed","ping_status":"closed","template":"","meta":{"_acf_changed":false},"product_cat":[1365],"product_tag":[8794,4883,1813,10117,2290,10118,10119,10114,10115,10116],"class_list":["product","first","instock","shipping-taxable","purchasable","product-type-simple"],"acf":[],"_links":{"self":[{"href":"https:\/\/mouldking.store\/es\/wp-json\/wp\/v2\/product\/38724","targetHints":{"allow":["GET"]}}],"collection":[{"href":"https:\/\/mouldking.store\/es\/wp-json\/wp\/v2\/product"}],"about":[{"href":"https:\/\/mouldking.store\/es\/wp-json\/wp\/v2\/types\/product"}],"replies":[{"embeddable":true,"href":"https:\/\/mouldking.store\/es\/wp-json\/wp\/v2\/comments?post=38724"}],"wp:featuredmedia":[{"embeddable":true,"href":"https:\/\/mouldking.store\/es\/wp-json\/wp\/v2\/media\/38727"}],"wp:attachment":[{"href":"https:\/\/mouldking.store\/es\/wp-json\/wp\/v2\/media?parent=38724"}],"wp:term":[{"taxonomy":"product_cat","embeddable":true,"href":"https:\/\/mouldking.store\/es\/wp-json\/wp\/v2\/product_cat?post=38724"},{"taxonomy":"product_tag","embeddable":true,"href":"https:\/\/mouldking.store\/es\/wp-json\/wp\/v2\/product_tag?post=38724"}],"curies":[{"name":"wp","href":"https:\/\/api.w.org\/{rel}","templated":true}]}}