{"id":38745,"date":"2022-12-23T10:59:26","date_gmt":"2022-12-23T03:59:26","guid":{"rendered":"https:\/\/mouldking.store\/?post_type=product&#038;p=38745"},"modified":"2022-12-23T10:59:28","modified_gmt":"2022-12-23T03:59:28","slug":"jaki-1302-music-box-colorful-christmas-tree-with-360-pieces","status":"publish","type":"product","link":"https:\/\/mouldking.store\/es\/shop\/jaki-1302-music-box-colorful-christmas-tree-with-360-pieces\/","title":{"rendered":"JAKI 1302 Caja de M\u00fasica: \u00c1rbol de Navidad Colorido con 360 Piezas"},"content":{"rendered":"<p>Informaci\u00f3n del Producto:<\/p>\n<ol>\n<li>Marca: JAKI<\/li>\n<li>G\u00e9nero: Unisex<\/li>\n<li>Name: Music Box: Colorful Christmas Tree<\/li>\n<li>Rango de edad: &gt; 6 a\u00f1os<\/li>\n<li>Model Number: 1302<\/li>\n<li>Clasificaci\u00f3n: Ensamblaje<\/li>\n<li>Forma de bloque de pl\u00e1stico: Ladrillos autoblocantes<\/li>\n<li>Material: Pl\u00e1stico<\/li>\n<li>Tipo de pl\u00e1stico: ABS<\/li>\n<li>Bricks Blocks:360\u00a0PCS<\/li>\n<li>Contiene instrucciones de montaje detalladas.<\/li>\n<\/ol>\n<p>Aviso:<br \/>\n1. Sin caja original, pero garantizamos que nuestros productos tienen garant\u00eda de calidad y un buen embalaje.<br \/>\n2. Como todas las piezas que hemos comprobado antes del env\u00edo, si encuentra que faltan piezas o est\u00e1n da\u00f1adas, no se preocupe y p\u00f3ngase en contacto con nosotros y podemos reenvi\u00e1rselas inmediatamente de forma gratuita.<\/p>\n<figure id=\"attachment_38752\" aria-describedby=\"caption-attachment-38752\" style=\"width: 800px\" class=\"wp-caption aligncenter\"><img fetchpriority=\"high\" decoding=\"async\" class=\"wp-image-38752 size-full\" src=\"https:\/\/mouldking.store\/wp-content\/uploads\/2022\/12\/JAKI-1302-Christmas-Gift-Toys-DIY-Music-Box-Christmas-Tree-3.jpg\" alt=\"JAKI 1302 Music Box: Colorful Christmas Tree With 360 Pieces\" width=\"800\" height=\"800\" title=\"-\" srcset=\"https:\/\/mouldking.store\/wp-content\/uploads\/2022\/12\/JAKI-1302-Christmas-Gift-Toys-DIY-Music-Box-Christmas-Tree-3.jpg 800w, https:\/\/mouldking.store\/wp-content\/uploads\/2022\/12\/JAKI-1302-Christmas-Gift-Toys-DIY-Music-Box-Christmas-Tree-3-300x300.jpg 300w, https:\/\/mouldking.store\/wp-content\/uploads\/2022\/12\/JAKI-1302-Christmas-Gift-Toys-DIY-Music-Box-Christmas-Tree-3-768x768.jpg 768w, https:\/\/mouldking.store\/wp-content\/uploads\/2022\/12\/JAKI-1302-Christmas-Gift-Toys-DIY-Music-Box-Christmas-Tree-3-600x600.jpg 600w, https:\/\/mouldking.store\/wp-content\/uploads\/2022\/12\/JAKI-1302-Christmas-Gift-Toys-DIY-Music-Box-Christmas-Tree-3-150x150.jpg 150w, https:\/\/mouldking.store\/wp-content\/uploads\/2022\/12\/JAKI-1302-Christmas-Gift-Toys-DIY-Music-Box-Christmas-Tree-3-60x60.jpg 60w, https:\/\/mouldking.store\/wp-content\/uploads\/2022\/12\/JAKI-1302-Christmas-Gift-Toys-DIY-Music-Box-Christmas-Tree-3-90x90.jpg 90w\" sizes=\"(max-width: 800px) 100vw, 800px\" \/><figcaption id=\"caption-attachment-38752\" class=\"wp-caption-text\">JAKI 1302 Caja de M\u00fasica: \u00c1rbol de Navidad Colorido con 360 Piezas<\/figcaption><\/figure>\n<figure id=\"attachment_38753\" aria-describedby=\"caption-attachment-38753\" style=\"width: 800px\" class=\"wp-caption aligncenter\"><img decoding=\"async\" class=\"wp-image-38753 size-full\" src=\"https:\/\/mouldking.store\/wp-content\/uploads\/2022\/12\/JAKI-1302-Christmas-Gift-Toys-DIY-Music-Box-Christmas-Tree-2.jpg\" alt=\"JAKI 1302 Music Box: Colorful Christmas Tree With 360 Pieces\" width=\"800\" height=\"800\" title=\"-\" srcset=\"https:\/\/mouldking.store\/wp-content\/uploads\/2022\/12\/JAKI-1302-Christmas-Gift-Toys-DIY-Music-Box-Christmas-Tree-2.jpg 800w, https:\/\/mouldking.store\/wp-content\/uploads\/2022\/12\/JAKI-1302-Christmas-Gift-Toys-DIY-Music-Box-Christmas-Tree-2-300x300.jpg 300w, https:\/\/mouldking.store\/wp-content\/uploads\/2022\/12\/JAKI-1302-Christmas-Gift-Toys-DIY-Music-Box-Christmas-Tree-2-768x768.jpg 768w, https:\/\/mouldking.store\/wp-content\/uploads\/2022\/12\/JAKI-1302-Christmas-Gift-Toys-DIY-Music-Box-Christmas-Tree-2-600x600.jpg 600w, https:\/\/mouldking.store\/wp-content\/uploads\/2022\/12\/JAKI-1302-Christmas-Gift-Toys-DIY-Music-Box-Christmas-Tree-2-150x150.jpg 150w, https:\/\/mouldking.store\/wp-content\/uploads\/2022\/12\/JAKI-1302-Christmas-Gift-Toys-DIY-Music-Box-Christmas-Tree-2-60x60.jpg 60w, https:\/\/mouldking.store\/wp-content\/uploads\/2022\/12\/JAKI-1302-Christmas-Gift-Toys-DIY-Music-Box-Christmas-Tree-2-90x90.jpg 90w\" sizes=\"(max-width: 800px) 100vw, 800px\" \/><figcaption id=\"caption-attachment-38753\" class=\"wp-caption-text\">JAKI 1302 Caja de M\u00fasica: \u00c1rbol de Navidad Colorido con 360 Piezas<\/figcaption><\/figure>\n<figure id=\"attachment_38754\" aria-describedby=\"caption-attachment-38754\" style=\"width: 800px\" class=\"wp-caption aligncenter\"><img decoding=\"async\" class=\"wp-image-38754 size-full\" src=\"https:\/\/mouldking.store\/wp-content\/uploads\/2022\/12\/JAKI-1302-Christmas-Gift-Toys-DIY-Music-Box-Christmas-Tree-1.jpg\" alt=\"JAKI 1302 Music Box: Colorful Christmas Tree With 360 Pieces\" width=\"800\" height=\"800\" title=\"-\" srcset=\"https:\/\/mouldking.store\/wp-content\/uploads\/2022\/12\/JAKI-1302-Christmas-Gift-Toys-DIY-Music-Box-Christmas-Tree-1.jpg 800w, https:\/\/mouldking.store\/wp-content\/uploads\/2022\/12\/JAKI-1302-Christmas-Gift-Toys-DIY-Music-Box-Christmas-Tree-1-300x300.jpg 300w, https:\/\/mouldking.store\/wp-content\/uploads\/2022\/12\/JAKI-1302-Christmas-Gift-Toys-DIY-Music-Box-Christmas-Tree-1-768x768.jpg 768w, https:\/\/mouldking.store\/wp-content\/uploads\/2022\/12\/JAKI-1302-Christmas-Gift-Toys-DIY-Music-Box-Christmas-Tree-1-600x600.jpg 600w, https:\/\/mouldking.store\/wp-content\/uploads\/2022\/12\/JAKI-1302-Christmas-Gift-Toys-DIY-Music-Box-Christmas-Tree-1-150x150.jpg 150w, https:\/\/mouldking.store\/wp-content\/uploads\/2022\/12\/JAKI-1302-Christmas-Gift-Toys-DIY-Music-Box-Christmas-Tree-1-60x60.jpg 60w, https:\/\/mouldking.store\/wp-content\/uploads\/2022\/12\/JAKI-1302-Christmas-Gift-Toys-DIY-Music-Box-Christmas-Tree-1-90x90.jpg 90w\" sizes=\"(max-width: 800px) 100vw, 800px\" \/><figcaption id=\"caption-attachment-38754\" class=\"wp-caption-text\">JAKI 1302 Caja de M\u00fasica: \u00c1rbol de Navidad Colorido con 360 Piezas<\/figcaption><\/figure>","protected":false},"excerpt":{"rendered":"<p>Product information: Brand: JAKI Gender: Unisex Name: Music Box: Colorful Christmas Tree Age Range: &gt; 6 years old Model Number: 1302 Classification: Assemblage Plastic Block Shape: Self-Locking Bricks Material: Plastic Plastic Type: ABS Bricks Blocks:360\u00a0PCS Contains detailed assembly instructions. Notice: 1. Without an original box, but we guarantee our products have quality assurance and nice [&hellip;]<\/p>","protected":false},"featured_media":38752,"comment_status":"closed","ping_status":"closed","template":"","meta":{"_acf_changed":false},"product_cat":[1365],"product_tag":[10144,1066,3381,10146,6440,10148,10149,10143,10145,10147,5983],"class_list":["product","first","instock","shipping-taxable","purchasable","product-type-simple"],"acf":[],"_links":{"self":[{"href":"https:\/\/mouldking.store\/es\/wp-json\/wp\/v2\/product\/38745","targetHints":{"allow":["GET"]}}],"collection":[{"href":"https:\/\/mouldking.store\/es\/wp-json\/wp\/v2\/product"}],"about":[{"href":"https:\/\/mouldking.store\/es\/wp-json\/wp\/v2\/types\/product"}],"replies":[{"embeddable":true,"href":"https:\/\/mouldking.store\/es\/wp-json\/wp\/v2\/comments?post=38745"}],"wp:featuredmedia":[{"embeddable":true,"href":"https:\/\/mouldking.store\/es\/wp-json\/wp\/v2\/media\/38752"}],"wp:attachment":[{"href":"https:\/\/mouldking.store\/es\/wp-json\/wp\/v2\/media?parent=38745"}],"wp:term":[{"taxonomy":"product_cat","embeddable":true,"href":"https:\/\/mouldking.store\/es\/wp-json\/wp\/v2\/product_cat?post=38745"},{"taxonomy":"product_tag","embeddable":true,"href":"https:\/\/mouldking.store\/es\/wp-json\/wp\/v2\/product_tag?post=38745"}],"curies":[{"name":"wp","href":"https:\/\/api.w.org\/{rel}","templated":true}]}}