{"id":39086,"date":"2022-12-27T12:20:14","date_gmt":"2022-12-27T05:20:14","guid":{"rendered":"https:\/\/mouldking.store\/?post_type=product&#038;p=39086"},"modified":"2025-12-25T09:11:55","modified_gmt":"2025-12-25T02:11:55","slug":"moc-15896-baroque-cathedral-with-13304pcs","status":"publish","type":"product","link":"https:\/\/mouldking.store\/es\/shop\/moc-15896-baroque-cathedral-with-13304pcs\/","title":{"rendered":"MOC-15896 Catedral barroca con 13304PCS"},"content":{"rendered":"<ol>\n<li>Marca: MOC<\/li>\n<li>G\u00e9nero: Unisex<\/li>\n<li>Name: Baroque Cathedral<\/li>\n<li>Rango de edad: &gt; 6 a\u00f1os<\/li>\n<li>Model Number: 15896<\/li>\n<li>Clasificaci\u00f3n: Ensamblaje<\/li>\n<li>Forma de bloque de pl\u00e1stico: Ladrillos autoblocantes<\/li>\n<li>Material: Pl\u00e1stico<\/li>\n<li>Tipo de pl\u00e1stico: ABS<\/li>\n<li>Bricks Blocks:13304PCS<\/li>\n<li>Size: 87 x 77 x 50cm<\/li>\n<li>Weight:11090g<\/li>\n<li>Contiene instrucciones de montaje detalladas.<\/li>\n<\/ol>\n<p>Aviso:<br \/>\n1. Sin caja original, pero garantizamos que nuestros productos tienen garant\u00eda de calidad y un buen embalaje.<br \/>\n2. Como todas las piezas que hemos comprobado antes del env\u00edo, si encuentra que faltan piezas o est\u00e1n da\u00f1adas, no se preocupe y p\u00f3ngase en contacto con nosotros y podemos reenvi\u00e1rselas inmediatamente de forma gratuita.<\/p>\n<figure id=\"attachment_39087\" aria-describedby=\"caption-attachment-39087\" style=\"width: 1004px\" class=\"wp-caption aligncenter\"><img fetchpriority=\"high\" decoding=\"async\" class=\"wp-image-39087 size-full\" src=\"https:\/\/mouldking.store\/wp-content\/uploads\/2022\/12\/MOC-15896-Modular-Building-Baroque-Cathedral-MOC-FACTORY.png\" alt=\"MOC-15896 Baroque Cathedral With 13304PCS\" width=\"1004\" height=\"1004\" title=\"-\" srcset=\"https:\/\/mouldking.store\/wp-content\/uploads\/2022\/12\/MOC-15896-Modular-Building-Baroque-Cathedral-MOC-FACTORY.png 1004w, https:\/\/mouldking.store\/wp-content\/uploads\/2022\/12\/MOC-15896-Modular-Building-Baroque-Cathedral-MOC-FACTORY-300x300.png 300w, https:\/\/mouldking.store\/wp-content\/uploads\/2022\/12\/MOC-15896-Modular-Building-Baroque-Cathedral-MOC-FACTORY-768x768.png 768w, https:\/\/mouldking.store\/wp-content\/uploads\/2022\/12\/MOC-15896-Modular-Building-Baroque-Cathedral-MOC-FACTORY-600x600.png 600w, https:\/\/mouldking.store\/wp-content\/uploads\/2022\/12\/MOC-15896-Modular-Building-Baroque-Cathedral-MOC-FACTORY-150x150.png 150w, https:\/\/mouldking.store\/wp-content\/uploads\/2022\/12\/MOC-15896-Modular-Building-Baroque-Cathedral-MOC-FACTORY-60x60.png 60w, https:\/\/mouldking.store\/wp-content\/uploads\/2022\/12\/MOC-15896-Modular-Building-Baroque-Cathedral-MOC-FACTORY-90x90.png 90w\" sizes=\"(max-width: 1004px) 100vw, 1004px\" \/><figcaption id=\"caption-attachment-39087\" class=\"wp-caption-text\">MOC-15896 Catedral barroca con 13304PCS<\/figcaption><\/figure>\n<figure id=\"attachment_39088\" aria-describedby=\"caption-attachment-39088\" style=\"width: 1024px\" class=\"wp-caption aligncenter\"><img decoding=\"async\" class=\"wp-image-39088 size-large\" src=\"https:\/\/mouldking.store\/wp-content\/uploads\/2022\/12\/Baroque-Cathedral-MOC-15896-2-1024x1024.jpg\" alt=\"MOC-15896 Baroque Cathedral With 13304PCS\" width=\"1024\" height=\"1024\" title=\"-\" srcset=\"https:\/\/mouldking.store\/wp-content\/uploads\/2022\/12\/Baroque-Cathedral-MOC-15896-2-1024x1024.jpg 1024w, https:\/\/mouldking.store\/wp-content\/uploads\/2022\/12\/Baroque-Cathedral-MOC-15896-2-300x300.jpg 300w, https:\/\/mouldking.store\/wp-content\/uploads\/2022\/12\/Baroque-Cathedral-MOC-15896-2-768x768.jpg 768w, https:\/\/mouldking.store\/wp-content\/uploads\/2022\/12\/Baroque-Cathedral-MOC-15896-2-600x600.jpg 600w, https:\/\/mouldking.store\/wp-content\/uploads\/2022\/12\/Baroque-Cathedral-MOC-15896-2-150x150.jpg 150w, https:\/\/mouldking.store\/wp-content\/uploads\/2022\/12\/Baroque-Cathedral-MOC-15896-2-60x60.jpg 60w, https:\/\/mouldking.store\/wp-content\/uploads\/2022\/12\/Baroque-Cathedral-MOC-15896-2-90x90.jpg 90w, https:\/\/mouldking.store\/wp-content\/uploads\/2022\/12\/Baroque-Cathedral-MOC-15896-2.jpg 1100w\" sizes=\"(max-width: 1024px) 100vw, 1024px\" \/><figcaption id=\"caption-attachment-39088\" class=\"wp-caption-text\">MOC-15896 Catedral barroca con 13304PCS<\/figcaption><\/figure>\n<figure id=\"attachment_39089\" aria-describedby=\"caption-attachment-39089\" style=\"width: 1024px\" class=\"wp-caption aligncenter\"><img decoding=\"async\" class=\"wp-image-39089 size-large\" src=\"https:\/\/mouldking.store\/wp-content\/uploads\/2022\/12\/Baroque-Cathedral-MOC-15896-3-1024x1024.jpg\" alt=\"MOC-15896 Baroque Cathedral With 13304PCS\" width=\"1024\" height=\"1024\" title=\"-\" srcset=\"https:\/\/mouldking.store\/wp-content\/uploads\/2022\/12\/Baroque-Cathedral-MOC-15896-3-1024x1024.jpg 1024w, https:\/\/mouldking.store\/wp-content\/uploads\/2022\/12\/Baroque-Cathedral-MOC-15896-3-300x300.jpg 300w, https:\/\/mouldking.store\/wp-content\/uploads\/2022\/12\/Baroque-Cathedral-MOC-15896-3-768x768.jpg 768w, https:\/\/mouldking.store\/wp-content\/uploads\/2022\/12\/Baroque-Cathedral-MOC-15896-3-600x600.jpg 600w, https:\/\/mouldking.store\/wp-content\/uploads\/2022\/12\/Baroque-Cathedral-MOC-15896-3-150x150.jpg 150w, https:\/\/mouldking.store\/wp-content\/uploads\/2022\/12\/Baroque-Cathedral-MOC-15896-3-60x60.jpg 60w, https:\/\/mouldking.store\/wp-content\/uploads\/2022\/12\/Baroque-Cathedral-MOC-15896-3-90x90.jpg 90w, https:\/\/mouldking.store\/wp-content\/uploads\/2022\/12\/Baroque-Cathedral-MOC-15896-3.jpg 1100w\" sizes=\"(max-width: 1024px) 100vw, 1024px\" \/><figcaption id=\"caption-attachment-39089\" class=\"wp-caption-text\">MOC-15896 Catedral barroca con 13304PCS<\/figcaption><\/figure>\n<figure id=\"attachment_39090\" aria-describedby=\"caption-attachment-39090\" style=\"width: 1024px\" class=\"wp-caption aligncenter\"><img loading=\"lazy\" decoding=\"async\" class=\"wp-image-39090 size-large\" src=\"https:\/\/mouldking.store\/wp-content\/uploads\/2022\/12\/Baroque-Cathedral-MOC-15896-4-1024x1024.jpg\" alt=\"MOC-15896 Baroque Cathedral With 13304PCS\" width=\"1024\" height=\"1024\" title=\"-\" srcset=\"https:\/\/mouldking.store\/wp-content\/uploads\/2022\/12\/Baroque-Cathedral-MOC-15896-4-1024x1024.jpg 1024w, https:\/\/mouldking.store\/wp-content\/uploads\/2022\/12\/Baroque-Cathedral-MOC-15896-4-300x300.jpg 300w, https:\/\/mouldking.store\/wp-content\/uploads\/2022\/12\/Baroque-Cathedral-MOC-15896-4-768x768.jpg 768w, https:\/\/mouldking.store\/wp-content\/uploads\/2022\/12\/Baroque-Cathedral-MOC-15896-4-600x600.jpg 600w, https:\/\/mouldking.store\/wp-content\/uploads\/2022\/12\/Baroque-Cathedral-MOC-15896-4-150x150.jpg 150w, https:\/\/mouldking.store\/wp-content\/uploads\/2022\/12\/Baroque-Cathedral-MOC-15896-4-60x60.jpg 60w, https:\/\/mouldking.store\/wp-content\/uploads\/2022\/12\/Baroque-Cathedral-MOC-15896-4-90x90.jpg 90w, https:\/\/mouldking.store\/wp-content\/uploads\/2022\/12\/Baroque-Cathedral-MOC-15896-4.jpg 1100w\" sizes=\"(max-width: 1024px) 100vw, 1024px\" \/><figcaption id=\"caption-attachment-39090\" class=\"wp-caption-text\">MOC-15896 Catedral barroca con 13304PCS<\/figcaption><\/figure>\n<figure id=\"attachment_39091\" aria-describedby=\"caption-attachment-39091\" style=\"width: 1024px\" class=\"wp-caption aligncenter\"><img loading=\"lazy\" decoding=\"async\" class=\"wp-image-39091 size-large\" src=\"https:\/\/mouldking.store\/wp-content\/uploads\/2022\/12\/Baroque-Cathedral-MOC-15896-5-1024x1024.jpg\" alt=\"MOC-15896 Baroque Cathedral With 13304PCS\" width=\"1024\" height=\"1024\" title=\"-\" srcset=\"https:\/\/mouldking.store\/wp-content\/uploads\/2022\/12\/Baroque-Cathedral-MOC-15896-5-1024x1024.jpg 1024w, https:\/\/mouldking.store\/wp-content\/uploads\/2022\/12\/Baroque-Cathedral-MOC-15896-5-300x300.jpg 300w, https:\/\/mouldking.store\/wp-content\/uploads\/2022\/12\/Baroque-Cathedral-MOC-15896-5-768x768.jpg 768w, https:\/\/mouldking.store\/wp-content\/uploads\/2022\/12\/Baroque-Cathedral-MOC-15896-5-600x600.jpg 600w, https:\/\/mouldking.store\/wp-content\/uploads\/2022\/12\/Baroque-Cathedral-MOC-15896-5-150x150.jpg 150w, https:\/\/mouldking.store\/wp-content\/uploads\/2022\/12\/Baroque-Cathedral-MOC-15896-5-60x60.jpg 60w, https:\/\/mouldking.store\/wp-content\/uploads\/2022\/12\/Baroque-Cathedral-MOC-15896-5-90x90.jpg 90w, https:\/\/mouldking.store\/wp-content\/uploads\/2022\/12\/Baroque-Cathedral-MOC-15896-5.jpg 1100w\" sizes=\"(max-width: 1024px) 100vw, 1024px\" \/><figcaption id=\"caption-attachment-39091\" class=\"wp-caption-text\">MOC-15896 Catedral barroca con 13304PCS<\/figcaption><\/figure>\n<figure id=\"attachment_39092\" aria-describedby=\"caption-attachment-39092\" style=\"width: 1100px\" class=\"wp-caption aligncenter\"><img loading=\"lazy\" decoding=\"async\" class=\"wp-image-39092 size-full\" src=\"https:\/\/mouldking.store\/wp-content\/uploads\/2022\/12\/Baroque-Cathedral-MOC-15896-6.jpg\" alt=\"MOC-15896 Baroque Cathedral With 13304PCS\" width=\"1100\" height=\"1100\" title=\"-\" srcset=\"https:\/\/mouldking.store\/wp-content\/uploads\/2022\/12\/Baroque-Cathedral-MOC-15896-6.jpg 1100w, https:\/\/mouldking.store\/wp-content\/uploads\/2022\/12\/Baroque-Cathedral-MOC-15896-6-300x300.jpg 300w, https:\/\/mouldking.store\/wp-content\/uploads\/2022\/12\/Baroque-Cathedral-MOC-15896-6-1024x1024.jpg 1024w, https:\/\/mouldking.store\/wp-content\/uploads\/2022\/12\/Baroque-Cathedral-MOC-15896-6-768x768.jpg 768w, https:\/\/mouldking.store\/wp-content\/uploads\/2022\/12\/Baroque-Cathedral-MOC-15896-6-600x600.jpg 600w, https:\/\/mouldking.store\/wp-content\/uploads\/2022\/12\/Baroque-Cathedral-MOC-15896-6-150x150.jpg 150w, https:\/\/mouldking.store\/wp-content\/uploads\/2022\/12\/Baroque-Cathedral-MOC-15896-6-60x60.jpg 60w, https:\/\/mouldking.store\/wp-content\/uploads\/2022\/12\/Baroque-Cathedral-MOC-15896-6-90x90.jpg 90w\" sizes=\"(max-width: 1100px) 100vw, 1100px\" \/><figcaption id=\"caption-attachment-39092\" class=\"wp-caption-text\">MOC-15896 Catedral barroca con 13304PCS<\/figcaption><\/figure>\n<figure id=\"attachment_39093\" aria-describedby=\"caption-attachment-39093\" style=\"width: 1024px\" class=\"wp-caption aligncenter\"><img loading=\"lazy\" decoding=\"async\" class=\"wp-image-39093 size-large\" src=\"https:\/\/mouldking.store\/wp-content\/uploads\/2022\/12\/Baroque-Cathedral-MOC-15896-7-1024x1024.jpg\" alt=\"MOC-15896 Baroque Cathedral With 13304PCS\" width=\"1024\" height=\"1024\" title=\"-\" srcset=\"https:\/\/mouldking.store\/wp-content\/uploads\/2022\/12\/Baroque-Cathedral-MOC-15896-7-1024x1024.jpg 1024w, https:\/\/mouldking.store\/wp-content\/uploads\/2022\/12\/Baroque-Cathedral-MOC-15896-7-300x300.jpg 300w, https:\/\/mouldking.store\/wp-content\/uploads\/2022\/12\/Baroque-Cathedral-MOC-15896-7-768x768.jpg 768w, https:\/\/mouldking.store\/wp-content\/uploads\/2022\/12\/Baroque-Cathedral-MOC-15896-7-600x600.jpg 600w, https:\/\/mouldking.store\/wp-content\/uploads\/2022\/12\/Baroque-Cathedral-MOC-15896-7-150x150.jpg 150w, https:\/\/mouldking.store\/wp-content\/uploads\/2022\/12\/Baroque-Cathedral-MOC-15896-7-60x60.jpg 60w, https:\/\/mouldking.store\/wp-content\/uploads\/2022\/12\/Baroque-Cathedral-MOC-15896-7-90x90.jpg 90w, https:\/\/mouldking.store\/wp-content\/uploads\/2022\/12\/Baroque-Cathedral-MOC-15896-7.jpg 1100w\" sizes=\"(max-width: 1024px) 100vw, 1024px\" \/><figcaption id=\"caption-attachment-39093\" class=\"wp-caption-text\">MOC-15896 Catedral barroca con 13304PCS<\/figcaption><\/figure>","protected":false},"excerpt":{"rendered":"<p>Instrucciones de construcci\u00f3n en PDF<\/p>\n<p>Sin Caja Original<\/p>\n<p>Organizar el tiempo: 4-8 semanas<\/p>","protected":false},"featured_media":39087,"comment_status":"closed","ping_status":"closed","template":"","meta":{"_acf_changed":false},"product_cat":[1395,1406,390],"product_tag":[10431,10433,10432,430,10430,10434,10429],"class_list":["product","first","instock","shipping-taxable","purchasable","product-type-simple"],"acf":[],"_links":{"self":[{"href":"https:\/\/mouldking.store\/es\/wp-json\/wp\/v2\/product\/39086","targetHints":{"allow":["GET"]}}],"collection":[{"href":"https:\/\/mouldking.store\/es\/wp-json\/wp\/v2\/product"}],"about":[{"href":"https:\/\/mouldking.store\/es\/wp-json\/wp\/v2\/types\/product"}],"replies":[{"embeddable":true,"href":"https:\/\/mouldking.store\/es\/wp-json\/wp\/v2\/comments?post=39086"}],"wp:featuredmedia":[{"embeddable":true,"href":"https:\/\/mouldking.store\/es\/wp-json\/wp\/v2\/media\/39087"}],"wp:attachment":[{"href":"https:\/\/mouldking.store\/es\/wp-json\/wp\/v2\/media?parent=39086"}],"wp:term":[{"taxonomy":"product_cat","embeddable":true,"href":"https:\/\/mouldking.store\/es\/wp-json\/wp\/v2\/product_cat?post=39086"},{"taxonomy":"product_tag","embeddable":true,"href":"https:\/\/mouldking.store\/es\/wp-json\/wp\/v2\/product_tag?post=39086"}],"curies":[{"name":"wp","href":"https:\/\/api.w.org\/{rel}","templated":true}]}}