{"id":39131,"date":"2022-12-27T14:46:42","date_gmt":"2022-12-27T07:46:42","guid":{"rendered":"https:\/\/mouldking.store\/?post_type=product&#038;p=39131"},"modified":"2025-12-25T09:11:54","modified_gmt":"2025-12-25T02:11:54","slug":"moc-89516-american-mtls-1g14-light-tank-with-574pcs","status":"publish","type":"product","link":"https:\/\/mouldking.store\/es\/shop\/moc-89516-american-mtls-1g14-light-tank-with-574pcs\/","title":{"rendered":"MOC-89516 Tanque ligero americano MTLS-1G14 con 574PCS"},"content":{"rendered":"<ol>\n<li>Marca: MOC<\/li>\n<li>G\u00e9nero: Unisex<\/li>\n<li>Name: American MTLS-1G14 Light Tank<\/li>\n<li>Rango de edad: &gt; 6 a\u00f1os<\/li>\n<li>Model Number: 89516<\/li>\n<li>Clasificaci\u00f3n: Ensamblaje<\/li>\n<li>Forma de bloque de pl\u00e1stico: Ladrillos autoblocantes<\/li>\n<li>Material: Pl\u00e1stico<\/li>\n<li>Tipo de pl\u00e1stico: ABS<\/li>\n<li>Bricks Blocks:574PCS<\/li>\n<li>Size: 14 x 8.1 x 8.6 cm<\/li>\n<li>Peso: 500g<\/li>\n<li>Contiene instrucciones de montaje detalladas.<\/li>\n<\/ol>\n<p>Aviso:<br \/>\n1. Sin caja original, pero garantizamos que nuestros productos tienen garant\u00eda de calidad y un buen embalaje.<br \/>\n2. Como todas las piezas que hemos comprobado antes del env\u00edo, si encuentra que faltan piezas o est\u00e1n da\u00f1adas, no se preocupe y p\u00f3ngase en contacto con nosotros y podemos reenvi\u00e1rselas inmediatamente de forma gratuita.<\/p>\n<figure id=\"attachment_39132\" aria-describedby=\"caption-attachment-39132\" style=\"width: 1004px\" class=\"wp-caption aligncenter\"><img fetchpriority=\"high\" decoding=\"async\" class=\"wp-image-39132 size-full\" src=\"https:\/\/mouldking.store\/wp-content\/uploads\/2022\/12\/MOC-89516-Military-American-MTLS-1G14-Light-Tank-MOC-FACTORY.png\" alt=\"MOC-89516 American MTLS-1G14 Light Tank With 574PCS\" width=\"1004\" height=\"1004\" title=\"-\" srcset=\"https:\/\/mouldking.store\/wp-content\/uploads\/2022\/12\/MOC-89516-Military-American-MTLS-1G14-Light-Tank-MOC-FACTORY.png 1004w, https:\/\/mouldking.store\/wp-content\/uploads\/2022\/12\/MOC-89516-Military-American-MTLS-1G14-Light-Tank-MOC-FACTORY-300x300.png 300w, https:\/\/mouldking.store\/wp-content\/uploads\/2022\/12\/MOC-89516-Military-American-MTLS-1G14-Light-Tank-MOC-FACTORY-768x768.png 768w, https:\/\/mouldking.store\/wp-content\/uploads\/2022\/12\/MOC-89516-Military-American-MTLS-1G14-Light-Tank-MOC-FACTORY-600x600.png 600w, https:\/\/mouldking.store\/wp-content\/uploads\/2022\/12\/MOC-89516-Military-American-MTLS-1G14-Light-Tank-MOC-FACTORY-150x150.png 150w, https:\/\/mouldking.store\/wp-content\/uploads\/2022\/12\/MOC-89516-Military-American-MTLS-1G14-Light-Tank-MOC-FACTORY-60x60.png 60w, https:\/\/mouldking.store\/wp-content\/uploads\/2022\/12\/MOC-89516-Military-American-MTLS-1G14-Light-Tank-MOC-FACTORY-90x90.png 90w\" sizes=\"(max-width: 1004px) 100vw, 1004px\" \/><figcaption id=\"caption-attachment-39132\" class=\"wp-caption-text\">MOC-89516 Tanque ligero americano MTLS-1G14 con 574PCS<\/figcaption><\/figure>\n<figure id=\"attachment_39133\" aria-describedby=\"caption-attachment-39133\" style=\"width: 1024px\" class=\"wp-caption aligncenter\"><img decoding=\"async\" class=\"wp-image-39133 size-large\" src=\"https:\/\/mouldking.store\/wp-content\/uploads\/2022\/12\/American-MTLS-1G14-Light-Tank-MOC-89516-2-1024x1024.jpg\" alt=\"MOC-89516 American MTLS-1G14 Light Tank With 574PCS\" width=\"1024\" height=\"1024\" title=\"-\" srcset=\"https:\/\/mouldking.store\/wp-content\/uploads\/2022\/12\/American-MTLS-1G14-Light-Tank-MOC-89516-2-1024x1024.jpg 1024w, https:\/\/mouldking.store\/wp-content\/uploads\/2022\/12\/American-MTLS-1G14-Light-Tank-MOC-89516-2-300x300.jpg 300w, https:\/\/mouldking.store\/wp-content\/uploads\/2022\/12\/American-MTLS-1G14-Light-Tank-MOC-89516-2-768x768.jpg 768w, https:\/\/mouldking.store\/wp-content\/uploads\/2022\/12\/American-MTLS-1G14-Light-Tank-MOC-89516-2-600x600.jpg 600w, https:\/\/mouldking.store\/wp-content\/uploads\/2022\/12\/American-MTLS-1G14-Light-Tank-MOC-89516-2-150x150.jpg 150w, https:\/\/mouldking.store\/wp-content\/uploads\/2022\/12\/American-MTLS-1G14-Light-Tank-MOC-89516-2-60x60.jpg 60w, https:\/\/mouldking.store\/wp-content\/uploads\/2022\/12\/American-MTLS-1G14-Light-Tank-MOC-89516-2-90x90.jpg 90w, https:\/\/mouldking.store\/wp-content\/uploads\/2022\/12\/American-MTLS-1G14-Light-Tank-MOC-89516-2.jpg 1100w\" sizes=\"(max-width: 1024px) 100vw, 1024px\" \/><figcaption id=\"caption-attachment-39133\" class=\"wp-caption-text\">MOC-89516 Tanque ligero americano MTLS-1G14 con 574PCS<\/figcaption><\/figure>\n<figure id=\"attachment_39134\" aria-describedby=\"caption-attachment-39134\" style=\"width: 1024px\" class=\"wp-caption aligncenter\"><img decoding=\"async\" class=\"wp-image-39134 size-large\" src=\"https:\/\/mouldking.store\/wp-content\/uploads\/2022\/12\/American-MTLS-1G14-Light-Tank-MOC-89516-3-1024x1024.jpg\" alt=\"MOC-89516 American MTLS-1G14 Light Tank With 574PCS\" width=\"1024\" height=\"1024\" title=\"-\" srcset=\"https:\/\/mouldking.store\/wp-content\/uploads\/2022\/12\/American-MTLS-1G14-Light-Tank-MOC-89516-3-1024x1024.jpg 1024w, https:\/\/mouldking.store\/wp-content\/uploads\/2022\/12\/American-MTLS-1G14-Light-Tank-MOC-89516-3-300x300.jpg 300w, https:\/\/mouldking.store\/wp-content\/uploads\/2022\/12\/American-MTLS-1G14-Light-Tank-MOC-89516-3-768x768.jpg 768w, https:\/\/mouldking.store\/wp-content\/uploads\/2022\/12\/American-MTLS-1G14-Light-Tank-MOC-89516-3-600x600.jpg 600w, https:\/\/mouldking.store\/wp-content\/uploads\/2022\/12\/American-MTLS-1G14-Light-Tank-MOC-89516-3-150x150.jpg 150w, https:\/\/mouldking.store\/wp-content\/uploads\/2022\/12\/American-MTLS-1G14-Light-Tank-MOC-89516-3-60x60.jpg 60w, https:\/\/mouldking.store\/wp-content\/uploads\/2022\/12\/American-MTLS-1G14-Light-Tank-MOC-89516-3-90x90.jpg 90w, https:\/\/mouldking.store\/wp-content\/uploads\/2022\/12\/American-MTLS-1G14-Light-Tank-MOC-89516-3.jpg 1100w\" sizes=\"(max-width: 1024px) 100vw, 1024px\" \/><figcaption id=\"caption-attachment-39134\" class=\"wp-caption-text\">MOC-89516 Tanque ligero americano MTLS-1G14 con 574PCS<\/figcaption><\/figure>\n<figure id=\"attachment_39135\" aria-describedby=\"caption-attachment-39135\" style=\"width: 1024px\" class=\"wp-caption aligncenter\"><img loading=\"lazy\" decoding=\"async\" class=\"wp-image-39135 size-large\" src=\"https:\/\/mouldking.store\/wp-content\/uploads\/2022\/12\/American-MTLS-1G14-Light-Tank-MOC-89516-4-1024x1024.jpg\" alt=\"MOC-89516 American MTLS-1G14 Light Tank With 574PCS\" width=\"1024\" height=\"1024\" title=\"-\" srcset=\"https:\/\/mouldking.store\/wp-content\/uploads\/2022\/12\/American-MTLS-1G14-Light-Tank-MOC-89516-4-1024x1024.jpg 1024w, https:\/\/mouldking.store\/wp-content\/uploads\/2022\/12\/American-MTLS-1G14-Light-Tank-MOC-89516-4-300x300.jpg 300w, https:\/\/mouldking.store\/wp-content\/uploads\/2022\/12\/American-MTLS-1G14-Light-Tank-MOC-89516-4-768x768.jpg 768w, https:\/\/mouldking.store\/wp-content\/uploads\/2022\/12\/American-MTLS-1G14-Light-Tank-MOC-89516-4-600x600.jpg 600w, https:\/\/mouldking.store\/wp-content\/uploads\/2022\/12\/American-MTLS-1G14-Light-Tank-MOC-89516-4-150x150.jpg 150w, https:\/\/mouldking.store\/wp-content\/uploads\/2022\/12\/American-MTLS-1G14-Light-Tank-MOC-89516-4-60x60.jpg 60w, https:\/\/mouldking.store\/wp-content\/uploads\/2022\/12\/American-MTLS-1G14-Light-Tank-MOC-89516-4-90x90.jpg 90w, https:\/\/mouldking.store\/wp-content\/uploads\/2022\/12\/American-MTLS-1G14-Light-Tank-MOC-89516-4.jpg 1100w\" sizes=\"(max-width: 1024px) 100vw, 1024px\" \/><figcaption id=\"caption-attachment-39135\" class=\"wp-caption-text\">MOC-89516 Tanque ligero americano MTLS-1G14 con 574PCS<\/figcaption><\/figure>\n<figure id=\"attachment_39136\" aria-describedby=\"caption-attachment-39136\" style=\"width: 1024px\" class=\"wp-caption aligncenter\"><img loading=\"lazy\" decoding=\"async\" class=\"wp-image-39136 size-large\" src=\"https:\/\/mouldking.store\/wp-content\/uploads\/2022\/12\/American-MTLS-1G14-Light-Tank-MOC-89516-5-1024x1024.jpg\" alt=\"MOC-89516 American MTLS-1G14 Light Tank With 574PCS\" width=\"1024\" height=\"1024\" title=\"-\" srcset=\"https:\/\/mouldking.store\/wp-content\/uploads\/2022\/12\/American-MTLS-1G14-Light-Tank-MOC-89516-5-1024x1024.jpg 1024w, https:\/\/mouldking.store\/wp-content\/uploads\/2022\/12\/American-MTLS-1G14-Light-Tank-MOC-89516-5-300x300.jpg 300w, https:\/\/mouldking.store\/wp-content\/uploads\/2022\/12\/American-MTLS-1G14-Light-Tank-MOC-89516-5-768x768.jpg 768w, https:\/\/mouldking.store\/wp-content\/uploads\/2022\/12\/American-MTLS-1G14-Light-Tank-MOC-89516-5-600x600.jpg 600w, https:\/\/mouldking.store\/wp-content\/uploads\/2022\/12\/American-MTLS-1G14-Light-Tank-MOC-89516-5-150x150.jpg 150w, https:\/\/mouldking.store\/wp-content\/uploads\/2022\/12\/American-MTLS-1G14-Light-Tank-MOC-89516-5-60x60.jpg 60w, https:\/\/mouldking.store\/wp-content\/uploads\/2022\/12\/American-MTLS-1G14-Light-Tank-MOC-89516-5-90x90.jpg 90w, https:\/\/mouldking.store\/wp-content\/uploads\/2022\/12\/American-MTLS-1G14-Light-Tank-MOC-89516-5.jpg 1100w\" sizes=\"(max-width: 1024px) 100vw, 1024px\" \/><figcaption id=\"caption-attachment-39136\" class=\"wp-caption-text\">MOC-89516 Tanque ligero americano MTLS-1G14 con 574PCS<\/figcaption><\/figure>\n<figure id=\"attachment_39137\" aria-describedby=\"caption-attachment-39137\" style=\"width: 1024px\" class=\"wp-caption aligncenter\"><img loading=\"lazy\" decoding=\"async\" class=\"wp-image-39137 size-large\" src=\"https:\/\/mouldking.store\/wp-content\/uploads\/2022\/12\/American-MTLS-1G14-Light-Tank-MOC-89516-6-1024x1024.jpg\" alt=\"MOC-89516 American MTLS-1G14 Light Tank With 574PCS\" width=\"1024\" height=\"1024\" title=\"-\" srcset=\"https:\/\/mouldking.store\/wp-content\/uploads\/2022\/12\/American-MTLS-1G14-Light-Tank-MOC-89516-6-1024x1024.jpg 1024w, https:\/\/mouldking.store\/wp-content\/uploads\/2022\/12\/American-MTLS-1G14-Light-Tank-MOC-89516-6-300x300.jpg 300w, https:\/\/mouldking.store\/wp-content\/uploads\/2022\/12\/American-MTLS-1G14-Light-Tank-MOC-89516-6-768x768.jpg 768w, https:\/\/mouldking.store\/wp-content\/uploads\/2022\/12\/American-MTLS-1G14-Light-Tank-MOC-89516-6-600x600.jpg 600w, https:\/\/mouldking.store\/wp-content\/uploads\/2022\/12\/American-MTLS-1G14-Light-Tank-MOC-89516-6-150x150.jpg 150w, https:\/\/mouldking.store\/wp-content\/uploads\/2022\/12\/American-MTLS-1G14-Light-Tank-MOC-89516-6-60x60.jpg 60w, https:\/\/mouldking.store\/wp-content\/uploads\/2022\/12\/American-MTLS-1G14-Light-Tank-MOC-89516-6-90x90.jpg 90w, https:\/\/mouldking.store\/wp-content\/uploads\/2022\/12\/American-MTLS-1G14-Light-Tank-MOC-89516-6.jpg 1100w\" sizes=\"(max-width: 1024px) 100vw, 1024px\" \/><figcaption id=\"caption-attachment-39137\" class=\"wp-caption-text\">MOC-89516 Tanque ligero americano MTLS-1G14 con 574PCS<\/figcaption><\/figure>","protected":false},"excerpt":{"rendered":"<p>Instrucciones de construcci\u00f3n en PDF<\/p>\n<p>Sin Caja Original<\/p>\n<p>Organizar el tiempo: 4-8 semanas<\/p>","protected":false},"featured_media":39132,"comment_status":"closed","ping_status":"closed","template":"","meta":{"_acf_changed":false},"product_cat":[1350,1406,372],"product_tag":[10464,2488,10467,10468,10465,10466,430,10462,10469,10461,10463,485],"class_list":["product","first","instock","shipping-taxable","purchasable","product-type-simple"],"acf":[],"_links":{"self":[{"href":"https:\/\/mouldking.store\/es\/wp-json\/wp\/v2\/product\/39131","targetHints":{"allow":["GET"]}}],"collection":[{"href":"https:\/\/mouldking.store\/es\/wp-json\/wp\/v2\/product"}],"about":[{"href":"https:\/\/mouldking.store\/es\/wp-json\/wp\/v2\/types\/product"}],"replies":[{"embeddable":true,"href":"https:\/\/mouldking.store\/es\/wp-json\/wp\/v2\/comments?post=39131"}],"wp:featuredmedia":[{"embeddable":true,"href":"https:\/\/mouldking.store\/es\/wp-json\/wp\/v2\/media\/39132"}],"wp:attachment":[{"href":"https:\/\/mouldking.store\/es\/wp-json\/wp\/v2\/media?parent=39131"}],"wp:term":[{"taxonomy":"product_cat","embeddable":true,"href":"https:\/\/mouldking.store\/es\/wp-json\/wp\/v2\/product_cat?post=39131"},{"taxonomy":"product_tag","embeddable":true,"href":"https:\/\/mouldking.store\/es\/wp-json\/wp\/v2\/product_tag?post=39131"}],"curies":[{"name":"wp","href":"https:\/\/api.w.org\/{rel}","templated":true}]}}