{"id":39138,"date":"2022-12-27T14:53:18","date_gmt":"2022-12-27T07:53:18","guid":{"rendered":"https:\/\/mouldking.store\/?post_type=product&#038;p=39138"},"modified":"2025-12-25T09:11:54","modified_gmt":"2025-12-25T02:11:54","slug":"moc-115955-blacksmith-blast-furnace-with-239pcs","status":"publish","type":"product","link":"https:\/\/mouldking.store\/es\/shop\/moc-115955-blacksmith-blast-furnace-with-239pcs\/","title":{"rendered":"MOC-115955 Herrero alto horno con 239PCS"},"content":{"rendered":"<ol>\n<li>Marca: MOC<\/li>\n<li>G\u00e9nero: Unisex<\/li>\n<li>Nombre: Alto horno de herrero<\/li>\n<li>Rango de edad: &gt; 6 a\u00f1os<\/li>\n<li>N\u00famero de modelo: 115955<\/li>\n<li>Clasificaci\u00f3n: Ensamblaje<\/li>\n<li>Forma de bloque de pl\u00e1stico: Ladrillos autoblocantes<\/li>\n<li>Material: Pl\u00e1stico<\/li>\n<li>Tipo de pl\u00e1stico: ABS<\/li>\n<li>Bloques de ladrillos: 239PCS<\/li>\n<li>Peso: 200g<\/li>\n<li>Contiene instrucciones de montaje detalladas.<\/li>\n<\/ol>\n<p>Aviso:<br \/>\n1. Sin caja original, pero garantizamos que nuestros productos tienen garant\u00eda de calidad y un buen embalaje.<br \/>\n2. Como todas las piezas que hemos comprobado antes del env\u00edo, si encuentra que faltan piezas o est\u00e1n da\u00f1adas, no se preocupe y p\u00f3ngase en contacto con nosotros y podemos reenvi\u00e1rselas inmediatamente de forma gratuita.<\/p>\n<div class=\"wp-menu-arrow\">\n<div><\/div>\n<\/div>\n<figure id=\"attachment_39139\" aria-describedby=\"caption-attachment-39139\" style=\"width: 1004px\" class=\"wp-caption aligncenter\"><img fetchpriority=\"high\" decoding=\"async\" class=\"wp-image-39139 size-full\" src=\"https:\/\/mouldking.store\/wp-content\/uploads\/2022\/12\/MOC-115955-Creator-Blacksmith-Blast-Furnace-MOC-FACTORY.png\" alt=\"MOC-115955 Blacksmith Blast Furnace With 239PCS\" width=\"1004\" height=\"1004\" title=\"-\" srcset=\"https:\/\/mouldking.store\/wp-content\/uploads\/2022\/12\/MOC-115955-Creator-Blacksmith-Blast-Furnace-MOC-FACTORY.png 1004w, https:\/\/mouldking.store\/wp-content\/uploads\/2022\/12\/MOC-115955-Creator-Blacksmith-Blast-Furnace-MOC-FACTORY-300x300.png 300w, https:\/\/mouldking.store\/wp-content\/uploads\/2022\/12\/MOC-115955-Creator-Blacksmith-Blast-Furnace-MOC-FACTORY-768x768.png 768w, https:\/\/mouldking.store\/wp-content\/uploads\/2022\/12\/MOC-115955-Creator-Blacksmith-Blast-Furnace-MOC-FACTORY-600x600.png 600w, https:\/\/mouldking.store\/wp-content\/uploads\/2022\/12\/MOC-115955-Creator-Blacksmith-Blast-Furnace-MOC-FACTORY-150x150.png 150w, https:\/\/mouldking.store\/wp-content\/uploads\/2022\/12\/MOC-115955-Creator-Blacksmith-Blast-Furnace-MOC-FACTORY-60x60.png 60w, https:\/\/mouldking.store\/wp-content\/uploads\/2022\/12\/MOC-115955-Creator-Blacksmith-Blast-Furnace-MOC-FACTORY-90x90.png 90w\" sizes=\"(max-width: 1004px) 100vw, 1004px\" \/><figcaption id=\"caption-attachment-39139\" class=\"wp-caption-text\">MOC-115955 Herrero alto horno con 239PCS<\/figcaption><\/figure>\n<figure id=\"attachment_39140\" aria-describedby=\"caption-attachment-39140\" style=\"width: 1100px\" class=\"wp-caption aligncenter\"><img decoding=\"async\" class=\"wp-image-39140 size-full\" src=\"https:\/\/mouldking.store\/wp-content\/uploads\/2022\/12\/Blacksmith-Blast-Furnace-MOC-115955-2.jpg\" alt=\"MOC-115955 Blacksmith Blast Furnace With 239PCS\" width=\"1100\" height=\"1100\" title=\"-\" srcset=\"https:\/\/mouldking.store\/wp-content\/uploads\/2022\/12\/Blacksmith-Blast-Furnace-MOC-115955-2.jpg 1100w, https:\/\/mouldking.store\/wp-content\/uploads\/2022\/12\/Blacksmith-Blast-Furnace-MOC-115955-2-300x300.jpg 300w, https:\/\/mouldking.store\/wp-content\/uploads\/2022\/12\/Blacksmith-Blast-Furnace-MOC-115955-2-1024x1024.jpg 1024w, https:\/\/mouldking.store\/wp-content\/uploads\/2022\/12\/Blacksmith-Blast-Furnace-MOC-115955-2-768x768.jpg 768w, https:\/\/mouldking.store\/wp-content\/uploads\/2022\/12\/Blacksmith-Blast-Furnace-MOC-115955-2-600x600.jpg 600w, https:\/\/mouldking.store\/wp-content\/uploads\/2022\/12\/Blacksmith-Blast-Furnace-MOC-115955-2-150x150.jpg 150w, https:\/\/mouldking.store\/wp-content\/uploads\/2022\/12\/Blacksmith-Blast-Furnace-MOC-115955-2-60x60.jpg 60w, https:\/\/mouldking.store\/wp-content\/uploads\/2022\/12\/Blacksmith-Blast-Furnace-MOC-115955-2-90x90.jpg 90w\" sizes=\"(max-width: 1100px) 100vw, 1100px\" \/><figcaption id=\"caption-attachment-39140\" class=\"wp-caption-text\">MOC-115955 Herrero alto horno con 239PCS<\/figcaption><\/figure>\n<figure id=\"attachment_39141\" aria-describedby=\"caption-attachment-39141\" style=\"width: 1024px\" class=\"wp-caption aligncenter\"><img decoding=\"async\" class=\"wp-image-39141 size-large\" src=\"https:\/\/mouldking.store\/wp-content\/uploads\/2022\/12\/Blacksmith-Blast-Furnace-MOC-115955-3-1024x1024.jpg\" alt=\"MOC-115955 Blacksmith Blast Furnace With 239PCS\" width=\"1024\" height=\"1024\" title=\"-\" srcset=\"https:\/\/mouldking.store\/wp-content\/uploads\/2022\/12\/Blacksmith-Blast-Furnace-MOC-115955-3-1024x1024.jpg 1024w, https:\/\/mouldking.store\/wp-content\/uploads\/2022\/12\/Blacksmith-Blast-Furnace-MOC-115955-3-300x300.jpg 300w, https:\/\/mouldking.store\/wp-content\/uploads\/2022\/12\/Blacksmith-Blast-Furnace-MOC-115955-3-768x768.jpg 768w, https:\/\/mouldking.store\/wp-content\/uploads\/2022\/12\/Blacksmith-Blast-Furnace-MOC-115955-3-600x600.jpg 600w, https:\/\/mouldking.store\/wp-content\/uploads\/2022\/12\/Blacksmith-Blast-Furnace-MOC-115955-3-150x150.jpg 150w, https:\/\/mouldking.store\/wp-content\/uploads\/2022\/12\/Blacksmith-Blast-Furnace-MOC-115955-3-60x60.jpg 60w, https:\/\/mouldking.store\/wp-content\/uploads\/2022\/12\/Blacksmith-Blast-Furnace-MOC-115955-3-90x90.jpg 90w, https:\/\/mouldking.store\/wp-content\/uploads\/2022\/12\/Blacksmith-Blast-Furnace-MOC-115955-3.jpg 1100w\" sizes=\"(max-width: 1024px) 100vw, 1024px\" \/><figcaption id=\"caption-attachment-39141\" class=\"wp-caption-text\">MOC-115955 Herrero alto horno con 239PCS<\/figcaption><\/figure>","protected":false},"excerpt":{"rendered":"<p>Instrucciones de construcci\u00f3n en PDF<\/p>\n<p>Sin Caja Original<\/p>\n<p>Organizar el tiempo: 4-8 semanas<\/p>","protected":false},"featured_media":39139,"comment_status":"closed","ping_status":"closed","template":"","meta":{"_acf_changed":false},"product_cat":[1365,1406,371],"product_tag":[2676,10474,10472,10473,430,10471,10475,10470],"class_list":["product","first","instock","shipping-taxable","purchasable","product-type-simple"],"acf":[],"_links":{"self":[{"href":"https:\/\/mouldking.store\/es\/wp-json\/wp\/v2\/product\/39138","targetHints":{"allow":["GET"]}}],"collection":[{"href":"https:\/\/mouldking.store\/es\/wp-json\/wp\/v2\/product"}],"about":[{"href":"https:\/\/mouldking.store\/es\/wp-json\/wp\/v2\/types\/product"}],"replies":[{"embeddable":true,"href":"https:\/\/mouldking.store\/es\/wp-json\/wp\/v2\/comments?post=39138"}],"wp:featuredmedia":[{"embeddable":true,"href":"https:\/\/mouldking.store\/es\/wp-json\/wp\/v2\/media\/39139"}],"wp:attachment":[{"href":"https:\/\/mouldking.store\/es\/wp-json\/wp\/v2\/media?parent=39138"}],"wp:term":[{"taxonomy":"product_cat","embeddable":true,"href":"https:\/\/mouldking.store\/es\/wp-json\/wp\/v2\/product_cat?post=39138"},{"taxonomy":"product_tag","embeddable":true,"href":"https:\/\/mouldking.store\/es\/wp-json\/wp\/v2\/product_tag?post=39138"}],"curies":[{"name":"wp","href":"https:\/\/api.w.org\/{rel}","templated":true}]}}