{"id":39264,"date":"2023-01-03T12:22:42","date_gmt":"2023-01-03T05:22:42","guid":{"rendered":"https:\/\/mouldking.store\/?post_type=product&#038;p=39264"},"modified":"2025-12-25T09:11:54","modified_gmt":"2025-12-25T02:11:54","slug":"moc-122859-2-4-hufflepuf-common-room-with-751-pieces","status":"publish","type":"product","link":"https:\/\/mouldking.store\/es\/shop\/moc-122859-2-4-hufflepuf-common-room-with-751-pieces\/","title":{"rendered":"MOC-122859 2\/4 Hufflepuf* Sala com\u00fan con 751 piezas"},"content":{"rendered":"<ol>\n<li>Marca: MOC<\/li>\n<li>G\u00e9nero: Unisex<\/li>\n<li>Name: 2\/4 Hufflepuf* Common Room<\/li>\n<li>Rango de edad: &gt; 6 a\u00f1os<\/li>\n<li>Model Number: 122859<\/li>\n<li>Clasificaci\u00f3n: Ensamblaje<\/li>\n<li>Forma de bloque de pl\u00e1stico: Ladrillos autoblocantes<\/li>\n<li>Material: Pl\u00e1stico<\/li>\n<li>Tipo de pl\u00e1stico: ABS<\/li>\n<li>Bricks Blocks:751 PCS<\/li>\n<li>Contiene instrucciones de montaje detalladas.<\/li>\n<\/ol>\n<p>Aviso:<br \/>\n1. Sin caja original, pero garantizamos que nuestros productos tienen garant\u00eda de calidad y un buen embalaje.<br \/>\n2. Como todas las piezas que hemos comprobado antes del env\u00edo, si encuentra que faltan piezas o est\u00e1n da\u00f1adas, no se preocupe y p\u00f3ngase en contacto con nosotros y podemos reenvi\u00e1rselas inmediatamente de forma gratuita.<\/p>\n<figure id=\"attachment_39265\" aria-describedby=\"caption-attachment-39265\" style=\"width: 1004px\" class=\"wp-caption aligncenter\"><img fetchpriority=\"high\" decoding=\"async\" class=\"wp-image-39265 size-full\" src=\"https:\/\/mouldking.store\/wp-content\/uploads\/2023\/01\/MOC-122859-Movie-24-Hufflepuf-Common-Room-MOC-FACTORY.png\" alt=\"MOC-122859 2\/4 Hufflepuf* Common Room With 751 Pieces\" width=\"1004\" height=\"1004\" title=\"-\"><figcaption id=\"caption-attachment-39265\" class=\"wp-caption-text\">MOC-122859 2\/4 Hufflepuf* Sala com\u00fan con 751 piezas<\/figcaption><\/figure>\n<figure id=\"attachment_39266\" aria-describedby=\"caption-attachment-39266\" style=\"width: 800px\" class=\"wp-caption aligncenter\"><img decoding=\"async\" class=\"wp-image-39266 size-full\" src=\"https:\/\/mouldking.store\/wp-content\/uploads\/2023\/01\/24-Hufflepuf-Common-Room-MOC-122859-2.png\" alt=\"MOC-122859 2\/4 Hufflepuf* Common Room With 751 Pieces\" width=\"800\" height=\"600\" title=\"-\"><figcaption id=\"caption-attachment-39266\" class=\"wp-caption-text\">MOC-122859 2\/4 Hufflepuf* Sala com\u00fan con 751 piezas<\/figcaption><\/figure>\n<figure id=\"attachment_39267\" aria-describedby=\"caption-attachment-39267\" style=\"width: 800px\" class=\"wp-caption aligncenter\"><img decoding=\"async\" class=\"wp-image-39267 size-full\" src=\"https:\/\/mouldking.store\/wp-content\/uploads\/2023\/01\/24-Hufflepuf-Common-Room-MOC-122859-3.png\" alt=\"MOC-122859 2\/4 Hufflepuf* Common Room With 751 Pieces\" width=\"800\" height=\"600\" title=\"-\"><figcaption id=\"caption-attachment-39267\" class=\"wp-caption-text\">MOC-122859 2\/4 Hufflepuf* Sala com\u00fan con 751 piezas<\/figcaption><\/figure>\n<figure id=\"attachment_39268\" aria-describedby=\"caption-attachment-39268\" style=\"width: 1000px\" class=\"wp-caption aligncenter\"><img loading=\"lazy\" decoding=\"async\" class=\"wp-image-39268 size-full\" src=\"https:\/\/mouldking.store\/wp-content\/uploads\/2023\/01\/24-Hufflepuf-Common-Room-MOC-122859-4.png\" alt=\"MOC-122859 2\/4 Hufflepuf* Common Room With 751 Pieces\" width=\"1000\" height=\"750\" title=\"-\"><figcaption id=\"caption-attachment-39268\" class=\"wp-caption-text\">MOC-122859 2\/4 Hufflepuf* Sala com\u00fan con 751 piezas<\/figcaption><\/figure>","protected":false},"excerpt":{"rendered":"<p>Instrucciones de construcci\u00f3n en PDF<\/p>\n<p>Sin Caja Original<\/p>\n<p>Organizar el tiempo: 4-8 semanas<\/p>","protected":false},"featured_media":39265,"comment_status":"closed","ping_status":"closed","template":"","meta":{"_acf_changed":false},"product_cat":[581],"product_tag":[10591,10596,10593,10594,10592,10595,430,10590,10597,10589,6442],"class_list":["product","first","instock","shipping-taxable","purchasable","product-type-simple"],"acf":[],"_links":{"self":[{"href":"https:\/\/mouldking.store\/es\/wp-json\/wp\/v2\/product\/39264","targetHints":{"allow":["GET"]}}],"collection":[{"href":"https:\/\/mouldking.store\/es\/wp-json\/wp\/v2\/product"}],"about":[{"href":"https:\/\/mouldking.store\/es\/wp-json\/wp\/v2\/types\/product"}],"replies":[{"embeddable":true,"href":"https:\/\/mouldking.store\/es\/wp-json\/wp\/v2\/comments?post=39264"}],"wp:featuredmedia":[{"embeddable":true,"href":"https:\/\/mouldking.store\/es\/wp-json\/wp\/v2\/media\/39265"}],"wp:attachment":[{"href":"https:\/\/mouldking.store\/es\/wp-json\/wp\/v2\/media?parent=39264"}],"wp:term":[{"taxonomy":"product_cat","embeddable":true,"href":"https:\/\/mouldking.store\/es\/wp-json\/wp\/v2\/product_cat?post=39264"},{"taxonomy":"product_tag","embeddable":true,"href":"https:\/\/mouldking.store\/es\/wp-json\/wp\/v2\/product_tag?post=39264"}],"curies":[{"name":"wp","href":"https:\/\/api.w.org\/{rel}","templated":true}]}}