{"id":39285,"date":"2023-01-03T14:30:17","date_gmt":"2023-01-03T07:30:17","guid":{"rendered":"https:\/\/mouldking.store\/?post_type=product&#038;p=39285"},"modified":"2025-12-25T09:11:53","modified_gmt":"2025-12-25T02:11:53","slug":"moc-109869-central-station-v2-with-6820-pieces","status":"publish","type":"product","link":"https:\/\/mouldking.store\/es\/shop\/moc-109869-central-station-v2-with-6820-pieces\/","title":{"rendered":"MOC-109869 Estaci\u00f3n central V2 con 6820 piezas"},"content":{"rendered":"<ol>\n<li>Marca: MOC<\/li>\n<li>G\u00e9nero: Unisex<\/li>\n<li>Name: Central Station V2<\/li>\n<li>Rango de edad: &gt; 6 a\u00f1os<\/li>\n<li>Model Number: 109869<\/li>\n<li>Clasificaci\u00f3n: Ensamblaje<\/li>\n<li>Forma de bloque de pl\u00e1stico: Ladrillos autoblocantes<\/li>\n<li>Material: Pl\u00e1stico<\/li>\n<li>Tipo de pl\u00e1stico: ABS<\/li>\n<li>Bricks Blocks:6820 PCS<\/li>\n<li>Contiene instrucciones de montaje detalladas.<\/li>\n<\/ol>\n<p>Aviso:<br \/>\n1. Sin caja original, pero garantizamos que nuestros productos tienen garant\u00eda de calidad y un buen embalaje.<br \/>\n2. Como todas las piezas que hemos comprobado antes del env\u00edo, si encuentra que faltan piezas o est\u00e1n da\u00f1adas, no se preocupe y p\u00f3ngase en contacto con nosotros y podemos reenvi\u00e1rselas inmediatamente de forma gratuita.<\/p>\n<figure id=\"attachment_39286\" aria-describedby=\"caption-attachment-39286\" style=\"width: 1004px\" class=\"wp-caption aligncenter\"><img fetchpriority=\"high\" decoding=\"async\" class=\"wp-image-39286 size-full\" src=\"https:\/\/mouldking.store\/wp-content\/uploads\/2023\/01\/MOC-109869-Modular-Building-Central-Station-V2-MOC-FACTORY.png\" alt=\"MOC-109869 Central Station V2 With 6820 Pieces\" width=\"1004\" height=\"1004\" title=\"-\"><figcaption id=\"caption-attachment-39286\" class=\"wp-caption-text\">MOC-109869 Estaci\u00f3n central V2 con 6820 piezas<\/figcaption><\/figure>\n<figure id=\"attachment_39287\" aria-describedby=\"caption-attachment-39287\" style=\"width: 1000px\" class=\"wp-caption aligncenter\"><img decoding=\"async\" class=\"wp-image-39287 size-full\" src=\"https:\/\/mouldking.store\/wp-content\/uploads\/2023\/01\/Central-Station-V2-MOC-109869-2.jpg\" alt=\"MOC-109869 Central Station V2 With 6820 Pieces\" width=\"1000\" height=\"562\" title=\"-\"><figcaption id=\"caption-attachment-39287\" class=\"wp-caption-text\">MOC-109869 Estaci\u00f3n central V2 con 6820 piezas<\/figcaption><\/figure>\n<figure id=\"attachment_39288\" aria-describedby=\"caption-attachment-39288\" style=\"width: 3840px\" class=\"wp-caption aligncenter\"><img decoding=\"async\" class=\"wp-image-39288 size-full\" src=\"https:\/\/mouldking.store\/wp-content\/uploads\/2023\/01\/Central-Station-V2-MOC-109869-3.jpg\" alt=\"MOC-109869 Central Station V2 With 6820 Pieces\" width=\"3840\" height=\"2160\" title=\"-\"><figcaption id=\"caption-attachment-39288\" class=\"wp-caption-text\">MOC-109869 Estaci\u00f3n central V2 con 6820 piezas<\/figcaption><\/figure>\n<figure id=\"attachment_39289\" aria-describedby=\"caption-attachment-39289\" style=\"width: 3840px\" class=\"wp-caption aligncenter\"><img loading=\"lazy\" decoding=\"async\" class=\"wp-image-39289 size-full\" src=\"https:\/\/mouldking.store\/wp-content\/uploads\/2023\/01\/Central-Station-V2-MOC-109869-4.jpg\" alt=\"MOC-109869 Central Station V2 With 6820 Pieces\" width=\"3840\" height=\"2160\" title=\"-\"><figcaption id=\"caption-attachment-39289\" class=\"wp-caption-text\">MOC-109869 Estaci\u00f3n central V2 con 6820 piezas<\/figcaption><\/figure>\n<figure id=\"attachment_39290\" aria-describedby=\"caption-attachment-39290\" style=\"width: 3840px\" class=\"wp-caption aligncenter\"><img loading=\"lazy\" decoding=\"async\" class=\"wp-image-39290 size-full\" src=\"https:\/\/mouldking.store\/wp-content\/uploads\/2023\/01\/Central-Station-V2-MOC-109869-5.jpg\" alt=\"MOC-109869 Central Station V2 With 6820 Pieces\" width=\"3840\" height=\"2160\" title=\"-\"><figcaption id=\"caption-attachment-39290\" class=\"wp-caption-text\">MOC-109869 Estaci\u00f3n central V2 con 6820 piezas<\/figcaption><\/figure>\n<figure id=\"attachment_39291\" aria-describedby=\"caption-attachment-39291\" style=\"width: 3840px\" class=\"wp-caption aligncenter\"><img loading=\"lazy\" decoding=\"async\" class=\"wp-image-39291 size-full\" src=\"https:\/\/mouldking.store\/wp-content\/uploads\/2023\/01\/Central-Station-V2-MOC-109869-6.jpg\" alt=\"MOC-109869 Central Station V2 With 6820 Pieces\" width=\"3840\" height=\"2160\" title=\"-\"><figcaption id=\"caption-attachment-39291\" class=\"wp-caption-text\">MOC-109869 Estaci\u00f3n central V2 con 6820 piezas<\/figcaption><\/figure>\n<figure id=\"attachment_39292\" aria-describedby=\"caption-attachment-39292\" style=\"width: 3840px\" class=\"wp-caption aligncenter\"><img loading=\"lazy\" decoding=\"async\" class=\"wp-image-39292 size-full\" src=\"https:\/\/mouldking.store\/wp-content\/uploads\/2023\/01\/Central-Station-V2-MOC-109869-7.jpg\" alt=\"MOC-109869 Central Station V2 With 6820 Pieces\" width=\"3840\" height=\"2160\" title=\"-\"><figcaption id=\"caption-attachment-39292\" class=\"wp-caption-text\">MOC-109869 Estaci\u00f3n central V2 con 6820 piezas<\/figcaption><\/figure>","protected":false},"excerpt":{"rendered":"<p>Instrucciones de construcci\u00f3n en PDF<\/p>\n<p>Sin Caja Original<\/p>\n<p>Organizar el tiempo: 4-8 semanas<\/p>","protected":false},"featured_media":39286,"comment_status":"closed","ping_status":"closed","template":"","meta":{"_acf_changed":false},"product_cat":[1395,390],"product_tag":[10619,10620,430,10618,10621,10617,2309],"class_list":["product","first","instock","shipping-taxable","purchasable","product-type-simple"],"acf":[],"_links":{"self":[{"href":"https:\/\/mouldking.store\/es\/wp-json\/wp\/v2\/product\/39285","targetHints":{"allow":["GET"]}}],"collection":[{"href":"https:\/\/mouldking.store\/es\/wp-json\/wp\/v2\/product"}],"about":[{"href":"https:\/\/mouldking.store\/es\/wp-json\/wp\/v2\/types\/product"}],"replies":[{"embeddable":true,"href":"https:\/\/mouldking.store\/es\/wp-json\/wp\/v2\/comments?post=39285"}],"wp:featuredmedia":[{"embeddable":true,"href":"https:\/\/mouldking.store\/es\/wp-json\/wp\/v2\/media\/39286"}],"wp:attachment":[{"href":"https:\/\/mouldking.store\/es\/wp-json\/wp\/v2\/media?parent=39285"}],"wp:term":[{"taxonomy":"product_cat","embeddable":true,"href":"https:\/\/mouldking.store\/es\/wp-json\/wp\/v2\/product_cat?post=39285"},{"taxonomy":"product_tag","embeddable":true,"href":"https:\/\/mouldking.store\/es\/wp-json\/wp\/v2\/product_tag?post=39285"}],"curies":[{"name":"wp","href":"https:\/\/api.w.org\/{rel}","templated":true}]}}