{"id":39321,"date":"2023-01-03T15:19:03","date_gmt":"2023-01-03T08:19:03","guid":{"rendered":"https:\/\/mouldking.store\/?post_type=product&#038;p=39321"},"modified":"2025-12-25T09:11:53","modified_gmt":"2025-12-25T02:11:53","slug":"moc-122473-dexters-diner-with-621-pieces","status":"publish","type":"product","link":"https:\/\/mouldking.store\/es\/shop\/moc-122473-dexters-diner-with-621-pieces\/","title":{"rendered":"MOC-122473 Diner de Dexter con 621 piezas"},"content":{"rendered":"<ol>\n<li>Marca: MOC<\/li>\n<li>G\u00e9nero: Unisex<\/li>\n<li>Name: Dexter`s Diner<\/li>\n<li>Rango de edad: &gt; 6 a\u00f1os<\/li>\n<li>Model Number: 122473<\/li>\n<li>Clasificaci\u00f3n: Ensamblaje<\/li>\n<li>Forma de bloque de pl\u00e1stico: Ladrillos autoblocantes<\/li>\n<li>Material: Pl\u00e1stico<\/li>\n<li>Tipo de pl\u00e1stico: ABS<\/li>\n<li>Bricks Blocks:621 PCS<\/li>\n<li>Contiene instrucciones de montaje detalladas.<\/li>\n<\/ol>\n<p>Aviso:<br \/>\n1. Sin caja original, pero garantizamos que nuestros productos tienen garant\u00eda de calidad y un buen embalaje.<br \/>\n2. Como todas las piezas que hemos comprobado antes del env\u00edo, si encuentra que faltan piezas o est\u00e1n da\u00f1adas, no se preocupe y p\u00f3ngase en contacto con nosotros y podemos reenvi\u00e1rselas inmediatamente de forma gratuita.<\/p>\n<figure id=\"attachment_39322\" aria-describedby=\"caption-attachment-39322\" style=\"width: 1004px\" class=\"wp-caption aligncenter\"><img fetchpriority=\"high\" decoding=\"async\" class=\"wp-image-39322 size-full\" src=\"https:\/\/mouldking.store\/wp-content\/uploads\/2023\/01\/MOC-122473-Star-Wars-Dexters-Diner-MOC-FACTORY.png\" alt=\"MOC-122473 Dexter&#096;s Diner With 621 Pieces \" width=\"1004\" height=\"1004\" title=\"-\"><figcaption id=\"caption-attachment-39322\" class=\"wp-caption-text\">MOC-122473 Diner de Dexter con 621 piezas<\/figcaption><\/figure>\n<figure id=\"attachment_39323\" aria-describedby=\"caption-attachment-39323\" style=\"width: 1000px\" class=\"wp-caption aligncenter\"><img decoding=\"async\" class=\"wp-image-39323 size-full\" src=\"https:\/\/mouldking.store\/wp-content\/uploads\/2023\/01\/Dexters-Diner-MOC-122473-2.png\" alt=\"MOC-122473 Dexter&#096;s Diner With 621 Pieces \" width=\"1000\" height=\"750\" title=\"-\"><figcaption id=\"caption-attachment-39323\" class=\"wp-caption-text\">MOC-122473 Diner de Dexter con 621 piezas<\/figcaption><\/figure>\n<figure id=\"attachment_39324\" aria-describedby=\"caption-attachment-39324\" style=\"width: 800px\" class=\"wp-caption aligncenter\"><img decoding=\"async\" class=\"wp-image-39324 size-full\" src=\"https:\/\/mouldking.store\/wp-content\/uploads\/2023\/01\/Dexters-Diner-MOC-122473-3.png\" alt=\"MOC-122473 Dexter&#096;s Diner With 621 Pieces \" width=\"800\" height=\"600\" title=\"-\"><figcaption id=\"caption-attachment-39324\" class=\"wp-caption-text\">MOC-122473 Diner de Dexter con 621 piezas<\/figcaption><\/figure>\n<figure id=\"attachment_39325\" aria-describedby=\"caption-attachment-39325\" style=\"width: 800px\" class=\"wp-caption aligncenter\"><img loading=\"lazy\" decoding=\"async\" class=\"wp-image-39325 size-full\" src=\"https:\/\/mouldking.store\/wp-content\/uploads\/2023\/01\/Dexters-Diner-MOC-122473-4.png\" alt=\"MOC-122473 Dexter&#096;s Diner With 621 Pieces \" width=\"800\" height=\"600\" title=\"-\"><figcaption id=\"caption-attachment-39325\" class=\"wp-caption-text\">MOC-122473 Diner de Dexter con 621 piezas<\/figcaption><\/figure>","protected":false},"excerpt":{"rendered":"<p>Instrucciones de construcci\u00f3n en PDF<\/p>\n<p>Sin Caja Original<\/p>\n<p>Organizar el tiempo: 4-8 semanas<\/p>","protected":false},"featured_media":39322,"comment_status":"closed","ping_status":"closed","template":"","meta":{"_acf_changed":false},"product_cat":[415],"product_tag":[10652,10654,10653,430,10651,10655,10650],"class_list":["product","first","instock","shipping-taxable","purchasable","product-type-simple"],"acf":[],"_links":{"self":[{"href":"https:\/\/mouldking.store\/es\/wp-json\/wp\/v2\/product\/39321","targetHints":{"allow":["GET"]}}],"collection":[{"href":"https:\/\/mouldking.store\/es\/wp-json\/wp\/v2\/product"}],"about":[{"href":"https:\/\/mouldking.store\/es\/wp-json\/wp\/v2\/types\/product"}],"replies":[{"embeddable":true,"href":"https:\/\/mouldking.store\/es\/wp-json\/wp\/v2\/comments?post=39321"}],"wp:featuredmedia":[{"embeddable":true,"href":"https:\/\/mouldking.store\/es\/wp-json\/wp\/v2\/media\/39322"}],"wp:attachment":[{"href":"https:\/\/mouldking.store\/es\/wp-json\/wp\/v2\/media?parent=39321"}],"wp:term":[{"taxonomy":"product_cat","embeddable":true,"href":"https:\/\/mouldking.store\/es\/wp-json\/wp\/v2\/product_cat?post=39321"},{"taxonomy":"product_tag","embeddable":true,"href":"https:\/\/mouldking.store\/es\/wp-json\/wp\/v2\/product_tag?post=39321"}],"curies":[{"name":"wp","href":"https:\/\/api.w.org\/{rel}","templated":true}]}}