{"id":39331,"date":"2023-01-03T15:33:06","date_gmt":"2023-01-03T08:33:06","guid":{"rendered":"https:\/\/mouldking.store\/?post_type=product&#038;p=39331"},"modified":"2025-12-25T09:11:50","modified_gmt":"2025-12-25T02:11:50","slug":"moc-45221-imperial-hangar-display-with-5288-pieces","status":"publish","type":"product","link":"https:\/\/mouldking.store\/es\/shop\/moc-45221-imperial-hangar-display-with-5288-pieces\/","title":{"rendered":"MOC-45221 Exhibici\u00f3n de hangar imperial con 5288 piezas"},"content":{"rendered":"<ol>\n<li>Marca: MOC<\/li>\n<li>G\u00e9nero: Unisex<\/li>\n<li>Nombre: Exhibici\u00f3n imperial del hangar<\/li>\n<li>Rango de edad: &gt; 6 a\u00f1os<\/li>\n<li>N\u00famero de modelo: 45221<\/li>\n<li>Clasificaci\u00f3n: Ensamblaje<\/li>\n<li>Forma de bloque de pl\u00e1stico: Ladrillos autoblocantes<\/li>\n<li>Material: Pl\u00e1stico<\/li>\n<li>Tipo de pl\u00e1stico: ABS<\/li>\n<li>Bloques de ladrillos: 5288PCS<\/li>\n<li>Contiene instrucciones de montaje detalladas.<\/li>\n<\/ol>\n<p>Aviso:<br \/>\n1. Sin caja original, pero garantizamos que nuestros productos tienen garant\u00eda de calidad y un buen embalaje.<br \/>\n2. Como todas las piezas que hemos comprobado antes del env\u00edo, si encuentra que faltan piezas o est\u00e1n da\u00f1adas, no se preocupe y p\u00f3ngase en contacto con nosotros y podemos reenvi\u00e1rselas inmediatamente de forma gratuita.<\/p>\n<figure id=\"attachment_39332\" aria-describedby=\"caption-attachment-39332\" style=\"width: 1004px\" class=\"wp-caption aligncenter\"><img fetchpriority=\"high\" decoding=\"async\" class=\"wp-image-39332 size-full\" src=\"https:\/\/mouldking.store\/wp-content\/uploads\/2023\/01\/MOC-45221-Star-Wars-Imperial-Hangar-Display-MOC-FACTORY.png\" alt=\"MOC-45221 Imperial Hangar Display With 5288 Pieces\" width=\"1004\" height=\"1004\" title=\"-\"><figcaption id=\"caption-attachment-39332\" class=\"wp-caption-text\">MOC-45221 Exhibici\u00f3n de hangar imperial con 5288 piezas<\/figcaption><\/figure>\n<figure id=\"attachment_39333\" aria-describedby=\"caption-attachment-39333\" style=\"width: 1000px\" class=\"wp-caption aligncenter\"><img decoding=\"async\" class=\"wp-image-39333 size-full\" src=\"https:\/\/mouldking.store\/wp-content\/uploads\/2023\/01\/Imperial-Hangar-Display-MOC-45221-2.png\" alt=\"MOC-45221 Imperial Hangar Display With 5288 Pieces\" width=\"1000\" height=\"562\" title=\"-\"><figcaption id=\"caption-attachment-39333\" class=\"wp-caption-text\">MOC-45221 Exhibici\u00f3n de hangar imperial con 5288 piezas<\/figcaption><\/figure>\n<figure id=\"attachment_39334\" aria-describedby=\"caption-attachment-39334\" style=\"width: 1920px\" class=\"wp-caption aligncenter\"><img decoding=\"async\" class=\"wp-image-39334 size-full\" src=\"https:\/\/mouldking.store\/wp-content\/uploads\/2023\/01\/Imperial-Hangar-Display-MOC-45221-3.png\" alt=\"MOC-45221 Imperial Hangar Display With 5288 Pieces\" width=\"1920\" height=\"1080\" title=\"-\"><figcaption id=\"caption-attachment-39334\" class=\"wp-caption-text\">MOC-45221 Exhibici\u00f3n de hangar imperial con 5288 piezas<\/figcaption><\/figure>\n<figure id=\"attachment_39335\" aria-describedby=\"caption-attachment-39335\" style=\"width: 1920px\" class=\"wp-caption aligncenter\"><img loading=\"lazy\" decoding=\"async\" class=\"wp-image-39335 size-full\" src=\"https:\/\/mouldking.store\/wp-content\/uploads\/2023\/01\/Imperial-Hangar-Display-MOC-45221-4.png\" alt=\"MOC-45221 Imperial Hangar Display With 5288 Pieces\" width=\"1920\" height=\"1080\" title=\"-\"><figcaption id=\"caption-attachment-39335\" class=\"wp-caption-text\">MOC-45221 Exhibici\u00f3n de hangar imperial con 5288 piezas<\/figcaption><\/figure>\n<figure id=\"attachment_39336\" aria-describedby=\"caption-attachment-39336\" style=\"width: 1920px\" class=\"wp-caption aligncenter\"><img loading=\"lazy\" decoding=\"async\" class=\"wp-image-39336 size-full\" src=\"https:\/\/mouldking.store\/wp-content\/uploads\/2023\/01\/Imperial-Hangar-Display-MOC-45221-5.png\" alt=\"MOC-45221 Imperial Hangar Display With 5288 Pieces\" width=\"1920\" height=\"1080\" title=\"-\"><figcaption id=\"caption-attachment-39336\" class=\"wp-caption-text\">MOC-45221 Exhibici\u00f3n de hangar imperial con 5288 piezas<\/figcaption><\/figure>\n<figure id=\"attachment_39337\" aria-describedby=\"caption-attachment-39337\" style=\"width: 1920px\" class=\"wp-caption aligncenter\"><img loading=\"lazy\" decoding=\"async\" class=\"wp-image-39337 size-full\" src=\"https:\/\/mouldking.store\/wp-content\/uploads\/2023\/01\/Imperial-Hangar-Display-MOC-45221-6.png\" alt=\"MOC-45221 Imperial Hangar Display With 5288 Pieces\" width=\"1920\" height=\"1080\" title=\"-\"><figcaption id=\"caption-attachment-39337\" class=\"wp-caption-text\">MOC-45221 Exhibici\u00f3n de hangar imperial con 5288 piezas<\/figcaption><\/figure>","protected":false},"excerpt":{"rendered":"<p>Instrucciones de construcci\u00f3n en PDF<\/p>\n<p>Sin Caja Original<\/p>\n<p>Organizar el tiempo: 4-8 semanas<\/p>","protected":false},"featured_media":39332,"comment_status":"closed","ping_status":"closed","template":"","meta":{"_acf_changed":false},"product_cat":[15],"product_tag":[10665,10664,8443,10666,430,10663,10667,10662],"class_list":["product","first","instock","shipping-taxable","purchasable","product-type-simple"],"acf":[],"_links":{"self":[{"href":"https:\/\/mouldking.store\/es\/wp-json\/wp\/v2\/product\/39331","targetHints":{"allow":["GET"]}}],"collection":[{"href":"https:\/\/mouldking.store\/es\/wp-json\/wp\/v2\/product"}],"about":[{"href":"https:\/\/mouldking.store\/es\/wp-json\/wp\/v2\/types\/product"}],"replies":[{"embeddable":true,"href":"https:\/\/mouldking.store\/es\/wp-json\/wp\/v2\/comments?post=39331"}],"wp:featuredmedia":[{"embeddable":true,"href":"https:\/\/mouldking.store\/es\/wp-json\/wp\/v2\/media\/39332"}],"wp:attachment":[{"href":"https:\/\/mouldking.store\/es\/wp-json\/wp\/v2\/media?parent=39331"}],"wp:term":[{"taxonomy":"product_cat","embeddable":true,"href":"https:\/\/mouldking.store\/es\/wp-json\/wp\/v2\/product_cat?post=39331"},{"taxonomy":"product_tag","embeddable":true,"href":"https:\/\/mouldking.store\/es\/wp-json\/wp\/v2\/product_tag?post=39331"}],"curies":[{"name":"wp","href":"https:\/\/api.w.org\/{rel}","templated":true}]}}