{"id":39422,"date":"2023-01-03T17:41:06","date_gmt":"2023-01-03T10:41:06","guid":{"rendered":"https:\/\/mouldking.store\/?post_type=product&#038;p=39422"},"modified":"2025-12-25T09:11:49","modified_gmt":"2025-12-25T02:11:49","slug":"moc-89507-the-architects-house-with-3163-pieces","status":"publish","type":"product","link":"https:\/\/mouldking.store\/es\/shop\/moc-89507-the-architects-house-with-3163-pieces\/","title":{"rendered":"MOC-89507 La casa del arquitecto con 3163 piezas"},"content":{"rendered":"<ol>\n<li>Marca: MOC<\/li>\n<li>G\u00e9nero: Unisex<\/li>\n<li>Name: The Architect\u2019s House<\/li>\n<li>Rango de edad: &gt; 6 a\u00f1os<\/li>\n<li>Model Number: 89507<\/li>\n<li>Clasificaci\u00f3n: Ensamblaje<\/li>\n<li>Forma de bloque de pl\u00e1stico: Ladrillos autoblocantes<\/li>\n<li>Material: Pl\u00e1stico<\/li>\n<li>Tipo de pl\u00e1stico: ABS<\/li>\n<li>Bricks Blocks:3163PCS<\/li>\n<li>Size: 49 x 32.8 x 25.1 cm<\/li>\n<li>Peso: 0,35 kg<\/li>\n<li>Contiene instrucciones de montaje detalladas.<\/li>\n<\/ol>\n<p>Aviso:<br \/>\n1. Sin caja original, pero garantizamos que nuestros productos tienen garant\u00eda de calidad y un buen embalaje.<br \/>\n2. Como todas las piezas que hemos comprobado antes del env\u00edo, si encuentra que faltan piezas o est\u00e1n da\u00f1adas, no se preocupe y p\u00f3ngase en contacto con nosotros y podemos reenvi\u00e1rselas inmediatamente de forma gratuita.<\/p>\n<figure id=\"attachment_39424\" aria-describedby=\"caption-attachment-39424\" style=\"width: 1004px\" class=\"wp-caption aligncenter\"><img fetchpriority=\"high\" decoding=\"async\" class=\"wp-image-39424 size-full\" src=\"https:\/\/mouldking.store\/wp-content\/uploads\/2023\/01\/MOC-89507-Creator-The-Architects-House-MOC-FACTORY.png\" alt=\"MOC-89507 The Architect\u2019s House With 3163 Pieces\" width=\"1004\" height=\"1004\" title=\"-\"><figcaption id=\"caption-attachment-39424\" class=\"wp-caption-text\">MOC-89507 La casa del arquitecto con 3163 piezas<\/figcaption><\/figure>\n<figure id=\"attachment_39425\" aria-describedby=\"caption-attachment-39425\" style=\"width: 1000px\" class=\"wp-caption aligncenter\"><img decoding=\"async\" class=\"wp-image-39425 size-full\" src=\"https:\/\/mouldking.store\/wp-content\/uploads\/2023\/01\/The-Architects-House-MOC-89507-13.jpg\" alt=\"MOC-89507 The Architect\u2019s House With 3163 Pieces\" width=\"1000\" height=\"1000\" title=\"-\"><figcaption id=\"caption-attachment-39425\" class=\"wp-caption-text\">MOC-89507 La casa del arquitecto con 3163 piezas<\/figcaption><\/figure>\n<figure id=\"attachment_39426\" aria-describedby=\"caption-attachment-39426\" style=\"width: 1000px\" class=\"wp-caption aligncenter\"><img decoding=\"async\" class=\"wp-image-39426 size-full\" src=\"https:\/\/mouldking.store\/wp-content\/uploads\/2023\/01\/The-Architects-House-MOC-89507-12.jpg\" alt=\"MOC-89507 The Architect\u2019s House With 3163 Pieces\" width=\"1000\" height=\"1000\" title=\"-\"><figcaption id=\"caption-attachment-39426\" class=\"wp-caption-text\">MOC-89507 La casa del arquitecto con 3163 piezas<\/figcaption><\/figure>\n<figure id=\"attachment_39427\" aria-describedby=\"caption-attachment-39427\" style=\"width: 1000px\" class=\"wp-caption aligncenter\"><img loading=\"lazy\" decoding=\"async\" class=\"wp-image-39427 size-full\" src=\"https:\/\/mouldking.store\/wp-content\/uploads\/2023\/01\/The-Architects-House-MOC-89507-11.jpg\" alt=\"MOC-89507 The Architect\u2019s House With 3163 Pieces\" width=\"1000\" height=\"1000\" title=\"-\"><figcaption id=\"caption-attachment-39427\" class=\"wp-caption-text\">MOC-89507 La casa del arquitecto con 3163 piezas<\/figcaption><\/figure>\n<figure id=\"attachment_39428\" aria-describedby=\"caption-attachment-39428\" style=\"width: 1000px\" class=\"wp-caption aligncenter\"><img loading=\"lazy\" decoding=\"async\" class=\"wp-image-39428 size-full\" src=\"https:\/\/mouldking.store\/wp-content\/uploads\/2023\/01\/The-Architects-House-MOC-89507-10.jpg\" alt=\"MOC-89507 The Architect\u2019s House With 3163 Pieces\" width=\"1000\" height=\"1000\" title=\"-\"><figcaption id=\"caption-attachment-39428\" class=\"wp-caption-text\">MOC-89507 La casa del arquitecto con 3163 piezas<\/figcaption><\/figure>\n<figure id=\"attachment_39429\" aria-describedby=\"caption-attachment-39429\" style=\"width: 1000px\" class=\"wp-caption aligncenter\"><img loading=\"lazy\" decoding=\"async\" class=\"wp-image-39429 size-full\" src=\"https:\/\/mouldking.store\/wp-content\/uploads\/2023\/01\/The-Architects-House-MOC-89507-9.jpg\" alt=\"MOC-89507 The Architect\u2019s House With 3163 Pieces\" width=\"1000\" height=\"1000\" title=\"-\"><figcaption id=\"caption-attachment-39429\" class=\"wp-caption-text\">MOC-89507 La casa del arquitecto con 3163 piezas<\/figcaption><\/figure>\n<figure id=\"attachment_39430\" aria-describedby=\"caption-attachment-39430\" style=\"width: 1000px\" class=\"wp-caption aligncenter\"><img loading=\"lazy\" decoding=\"async\" class=\"wp-image-39430 size-full\" src=\"https:\/\/mouldking.store\/wp-content\/uploads\/2023\/01\/The-Architects-House-MOC-89507-8.jpg\" alt=\"MOC-89507 The Architect\u2019s House With 3163 Pieces\" width=\"1000\" height=\"1000\" title=\"-\"><figcaption id=\"caption-attachment-39430\" class=\"wp-caption-text\">MOC-89507 La casa del arquitecto con 3163 piezas<\/figcaption><\/figure>\n<figure id=\"attachment_39431\" aria-describedby=\"caption-attachment-39431\" style=\"width: 1000px\" class=\"wp-caption aligncenter\"><img loading=\"lazy\" decoding=\"async\" class=\"wp-image-39431 size-full\" src=\"https:\/\/mouldking.store\/wp-content\/uploads\/2023\/01\/The-Architects-House-MOC-89507-7.jpg\" alt=\"MOC-89507 The Architect\u2019s House With 3163 Pieces\" width=\"1000\" height=\"1000\" title=\"-\"><figcaption id=\"caption-attachment-39431\" class=\"wp-caption-text\">MOC-89507 La casa del arquitecto con 3163 piezas<\/figcaption><\/figure>\n<figure id=\"attachment_39432\" aria-describedby=\"caption-attachment-39432\" style=\"width: 1000px\" class=\"wp-caption aligncenter\"><img loading=\"lazy\" decoding=\"async\" class=\"wp-image-39432 size-full\" src=\"https:\/\/mouldking.store\/wp-content\/uploads\/2023\/01\/The-Architects-House-MOC-89507-6.jpg\" alt=\"MOC-89507 The Architect\u2019s House With 3163 Pieces\" width=\"1000\" height=\"1000\" title=\"-\"><figcaption id=\"caption-attachment-39432\" class=\"wp-caption-text\">MOC-89507 La casa del arquitecto con 3163 piezas<\/figcaption><\/figure>\n<figure id=\"attachment_39433\" aria-describedby=\"caption-attachment-39433\" style=\"width: 1000px\" class=\"wp-caption aligncenter\"><img loading=\"lazy\" decoding=\"async\" class=\"wp-image-39433 size-full\" src=\"https:\/\/mouldking.store\/wp-content\/uploads\/2023\/01\/The-Architects-House-MOC-89507-5.jpg\" alt=\"MOC-89507 The Architect\u2019s House With 3163 Pieces\" width=\"1000\" height=\"1000\" title=\"-\"><figcaption id=\"caption-attachment-39433\" class=\"wp-caption-text\">MOC-89507 La casa del arquitecto con 3163 piezas<\/figcaption><\/figure>\n<figure id=\"attachment_39434\" aria-describedby=\"caption-attachment-39434\" style=\"width: 1000px\" class=\"wp-caption aligncenter\"><img loading=\"lazy\" decoding=\"async\" class=\"wp-image-39434 size-full\" src=\"https:\/\/mouldking.store\/wp-content\/uploads\/2023\/01\/The-Architects-House-MOC-89507-4.jpg\" alt=\"MOC-89507 The Architect\u2019s House With 3163 Pieces\" width=\"1000\" height=\"1000\" title=\"-\"><figcaption id=\"caption-attachment-39434\" class=\"wp-caption-text\">MOC-89507 La casa del arquitecto con 3163 piezas<\/figcaption><\/figure>\n<figure id=\"attachment_39435\" aria-describedby=\"caption-attachment-39435\" style=\"width: 1000px\" class=\"wp-caption aligncenter\"><img loading=\"lazy\" decoding=\"async\" class=\"wp-image-39435 size-full\" src=\"https:\/\/mouldking.store\/wp-content\/uploads\/2023\/01\/The-Architects-House-MOC-89507-3.jpg\" alt=\"MOC-89507 The Architect\u2019s House With 3163 Pieces\" width=\"1000\" height=\"1000\" title=\"-\"><figcaption id=\"caption-attachment-39435\" class=\"wp-caption-text\">MOC-89507 La casa del arquitecto con 3163 piezas<\/figcaption><\/figure>\n<figure id=\"attachment_39436\" aria-describedby=\"caption-attachment-39436\" style=\"width: 1000px\" class=\"wp-caption aligncenter\"><img loading=\"lazy\" decoding=\"async\" class=\"wp-image-39436 size-full\" src=\"https:\/\/mouldking.store\/wp-content\/uploads\/2023\/01\/The-Architects-House-MOC-89507-2.jpg\" alt=\"MOC-89507 The Architect\u2019s House With 3163 Pieces\" width=\"1000\" height=\"1000\" title=\"-\"><figcaption id=\"caption-attachment-39436\" class=\"wp-caption-text\">MOC-89507 La casa del arquitecto con 3163 piezas<\/figcaption><\/figure>","protected":false},"excerpt":{"rendered":"<p>Brand: MOC Gender: Unisex Name: The Architect\u2019s House Age Range: &gt; 6 years old Model Number: 89507 Classification: Assemblage Plastic Block Shape: Self-Locking Bricks Material: Plastic Plastic Type: ABS Bricks Blocks:3163PCS Size: 49 x 32.8 x 25.1 cm Weight:0.35 kg Contains detailed assembly instructions. Notice: 1. Without an original box, but we guarantee our products [&hellip;]<\/p>","protected":false},"featured_media":39424,"comment_status":"closed","ping_status":"closed","template":"","meta":{"_acf_changed":false},"product_cat":[1365,1406,371],"product_tag":[10759,2318,430,10758,10761,10757,10760],"class_list":["product","first","instock","shipping-taxable","purchasable","product-type-simple"],"acf":[],"_links":{"self":[{"href":"https:\/\/mouldking.store\/es\/wp-json\/wp\/v2\/product\/39422","targetHints":{"allow":["GET"]}}],"collection":[{"href":"https:\/\/mouldking.store\/es\/wp-json\/wp\/v2\/product"}],"about":[{"href":"https:\/\/mouldking.store\/es\/wp-json\/wp\/v2\/types\/product"}],"replies":[{"embeddable":true,"href":"https:\/\/mouldking.store\/es\/wp-json\/wp\/v2\/comments?post=39422"}],"wp:featuredmedia":[{"embeddable":true,"href":"https:\/\/mouldking.store\/es\/wp-json\/wp\/v2\/media\/39424"}],"wp:attachment":[{"href":"https:\/\/mouldking.store\/es\/wp-json\/wp\/v2\/media?parent=39422"}],"wp:term":[{"taxonomy":"product_cat","embeddable":true,"href":"https:\/\/mouldking.store\/es\/wp-json\/wp\/v2\/product_cat?post=39422"},{"taxonomy":"product_tag","embeddable":true,"href":"https:\/\/mouldking.store\/es\/wp-json\/wp\/v2\/product_tag?post=39422"}],"curies":[{"name":"wp","href":"https:\/\/api.w.org\/{rel}","templated":true}]}}