{"id":39449,"date":"2023-01-03T17:57:20","date_gmt":"2023-01-03T10:57:20","guid":{"rendered":"https:\/\/mouldking.store\/?post_type=product&#038;p=39449"},"modified":"2025-12-25T09:11:49","modified_gmt":"2025-12-25T02:11:49","slug":"moc-119970-b-29-superfortress-135-scale-wwii-long-range-bomber-with-3096-pieces","status":"publish","type":"product","link":"https:\/\/mouldking.store\/es\/shop\/moc-119970-b-29-superfortress-135-scale-wwii-long-range-bomber-with-3096-pieces\/","title":{"rendered":"MOC-119970 B-29 Superfortress Bombardero de largo alcance de la Segunda Guerra Mundial a escala 1:35 con 3096 piezas"},"content":{"rendered":"<ol>\n<li>Marca: MOC<\/li>\n<li>G\u00e9nero: Unisex<\/li>\n<li>Name: B-29 Superfortress 1:35 Scale WWII Long-Range Bomber<\/li>\n<li>Rango de edad: &gt; 6 a\u00f1os<\/li>\n<li>Model Number: 119970<\/li>\n<li>Clasificaci\u00f3n: Ensamblaje<\/li>\n<li>Forma de bloque de pl\u00e1stico: Ladrillos autoblocantes<\/li>\n<li>Material: Pl\u00e1stico<\/li>\n<li>Tipo de pl\u00e1stico: ABS<\/li>\n<li>Bricks Blocks:3096 PCS<\/li>\n<li>Size: 112 x 80 x 25 cm<\/li>\n<li>Contiene instrucciones de montaje detalladas.<\/li>\n<\/ol>\n<p>Aviso:<br \/>\n1. Sin caja original, pero garantizamos que nuestros productos tienen garant\u00eda de calidad y un buen embalaje.<br \/>\n2. Como todas las piezas que hemos comprobado antes del env\u00edo, si encuentra que faltan piezas o est\u00e1n da\u00f1adas, no se preocupe y p\u00f3ngase en contacto con nosotros y podemos reenvi\u00e1rselas inmediatamente de forma gratuita.<\/p>\n<figure id=\"attachment_39450\" aria-describedby=\"caption-attachment-39450\" style=\"width: 1004px\" class=\"wp-caption aligncenter\"><img fetchpriority=\"high\" decoding=\"async\" class=\"wp-image-39450 size-full\" src=\"https:\/\/mouldking.store\/wp-content\/uploads\/2023\/01\/MOC-119970-Military-B-29-Superfortress.png\" alt=\"MOC-119970 B-29 Superfortress 1:35 Scale WWII Long-Range Bomber With 3096 Pieces\" width=\"1004\" height=\"1004\" title=\"-\"><figcaption id=\"caption-attachment-39450\" class=\"wp-caption-text\">MOC-119970 B-29 Superfortress Bombardero de largo alcance de la Segunda Guerra Mundial a escala 1:35 con 3096 piezas<\/figcaption><\/figure>\n<figure id=\"attachment_39451\" aria-describedby=\"caption-attachment-39451\" style=\"width: 800px\" class=\"wp-caption aligncenter\"><img decoding=\"async\" class=\"wp-image-39451 size-full\" src=\"https:\/\/mouldking.store\/wp-content\/uploads\/2023\/01\/B-29-Superfortress-1.jpg\" alt=\"MOC-119970 B-29 Superfortress 1:35 Scale WWII Long-Range Bomber With 3096 Pieces\" width=\"800\" height=\"800\" title=\"-\"><figcaption id=\"caption-attachment-39451\" class=\"wp-caption-text\">MOC-119970 B-29 Superfortress Bombardero de largo alcance de la Segunda Guerra Mundial a escala 1:35 con 3096 piezas<\/figcaption><\/figure>\n<figure id=\"attachment_39452\" aria-describedby=\"caption-attachment-39452\" style=\"width: 800px\" class=\"wp-caption aligncenter\"><img decoding=\"async\" class=\"wp-image-39452 size-full\" src=\"https:\/\/mouldking.store\/wp-content\/uploads\/2023\/01\/B-29-Superfortress-2.jpg\" alt=\"MOC-119970 B-29 Superfortress 1:35 Scale WWII Long-Range Bomber With 3096 Pieces\" width=\"800\" height=\"800\" title=\"-\"><figcaption id=\"caption-attachment-39452\" class=\"wp-caption-text\">MOC-119970 B-29 Superfortress Bombardero de largo alcance de la Segunda Guerra Mundial a escala 1:35 con 3096 piezas<\/figcaption><\/figure>\n<figure id=\"attachment_39453\" aria-describedby=\"caption-attachment-39453\" style=\"width: 800px\" class=\"wp-caption aligncenter\"><img loading=\"lazy\" decoding=\"async\" class=\"wp-image-39453 size-full\" src=\"https:\/\/mouldking.store\/wp-content\/uploads\/2023\/01\/B-29-Superfortress-3.jpg\" alt=\"MOC-119970 B-29 Superfortress 1:35 Scale WWII Long-Range Bomber With 3096 Pieces\" width=\"800\" height=\"800\" title=\"-\"><figcaption id=\"caption-attachment-39453\" class=\"wp-caption-text\">MOC-119970 B-29 Superfortress Bombardero de largo alcance de la Segunda Guerra Mundial a escala 1:35 con 3096 piezas<\/figcaption><\/figure>\n<figure id=\"attachment_39454\" aria-describedby=\"caption-attachment-39454\" style=\"width: 800px\" class=\"wp-caption aligncenter\"><img loading=\"lazy\" decoding=\"async\" class=\"wp-image-39454 size-full\" src=\"https:\/\/mouldking.store\/wp-content\/uploads\/2023\/01\/B-29-Superfortress-4.jpg\" alt=\"MOC-119970 B-29 Superfortress 1:35 Scale WWII Long-Range Bomber With 3096 Pieces\" width=\"800\" height=\"800\" title=\"-\"><figcaption id=\"caption-attachment-39454\" class=\"wp-caption-text\">MOC-119970 B-29 Superfortress Bombardero de largo alcance de la Segunda Guerra Mundial a escala 1:35 con 3096 piezas<\/figcaption><\/figure>\n<figure id=\"attachment_39455\" aria-describedby=\"caption-attachment-39455\" style=\"width: 800px\" class=\"wp-caption aligncenter\"><img loading=\"lazy\" decoding=\"async\" class=\"wp-image-39455 size-full\" src=\"https:\/\/mouldking.store\/wp-content\/uploads\/2023\/01\/B-29-Superfortress-5.jpg\" alt=\"MOC-119970 B-29 Superfortress 1:35 Scale WWII Long-Range Bomber With 3096 Pieces\" width=\"800\" height=\"800\" title=\"-\"><figcaption id=\"caption-attachment-39455\" class=\"wp-caption-text\">MOC-119970 B-29 Superfortress Bombardero de largo alcance de la Segunda Guerra Mundial a escala 1:35 con 3096 piezas<\/figcaption><\/figure>\n<figure id=\"attachment_39456\" aria-describedby=\"caption-attachment-39456\" style=\"width: 800px\" class=\"wp-caption aligncenter\"><img loading=\"lazy\" decoding=\"async\" class=\"wp-image-39456 size-full\" src=\"https:\/\/mouldking.store\/wp-content\/uploads\/2023\/01\/B-29-Superfortress-6.jpg\" alt=\"MOC-119970 B-29 Superfortress 1:35 Scale WWII Long-Range Bomber With 3096 Pieces\" width=\"800\" height=\"800\" title=\"-\"><figcaption id=\"caption-attachment-39456\" class=\"wp-caption-text\">MOC-119970 B-29 Superfortress Bombardero de largo alcance de la Segunda Guerra Mundial a escala 1:35 con 3096 piezas<\/figcaption><\/figure>\n<figure id=\"attachment_39457\" aria-describedby=\"caption-attachment-39457\" style=\"width: 800px\" class=\"wp-caption aligncenter\"><img loading=\"lazy\" decoding=\"async\" class=\"wp-image-39457 size-full\" src=\"https:\/\/mouldking.store\/wp-content\/uploads\/2023\/01\/B-29-Superfortress-7.jpg\" alt=\"MOC-119970 B-29 Superfortress 1:35 Scale WWII Long-Range Bomber With 3096 Pieces\" width=\"800\" height=\"800\" title=\"-\"><figcaption id=\"caption-attachment-39457\" class=\"wp-caption-text\">MOC-119970 B-29 Superfortress Bombardero de largo alcance de la Segunda Guerra Mundial a escala 1:35 con 3096 piezas<\/figcaption><\/figure>\n<figure id=\"attachment_39458\" aria-describedby=\"caption-attachment-39458\" style=\"width: 800px\" class=\"wp-caption aligncenter\"><img loading=\"lazy\" decoding=\"async\" class=\"wp-image-39458 size-full\" src=\"https:\/\/mouldking.store\/wp-content\/uploads\/2023\/01\/B-29-Superfortress-8.jpg\" alt=\"MOC-119970 B-29 Superfortress 1:35 Scale WWII Long-Range Bomber With 3096 Pieces\" width=\"800\" height=\"1523\" title=\"-\"><figcaption id=\"caption-attachment-39458\" class=\"wp-caption-text\">MOC-119970 B-29 Superfortress Bombardero de largo alcance de la Segunda Guerra Mundial a escala 1:35 con 3096 piezas<\/figcaption><\/figure>","protected":false},"excerpt":{"rendered":"<p>Brand: MOC Gender: Unisex Name: B-29 Superfortress 1:35 Scale WWII Long-Range Bomber Age Range: &gt; 6 years old Model Number: 119970 Classification: Assemblage Plastic Block Shape: Self-Locking Bricks Material: Plastic Plastic Type: ABS Bricks Blocks:3096 PCS Size: 112 x 80 x 25 cm Contains detailed assembly instructions. Notice: 1. Without an original box, but we [&hellip;]<\/p>","protected":false},"featured_media":39450,"comment_status":"closed","ping_status":"closed","template":"","meta":{"_acf_changed":false},"product_cat":[15],"product_tag":[10773,10777,10771,10778,10779,5533,10774,10775,430,10770,10780,10769,10772,3818,10776],"class_list":["product","first","instock","shipping-taxable","purchasable","product-type-simple"],"acf":[],"_links":{"self":[{"href":"https:\/\/mouldking.store\/es\/wp-json\/wp\/v2\/product\/39449","targetHints":{"allow":["GET"]}}],"collection":[{"href":"https:\/\/mouldking.store\/es\/wp-json\/wp\/v2\/product"}],"about":[{"href":"https:\/\/mouldking.store\/es\/wp-json\/wp\/v2\/types\/product"}],"replies":[{"embeddable":true,"href":"https:\/\/mouldking.store\/es\/wp-json\/wp\/v2\/comments?post=39449"}],"wp:featuredmedia":[{"embeddable":true,"href":"https:\/\/mouldking.store\/es\/wp-json\/wp\/v2\/media\/39450"}],"wp:attachment":[{"href":"https:\/\/mouldking.store\/es\/wp-json\/wp\/v2\/media?parent=39449"}],"wp:term":[{"taxonomy":"product_cat","embeddable":true,"href":"https:\/\/mouldking.store\/es\/wp-json\/wp\/v2\/product_cat?post=39449"},{"taxonomy":"product_tag","embeddable":true,"href":"https:\/\/mouldking.store\/es\/wp-json\/wp\/v2\/product_tag?post=39449"}],"curies":[{"name":"wp","href":"https:\/\/api.w.org\/{rel}","templated":true}]}}