{"id":39507,"date":"2023-01-03T18:33:54","date_gmt":"2023-01-03T11:33:54","guid":{"rendered":"https:\/\/mouldking.store\/?post_type=product&#038;p=39507"},"modified":"2025-12-25T09:11:49","modified_gmt":"2025-12-25T02:11:49","slug":"moc-89505-mecha-crocodile-with-1450-pieces","status":"publish","type":"product","link":"https:\/\/mouldking.store\/es\/shop\/moc-89505-mecha-crocodile-with-1450-pieces\/","title":{"rendered":"MOC-89505 Cocodrilo mec\u00e1nico con 1450 piezas"},"content":{"rendered":"<ol>\n<li>Marca: MOC<\/li>\n<li>G\u00e9nero: Unisex<\/li>\n<li>Name: Mecha Crocodile<\/li>\n<li>Rango de edad: &gt; 6 a\u00f1os<\/li>\n<li>Model Number: 89505<\/li>\n<li>Clasificaci\u00f3n: Ensamblaje<\/li>\n<li>Forma de bloque de pl\u00e1stico: Ladrillos autoblocantes<\/li>\n<li>Material: Pl\u00e1stico<\/li>\n<li>Tipo de pl\u00e1stico: ABS<\/li>\n<li>Bricks Blocks:1450 PCS<\/li>\n<li>Size: 51.3 x 34.7 x 8.7 cm<\/li>\n<li>Contiene instrucciones de montaje detalladas.<\/li>\n<\/ol>\n<p>Aviso:<br \/>\n1. Sin caja original, pero garantizamos que nuestros productos tienen garant\u00eda de calidad y un buen embalaje.<br \/>\n2. Como todas las piezas que hemos comprobado antes del env\u00edo, si encuentra que faltan piezas o est\u00e1n da\u00f1adas, no se preocupe y p\u00f3ngase en contacto con nosotros y podemos reenvi\u00e1rselas inmediatamente de forma gratuita.<\/p>\n<figure id=\"attachment_39508\" aria-describedby=\"caption-attachment-39508\" style=\"width: 1004px\" class=\"wp-caption aligncenter\"><img fetchpriority=\"high\" decoding=\"async\" class=\"wp-image-39508 size-full\" src=\"https:\/\/mouldking.store\/wp-content\/uploads\/2023\/01\/MOC-89505-Creator-Mecha-Crocodile-MOC-FACTORY.png\" alt=\"MOC-89505 Mecha Crocodile With 1450 Pieces\" width=\"1004\" height=\"1004\" title=\"-\"><figcaption id=\"caption-attachment-39508\" class=\"wp-caption-text\">MOC-89505 Cocodrilo mec\u00e1nico con 1450 piezas<\/figcaption><\/figure>\n<figure id=\"attachment_39509\" aria-describedby=\"caption-attachment-39509\" style=\"width: 800px\" class=\"wp-caption aligncenter\"><img decoding=\"async\" class=\"wp-image-39509 size-full\" src=\"https:\/\/mouldking.store\/wp-content\/uploads\/2023\/01\/Mecha-Crocodile-MOC-89505-2.jpg\" alt=\"MOC-89505 Mecha Crocodile With 1450 Pieces\" width=\"800\" height=\"800\" title=\"-\"><figcaption id=\"caption-attachment-39509\" class=\"wp-caption-text\">MOC-89505 Cocodrilo mec\u00e1nico con 1450 piezas<\/figcaption><\/figure>\n<figure id=\"attachment_39510\" aria-describedby=\"caption-attachment-39510\" style=\"width: 800px\" class=\"wp-caption aligncenter\"><img decoding=\"async\" class=\"wp-image-39510 size-full\" src=\"https:\/\/mouldking.store\/wp-content\/uploads\/2023\/01\/Mecha-Crocodile-MOC-89505-3.jpg\" alt=\"MOC-89505 Mecha Crocodile With 1450 Pieces\" width=\"800\" height=\"800\" title=\"-\"><figcaption id=\"caption-attachment-39510\" class=\"wp-caption-text\">MOC-89505 Cocodrilo mec\u00e1nico con 1450 piezas<\/figcaption><\/figure>\n<figure id=\"attachment_39511\" aria-describedby=\"caption-attachment-39511\" style=\"width: 800px\" class=\"wp-caption aligncenter\"><img loading=\"lazy\" decoding=\"async\" class=\"wp-image-39511 size-full\" src=\"https:\/\/mouldking.store\/wp-content\/uploads\/2023\/01\/Mecha-Crocodile-MOC-89505-4.jpg\" alt=\"MOC-89505 Mecha Crocodile With 1450 Pieces\" width=\"800\" height=\"800\" title=\"-\"><figcaption id=\"caption-attachment-39511\" class=\"wp-caption-text\">MOC-89505 Cocodrilo mec\u00e1nico con 1450 piezas<\/figcaption><\/figure>\n<figure id=\"attachment_39512\" aria-describedby=\"caption-attachment-39512\" style=\"width: 800px\" class=\"wp-caption aligncenter\"><img loading=\"lazy\" decoding=\"async\" class=\"wp-image-39512 size-full\" src=\"https:\/\/mouldking.store\/wp-content\/uploads\/2023\/01\/Mecha-Crocodile-MOC-89505-5.jpg\" alt=\"MOC-89505 Mecha Crocodile With 1450 Pieces\" width=\"800\" height=\"800\" title=\"-\"><figcaption id=\"caption-attachment-39512\" class=\"wp-caption-text\">MOC-89505 Cocodrilo mec\u00e1nico con 1450 piezas<\/figcaption><\/figure>\n<figure id=\"attachment_39513\" aria-describedby=\"caption-attachment-39513\" style=\"width: 800px\" class=\"wp-caption aligncenter\"><img loading=\"lazy\" decoding=\"async\" class=\"wp-image-39513 size-full\" src=\"https:\/\/mouldking.store\/wp-content\/uploads\/2023\/01\/Mecha-Crocodile-MOC-89505-6.jpg\" alt=\"MOC-89505 Mecha Crocodile With 1450 Pieces\" width=\"800\" height=\"800\" title=\"-\"><figcaption id=\"caption-attachment-39513\" class=\"wp-caption-text\">MOC-89505 Cocodrilo mec\u00e1nico con 1450 piezas<\/figcaption><\/figure>\n<figure id=\"attachment_39514\" aria-describedby=\"caption-attachment-39514\" style=\"width: 800px\" class=\"wp-caption aligncenter\"><img loading=\"lazy\" decoding=\"async\" class=\"wp-image-39514 size-full\" src=\"https:\/\/mouldking.store\/wp-content\/uploads\/2023\/01\/Mecha-Crocodile-MOC-89505-7.jpg\" alt=\"MOC-89505 Mecha Crocodile With 1450 Pieces\" width=\"800\" height=\"800\" title=\"-\"><figcaption id=\"caption-attachment-39514\" class=\"wp-caption-text\">MOC-89505 Cocodrilo mec\u00e1nico con 1450 piezas<\/figcaption><\/figure>\n<figure id=\"attachment_39515\" aria-describedby=\"caption-attachment-39515\" style=\"width: 800px\" class=\"wp-caption aligncenter\"><img loading=\"lazy\" decoding=\"async\" class=\"wp-image-39515 size-full\" src=\"https:\/\/mouldking.store\/wp-content\/uploads\/2023\/01\/Mecha-Crocodile-MOC-89505-8.jpg\" alt=\"MOC-89505 Mecha Crocodile With 1450 Pieces\" width=\"800\" height=\"800\" title=\"-\"><figcaption id=\"caption-attachment-39515\" class=\"wp-caption-text\">MOC-89505 Cocodrilo mec\u00e1nico con 1450 piezas<\/figcaption><\/figure>\n<figure id=\"attachment_39516\" aria-describedby=\"caption-attachment-39516\" style=\"width: 800px\" class=\"wp-caption aligncenter\"><img loading=\"lazy\" decoding=\"async\" class=\"wp-image-39516 size-full\" src=\"https:\/\/mouldking.store\/wp-content\/uploads\/2023\/01\/Mecha-Crocodile-MOC-89505-9.jpg\" alt=\"MOC-89505 Mecha Crocodile With 1450 Pieces\" width=\"800\" height=\"800\" title=\"-\"><figcaption id=\"caption-attachment-39516\" class=\"wp-caption-text\">MOC-89505 Cocodrilo mec\u00e1nico con 1450 piezas<\/figcaption><\/figure>","protected":false},"excerpt":{"rendered":"<p>Brand: MOC Gender: Unisex Name: Mecha Crocodile Age Range: &gt; 6 years old Model Number: 89505 Classification: Assemblage Plastic Block Shape: Self-Locking Bricks Material: Plastic Plastic Type: ABS Bricks Blocks:1450 PCS Size: 51.3 x 34.7 x 8.7 cm Contains detailed assembly instructions. Notice: 1. Without an original box, but we guarantee our products have quality [&hellip;]<\/p>","protected":false},"featured_media":39508,"comment_status":"closed","ping_status":"closed","template":"","meta":{"_acf_changed":false},"product_cat":[1365,1406,371],"product_tag":[7021,9302,10808,430,10807,10809,10806],"class_list":["product","first","instock","shipping-taxable","purchasable","product-type-simple"],"acf":[],"_links":{"self":[{"href":"https:\/\/mouldking.store\/es\/wp-json\/wp\/v2\/product\/39507","targetHints":{"allow":["GET"]}}],"collection":[{"href":"https:\/\/mouldking.store\/es\/wp-json\/wp\/v2\/product"}],"about":[{"href":"https:\/\/mouldking.store\/es\/wp-json\/wp\/v2\/types\/product"}],"replies":[{"embeddable":true,"href":"https:\/\/mouldking.store\/es\/wp-json\/wp\/v2\/comments?post=39507"}],"wp:featuredmedia":[{"embeddable":true,"href":"https:\/\/mouldking.store\/es\/wp-json\/wp\/v2\/media\/39508"}],"wp:attachment":[{"href":"https:\/\/mouldking.store\/es\/wp-json\/wp\/v2\/media?parent=39507"}],"wp:term":[{"taxonomy":"product_cat","embeddable":true,"href":"https:\/\/mouldking.store\/es\/wp-json\/wp\/v2\/product_cat?post=39507"},{"taxonomy":"product_tag","embeddable":true,"href":"https:\/\/mouldking.store\/es\/wp-json\/wp\/v2\/product_tag?post=39507"}],"curies":[{"name":"wp","href":"https:\/\/api.w.org\/{rel}","templated":true}]}}