{"id":39531,"date":"2023-01-03T18:49:52","date_gmt":"2023-01-03T11:49:52","guid":{"rendered":"https:\/\/mouldking.store\/?post_type=product&#038;p=39531"},"modified":"2023-01-03T18:49:53","modified_gmt":"2023-01-03T11:49:53","slug":"mork-031010-flame-guitar-with-2502-pieces","status":"publish","type":"product","link":"https:\/\/mouldking.store\/es\/shop\/mork-031010-flame-guitar-with-2502-pieces\/","title":{"rendered":"Mork 031010 Flame Guitar Con 2502 Piezas"},"content":{"rendered":"<p>Informaci\u00f3n del Producto:<\/p>\n<ol>\n<li>Marca: Mork<\/li>\n<li>G\u00e9nero: Unisex<\/li>\n<li>Name: Flame Guitar<\/li>\n<li>Rango de edad: &gt; 6 a\u00f1os<\/li>\n<li>Model Number: 031010<\/li>\n<li>Clasificaci\u00f3n: Ensamblaje<\/li>\n<li>Forma de bloque de pl\u00e1stico: Ladrillos autoblocantes<\/li>\n<li>Material: Pl\u00e1stico<\/li>\n<li>Tipo de pl\u00e1stico: ABS<\/li>\n<li>Bricks Blocks:2502 PCS<\/li>\n<li>Size: 98.5 \u00d7 33 cm<\/li>\n<li>Contiene instrucciones de montaje detalladas.<\/li>\n<\/ol>\n<p>Aviso:<br \/>\n1. Sin caja original, pero garantizamos que nuestros productos tienen garant\u00eda de calidad y un buen embalaje.<br \/>\n2. Como todas las piezas que hemos comprobado antes del env\u00edo, si encuentra que faltan piezas o est\u00e1n da\u00f1adas, no se preocupe y p\u00f3ngase en contacto con nosotros y podemos reenvi\u00e1rselas inmediatamente de forma gratuita.<\/p>\n<figure id=\"attachment_39532\" aria-describedby=\"caption-attachment-39532\" style=\"width: 800px\" class=\"wp-caption aligncenter\"><img fetchpriority=\"high\" decoding=\"async\" class=\"wp-image-39532 size-full\" src=\"https:\/\/mouldking.store\/wp-content\/uploads\/2023\/01\/Mork-031010-Creator-Expert-Series-Flame-Guitar-2.jpg\" alt=\"Mork 031010 Flame Guitar With 2502 Pieces\" width=\"800\" height=\"800\" title=\"-\"><figcaption id=\"caption-attachment-39532\" class=\"wp-caption-text\">Mork 031010 Flame Guitar Con 2502 Piezas<\/figcaption><\/figure>\n<figure id=\"attachment_39533\" aria-describedby=\"caption-attachment-39533\" style=\"width: 800px\" class=\"wp-caption aligncenter\"><img decoding=\"async\" class=\"wp-image-39533 size-full\" src=\"https:\/\/mouldking.store\/wp-content\/uploads\/2023\/01\/Mork-031010-Creator-Expert-Series-Flame-Guitar-1.jpg\" alt=\"Mork 031010 Flame Guitar With 2502 Pieces\" width=\"800\" height=\"800\" title=\"-\"><figcaption id=\"caption-attachment-39533\" class=\"wp-caption-text\">Mork 031010 Flame Guitar Con 2502 Piezas<\/figcaption><\/figure>","protected":false},"excerpt":{"rendered":"<p>Product information: Brand: Mork Gender: Unisex Name: Flame Guitar Age Range: &gt; 6 years old Model Number: 031010 Classification: Assemblage Plastic Block Shape: Self-Locking Bricks Material: Plastic Plastic Type: ABS Bricks Blocks:2502 PCS Size: 98.5 \u00d7 33 cm Contains detailed assembly instructions. Notice: 1. Without an original box, but we guarantee our products have quality [&hellip;]<\/p>","protected":false},"featured_media":39532,"comment_status":"closed","ping_status":"closed","template":"","meta":{"_acf_changed":false},"product_cat":[1365],"product_tag":[10826,10828,10827,2352,10825,10829,10824],"class_list":["product","first","instock","shipping-taxable","purchasable","product-type-simple"],"acf":[],"_links":{"self":[{"href":"https:\/\/mouldking.store\/es\/wp-json\/wp\/v2\/product\/39531","targetHints":{"allow":["GET"]}}],"collection":[{"href":"https:\/\/mouldking.store\/es\/wp-json\/wp\/v2\/product"}],"about":[{"href":"https:\/\/mouldking.store\/es\/wp-json\/wp\/v2\/types\/product"}],"replies":[{"embeddable":true,"href":"https:\/\/mouldking.store\/es\/wp-json\/wp\/v2\/comments?post=39531"}],"wp:featuredmedia":[{"embeddable":true,"href":"https:\/\/mouldking.store\/es\/wp-json\/wp\/v2\/media\/39532"}],"wp:attachment":[{"href":"https:\/\/mouldking.store\/es\/wp-json\/wp\/v2\/media?parent=39531"}],"wp:term":[{"taxonomy":"product_cat","embeddable":true,"href":"https:\/\/mouldking.store\/es\/wp-json\/wp\/v2\/product_cat?post=39531"},{"taxonomy":"product_tag","embeddable":true,"href":"https:\/\/mouldking.store\/es\/wp-json\/wp\/v2\/product_tag?post=39531"}],"curies":[{"name":"wp","href":"https:\/\/api.w.org\/{rel}","templated":true}]}}