{"id":39570,"date":"2023-01-06T14:58:38","date_gmt":"2023-01-06T07:58:38","guid":{"rendered":"https:\/\/mouldking.store\/?post_type=product&#038;p=39570"},"modified":"2025-12-25T09:11:48","modified_gmt":"2025-12-25T02:11:48","slug":"moc-89502-screech-villains-with-148-pieces","status":"publish","type":"product","link":"https:\/\/mouldking.store\/es\/shop\/moc-89502-screech-villains-with-148-pieces\/","title":{"rendered":"MOC-89502 Screech Villains con 148 piezas"},"content":{"rendered":"<ol>\n<li>Marca: MOC<\/li>\n<li>G\u00e9nero: Unisex<\/li>\n<li>Name: Screech Villains<\/li>\n<li>Rango de edad: &gt; 6 a\u00f1os<\/li>\n<li>Model Number: 89502<\/li>\n<li>Clasificaci\u00f3n: Ensamblaje<\/li>\n<li>Forma de bloque de pl\u00e1stico: Ladrillos autoblocantes<\/li>\n<li>Material: Pl\u00e1stico<\/li>\n<li>Tipo de pl\u00e1stico: ABS<\/li>\n<li>Bricks Blocks:148 PCS<\/li>\n<li>Size: 31.3 x 7.2 x 26.7 cm<\/li>\n<li>Peso: 0,1 kg<\/li>\n<li>Contiene instrucciones de montaje detalladas.<\/li>\n<\/ol>\n<p>Aviso:<br \/>\n1. Sin caja original, pero garantizamos que nuestros productos tienen garant\u00eda de calidad y un buen embalaje.<br \/>\n2. Como todas las piezas que hemos comprobado antes del env\u00edo, si encuentra que faltan piezas o est\u00e1n da\u00f1adas, no se preocupe y p\u00f3ngase en contacto con nosotros y podemos reenvi\u00e1rselas inmediatamente de forma gratuita.<\/p>\n<figure id=\"attachment_39571\" aria-describedby=\"caption-attachment-39571\" style=\"width: 1004px\" class=\"wp-caption aligncenter\"><img fetchpriority=\"high\" decoding=\"async\" class=\"wp-image-39571 size-full\" src=\"https:\/\/mouldking.store\/wp-content\/uploads\/2023\/01\/MOC-89502-Creator-Screech-Villains-MOC-FACTORY.png\" alt=\"MOC-89502 Screech Villains With 148 Pieces\" width=\"1004\" height=\"1004\" title=\"-\"><figcaption id=\"caption-attachment-39571\" class=\"wp-caption-text\">MOC-89502 Screech Villains con 148 piezas<\/figcaption><\/figure>\n<figure id=\"attachment_39572\" aria-describedby=\"caption-attachment-39572\" style=\"width: 800px\" class=\"wp-caption aligncenter\"><img decoding=\"async\" class=\"wp-image-39572 size-full\" src=\"https:\/\/mouldking.store\/wp-content\/uploads\/2023\/01\/Screech-Villains-MOC-89502-1.jpg\" alt=\"MOC-89502 Screech Villains With 148 Pieces\" width=\"800\" height=\"800\" title=\"-\"><figcaption id=\"caption-attachment-39572\" class=\"wp-caption-text\">MOC-89502 Screech Villains con 148 piezas<\/figcaption><\/figure>\n<figure id=\"attachment_39573\" aria-describedby=\"caption-attachment-39573\" style=\"width: 800px\" class=\"wp-caption aligncenter\"><img decoding=\"async\" class=\"wp-image-39573 size-full\" src=\"https:\/\/mouldking.store\/wp-content\/uploads\/2023\/01\/Screech-Villains-MOC-89502-2.jpg\" alt=\"MOC-89502 Screech Villains With 148 Pieces\" width=\"800\" height=\"800\" title=\"-\"><figcaption id=\"caption-attachment-39573\" class=\"wp-caption-text\">MOC-89502 Screech Villains con 148 piezas<\/figcaption><\/figure>\n<figure id=\"attachment_39574\" aria-describedby=\"caption-attachment-39574\" style=\"width: 800px\" class=\"wp-caption aligncenter\"><img loading=\"lazy\" decoding=\"async\" class=\"wp-image-39574 size-full\" src=\"https:\/\/mouldking.store\/wp-content\/uploads\/2023\/01\/Screech-Villains-MOC-89502-3.jpg\" alt=\"MOC-89502 Screech Villains With 148 Pieces\" width=\"800\" height=\"800\" title=\"-\"><figcaption id=\"caption-attachment-39574\" class=\"wp-caption-text\">MOC-89502 Screech Villains con 148 piezas<\/figcaption><\/figure>\n<figure id=\"attachment_39575\" aria-describedby=\"caption-attachment-39575\" style=\"width: 800px\" class=\"wp-caption aligncenter\"><img loading=\"lazy\" decoding=\"async\" class=\"wp-image-39575 size-full\" src=\"https:\/\/mouldking.store\/wp-content\/uploads\/2023\/01\/Screech-Villains-MOC-89502-4.jpg\" alt=\"MOC-89502 Screech Villains With 148 Pieces\" width=\"800\" height=\"800\" title=\"-\"><figcaption id=\"caption-attachment-39575\" class=\"wp-caption-text\">MOC-89502 Screech Villains con 148 piezas<\/figcaption><\/figure>\n<figure id=\"attachment_39576\" aria-describedby=\"caption-attachment-39576\" style=\"width: 800px\" class=\"wp-caption aligncenter\"><img loading=\"lazy\" decoding=\"async\" class=\"wp-image-39576 size-full\" src=\"https:\/\/mouldking.store\/wp-content\/uploads\/2023\/01\/Screech-Villains-MOC-89502-5.jpg\" alt=\"MOC-89502 Screech Villains With 148 Pieces\" width=\"800\" height=\"800\" title=\"-\"><figcaption id=\"caption-attachment-39576\" class=\"wp-caption-text\">MOC-89502 Screech Villains con 148 piezas<\/figcaption><\/figure>\n<figure id=\"attachment_39577\" aria-describedby=\"caption-attachment-39577\" style=\"width: 800px\" class=\"wp-caption aligncenter\"><img loading=\"lazy\" decoding=\"async\" class=\"wp-image-39577 size-full\" src=\"https:\/\/mouldking.store\/wp-content\/uploads\/2023\/01\/Screech-Villains-MOC-89502-6.jpg\" alt=\"MOC-89502 Screech Villains With 148 Pieces\" width=\"800\" height=\"800\" title=\"-\"><figcaption id=\"caption-attachment-39577\" class=\"wp-caption-text\">MOC-89502 Screech Villains con 148 piezas<\/figcaption><\/figure>\n<figure id=\"attachment_39578\" aria-describedby=\"caption-attachment-39578\" style=\"width: 800px\" class=\"wp-caption aligncenter\"><img loading=\"lazy\" decoding=\"async\" class=\"wp-image-39578 size-full\" src=\"https:\/\/mouldking.store\/wp-content\/uploads\/2023\/01\/Screech-Villains-MOC-89502-7.jpg\" alt=\"MOC-89502 Screech Villains With 148 Pieces\" width=\"800\" height=\"800\" title=\"-\"><figcaption id=\"caption-attachment-39578\" class=\"wp-caption-text\">MOC-89502 Screech Villains con 148 piezas<\/figcaption><\/figure>\n<figure id=\"attachment_39579\" aria-describedby=\"caption-attachment-39579\" style=\"width: 800px\" class=\"wp-caption aligncenter\"><img loading=\"lazy\" decoding=\"async\" class=\"wp-image-39579 size-full\" src=\"https:\/\/mouldking.store\/wp-content\/uploads\/2023\/01\/Screech-Villains-MOC-89502-8.jpg\" alt=\"MOC-89502 Screech Villains With 148 Pieces\" width=\"800\" height=\"800\" title=\"-\"><figcaption id=\"caption-attachment-39579\" class=\"wp-caption-text\">MOC-89502 Screech Villains con 148 piezas<\/figcaption><\/figure>\n<figure id=\"attachment_39580\" aria-describedby=\"caption-attachment-39580\" style=\"width: 800px\" class=\"wp-caption aligncenter\"><img loading=\"lazy\" decoding=\"async\" class=\"wp-image-39580 size-full\" src=\"https:\/\/mouldking.store\/wp-content\/uploads\/2023\/01\/Screech-Villains-MOC-89502-9.jpg\" alt=\"MOC-89502 Screech Villains With 148 Pieces\" width=\"800\" height=\"800\" title=\"-\"><figcaption id=\"caption-attachment-39580\" class=\"wp-caption-text\">MOC-89502 Screech Villains con 148 piezas<\/figcaption><\/figure>","protected":false},"excerpt":{"rendered":"<p>Brand: MOC Gender: Unisex Name: Screech Villains Age Range: &gt; 6 years old Model Number: 89502 Classification: Assemblage Plastic Block Shape: Self-Locking Bricks Material: Plastic Plastic Type: ABS Bricks Blocks:148 PCS Size: 31.3 x 7.2 x 26.7 cm Weight: 0.1 kg Contains detailed assembly instructions. Notice: 1. Without an original box, but we guarantee our [&hellip;]<\/p>","protected":false},"featured_media":39571,"comment_status":"closed","ping_status":"closed","template":"","meta":{"_acf_changed":false},"product_cat":[1365,371],"product_tag":[430,10843,10847,10842,10844,10846,10845],"class_list":["product","first","instock","shipping-taxable","purchasable","product-type-simple"],"acf":[],"_links":{"self":[{"href":"https:\/\/mouldking.store\/es\/wp-json\/wp\/v2\/product\/39570","targetHints":{"allow":["GET"]}}],"collection":[{"href":"https:\/\/mouldking.store\/es\/wp-json\/wp\/v2\/product"}],"about":[{"href":"https:\/\/mouldking.store\/es\/wp-json\/wp\/v2\/types\/product"}],"replies":[{"embeddable":true,"href":"https:\/\/mouldking.store\/es\/wp-json\/wp\/v2\/comments?post=39570"}],"wp:featuredmedia":[{"embeddable":true,"href":"https:\/\/mouldking.store\/es\/wp-json\/wp\/v2\/media\/39571"}],"wp:attachment":[{"href":"https:\/\/mouldking.store\/es\/wp-json\/wp\/v2\/media?parent=39570"}],"wp:term":[{"taxonomy":"product_cat","embeddable":true,"href":"https:\/\/mouldking.store\/es\/wp-json\/wp\/v2\/product_cat?post=39570"},{"taxonomy":"product_tag","embeddable":true,"href":"https:\/\/mouldking.store\/es\/wp-json\/wp\/v2\/product_tag?post=39570"}],"curies":[{"name":"wp","href":"https:\/\/api.w.org\/{rel}","templated":true}]}}