{"id":39627,"date":"2022-10-06T15:45:00","date_gmt":"2022-10-06T08:45:00","guid":{"rendered":"https:\/\/mouldking.store\/?post_type=product&#038;p=39627"},"modified":"2023-01-06T15:53:04","modified_gmt":"2023-01-06T08:53:04","slug":"kazi-ky83039-building-a-dream-star-palace-china-space-station-with-712pcs","status":"publish","type":"product","link":"https:\/\/mouldking.store\/es\/shop\/kazi-ky83039-building-a-dream-star-palace-china-space-station-with-712pcs\/","title":{"rendered":"KAZI KY83039 Construyendo una estaci\u00f3n espacial Dream Star Palace China con 712 piezas"},"content":{"rendered":"<p>Informaci\u00f3n del Producto:<\/p>\n<ol>\n<li>Marca: KAZI<\/li>\n<li>G\u00e9nero: Unisex<\/li>\n<li>Name: Building a Dream Star Palace China Space Station<\/li>\n<li>Rango de edad: &gt; 6 a\u00f1os<\/li>\n<li>Model Number: KY83039<\/li>\n<li>Clasificaci\u00f3n: Ensamblaje<\/li>\n<li>Forma de bloque de pl\u00e1stico: Ladrillos autoblocantes<\/li>\n<li>Material: Pl\u00e1stico<\/li>\n<li>Tipo de pl\u00e1stico: ABS<\/li>\n<li>Bricks Blocks:712PCS<\/li>\n<li>Size: 20 \u00d7 11.5 \u00d7 12.5 cm<\/li>\n<li>Contiene instrucciones de montaje detalladas.<\/li>\n<\/ol>\n<p>Aviso:<br \/>\n1. Sin caja original, pero garantizamos que nuestros productos tienen garant\u00eda de calidad y un buen embalaje.<br \/>\n2. Como todas las piezas que hemos comprobado antes del env\u00edo, si encuentra que faltan piezas o est\u00e1n da\u00f1adas, no se preocupe y p\u00f3ngase en contacto con nosotros y podemos reenvi\u00e1rselas inmediatamente de forma gratuita.<\/p>\n<figure id=\"attachment_39628\" aria-describedby=\"caption-attachment-39628\" style=\"width: 800px\" class=\"wp-caption aligncenter\"><img fetchpriority=\"high\" decoding=\"async\" class=\"wp-image-39628 size-full\" src=\"https:\/\/mouldking.store\/wp-content\/uploads\/2023\/01\/China-Space-Station-KAZI-KY83039-3.jpg\" alt=\"KAZI KY83039 Building a Dream Star Palace China Space Station With 712pcs\" width=\"800\" height=\"800\" title=\"-\"><figcaption id=\"caption-attachment-39628\" class=\"wp-caption-text\">KAZI KY83039 Construyendo una estaci\u00f3n espacial Dream Star Palace China con 712 piezas<\/figcaption><\/figure>\n<figure id=\"attachment_39629\" aria-describedby=\"caption-attachment-39629\" style=\"width: 800px\" class=\"wp-caption aligncenter\"><img decoding=\"async\" class=\"wp-image-39629 size-full\" src=\"https:\/\/mouldking.store\/wp-content\/uploads\/2023\/01\/China-Space-Station-KAZI-KY83039-2.jpg\" alt=\"KAZI KY83039 Building a Dream Star Palace China Space Station With 712pcs\" width=\"800\" height=\"800\" title=\"-\"><figcaption id=\"caption-attachment-39629\" class=\"wp-caption-text\">KAZI KY83039 Construyendo una estaci\u00f3n espacial Dream Star Palace China con 712 piezas<\/figcaption><\/figure>\n<figure id=\"attachment_39630\" aria-describedby=\"caption-attachment-39630\" style=\"width: 1203px\" class=\"wp-caption aligncenter\"><img decoding=\"async\" class=\"wp-image-39630 size-full\" src=\"https:\/\/mouldking.store\/wp-content\/uploads\/2023\/01\/China-Space-Station-KAZI-KY83039-1.jpg\" alt=\"KAZI KY83039 Building a Dream Star Palace China Space Station With 712pcs\" width=\"1203\" height=\"1280\" title=\"-\"><figcaption id=\"caption-attachment-39630\" class=\"wp-caption-text\">KAZI KY83039 Construyendo una estaci\u00f3n espacial Dream Star Palace China con 712 piezas<\/figcaption><\/figure>","protected":false},"excerpt":{"rendered":"<ul>\n<li>Gu\u00eda de construcci\u00f3n manual<\/li>\n<li data-wpmeteor-click=\"true\">El producto no incluye PEGATINA ni Piezas IMPRESAS. Todas las piezas impresas se reemplazar\u00e1n por piezas est\u00e1ndar y no se incluir\u00e1n en los accesorios de terceros.<\/li>\n<li data-wpmeteor-click=\"true\">Preventa<\/li>\n<\/ul>","protected":false},"featured_media":39628,"comment_status":"closed","ping_status":"closed","template":"","meta":{"_acf_changed":false},"product_cat":[1365,371],"product_tag":[10896,10895,10892,10894,2722,2536,10891,10897,10889,10890,4581,2276,10893,673,2309],"class_list":["product","first","outofstock","shipping-taxable","purchasable","product-type-simple"],"acf":[],"_links":{"self":[{"href":"https:\/\/mouldking.store\/es\/wp-json\/wp\/v2\/product\/39627","targetHints":{"allow":["GET"]}}],"collection":[{"href":"https:\/\/mouldking.store\/es\/wp-json\/wp\/v2\/product"}],"about":[{"href":"https:\/\/mouldking.store\/es\/wp-json\/wp\/v2\/types\/product"}],"replies":[{"embeddable":true,"href":"https:\/\/mouldking.store\/es\/wp-json\/wp\/v2\/comments?post=39627"}],"wp:featuredmedia":[{"embeddable":true,"href":"https:\/\/mouldking.store\/es\/wp-json\/wp\/v2\/media\/39628"}],"wp:attachment":[{"href":"https:\/\/mouldking.store\/es\/wp-json\/wp\/v2\/media?parent=39627"}],"wp:term":[{"taxonomy":"product_cat","embeddable":true,"href":"https:\/\/mouldking.store\/es\/wp-json\/wp\/v2\/product_cat?post=39627"},{"taxonomy":"product_tag","embeddable":true,"href":"https:\/\/mouldking.store\/es\/wp-json\/wp\/v2\/product_tag?post=39627"}],"curies":[{"name":"wp","href":"https:\/\/api.w.org\/{rel}","templated":true}]}}