{"id":39633,"date":"2022-10-06T15:57:47","date_gmt":"2022-10-06T08:57:47","guid":{"rendered":"https:\/\/mouldking.store\/?post_type=product&#038;p=39633"},"modified":"2023-01-06T16:01:39","modified_gmt":"2023-01-06T09:01:39","slug":"kazi-83037-solar-system-sun-with-303pcs","status":"publish","type":"product","link":"https:\/\/mouldking.store\/es\/shop\/kazi-83037-solar-system-sun-with-303pcs\/","title":{"rendered":"Sistema solar KAZI 83037: Sol con 303 piezas"},"content":{"rendered":"<p>Informaci\u00f3n del Producto:<\/p>\n<ol>\n<li>Marca: KAZI<\/li>\n<li>G\u00e9nero: Unisex<\/li>\n<li>Nombre: Sistema Solar: Sol<\/li>\n<li>Rango de edad: &gt; 6 a\u00f1os<\/li>\n<li>N\u00famero de modelo: 83037<\/li>\n<li>Clasificaci\u00f3n: Ensamblaje<\/li>\n<li>Forma de bloque de pl\u00e1stico: Ladrillos autoblocantes<\/li>\n<li>Material: Pl\u00e1stico<\/li>\n<li>Tipo de pl\u00e1stico: ABS<\/li>\n<li>Bloques de ladrillos: 303PCS<\/li>\n<li>Contiene instrucciones de montaje detalladas.<\/li>\n<\/ol>\n<p>Aviso:<br \/>\n1. Sin caja original, pero garantizamos que nuestros productos tienen garant\u00eda de calidad y un buen embalaje.<br \/>\n2. Como todas las piezas que hemos comprobado antes del env\u00edo, si encuentra que faltan piezas o est\u00e1n da\u00f1adas, no se preocupe y p\u00f3ngase en contacto con nosotros y podemos reenvi\u00e1rselas inmediatamente de forma gratuita.<\/p>\n<figure id=\"attachment_39634\" aria-describedby=\"caption-attachment-39634\" style=\"width: 800px\" class=\"wp-caption aligncenter\"><img fetchpriority=\"high\" decoding=\"async\" class=\"wp-image-39634 size-full\" src=\"https:\/\/mouldking.store\/wp-content\/uploads\/2023\/01\/Solar-System-Sun-KAZI-83037.jpg\" alt=\"KAZI 83037 Solar System: Sun With 303pcs\" width=\"800\" height=\"800\" title=\"-\"><figcaption id=\"caption-attachment-39634\" class=\"wp-caption-text\">Sistema solar KAZI 83037: Sol con 303 piezas<\/figcaption><\/figure>","protected":false},"excerpt":{"rendered":"<ul>\n<li>Gu\u00eda de construcci\u00f3n manual<\/li>\n<li data-wpmeteor-click=\"true\">El producto no incluye PEGATINA ni Piezas IMPRESAS. Todas las piezas impresas se reemplazar\u00e1n por piezas est\u00e1ndar y no se incluir\u00e1n en los accesorios de terceros.<\/li>\n<li data-wpmeteor-click=\"true\">Preventa<\/li>\n<\/ul>","protected":false},"featured_media":39634,"comment_status":"closed","ping_status":"closed","template":"","meta":{"_acf_changed":false},"product_cat":[1365,371],"product_tag":[10906,2536,10907,10910,10905,10901,10909,10908],"class_list":["product","first","outofstock","shipping-taxable","purchasable","product-type-simple"],"acf":[],"_links":{"self":[{"href":"https:\/\/mouldking.store\/es\/wp-json\/wp\/v2\/product\/39633","targetHints":{"allow":["GET"]}}],"collection":[{"href":"https:\/\/mouldking.store\/es\/wp-json\/wp\/v2\/product"}],"about":[{"href":"https:\/\/mouldking.store\/es\/wp-json\/wp\/v2\/types\/product"}],"replies":[{"embeddable":true,"href":"https:\/\/mouldking.store\/es\/wp-json\/wp\/v2\/comments?post=39633"}],"wp:featuredmedia":[{"embeddable":true,"href":"https:\/\/mouldking.store\/es\/wp-json\/wp\/v2\/media\/39634"}],"wp:attachment":[{"href":"https:\/\/mouldking.store\/es\/wp-json\/wp\/v2\/media?parent=39633"}],"wp:term":[{"taxonomy":"product_cat","embeddable":true,"href":"https:\/\/mouldking.store\/es\/wp-json\/wp\/v2\/product_cat?post=39633"},{"taxonomy":"product_tag","embeddable":true,"href":"https:\/\/mouldking.store\/es\/wp-json\/wp\/v2\/product_tag?post=39633"}],"curies":[{"name":"wp","href":"https:\/\/api.w.org\/{rel}","templated":true}]}}