{"id":39635,"date":"2022-10-06T16:02:09","date_gmt":"2022-10-06T09:02:09","guid":{"rendered":"https:\/\/mouldking.store\/?post_type=product&#038;p=39635"},"modified":"2023-01-06T16:08:36","modified_gmt":"2023-01-06T09:08:36","slug":"kazi-83036-solar-system-mars-with-314pcs","status":"publish","type":"product","link":"https:\/\/mouldking.store\/es\/shop\/kazi-83036-solar-system-mars-with-314pcs\/","title":{"rendered":"Sistema solar KAZI 83036: Marte con 314 piezas"},"content":{"rendered":"<p>Informaci\u00f3n del Producto:<\/p>\n<ol>\n<li>Marca: KAZI<\/li>\n<li>G\u00e9nero: Unisex<\/li>\n<li>Nombre: Sistema Solar: Marte<\/li>\n<li>Rango de edad: &gt; 6 a\u00f1os<\/li>\n<li>N\u00famero de modelo: 83036<\/li>\n<li>Clasificaci\u00f3n: Ensamblaje<\/li>\n<li>Forma de bloque de pl\u00e1stico: Ladrillos autoblocantes<\/li>\n<li>Material: Pl\u00e1stico<\/li>\n<li>Tipo de pl\u00e1stico: ABS<\/li>\n<li>Bloques de ladrillos: 314PCS<\/li>\n<li>Contiene instrucciones de montaje detalladas.<\/li>\n<\/ol>\n<p>Aviso:<br \/>\n1. Sin caja original, pero garantizamos que nuestros productos tienen garant\u00eda de calidad y un buen embalaje.<br \/>\n2. Como todas las piezas que hemos comprobado antes del env\u00edo, si encuentra que faltan piezas o est\u00e1n da\u00f1adas, no se preocupe y p\u00f3ngase en contacto con nosotros y podemos reenvi\u00e1rselas inmediatamente de forma gratuita.<\/p>\n<figure id=\"attachment_39636\" aria-describedby=\"caption-attachment-39636\" style=\"width: 800px\" class=\"wp-caption aligncenter\"><img fetchpriority=\"high\" decoding=\"async\" class=\"wp-image-39636 size-full\" src=\"https:\/\/mouldking.store\/wp-content\/uploads\/2023\/01\/Solar-System-Mars-KAZI-83036.jpg\" alt=\"KAZI 83036 Solar System: Mars With 314pcs\" width=\"800\" height=\"800\" title=\"-\"><figcaption id=\"caption-attachment-39636\" class=\"wp-caption-text\">Sistema solar KAZI 83036: Marte con 314 piezas<\/figcaption><\/figure>","protected":false},"excerpt":{"rendered":"<ul>\n<li>Gu\u00eda de construcci\u00f3n manual<\/li>\n<li data-wpmeteor-click=\"true\">El producto no incluye PEGATINA ni Piezas IMPRESAS. Todas las piezas impresas se reemplazar\u00e1n por piezas est\u00e1ndar y no se incluir\u00e1n en los accesorios de terceros.<\/li>\n<li data-wpmeteor-click=\"true\">Preventa<\/li>\n<\/ul>","protected":false},"featured_media":39636,"comment_status":"closed","ping_status":"closed","template":"","meta":{"_acf_changed":false},"product_cat":[1365,371],"product_tag":[10912,2536,10913,10915,10911,8947,10901,10914],"class_list":["product","first","outofstock","shipping-taxable","purchasable","product-type-simple"],"acf":[],"_links":{"self":[{"href":"https:\/\/mouldking.store\/es\/wp-json\/wp\/v2\/product\/39635","targetHints":{"allow":["GET"]}}],"collection":[{"href":"https:\/\/mouldking.store\/es\/wp-json\/wp\/v2\/product"}],"about":[{"href":"https:\/\/mouldking.store\/es\/wp-json\/wp\/v2\/types\/product"}],"replies":[{"embeddable":true,"href":"https:\/\/mouldking.store\/es\/wp-json\/wp\/v2\/comments?post=39635"}],"wp:featuredmedia":[{"embeddable":true,"href":"https:\/\/mouldking.store\/es\/wp-json\/wp\/v2\/media\/39636"}],"wp:attachment":[{"href":"https:\/\/mouldking.store\/es\/wp-json\/wp\/v2\/media?parent=39635"}],"wp:term":[{"taxonomy":"product_cat","embeddable":true,"href":"https:\/\/mouldking.store\/es\/wp-json\/wp\/v2\/product_cat?post=39635"},{"taxonomy":"product_tag","embeddable":true,"href":"https:\/\/mouldking.store\/es\/wp-json\/wp\/v2\/product_tag?post=39635"}],"curies":[{"name":"wp","href":"https:\/\/api.w.org\/{rel}","templated":true}]}}