{"id":39640,"date":"2022-10-06T16:13:37","date_gmt":"2022-10-06T09:13:37","guid":{"rendered":"https:\/\/mouldking.store\/?post_type=product&#038;p=39640"},"modified":"2023-01-06T16:18:02","modified_gmt":"2023-01-06T09:18:02","slug":"sluban-m38-b1090-colorful-girls-colorful-stacked-house-with-571pcs","status":"publish","type":"product","link":"https:\/\/mouldking.store\/es\/shop\/sluban-m38-b1090-colorful-girls-colorful-stacked-house-with-571pcs\/","title":{"rendered":"Sluban M38-B1090 Colorful Girls: Casa colorida apilada con 571 piezas"},"content":{"rendered":"<p>Informaci\u00f3n del Producto:<\/p>\n<ol>\n<li>Marca: Sluban<\/li>\n<li>G\u00e9nero: Unisex<\/li>\n<li>Name: Colorful Girls: Colorful Stacked House<\/li>\n<li>Rango de edad: &gt; 6 a\u00f1os<\/li>\n<li>Model Number: M38-B1090<\/li>\n<li>Clasificaci\u00f3n: Ensamblaje<\/li>\n<li>Forma de bloque de pl\u00e1stico: Ladrillos autoblocantes<\/li>\n<li>Material: Pl\u00e1stico<\/li>\n<li>Tipo de pl\u00e1stico: ABS<\/li>\n<li>Bricks Blocks:571\u00a0PCS<\/li>\n<li>Size: 17.2 \u00d7 24.2 cm<\/li>\n<li>Contiene instrucciones de montaje detalladas.<\/li>\n<\/ol>\n<p>Aviso:<br \/>\n1. Sin caja original, pero garantizamos que nuestros productos tienen garant\u00eda de calidad y un buen embalaje.<br \/>\n2. Como todas las piezas que hemos comprobado antes del env\u00edo, si encuentra que faltan piezas o est\u00e1n da\u00f1adas, no se preocupe y p\u00f3ngase en contacto con nosotros y podemos reenvi\u00e1rselas inmediatamente de forma gratuita.<\/p>\n<figure id=\"attachment_39641\" aria-describedby=\"caption-attachment-39641\" style=\"width: 800px\" class=\"wp-caption aligncenter\"><img fetchpriority=\"high\" decoding=\"async\" class=\"wp-image-39641 size-full\" src=\"https:\/\/mouldking.store\/wp-content\/uploads\/2023\/01\/Colorful-Stacked-House-Sluban-M38-B1090-2.jpg\" alt=\"Sluban M38-B1090 Colorful Girls: Colorful Stacked House With 571pcs\" width=\"800\" height=\"800\" title=\"-\"><figcaption id=\"caption-attachment-39641\" class=\"wp-caption-text\">Sluban M38-B1090 Colorful Girls: Casa colorida apilada con 571 piezas<\/figcaption><\/figure>\n<figure id=\"attachment_39642\" aria-describedby=\"caption-attachment-39642\" style=\"width: 481px\" class=\"wp-caption aligncenter\"><img decoding=\"async\" class=\"wp-image-39642 size-full\" src=\"https:\/\/mouldking.store\/wp-content\/uploads\/2023\/01\/Colorful-Stacked-House-Sluban-M38-B1090-1.jpg\" alt=\"Sluban M38-B1090 Colorful Girls: Colorful Stacked House With 571pcs\" width=\"481\" height=\"567\" title=\"-\"><figcaption id=\"caption-attachment-39642\" class=\"wp-caption-text\">Sluban M38-B1090 Colorful Girls: Casa colorida apilada con 571 piezas<\/figcaption><\/figure>","protected":false},"excerpt":{"rendered":"<ul>\n<li>Gu\u00eda de construcci\u00f3n manual<\/li>\n<li data-wpmeteor-click=\"true\">El producto no incluye PEGATINA ni Piezas IMPRESAS. Todas las piezas impresas se reemplazar\u00e1n por piezas est\u00e1ndar y no se incluir\u00e1n en los accesorios de terceros.<\/li>\n<li data-wpmeteor-click=\"true\">Preventa<\/li>\n<\/ul>","protected":false},"featured_media":39641,"comment_status":"closed","ping_status":"closed","template":"","meta":{"_acf_changed":false},"product_cat":[1365,1395],"product_tag":[6593,10923,10926,10925,2318,10922,7517,10927,10921,10924],"class_list":["product","first","outofstock","shipping-taxable","purchasable","product-type-simple"],"acf":[],"_links":{"self":[{"href":"https:\/\/mouldking.store\/es\/wp-json\/wp\/v2\/product\/39640","targetHints":{"allow":["GET"]}}],"collection":[{"href":"https:\/\/mouldking.store\/es\/wp-json\/wp\/v2\/product"}],"about":[{"href":"https:\/\/mouldking.store\/es\/wp-json\/wp\/v2\/types\/product"}],"replies":[{"embeddable":true,"href":"https:\/\/mouldking.store\/es\/wp-json\/wp\/v2\/comments?post=39640"}],"wp:featuredmedia":[{"embeddable":true,"href":"https:\/\/mouldking.store\/es\/wp-json\/wp\/v2\/media\/39641"}],"wp:attachment":[{"href":"https:\/\/mouldking.store\/es\/wp-json\/wp\/v2\/media?parent=39640"}],"wp:term":[{"taxonomy":"product_cat","embeddable":true,"href":"https:\/\/mouldking.store\/es\/wp-json\/wp\/v2\/product_cat?post=39640"},{"taxonomy":"product_tag","embeddable":true,"href":"https:\/\/mouldking.store\/es\/wp-json\/wp\/v2\/product_tag?post=39640"}],"curies":[{"name":"wp","href":"https:\/\/api.w.org\/{rel}","templated":true}]}}