{"id":39643,"date":"2022-10-06T16:18:24","date_gmt":"2022-10-06T09:18:24","guid":{"rendered":"https:\/\/mouldking.store\/?post_type=product&#038;p=39643"},"modified":"2023-01-06T16:23:07","modified_gmt":"2023-01-06T09:23:07","slug":"sluban-m38-b1088-pink-dreams-diy-camp-cabins-with-341pcs","status":"publish","type":"product","link":"https:\/\/mouldking.store\/es\/shop\/sluban-m38-b1088-pink-dreams-diy-camp-cabins-with-341pcs\/","title":{"rendered":"Sluban M38-B1088 Pink Dreams: caba\u00f1as de campamento de bricolaje con 341 piezas"},"content":{"rendered":"<p>Informaci\u00f3n del Producto:<\/p>\n<ol>\n<li>Marca: Sluban<\/li>\n<li>G\u00e9nero: Unisex<\/li>\n<li>Name: Pink Dreams: DIY Camp Cabins<\/li>\n<li>Rango de edad: &gt; 6 a\u00f1os<\/li>\n<li>Model Number: M38-B1088<\/li>\n<li>Clasificaci\u00f3n: Ensamblaje<\/li>\n<li>Forma de bloque de pl\u00e1stico: Ladrillos autoblocantes<\/li>\n<li>Material: Pl\u00e1stico<\/li>\n<li>Tipo de pl\u00e1stico: ABS<\/li>\n<li>Bricks Blocks:341PCS<\/li>\n<li>Size: 19.9 cm<\/li>\n<li>Contiene instrucciones de montaje detalladas.<\/li>\n<\/ol>\n<p>Aviso:<br \/>\n1. Sin caja original, pero garantizamos que nuestros productos tienen garant\u00eda de calidad y un buen embalaje.<br \/>\n2. Como todas las piezas que hemos comprobado antes del env\u00edo, si encuentra que faltan piezas o est\u00e1n da\u00f1adas, no se preocupe y p\u00f3ngase en contacto con nosotros y podemos reenvi\u00e1rselas inmediatamente de forma gratuita.<\/p>\n<figure id=\"attachment_39644\" aria-describedby=\"caption-attachment-39644\" style=\"width: 800px\" class=\"wp-caption aligncenter\"><img fetchpriority=\"high\" decoding=\"async\" class=\"wp-image-39644 size-full\" src=\"https:\/\/mouldking.store\/wp-content\/uploads\/2023\/01\/DIY-Camp-Cabins-Sluban-M38-B1088-3.jpg\" alt=\"Sluban M38-B1088 Pink Dreams: DIY Camp Cabins With 341pcs\" width=\"800\" height=\"800\" title=\"-\"><figcaption id=\"caption-attachment-39644\" class=\"wp-caption-text\">Sluban M38-B1088 Pink Dreams: caba\u00f1as de campamento de bricolaje con 341 piezas<\/figcaption><\/figure>\n<figure id=\"attachment_39645\" aria-describedby=\"caption-attachment-39645\" style=\"width: 800px\" class=\"wp-caption aligncenter\"><img decoding=\"async\" class=\"wp-image-39645 size-full\" src=\"https:\/\/mouldking.store\/wp-content\/uploads\/2023\/01\/DIY-Camp-Cabins-Sluban-M38-B1088-2.jpg\" alt=\"Sluban M38-B1088 Pink Dreams: DIY Camp Cabins With 341pcs\" width=\"800\" height=\"800\" title=\"-\"><figcaption id=\"caption-attachment-39645\" class=\"wp-caption-text\">Sluban M38-B1088 Pink Dreams: caba\u00f1as de campamento de bricolaje con 341 piezas<\/figcaption><\/figure>\n<figure id=\"attachment_39646\" aria-describedby=\"caption-attachment-39646\" style=\"width: 800px\" class=\"wp-caption aligncenter\"><img decoding=\"async\" class=\"wp-image-39646 size-full\" src=\"https:\/\/mouldking.store\/wp-content\/uploads\/2023\/01\/DIY-Camp-Cabins-Sluban-M38-B1088-1.jpg\" alt=\"Sluban M38-B1088 Pink Dreams: DIY Camp Cabins With 341pcs\" width=\"800\" height=\"800\" title=\"-\"><figcaption id=\"caption-attachment-39646\" class=\"wp-caption-text\">Sluban M38-B1088 Pink Dreams: caba\u00f1as de campamento de bricolaje con 341 piezas<\/figcaption><\/figure>","protected":false},"excerpt":{"rendered":"<ul>\n<li>Gu\u00eda de construcci\u00f3n manual<\/li>\n<li data-wpmeteor-click=\"true\">El producto no incluye PEGATINA ni Piezas IMPRESAS. Todas las piezas impresas se reemplazar\u00e1n por piezas est\u00e1ndar y no se incluir\u00e1n en los accesorios de terceros.<\/li>\n<li data-wpmeteor-click=\"true\">Preventa<\/li>\n<\/ul>","protected":false},"featured_media":39645,"comment_status":"closed","ping_status":"closed","template":"","meta":{"_acf_changed":false},"product_cat":[1365,371],"product_tag":[10934,10933,10932,10935,10929,10930,10936,7517,10931,10937,10928],"class_list":["product","first","outofstock","shipping-taxable","purchasable","product-type-simple"],"acf":[],"_links":{"self":[{"href":"https:\/\/mouldking.store\/es\/wp-json\/wp\/v2\/product\/39643","targetHints":{"allow":["GET"]}}],"collection":[{"href":"https:\/\/mouldking.store\/es\/wp-json\/wp\/v2\/product"}],"about":[{"href":"https:\/\/mouldking.store\/es\/wp-json\/wp\/v2\/types\/product"}],"replies":[{"embeddable":true,"href":"https:\/\/mouldking.store\/es\/wp-json\/wp\/v2\/comments?post=39643"}],"wp:featuredmedia":[{"embeddable":true,"href":"https:\/\/mouldking.store\/es\/wp-json\/wp\/v2\/media\/39645"}],"wp:attachment":[{"href":"https:\/\/mouldking.store\/es\/wp-json\/wp\/v2\/media?parent=39643"}],"wp:term":[{"taxonomy":"product_cat","embeddable":true,"href":"https:\/\/mouldking.store\/es\/wp-json\/wp\/v2\/product_cat?post=39643"},{"taxonomy":"product_tag","embeddable":true,"href":"https:\/\/mouldking.store\/es\/wp-json\/wp\/v2\/product_tag?post=39643"}],"curies":[{"name":"wp","href":"https:\/\/api.w.org\/{rel}","templated":true}]}}