{"id":39647,"date":"2022-10-06T16:23:29","date_gmt":"2022-10-06T09:23:29","guid":{"rendered":"https:\/\/mouldking.store\/?post_type=product&#038;p=39647"},"modified":"2023-01-06T16:27:32","modified_gmt":"2023-01-06T09:27:32","slug":"sluban-m38-b1117-colorful-girls-yinchun-garden-with-1342pcs","status":"publish","type":"product","link":"https:\/\/mouldking.store\/es\/shop\/sluban-m38-b1117-colorful-girls-yinchun-garden-with-1342pcs\/","title":{"rendered":"Sluban M38-B1117 Chicas coloridas: Jard\u00edn Yinchun con 1342 piezas"},"content":{"rendered":"<p>Informaci\u00f3n del Producto:<\/p>\n<ol>\n<li>Marca: Sluban<\/li>\n<li>G\u00e9nero: Unisex<\/li>\n<li>Name: Colorful Girls: Yinchun Garden<\/li>\n<li>Rango de edad: &gt; 6 a\u00f1os<\/li>\n<li>Model Number: M38-B1117<\/li>\n<li>Clasificaci\u00f3n: Ensamblaje<\/li>\n<li>Forma de bloque de pl\u00e1stico: Ladrillos autoblocantes<\/li>\n<li>Material: Pl\u00e1stico<\/li>\n<li>Tipo de pl\u00e1stico: ABS<\/li>\n<li>Bricks Blocks:1342PCS<\/li>\n<li>Size: 27.8 \u00d7 26.1 \u00d7 28 cm<\/li>\n<li>Contiene instrucciones de montaje detalladas.<\/li>\n<\/ol>\n<p>Aviso:<br \/>\n1. Sin caja original, pero garantizamos que nuestros productos tienen garant\u00eda de calidad y un buen embalaje.<br \/>\n2. Como todas las piezas que hemos comprobado antes del env\u00edo, si encuentra que faltan piezas o est\u00e1n da\u00f1adas, no se preocupe y p\u00f3ngase en contacto con nosotros y podemos reenvi\u00e1rselas inmediatamente de forma gratuita.<\/p>\n<figure id=\"attachment_39648\" aria-describedby=\"caption-attachment-39648\" style=\"width: 1280px\" class=\"wp-caption aligncenter\"><img fetchpriority=\"high\" decoding=\"async\" class=\"wp-image-39648 size-full\" src=\"https:\/\/mouldking.store\/wp-content\/uploads\/2023\/01\/Yinchun-Garden-Sluban-M38-B1117-2.jpg\" alt=\"Sluban M38-B1117 Colorful Girls: Yinchun Garden With 1342pcs\" width=\"1280\" height=\"720\" title=\"-\"><figcaption id=\"caption-attachment-39648\" class=\"wp-caption-text\">Sluban M38-B1117 Chicas coloridas: Jard\u00edn Yinchun con 1342 piezas<\/figcaption><\/figure>\n<figure id=\"attachment_39649\" aria-describedby=\"caption-attachment-39649\" style=\"width: 790px\" class=\"wp-caption aligncenter\"><img decoding=\"async\" class=\"wp-image-39649 size-full\" src=\"https:\/\/mouldking.store\/wp-content\/uploads\/2023\/01\/Yinchun-Garden-Sluban-M38-B1117-1.jpg\" alt=\"Sluban M38-B1117 Colorful Girls: Yinchun Garden With 1342pcs\" width=\"790\" height=\"2012\" title=\"-\"><figcaption id=\"caption-attachment-39649\" class=\"wp-caption-text\">Sluban M38-B1117 Chicas coloridas: Jard\u00edn Yinchun con 1342 piezas<\/figcaption><\/figure>","protected":false},"excerpt":{"rendered":"<ul>\n<li>Gu\u00eda de construcci\u00f3n manual<\/li>\n<li data-wpmeteor-click=\"true\">El producto no incluye PEGATINA ni Piezas IMPRESAS. Todas las piezas impresas se reemplazar\u00e1n por piezas est\u00e1ndar y no se incluir\u00e1n en los accesorios de terceros.<\/li>\n<li data-wpmeteor-click=\"true\">Preventa<\/li>\n<\/ul>","protected":false},"featured_media":39648,"comment_status":"closed","ping_status":"closed","template":"","meta":{"_acf_changed":false},"product_cat":[1365,1395],"product_tag":[10923,10942,7572,10939,7517,10943,10938,10940,10941],"class_list":["product","first","outofstock","shipping-taxable","purchasable","product-type-simple"],"acf":[],"_links":{"self":[{"href":"https:\/\/mouldking.store\/es\/wp-json\/wp\/v2\/product\/39647","targetHints":{"allow":["GET"]}}],"collection":[{"href":"https:\/\/mouldking.store\/es\/wp-json\/wp\/v2\/product"}],"about":[{"href":"https:\/\/mouldking.store\/es\/wp-json\/wp\/v2\/types\/product"}],"replies":[{"embeddable":true,"href":"https:\/\/mouldking.store\/es\/wp-json\/wp\/v2\/comments?post=39647"}],"wp:featuredmedia":[{"embeddable":true,"href":"https:\/\/mouldking.store\/es\/wp-json\/wp\/v2\/media\/39648"}],"wp:attachment":[{"href":"https:\/\/mouldking.store\/es\/wp-json\/wp\/v2\/media?parent=39647"}],"wp:term":[{"taxonomy":"product_cat","embeddable":true,"href":"https:\/\/mouldking.store\/es\/wp-json\/wp\/v2\/product_cat?post=39647"},{"taxonomy":"product_tag","embeddable":true,"href":"https:\/\/mouldking.store\/es\/wp-json\/wp\/v2\/product_tag?post=39647"}],"curies":[{"name":"wp","href":"https:\/\/api.w.org\/{rel}","templated":true}]}}