{"id":39655,"date":"2022-10-06T16:35:00","date_gmt":"2022-10-06T09:35:00","guid":{"rendered":"https:\/\/mouldking.store\/?post_type=product&#038;p=39655"},"modified":"2023-01-06T16:40:22","modified_gmt":"2023-01-06T09:40:22","slug":"reobrix-569-lions-come-and-go-with-498pcs","status":"publish","type":"product","link":"https:\/\/mouldking.store\/es\/shop\/reobrix-569-lions-come-and-go-with-498pcs\/","title":{"rendered":"Reobrix 569 Leones van y vienen con 498 piezas"},"content":{"rendered":"<p>Informaci\u00f3n del Producto:<\/p>\n<ol>\n<li>Marca: Reobrix<\/li>\n<li>G\u00e9nero: Unisex<\/li>\n<li>Nombre: Leones vienen y van<\/li>\n<li>Rango de edad: &gt; 6 a\u00f1os<\/li>\n<li>N\u00famero de modelo: 569<\/li>\n<li>Clasificaci\u00f3n: Ensamblaje<\/li>\n<li>Forma de bloque de pl\u00e1stico: Ladrillos autoblocantes<\/li>\n<li>Material: Pl\u00e1stico<\/li>\n<li>Tipo de pl\u00e1stico: ABS<\/li>\n<li>Bloques de ladrillos: 498PCS<\/li>\n<li>Tama\u00f1o: 20 \u00d7 8,5 \u00d7 21,5 cm<\/li>\n<li>Contiene instrucciones de montaje detalladas.<\/li>\n<\/ol>\n<p>Aviso:<br \/>\n1. Sin caja original, pero garantizamos que nuestros productos tienen garant\u00eda de calidad y un buen embalaje.<br \/>\n2. Como todas las piezas que hemos comprobado antes del env\u00edo, si encuentra que faltan piezas o est\u00e1n da\u00f1adas, no se preocupe y p\u00f3ngase en contacto con nosotros y podemos reenvi\u00e1rselas inmediatamente de forma gratuita.<\/p>\n<figure id=\"attachment_39656\" aria-describedby=\"caption-attachment-39656\" style=\"width: 1920px\" class=\"wp-caption aligncenter\"><img fetchpriority=\"high\" decoding=\"async\" class=\"wp-image-39656 size-full\" src=\"https:\/\/mouldking.store\/wp-content\/uploads\/2023\/01\/Lions-Come-And-Go-Reobrix-569-4.jpg\" alt=\"Reobrix 569 Lions Come And Go With 498pcs\" width=\"1920\" height=\"1920\" title=\"-\"><figcaption id=\"caption-attachment-39656\" class=\"wp-caption-text\">Reobrix 569 Leones van y vienen con 498 piezas<\/figcaption><\/figure>\n<figure id=\"attachment_39657\" aria-describedby=\"caption-attachment-39657\" style=\"width: 1920px\" class=\"wp-caption aligncenter\"><img decoding=\"async\" class=\"wp-image-39657 size-full\" src=\"https:\/\/mouldking.store\/wp-content\/uploads\/2023\/01\/Lions-Come-And-Go-Reobrix-569-3.jpg\" alt=\"Reobrix 569 Lions Come And Go With 498pcs\" width=\"1920\" height=\"1920\" title=\"-\"><figcaption id=\"caption-attachment-39657\" class=\"wp-caption-text\">Reobrix 569 Leones van y vienen con 498 piezas<\/figcaption><\/figure>\n<figure id=\"attachment_39658\" aria-describedby=\"caption-attachment-39658\" style=\"width: 1920px\" class=\"wp-caption aligncenter\"><img decoding=\"async\" class=\"wp-image-39658 size-full\" src=\"https:\/\/mouldking.store\/wp-content\/uploads\/2023\/01\/Lions-Come-And-Go-Reobrix-569-2.jpg\" alt=\"Reobrix 569 Lions Come And Go With 498pcs\" width=\"1920\" height=\"1920\" title=\"-\"><figcaption id=\"caption-attachment-39658\" class=\"wp-caption-text\">Reobrix 569 Leones van y vienen con 498 piezas<\/figcaption><\/figure>\n<figure id=\"attachment_39659\" aria-describedby=\"caption-attachment-39659\" style=\"width: 1920px\" class=\"wp-caption aligncenter\"><img loading=\"lazy\" decoding=\"async\" class=\"wp-image-39659 size-full\" src=\"https:\/\/mouldking.store\/wp-content\/uploads\/2023\/01\/Lions-Come-And-Go-Reobrix-569-1.jpg\" alt=\"Reobrix 569 Lions Come And Go With 498pcs\" width=\"1920\" height=\"1719\" title=\"-\"><figcaption id=\"caption-attachment-39659\" class=\"wp-caption-text\">Reobrix 569 Leones van y vienen con 498 piezas<\/figcaption><\/figure>","protected":false},"excerpt":{"rendered":"<ul>\n<li>Gu\u00eda de construcci\u00f3n manual<\/li>\n<li data-wpmeteor-click=\"true\">El producto no incluye PEGATINA ni Piezas IMPRESAS. Todas las piezas impresas se reemplazar\u00e1n por piezas est\u00e1ndar y no se incluir\u00e1n en los accesorios de terceros.<\/li>\n<li data-wpmeteor-click=\"true\">Preventa<\/li>\n<\/ul>","protected":false},"featured_media":39657,"comment_status":"closed","ping_status":"closed","template":"","meta":{"_acf_changed":false},"product_cat":[1365],"product_tag":[10953,10956,10955,10957,2669,10954,10958,10952],"class_list":["product","first","outofstock","shipping-taxable","purchasable","product-type-simple"],"acf":[],"_links":{"self":[{"href":"https:\/\/mouldking.store\/es\/wp-json\/wp\/v2\/product\/39655","targetHints":{"allow":["GET"]}}],"collection":[{"href":"https:\/\/mouldking.store\/es\/wp-json\/wp\/v2\/product"}],"about":[{"href":"https:\/\/mouldking.store\/es\/wp-json\/wp\/v2\/types\/product"}],"replies":[{"embeddable":true,"href":"https:\/\/mouldking.store\/es\/wp-json\/wp\/v2\/comments?post=39655"}],"wp:featuredmedia":[{"embeddable":true,"href":"https:\/\/mouldking.store\/es\/wp-json\/wp\/v2\/media\/39657"}],"wp:attachment":[{"href":"https:\/\/mouldking.store\/es\/wp-json\/wp\/v2\/media?parent=39655"}],"wp:term":[{"taxonomy":"product_cat","embeddable":true,"href":"https:\/\/mouldking.store\/es\/wp-json\/wp\/v2\/product_cat?post=39655"},{"taxonomy":"product_tag","embeddable":true,"href":"https:\/\/mouldking.store\/es\/wp-json\/wp\/v2\/product_tag?post=39655"}],"curies":[{"name":"wp","href":"https:\/\/api.w.org\/{rel}","templated":true}]}}