{"id":39661,"date":"2022-10-06T16:44:31","date_gmt":"2022-10-06T09:44:31","guid":{"rendered":"https:\/\/mouldking.store\/?post_type=product&#038;p=39661"},"modified":"2023-01-06T16:50:00","modified_gmt":"2023-01-06T09:50:00","slug":"reobrix-568-niannianyouyu-koi-with-486pcs","status":"publish","type":"product","link":"https:\/\/mouldking.store\/es\/shop\/reobrix-568-niannianyouyu-koi-with-486pcs\/","title":{"rendered":"Reobrix 568 Niannianyouyu Koi con 486 piezas"},"content":{"rendered":"<p>Informaci\u00f3n del Producto:<\/p>\n<ol>\n<li>Marca: Reobrix<\/li>\n<li>G\u00e9nero: Unisex<\/li>\n<li>Name: Niannianyouyu Koi<\/li>\n<li>Rango de edad: &gt; 6 a\u00f1os<\/li>\n<li>Model Number: 568<\/li>\n<li>Clasificaci\u00f3n: Ensamblaje<\/li>\n<li>Forma de bloque de pl\u00e1stico: Ladrillos autoblocantes<\/li>\n<li>Material: Pl\u00e1stico<\/li>\n<li>Tipo de pl\u00e1stico: ABS<\/li>\n<li>Bricks Blocks:486PCS<\/li>\n<li>Tama\u00f1o: 20 \u00d7 8,5 \u00d7 21,5 cm<\/li>\n<li>Contiene instrucciones de montaje detalladas.<\/li>\n<\/ol>\n<p>Aviso:<br \/>\n1. Sin caja original, pero garantizamos que nuestros productos tienen garant\u00eda de calidad y un buen embalaje.<br \/>\n2. Como todas las piezas que hemos comprobado antes del env\u00edo, si encuentra que faltan piezas o est\u00e1n da\u00f1adas, no se preocupe y p\u00f3ngase en contacto con nosotros y podemos reenvi\u00e1rselas inmediatamente de forma gratuita.<\/p>\n<figure id=\"attachment_39662\" aria-describedby=\"caption-attachment-39662\" style=\"width: 1197px\" class=\"wp-caption aligncenter\"><img fetchpriority=\"high\" decoding=\"async\" class=\"wp-image-39662 size-full\" src=\"https:\/\/mouldking.store\/wp-content\/uploads\/2023\/01\/Niannianyouyu-Koi-Reobrix-568-4.jpg\" alt=\"Reobrix 568 Niannianyouyu Koi With 486pcs\" width=\"1197\" height=\"1173\" title=\"-\"><figcaption id=\"caption-attachment-39662\" class=\"wp-caption-text\">Reobrix 568 Niannianyouyu Koi con 486 piezas<\/figcaption><\/figure>\n<figure id=\"attachment_39663\" aria-describedby=\"caption-attachment-39663\" style=\"width: 1920px\" class=\"wp-caption aligncenter\"><img decoding=\"async\" class=\"wp-image-39663 size-full\" src=\"https:\/\/mouldking.store\/wp-content\/uploads\/2023\/01\/Niannianyouyu-Koi-Reobrix-568-3.jpg\" alt=\"Reobrix 568 Niannianyouyu Koi With 486pcs\" width=\"1920\" height=\"1920\" title=\"-\"><figcaption id=\"caption-attachment-39663\" class=\"wp-caption-text\">Reobrix 568 Niannianyouyu Koi con 486 piezas<\/figcaption><\/figure>\n<figure id=\"attachment_39664\" aria-describedby=\"caption-attachment-39664\" style=\"width: 1920px\" class=\"wp-caption aligncenter\"><img decoding=\"async\" class=\"wp-image-39664 size-full\" src=\"https:\/\/mouldking.store\/wp-content\/uploads\/2023\/01\/Niannianyouyu-Koi-Reobrix-568-2.jpg\" alt=\"Reobrix 568 Niannianyouyu Koi With 486pcs\" width=\"1920\" height=\"1920\" title=\"-\"><figcaption id=\"caption-attachment-39664\" class=\"wp-caption-text\">Reobrix 568 Niannianyouyu Koi con 486 piezas<\/figcaption><\/figure>\n<figure id=\"attachment_39665\" aria-describedby=\"caption-attachment-39665\" style=\"width: 1920px\" class=\"wp-caption aligncenter\"><img loading=\"lazy\" decoding=\"async\" class=\"wp-image-39665 size-full\" src=\"https:\/\/mouldking.store\/wp-content\/uploads\/2023\/01\/Niannianyouyu-Koi-Reobrix-568-1.jpg\" alt=\"Reobrix 568 Niannianyouyu Koi With 486pcs\" width=\"1920\" height=\"1693\" title=\"-\"><figcaption id=\"caption-attachment-39665\" class=\"wp-caption-text\">Reobrix 568 Niannianyouyu Koi con 486 piezas<\/figcaption><\/figure>","protected":false},"excerpt":{"rendered":"<ul>\n<li>Gu\u00eda de construcci\u00f3n manual<\/li>\n<li data-wpmeteor-click=\"true\">El producto no incluye PEGATINA ni Piezas IMPRESAS. Todas las piezas impresas se reemplazar\u00e1n por piezas est\u00e1ndar y no se incluir\u00e1n en los accesorios de terceros.<\/li>\n<li data-wpmeteor-click=\"true\">Preventa<\/li>\n<\/ul>","protected":false},"featured_media":39663,"comment_status":"closed","ping_status":"closed","template":"","meta":{"_acf_changed":false},"product_cat":[1365],"product_tag":[10960,10963,10962,10964,2669,10961,10965,10959],"class_list":["product","first","outofstock","shipping-taxable","purchasable","product-type-simple"],"acf":[],"_links":{"self":[{"href":"https:\/\/mouldking.store\/es\/wp-json\/wp\/v2\/product\/39661","targetHints":{"allow":["GET"]}}],"collection":[{"href":"https:\/\/mouldking.store\/es\/wp-json\/wp\/v2\/product"}],"about":[{"href":"https:\/\/mouldking.store\/es\/wp-json\/wp\/v2\/types\/product"}],"replies":[{"embeddable":true,"href":"https:\/\/mouldking.store\/es\/wp-json\/wp\/v2\/comments?post=39661"}],"wp:featuredmedia":[{"embeddable":true,"href":"https:\/\/mouldking.store\/es\/wp-json\/wp\/v2\/media\/39663"}],"wp:attachment":[{"href":"https:\/\/mouldking.store\/es\/wp-json\/wp\/v2\/media?parent=39661"}],"wp:term":[{"taxonomy":"product_cat","embeddable":true,"href":"https:\/\/mouldking.store\/es\/wp-json\/wp\/v2\/product_cat?post=39661"},{"taxonomy":"product_tag","embeddable":true,"href":"https:\/\/mouldking.store\/es\/wp-json\/wp\/v2\/product_tag?post=39661"}],"curies":[{"name":"wp","href":"https:\/\/api.w.org\/{rel}","templated":true}]}}