{"id":39666,"date":"2022-10-06T16:50:25","date_gmt":"2022-10-06T09:50:25","guid":{"rendered":"https:\/\/mouldking.store\/?post_type=product&#038;p=39666"},"modified":"2023-01-06T16:54:48","modified_gmt":"2023-01-06T09:54:48","slug":"reobrix-22017-bucket-wheel-excavator-with-3188pcs","status":"publish","type":"product","link":"https:\/\/mouldking.store\/es\/shop\/reobrix-22017-bucket-wheel-excavator-with-3188pcs\/","title":{"rendered":"Excavadora de rueda de cangilones Reobrix 22017 con 3188 piezas"},"content":{"rendered":"<p>Informaci\u00f3n del Producto:<\/p>\n<ol>\n<li>Marca: Reobrix<\/li>\n<li>G\u00e9nero: Unisex<\/li>\n<li>Nombre: Excavadora de rueda de cangilones<\/li>\n<li>Rango de edad: &gt; 6 a\u00f1os<\/li>\n<li>N\u00famero de modelo: 22017<\/li>\n<li>Clasificaci\u00f3n: Ensamblaje<\/li>\n<li>Forma de bloque de pl\u00e1stico: Ladrillos autoblocantes<\/li>\n<li>Material: Pl\u00e1stico<\/li>\n<li>Tipo de pl\u00e1stico: ABS<\/li>\n<li>Bloques de ladrillos: 3188PCS<\/li>\n<li>Tama\u00f1o: 98 \u00d7 33,5 \u00d7 36,5 cm<\/li>\n<li>Contiene instrucciones de montaje detalladas.<\/li>\n<\/ol>\n<p>Aviso:<br \/>\n1. Sin caja original, pero garantizamos que nuestros productos tienen garant\u00eda de calidad y un buen embalaje.<br \/>\n2. Como todas las piezas que hemos comprobado antes del env\u00edo, si encuentra que faltan piezas o est\u00e1n da\u00f1adas, no se preocupe y p\u00f3ngase en contacto con nosotros y podemos reenvi\u00e1rselas inmediatamente de forma gratuita.<\/p>\n<figure id=\"attachment_39667\" aria-describedby=\"caption-attachment-39667\" style=\"width: 1920px\" class=\"wp-caption aligncenter\"><img fetchpriority=\"high\" decoding=\"async\" class=\"wp-image-39667 size-full\" src=\"https:\/\/mouldking.store\/wp-content\/uploads\/2023\/01\/Bucket-Wheel-Excavator-Reobrix-22017-2.jpg\" alt=\"Reobrix 22017 Bucket Wheel Excavator With 3188pcs\" width=\"1920\" height=\"1407\" title=\"-\"><figcaption id=\"caption-attachment-39667\" class=\"wp-caption-text\">Excavadora de rueda de cangilones Reobrix 22017 con 3188 piezas<\/figcaption><\/figure>\n<figure id=\"attachment_39668\" aria-describedby=\"caption-attachment-39668\" style=\"width: 754px\" class=\"wp-caption aligncenter\"><img decoding=\"async\" class=\"wp-image-39668 size-full\" src=\"https:\/\/mouldking.store\/wp-content\/uploads\/2023\/01\/Bucket-Wheel-Excavator-Reobrix-22017-1.jpg\" alt=\"Reobrix 22017 Bucket Wheel Excavator With 3188pcs\" width=\"754\" height=\"451\" title=\"-\"><figcaption id=\"caption-attachment-39668\" class=\"wp-caption-text\">Excavadora de rueda de cangilones Reobrix 22017 con 3188 piezas<\/figcaption><\/figure>","protected":false},"excerpt":{"rendered":"<ul>\n<li>Gu\u00eda de construcci\u00f3n manual<\/li>\n<li data-wpmeteor-click=\"true\">El producto no incluye PEGATINA ni Piezas IMPRESAS. Todas las piezas impresas se reemplazar\u00e1n por piezas est\u00e1ndar y no se incluir\u00e1n en los accesorios de terceros.<\/li>\n<li data-wpmeteor-click=\"true\">Preventa<\/li>\n<\/ul>","protected":false},"featured_media":39667,"comment_status":"closed","ping_status":"closed","template":"","meta":{"_acf_changed":false},"product_cat":[1357],"product_tag":[10967,10969,3186,755,2669,10968,10966,7652,10970],"class_list":["product","first","outofstock","shipping-taxable","purchasable","product-type-simple"],"acf":[],"_links":{"self":[{"href":"https:\/\/mouldking.store\/es\/wp-json\/wp\/v2\/product\/39666","targetHints":{"allow":["GET"]}}],"collection":[{"href":"https:\/\/mouldking.store\/es\/wp-json\/wp\/v2\/product"}],"about":[{"href":"https:\/\/mouldking.store\/es\/wp-json\/wp\/v2\/types\/product"}],"replies":[{"embeddable":true,"href":"https:\/\/mouldking.store\/es\/wp-json\/wp\/v2\/comments?post=39666"}],"wp:featuredmedia":[{"embeddable":true,"href":"https:\/\/mouldking.store\/es\/wp-json\/wp\/v2\/media\/39667"}],"wp:attachment":[{"href":"https:\/\/mouldking.store\/es\/wp-json\/wp\/v2\/media?parent=39666"}],"wp:term":[{"taxonomy":"product_cat","embeddable":true,"href":"https:\/\/mouldking.store\/es\/wp-json\/wp\/v2\/product_cat?post=39666"},{"taxonomy":"product_tag","embeddable":true,"href":"https:\/\/mouldking.store\/es\/wp-json\/wp\/v2\/product_tag?post=39666"}],"curies":[{"name":"wp","href":"https:\/\/api.w.org\/{rel}","templated":true}]}}