{"id":39669,"date":"2022-10-06T16:55:55","date_gmt":"2022-10-06T09:55:55","guid":{"rendered":"https:\/\/mouldking.store\/?post_type=product&#038;p=39669"},"modified":"2023-01-06T17:01:26","modified_gmt":"2023-01-06T10:01:26","slug":"loz-1754-im-not-a-square-head-tutu-astronaut-with-710pcs","status":"publish","type":"product","link":"https:\/\/mouldking.store\/es\/shop\/loz-1754-im-not-a-square-head-tutu-astronaut-with-710pcs\/","title":{"rendered":"LOZ 1754 No soy una cabeza cuadrada: astronauta tut\u00fa con 710 piezas"},"content":{"rendered":"<p>Informaci\u00f3n del Producto:<\/p>\n<ol>\n<li>Marca: LOZ<\/li>\n<li>G\u00e9nero: Unisex<\/li>\n<li>Name: I\u2019m Not a Square Head: Tutu Astronaut<\/li>\n<li>Rango de edad: &gt; 6 a\u00f1os<\/li>\n<li>Model Number: 1754<\/li>\n<li>Clasificaci\u00f3n: Ensamblaje<\/li>\n<li>Forma de bloque de pl\u00e1stico: Ladrillos autoblocantes<\/li>\n<li>Material: Pl\u00e1stico<\/li>\n<li>Tipo de pl\u00e1stico: ABS<\/li>\n<li>Bricks Blocks:710PCS<\/li>\n<li>Size: 9 \u00d7 9 \u00d7 13.5 cm<\/li>\n<li>Contiene instrucciones de montaje detalladas.<\/li>\n<\/ol>\n<p>Aviso:<br \/>\n1. Sin caja original, pero garantizamos que nuestros productos tienen garant\u00eda de calidad y un buen embalaje.<br \/>\n2. Como todas las piezas que hemos comprobado antes del env\u00edo, si encuentra que faltan piezas o est\u00e1n da\u00f1adas, no se preocupe y p\u00f3ngase en contacto con nosotros y podemos reenvi\u00e1rselas inmediatamente de forma gratuita.<\/p>\n<figure id=\"attachment_39670\" aria-describedby=\"caption-attachment-39670\" style=\"width: 800px\" class=\"wp-caption aligncenter\"><img fetchpriority=\"high\" decoding=\"async\" class=\"wp-image-39670 size-full\" src=\"https:\/\/mouldking.store\/wp-content\/uploads\/2023\/01\/Tutu-Astronaut-LOZ-1754-5.jpg\" alt=\"LOZ 1754 I\u2019m Not a Square Head: Tutu Astronaut With 710pcs\" width=\"800\" height=\"800\" title=\"-\"><figcaption id=\"caption-attachment-39670\" class=\"wp-caption-text\">LOZ 1754 No soy una cabeza cuadrada: astronauta tut\u00fa con 710 piezas<\/figcaption><\/figure>\n<figure id=\"attachment_39671\" aria-describedby=\"caption-attachment-39671\" style=\"width: 800px\" class=\"wp-caption aligncenter\"><img decoding=\"async\" class=\"wp-image-39671 size-full\" src=\"https:\/\/mouldking.store\/wp-content\/uploads\/2023\/01\/Tutu-Astronaut-LOZ-1754-4.jpg\" alt=\"LOZ 1754 I\u2019m Not a Square Head: Tutu Astronaut With 710pcs\" width=\"800\" height=\"800\" title=\"-\"><figcaption id=\"caption-attachment-39671\" class=\"wp-caption-text\">LOZ 1754 No soy una cabeza cuadrada: astronauta tut\u00fa con 710 piezas<\/figcaption><\/figure>\n<figure id=\"attachment_39672\" aria-describedby=\"caption-attachment-39672\" style=\"width: 1200px\" class=\"wp-caption aligncenter\"><img decoding=\"async\" class=\"wp-image-39672 size-full\" src=\"https:\/\/mouldking.store\/wp-content\/uploads\/2023\/01\/Tutu-Astronaut-LOZ-1754-3.jpg\" alt=\"LOZ 1754 I\u2019m Not a Square Head: Tutu Astronaut With 710pcs\" width=\"1200\" height=\"1579\" title=\"-\"><figcaption id=\"caption-attachment-39672\" class=\"wp-caption-text\">LOZ 1754 No soy una cabeza cuadrada: astronauta tut\u00fa con 710 piezas<\/figcaption><\/figure>\n<figure id=\"attachment_39673\" aria-describedby=\"caption-attachment-39673\" style=\"width: 1200px\" class=\"wp-caption aligncenter\"><img loading=\"lazy\" decoding=\"async\" class=\"wp-image-39673 size-full\" src=\"https:\/\/mouldking.store\/wp-content\/uploads\/2023\/01\/Tutu-Astronaut-LOZ-1754-2.jpg\" alt=\"LOZ 1754 I\u2019m Not a Square Head: Tutu Astronaut With 710pcs\" width=\"1200\" height=\"1579\" title=\"-\"><figcaption id=\"caption-attachment-39673\" class=\"wp-caption-text\">LOZ 1754 No soy una cabeza cuadrada: astronauta tut\u00fa con 710 piezas<\/figcaption><\/figure>\n<figure id=\"attachment_39674\" aria-describedby=\"caption-attachment-39674\" style=\"width: 1200px\" class=\"wp-caption aligncenter\"><img loading=\"lazy\" decoding=\"async\" class=\"wp-image-39674 size-full\" src=\"https:\/\/mouldking.store\/wp-content\/uploads\/2023\/01\/Tutu-Astronaut-LOZ-1754-1.jpg\" alt=\"LOZ 1754 I\u2019m Not a Square Head: Tutu Astronaut With 710pcs\" width=\"1200\" height=\"1579\" title=\"-\"><figcaption id=\"caption-attachment-39674\" class=\"wp-caption-text\">LOZ 1754 No soy una cabeza cuadrada: astronauta tut\u00fa con 710 piezas<\/figcaption><\/figure>","protected":false},"excerpt":{"rendered":"<ul>\n<li>Gu\u00eda de construcci\u00f3n manual<\/li>\n<li data-wpmeteor-click=\"true\">El producto no incluye PEGATINA ni Piezas IMPRESAS. Todas las piezas impresas se reemplazar\u00e1n por piezas est\u00e1ndar y no se incluir\u00e1n en los accesorios de terceros.<\/li>\n<li data-wpmeteor-click=\"true\">Preventa<\/li>\n<\/ul>","protected":false},"featured_media":39671,"comment_status":"closed","ping_status":"closed","template":"","meta":{"_acf_changed":false},"product_cat":[1365],"product_tag":[10972,6341,10974,10977,2202,10973,10978,10971,10975,10976],"class_list":["product","first","outofstock","shipping-taxable","purchasable","product-type-simple"],"acf":[],"_links":{"self":[{"href":"https:\/\/mouldking.store\/es\/wp-json\/wp\/v2\/product\/39669","targetHints":{"allow":["GET"]}}],"collection":[{"href":"https:\/\/mouldking.store\/es\/wp-json\/wp\/v2\/product"}],"about":[{"href":"https:\/\/mouldking.store\/es\/wp-json\/wp\/v2\/types\/product"}],"replies":[{"embeddable":true,"href":"https:\/\/mouldking.store\/es\/wp-json\/wp\/v2\/comments?post=39669"}],"wp:featuredmedia":[{"embeddable":true,"href":"https:\/\/mouldking.store\/es\/wp-json\/wp\/v2\/media\/39671"}],"wp:attachment":[{"href":"https:\/\/mouldking.store\/es\/wp-json\/wp\/v2\/media?parent=39669"}],"wp:term":[{"taxonomy":"product_cat","embeddable":true,"href":"https:\/\/mouldking.store\/es\/wp-json\/wp\/v2\/product_cat?post=39669"},{"taxonomy":"product_tag","embeddable":true,"href":"https:\/\/mouldking.store\/es\/wp-json\/wp\/v2\/product_tag?post=39669"}],"curies":[{"name":"wp","href":"https:\/\/api.w.org\/{rel}","templated":true}]}}