{"id":39676,"date":"2022-10-06T17:01:49","date_gmt":"2022-10-06T10:01:49","guid":{"rendered":"https:\/\/mouldking.store\/?post_type=product&#038;p=39676"},"modified":"2023-01-06T17:08:01","modified_gmt":"2023-01-06T10:08:01","slug":"loz-1753-im-not-a-square-head-blue-and-white-porcelain-astronaut-with-597pcs","status":"publish","type":"product","link":"https:\/\/mouldking.store\/es\/shop\/loz-1753-im-not-a-square-head-blue-and-white-porcelain-astronaut-with-597pcs\/","title":{"rendered":"LOZ 1753 I&#039;m Not a Square Head: Astronauta de porcelana azul y blanca con 597 piezas"},"content":{"rendered":"<p>Informaci\u00f3n del Producto:<\/p>\n<ol>\n<li>Marca: LOZ<\/li>\n<li>G\u00e9nero: Unisex<\/li>\n<li>Nombre: No soy cabeza cuadrada: astronauta de porcelana azul y blanca<\/li>\n<li>Rango de edad: &gt; 6 a\u00f1os<\/li>\n<li>N\u00famero de modelo: 1753<\/li>\n<li>Clasificaci\u00f3n: Ensamblaje<\/li>\n<li>Forma de bloque de pl\u00e1stico: Ladrillos autoblocantes<\/li>\n<li>Material: Pl\u00e1stico<\/li>\n<li>Tipo de pl\u00e1stico: ABS<\/li>\n<li>Bloques de ladrillos: 597PCS<\/li>\n<li>Tama\u00f1o: 11 \u00d7 9,5 \u00d7 11 cm<\/li>\n<li>Contiene instrucciones de montaje detalladas.<\/li>\n<\/ol>\n<p>Aviso:<br \/>\n1. Sin caja original, pero garantizamos que nuestros productos tienen garant\u00eda de calidad y un buen embalaje.<br \/>\n2. Como todas las piezas que hemos comprobado antes del env\u00edo, si encuentra que faltan piezas o est\u00e1n da\u00f1adas, no se preocupe y p\u00f3ngase en contacto con nosotros y podemos reenvi\u00e1rselas inmediatamente de forma gratuita.<\/p>\n<figure id=\"attachment_39677\" aria-describedby=\"caption-attachment-39677\" style=\"width: 800px\" class=\"wp-caption aligncenter\"><img fetchpriority=\"high\" decoding=\"async\" class=\"wp-image-39677 size-full\" src=\"https:\/\/mouldking.store\/wp-content\/uploads\/2023\/01\/Blue-and-White-Porcelain-Astronaut-LOZ-1753-4.jpg\" alt=\"LOZ 1753 I\u2019m Not a Square Head: Blue and White Porcelain Astronaut With 597pcs\" width=\"800\" height=\"800\" title=\"-\"><figcaption id=\"caption-attachment-39677\" class=\"wp-caption-text\">LOZ 1753 I&#039;m Not a Square Head: Astronauta de porcelana azul y blanca con 597 piezas<\/figcaption><\/figure>\n<figure id=\"attachment_39678\" aria-describedby=\"caption-attachment-39678\" style=\"width: 800px\" class=\"wp-caption aligncenter\"><img decoding=\"async\" class=\"wp-image-39678 size-full\" src=\"https:\/\/mouldking.store\/wp-content\/uploads\/2023\/01\/Blue-and-White-Porcelain-Astronaut-LOZ-1753-3.jpg\" alt=\"LOZ 1753 I\u2019m Not a Square Head: Blue and White Porcelain Astronaut With 597pcs\" width=\"800\" height=\"800\" title=\"-\"><figcaption id=\"caption-attachment-39678\" class=\"wp-caption-text\">LOZ 1753 I&#039;m Not a Square Head: Astronauta de porcelana azul y blanca con 597 piezas<\/figcaption><\/figure>\n<figure id=\"attachment_39679\" aria-describedby=\"caption-attachment-39679\" style=\"width: 1200px\" class=\"wp-caption aligncenter\"><img decoding=\"async\" class=\"wp-image-39679 size-full\" src=\"https:\/\/mouldking.store\/wp-content\/uploads\/2023\/01\/Blue-and-White-Porcelain-Astronaut-LOZ-1753-2.jpg\" alt=\"LOZ 1753 I\u2019m Not a Square Head: Blue and White Porcelain Astronaut With 597pcs\" width=\"1200\" height=\"1579\" title=\"-\"><figcaption id=\"caption-attachment-39679\" class=\"wp-caption-text\">LOZ 1753 I&#039;m Not a Square Head: Astronauta de porcelana azul y blanca con 597 piezas<\/figcaption><\/figure>\n<figure id=\"attachment_39680\" aria-describedby=\"caption-attachment-39680\" style=\"width: 1200px\" class=\"wp-caption aligncenter\"><img loading=\"lazy\" decoding=\"async\" class=\"wp-image-39680 size-full\" src=\"https:\/\/mouldking.store\/wp-content\/uploads\/2023\/01\/Blue-and-White-Porcelain-Astronaut-LOZ-1753-1.jpg\" alt=\"LOZ 1753 I\u2019m Not a Square Head: Blue and White Porcelain Astronaut With 597pcs\" width=\"1200\" height=\"1579\" title=\"-\"><figcaption id=\"caption-attachment-39680\" class=\"wp-caption-text\">LOZ 1753 I&#039;m Not a Square Head: Astronauta de porcelana azul y blanca con 597 piezas<\/figcaption><\/figure>","protected":false},"excerpt":{"rendered":"<ul>\n<li>Gu\u00eda de construcci\u00f3n manual<\/li>\n<li data-wpmeteor-click=\"true\">El producto no incluye PEGATINA ni Piezas IMPRESAS. Todas las piezas impresas se reemplazar\u00e1n por piezas est\u00e1ndar y no se incluir\u00e1n en los accesorios de terceros.<\/li>\n<li data-wpmeteor-click=\"true\">Preventa<\/li>\n<\/ul>","protected":false},"featured_media":39678,"comment_status":"closed","ping_status":"closed","template":"","meta":{"_acf_changed":false},"product_cat":[1365],"product_tag":[10980,6341,10982,10985,10974,10986,2202,10981,10987,10979,10983,10984,1461],"class_list":["product","first","outofstock","shipping-taxable","purchasable","product-type-simple"],"acf":[],"_links":{"self":[{"href":"https:\/\/mouldking.store\/es\/wp-json\/wp\/v2\/product\/39676","targetHints":{"allow":["GET"]}}],"collection":[{"href":"https:\/\/mouldking.store\/es\/wp-json\/wp\/v2\/product"}],"about":[{"href":"https:\/\/mouldking.store\/es\/wp-json\/wp\/v2\/types\/product"}],"replies":[{"embeddable":true,"href":"https:\/\/mouldking.store\/es\/wp-json\/wp\/v2\/comments?post=39676"}],"wp:featuredmedia":[{"embeddable":true,"href":"https:\/\/mouldking.store\/es\/wp-json\/wp\/v2\/media\/39678"}],"wp:attachment":[{"href":"https:\/\/mouldking.store\/es\/wp-json\/wp\/v2\/media?parent=39676"}],"wp:term":[{"taxonomy":"product_cat","embeddable":true,"href":"https:\/\/mouldking.store\/es\/wp-json\/wp\/v2\/product_cat?post=39676"},{"taxonomy":"product_tag","embeddable":true,"href":"https:\/\/mouldking.store\/es\/wp-json\/wp\/v2\/product_tag?post=39676"}],"curies":[{"name":"wp","href":"https:\/\/api.w.org\/{rel}","templated":true}]}}