{"id":39688,"date":"2022-10-06T17:14:07","date_gmt":"2022-10-06T10:14:07","guid":{"rendered":"https:\/\/mouldking.store\/?post_type=product&#038;p=39688"},"modified":"2023-01-06T17:21:10","modified_gmt":"2023-01-06T10:21:10","slug":"loz-2180-chinese-new-year-temple-fair-with-3467pcs","status":"publish","type":"product","link":"https:\/\/mouldking.store\/es\/shop\/loz-2180-chinese-new-year-temple-fair-with-3467pcs\/","title":{"rendered":"LOZ 2180 Feria del Templo del A\u00f1o Nuevo Chino con 3467 piezas"},"content":{"rendered":"<p>Informaci\u00f3n del Producto:<\/p>\n<ol>\n<li>Marca: LOZ<\/li>\n<li>G\u00e9nero: Unisex<\/li>\n<li>Name: Chinese New Year Temple Fair<\/li>\n<li>Rango de edad: &gt; 6 a\u00f1os<\/li>\n<li>Model Number: 2180<\/li>\n<li>Clasificaci\u00f3n: Ensamblaje<\/li>\n<li>Forma de bloque de pl\u00e1stico: Ladrillos autoblocantes<\/li>\n<li>Material: Pl\u00e1stico<\/li>\n<li>Tipo de pl\u00e1stico: ABS<\/li>\n<li>Bricks Blocks:3467PCS<\/li>\n<li>Size: 52.8 \u00d7 18.3 \u00d7 23 cm<\/li>\n<li>Contiene instrucciones de montaje detalladas.<\/li>\n<\/ol>\n<p>Aviso:<br \/>\n1. Sin caja original, pero garantizamos que nuestros productos tienen garant\u00eda de calidad y un buen embalaje.<br \/>\n2. Como todas las piezas que hemos comprobado antes del env\u00edo, si encuentra que faltan piezas o est\u00e1n da\u00f1adas, no se preocupe y p\u00f3ngase en contacto con nosotros y podemos reenvi\u00e1rselas inmediatamente de forma gratuita.<\/p>\n<figure id=\"attachment_39689\" aria-describedby=\"caption-attachment-39689\" style=\"width: 800px\" class=\"wp-caption aligncenter\"><img fetchpriority=\"high\" decoding=\"async\" class=\"wp-image-39689 size-full\" src=\"https:\/\/mouldking.store\/wp-content\/uploads\/2023\/01\/Chinese-New-Year-Temple-Fair-LOZ-2180-8.jpg\" alt=\"LOZ 2180 Chinese New Year Temple Fair With 3467pcs\" width=\"800\" height=\"800\" title=\"-\"><figcaption id=\"caption-attachment-39689\" class=\"wp-caption-text\">LOZ 2180 Feria del Templo del A\u00f1o Nuevo Chino con 3467 piezas<\/figcaption><\/figure>\n<figure id=\"attachment_39690\" aria-describedby=\"caption-attachment-39690\" style=\"width: 800px\" class=\"wp-caption aligncenter\"><img decoding=\"async\" class=\"wp-image-39690 size-full\" src=\"https:\/\/mouldking.store\/wp-content\/uploads\/2023\/01\/Chinese-New-Year-Temple-Fair-LOZ-2180-7.jpg\" alt=\"LOZ 2180 Chinese New Year Temple Fair With 3467pcs\" width=\"800\" height=\"800\" title=\"-\"><figcaption id=\"caption-attachment-39690\" class=\"wp-caption-text\">LOZ 2180 Feria del Templo del A\u00f1o Nuevo Chino con 3467 piezas<\/figcaption><\/figure>\n<figure id=\"attachment_39691\" aria-describedby=\"caption-attachment-39691\" style=\"width: 800px\" class=\"wp-caption aligncenter\"><img decoding=\"async\" class=\"wp-image-39691 size-full\" src=\"https:\/\/mouldking.store\/wp-content\/uploads\/2023\/01\/Chinese-New-Year-Temple-Fair-LOZ-2180-6.jpg\" alt=\"LOZ 2180 Chinese New Year Temple Fair With 3467pcs\" width=\"800\" height=\"800\" title=\"-\"><figcaption id=\"caption-attachment-39691\" class=\"wp-caption-text\">LOZ 2180 Feria del Templo del A\u00f1o Nuevo Chino con 3467 piezas<\/figcaption><\/figure>\n<figure id=\"attachment_39692\" aria-describedby=\"caption-attachment-39692\" style=\"width: 800px\" class=\"wp-caption aligncenter\"><img loading=\"lazy\" decoding=\"async\" class=\"wp-image-39692 size-full\" src=\"https:\/\/mouldking.store\/wp-content\/uploads\/2023\/01\/Chinese-New-Year-Temple-Fair-LOZ-2180-5.jpg\" alt=\"LOZ 2180 Chinese New Year Temple Fair With 3467pcs\" width=\"800\" height=\"800\" title=\"-\"><figcaption id=\"caption-attachment-39692\" class=\"wp-caption-text\">LOZ 2180 Feria del Templo del A\u00f1o Nuevo Chino con 3467 piezas<\/figcaption><\/figure>\n<figure id=\"attachment_39693\" aria-describedby=\"caption-attachment-39693\" style=\"width: 800px\" class=\"wp-caption aligncenter\"><img loading=\"lazy\" decoding=\"async\" class=\"wp-image-39693 size-full\" src=\"https:\/\/mouldking.store\/wp-content\/uploads\/2023\/01\/Chinese-New-Year-Temple-Fair-LOZ-2180-4.jpg\" alt=\"LOZ 2180 Chinese New Year Temple Fair With 3467pcs\" width=\"800\" height=\"800\" title=\"-\"><figcaption id=\"caption-attachment-39693\" class=\"wp-caption-text\">LOZ 2180 Feria del Templo del A\u00f1o Nuevo Chino con 3467 piezas<\/figcaption><\/figure>\n<figure id=\"attachment_39694\" aria-describedby=\"caption-attachment-39694\" style=\"width: 800px\" class=\"wp-caption aligncenter\"><img loading=\"lazy\" decoding=\"async\" class=\"wp-image-39694 size-full\" src=\"https:\/\/mouldking.store\/wp-content\/uploads\/2023\/01\/Chinese-New-Year-Temple-Fair-LOZ-2180-3.jpg\" alt=\"LOZ 2180 Chinese New Year Temple Fair With 3467pcs\" width=\"800\" height=\"800\" title=\"-\"><figcaption id=\"caption-attachment-39694\" class=\"wp-caption-text\">LOZ 2180 Feria del Templo del A\u00f1o Nuevo Chino con 3467 piezas<\/figcaption><\/figure>\n<figure id=\"attachment_39695\" aria-describedby=\"caption-attachment-39695\" style=\"width: 800px\" class=\"wp-caption aligncenter\"><img loading=\"lazy\" decoding=\"async\" class=\"wp-image-39695 size-full\" src=\"https:\/\/mouldking.store\/wp-content\/uploads\/2023\/01\/Chinese-New-Year-Temple-Fair-LOZ-2180-2.jpg\" alt=\"LOZ 2180 Chinese New Year Temple Fair With 3467pcs\" width=\"800\" height=\"800\" title=\"-\"><figcaption id=\"caption-attachment-39695\" class=\"wp-caption-text\">LOZ 2180 Feria del Templo del A\u00f1o Nuevo Chino con 3467 piezas<\/figcaption><\/figure>\n<figure id=\"attachment_39696\" aria-describedby=\"caption-attachment-39696\" style=\"width: 800px\" class=\"wp-caption aligncenter\"><img loading=\"lazy\" decoding=\"async\" class=\"wp-image-39696 size-full\" src=\"https:\/\/mouldking.store\/wp-content\/uploads\/2023\/01\/Chinese-New-Year-Temple-Fair-LOZ-2180-1.jpg\" alt=\"LOZ 2180 Chinese New Year Temple Fair With 3467pcs\" width=\"800\" height=\"800\" title=\"-\"><figcaption id=\"caption-attachment-39696\" class=\"wp-caption-text\">LOZ 2180 Feria del Templo del A\u00f1o Nuevo Chino con 3467 piezas<\/figcaption><\/figure>","protected":false},"excerpt":{"rendered":"<ul>\n<li>Gu\u00eda de construcci\u00f3n manual<\/li>\n<li data-wpmeteor-click=\"true\">El producto no incluye PEGATINA ni Piezas IMPRESAS. Todas las piezas impresas se reemplazar\u00e1n por piezas est\u00e1ndar y no se incluir\u00e1n en los accesorios de terceros.<\/li>\n<li data-wpmeteor-click=\"true\">Preventa<\/li>\n<\/ul>","protected":false},"featured_media":39690,"comment_status":"closed","ping_status":"closed","template":"","meta":{"_acf_changed":false},"product_cat":[1365],"product_tag":[10998,6462,11004,11002,2202,10999,11005,10997,11000,11001,11003],"class_list":["product","first","outofstock","shipping-taxable","purchasable","product-type-simple"],"acf":[],"_links":{"self":[{"href":"https:\/\/mouldking.store\/es\/wp-json\/wp\/v2\/product\/39688","targetHints":{"allow":["GET"]}}],"collection":[{"href":"https:\/\/mouldking.store\/es\/wp-json\/wp\/v2\/product"}],"about":[{"href":"https:\/\/mouldking.store\/es\/wp-json\/wp\/v2\/types\/product"}],"replies":[{"embeddable":true,"href":"https:\/\/mouldking.store\/es\/wp-json\/wp\/v2\/comments?post=39688"}],"wp:featuredmedia":[{"embeddable":true,"href":"https:\/\/mouldking.store\/es\/wp-json\/wp\/v2\/media\/39690"}],"wp:attachment":[{"href":"https:\/\/mouldking.store\/es\/wp-json\/wp\/v2\/media?parent=39688"}],"wp:term":[{"taxonomy":"product_cat","embeddable":true,"href":"https:\/\/mouldking.store\/es\/wp-json\/wp\/v2\/product_cat?post=39688"},{"taxonomy":"product_tag","embeddable":true,"href":"https:\/\/mouldking.store\/es\/wp-json\/wp\/v2\/product_tag?post=39688"}],"curies":[{"name":"wp","href":"https:\/\/api.w.org\/{rel}","templated":true}]}}