{"id":39697,"date":"2022-10-06T17:21:30","date_gmt":"2022-10-06T10:21:30","guid":{"rendered":"https:\/\/mouldking.store\/?post_type=product&#038;p=39697"},"modified":"2023-01-06T17:26:53","modified_gmt":"2023-01-06T10:26:53","slug":"loz-2215-reunion-new-year-daquan-box-with-691pcs","status":"publish","type":"product","link":"https:\/\/mouldking.store\/es\/shop\/loz-2215-reunion-new-year-daquan-box-with-691pcs\/","title":{"rendered":"LOZ 2215 Reunion New Year Daquan Box With 691pcs"},"content":{"rendered":"<p>Informaci\u00f3n del Producto:<\/p>\n<ol>\n<li>Marca: LOZ<\/li>\n<li>G\u00e9nero: Unisex<\/li>\n<li>Name: Reunion New Year Daquan Box<\/li>\n<li>Rango de edad: &gt; 6 a\u00f1os<\/li>\n<li>Model Number: 2215<\/li>\n<li>Clasificaci\u00f3n: Ensamblaje<\/li>\n<li>Forma de bloque de pl\u00e1stico: Ladrillos autoblocantes<\/li>\n<li>Material: Pl\u00e1stico<\/li>\n<li>Tipo de pl\u00e1stico: ABS<\/li>\n<li>Bricks Blocks:691PCS<\/li>\n<li>Size: 11.4 \u00d7 11.4 \u00d7 9.3 cm<\/li>\n<li>Contiene instrucciones de montaje detalladas.<\/li>\n<\/ol>\n<p>Aviso:<br \/>\n1. Sin caja original, pero garantizamos que nuestros productos tienen garant\u00eda de calidad y un buen embalaje.<br \/>\n2. Como todas las piezas que hemos comprobado antes del env\u00edo, si encuentra que faltan piezas o est\u00e1n da\u00f1adas, no se preocupe y p\u00f3ngase en contacto con nosotros y podemos reenvi\u00e1rselas inmediatamente de forma gratuita.<\/p>\n<figure id=\"attachment_39698\" aria-describedby=\"caption-attachment-39698\" style=\"width: 800px\" class=\"wp-caption aligncenter\"><img fetchpriority=\"high\" decoding=\"async\" class=\"wp-image-39698 size-full\" src=\"https:\/\/mouldking.store\/wp-content\/uploads\/2023\/01\/Reunion-New-Year-Daquan-Box-LOZ-2215-2.jpg\" alt=\"LOZ 2215 Reunion New Year Daquan Box With 691pcs\" width=\"800\" height=\"800\" title=\"-\"><figcaption id=\"caption-attachment-39698\" class=\"wp-caption-text\">LOZ 2215 Reunion New Year Daquan Box With 691pcs<\/figcaption><\/figure>\n<figure id=\"attachment_39699\" aria-describedby=\"caption-attachment-39699\" style=\"width: 800px\" class=\"wp-caption aligncenter\"><img decoding=\"async\" class=\"wp-image-39699 size-full\" src=\"https:\/\/mouldking.store\/wp-content\/uploads\/2023\/01\/Reunion-New-Year-Daquan-Box-LOZ-2215-1.jpg\" alt=\"LOZ 2215 Reunion New Year Daquan Box With 691pcs\" width=\"800\" height=\"800\" title=\"-\"><figcaption id=\"caption-attachment-39699\" class=\"wp-caption-text\">LOZ 2215 Reunion New Year Daquan Box With 691pcs<\/figcaption><\/figure>","protected":false},"excerpt":{"rendered":"<ul>\n<li>Gu\u00eda de construcci\u00f3n manual<\/li>\n<li data-wpmeteor-click=\"true\">El producto no incluye PEGATINA ni Piezas IMPRESAS. Todas las piezas impresas se reemplazar\u00e1n por piezas est\u00e1ndar y no se incluir\u00e1n en los accesorios de terceros.<\/li>\n<li data-wpmeteor-click=\"true\">Preventa<\/li>\n<\/ul>","protected":false},"featured_media":39698,"comment_status":"closed","ping_status":"closed","template":"","meta":{"_acf_changed":false},"product_cat":[1365],"product_tag":[11007,11010,2202,11008,11012,11006,11000,11009,11011],"class_list":["product","first","outofstock","shipping-taxable","purchasable","product-type-simple"],"acf":[],"_links":{"self":[{"href":"https:\/\/mouldking.store\/es\/wp-json\/wp\/v2\/product\/39697","targetHints":{"allow":["GET"]}}],"collection":[{"href":"https:\/\/mouldking.store\/es\/wp-json\/wp\/v2\/product"}],"about":[{"href":"https:\/\/mouldking.store\/es\/wp-json\/wp\/v2\/types\/product"}],"replies":[{"embeddable":true,"href":"https:\/\/mouldking.store\/es\/wp-json\/wp\/v2\/comments?post=39697"}],"wp:featuredmedia":[{"embeddable":true,"href":"https:\/\/mouldking.store\/es\/wp-json\/wp\/v2\/media\/39698"}],"wp:attachment":[{"href":"https:\/\/mouldking.store\/es\/wp-json\/wp\/v2\/media?parent=39697"}],"wp:term":[{"taxonomy":"product_cat","embeddable":true,"href":"https:\/\/mouldking.store\/es\/wp-json\/wp\/v2\/product_cat?post=39697"},{"taxonomy":"product_tag","embeddable":true,"href":"https:\/\/mouldking.store\/es\/wp-json\/wp\/v2\/product_tag?post=39697"}],"curies":[{"name":"wp","href":"https:\/\/api.w.org\/{rel}","templated":true}]}}