{"id":39700,"date":"2022-10-06T17:27:16","date_gmt":"2022-10-06T10:27:16","guid":{"rendered":"https:\/\/mouldking.store\/?post_type=product&#038;p=39700"},"modified":"2023-01-06T17:32:17","modified_gmt":"2023-01-06T10:32:17","slug":"loz-1928-chinese-dragon-dragon-opera-zhu-with-1416pcs","status":"publish","type":"product","link":"https:\/\/mouldking.store\/es\/shop\/loz-1928-chinese-dragon-dragon-opera-zhu-with-1416pcs\/","title":{"rendered":"LOZ 1928 Drag\u00f3n chino Dragon Opera &quot;Zhu&quot; con 1416 piezas"},"content":{"rendered":"<p>Informaci\u00f3n del Producto:<\/p>\n<ol>\n<li>Marca: LOZ<\/li>\n<li>G\u00e9nero: Unisex<\/li>\n<li>Name: Chinese Dragon Dragon Opera \u201cZhu\u201d<\/li>\n<li>Rango de edad: &gt; 6 a\u00f1os<\/li>\n<li>Model Number: 1928<\/li>\n<li>Clasificaci\u00f3n: Ensamblaje<\/li>\n<li>Forma de bloque de pl\u00e1stico: Ladrillos autoblocantes<\/li>\n<li>Material: Pl\u00e1stico<\/li>\n<li>Tipo de pl\u00e1stico: ABS<\/li>\n<li>Bricks Blocks:1416PCS<\/li>\n<li>Size: 34.5 \u00d7 23 cm<\/li>\n<li>Contiene instrucciones de montaje detalladas.<\/li>\n<\/ol>\n<p>Aviso:<br \/>\n1. Sin caja original, pero garantizamos que nuestros productos tienen garant\u00eda de calidad y un buen embalaje.<br \/>\n2. Como todas las piezas que hemos comprobado antes del env\u00edo, si encuentra que faltan piezas o est\u00e1n da\u00f1adas, no se preocupe y p\u00f3ngase en contacto con nosotros y podemos reenvi\u00e1rselas inmediatamente de forma gratuita.<\/p>\n<figure id=\"attachment_39701\" aria-describedby=\"caption-attachment-39701\" style=\"width: 800px\" class=\"wp-caption aligncenter\"><img fetchpriority=\"high\" decoding=\"async\" class=\"wp-image-39701 size-full\" src=\"https:\/\/mouldking.store\/wp-content\/uploads\/2023\/01\/Chinese-Dragon-Dragon-Opera-Zhu-LOZ-1928-4.jpg\" alt=\"LOZ 1928 Chinese Dragon Dragon Opera \u201cZhu\u201d With 1416pcs\" width=\"800\" height=\"800\" title=\"-\"><figcaption id=\"caption-attachment-39701\" class=\"wp-caption-text\">LOZ 1928 Drag\u00f3n chino Dragon Opera &quot;Zhu&quot; con 1416 piezas<\/figcaption><\/figure>\n<figure id=\"attachment_39702\" aria-describedby=\"caption-attachment-39702\" style=\"width: 800px\" class=\"wp-caption aligncenter\"><img decoding=\"async\" class=\"wp-image-39702 size-full\" src=\"https:\/\/mouldking.store\/wp-content\/uploads\/2023\/01\/Chinese-Dragon-Dragon-Opera-Zhu-LOZ-1928-3.jpg\" alt=\"LOZ 1928 Chinese Dragon Dragon Opera \u201cZhu\u201d With 1416pcs\" width=\"800\" height=\"800\" title=\"-\"><figcaption id=\"caption-attachment-39702\" class=\"wp-caption-text\">LOZ 1928 Drag\u00f3n chino Dragon Opera &quot;Zhu&quot; con 1416 piezas<\/figcaption><\/figure>\n<figure id=\"attachment_39703\" aria-describedby=\"caption-attachment-39703\" style=\"width: 800px\" class=\"wp-caption aligncenter\"><img decoding=\"async\" class=\"wp-image-39703 size-full\" src=\"https:\/\/mouldking.store\/wp-content\/uploads\/2023\/01\/Chinese-Dragon-Dragon-Opera-Zhu-LOZ-1928-2.jpg\" alt=\"LOZ 1928 Chinese Dragon Dragon Opera \u201cZhu\u201d With 1416pcs\" width=\"800\" height=\"800\" title=\"-\"><figcaption id=\"caption-attachment-39703\" class=\"wp-caption-text\">LOZ 1928 Drag\u00f3n chino Dragon Opera &quot;Zhu&quot; con 1416 piezas<\/figcaption><\/figure>\n<figure id=\"attachment_39704\" aria-describedby=\"caption-attachment-39704\" style=\"width: 800px\" class=\"wp-caption aligncenter\"><img loading=\"lazy\" decoding=\"async\" class=\"wp-image-39704 size-full\" src=\"https:\/\/mouldking.store\/wp-content\/uploads\/2023\/01\/Chinese-Dragon-Dragon-Opera-Zhu-LOZ-1928-1.jpg\" alt=\"LOZ 1928 Chinese Dragon Dragon Opera \u201cZhu\u201d With 1416pcs\" width=\"800\" height=\"800\" title=\"-\"><figcaption id=\"caption-attachment-39704\" class=\"wp-caption-text\">LOZ 1928 Drag\u00f3n chino Dragon Opera &quot;Zhu&quot; con 1416 piezas<\/figcaption><\/figure>","protected":false},"excerpt":{"rendered":"<ul>\n<li>Gu\u00eda de construcci\u00f3n manual<\/li>\n<li data-wpmeteor-click=\"true\">El producto no incluye PEGATINA ni Piezas IMPRESAS. Todas las piezas impresas se reemplazar\u00e1n por piezas est\u00e1ndar y no se incluir\u00e1n en los accesorios de terceros.<\/li>\n<li data-wpmeteor-click=\"true\">Preventa<\/li>\n<\/ul>","protected":false},"featured_media":39701,"comment_status":"closed","ping_status":"closed","template":"","meta":{"_acf_changed":false},"product_cat":[1365],"product_tag":[11014,6462,6900,1771,11017,11016,2202,11015,11018,11013],"class_list":["product","first","outofstock","shipping-taxable","purchasable","product-type-simple"],"acf":[],"_links":{"self":[{"href":"https:\/\/mouldking.store\/es\/wp-json\/wp\/v2\/product\/39700","targetHints":{"allow":["GET"]}}],"collection":[{"href":"https:\/\/mouldking.store\/es\/wp-json\/wp\/v2\/product"}],"about":[{"href":"https:\/\/mouldking.store\/es\/wp-json\/wp\/v2\/types\/product"}],"replies":[{"embeddable":true,"href":"https:\/\/mouldking.store\/es\/wp-json\/wp\/v2\/comments?post=39700"}],"wp:featuredmedia":[{"embeddable":true,"href":"https:\/\/mouldking.store\/es\/wp-json\/wp\/v2\/media\/39701"}],"wp:attachment":[{"href":"https:\/\/mouldking.store\/es\/wp-json\/wp\/v2\/media?parent=39700"}],"wp:term":[{"taxonomy":"product_cat","embeddable":true,"href":"https:\/\/mouldking.store\/es\/wp-json\/wp\/v2\/product_cat?post=39700"},{"taxonomy":"product_tag","embeddable":true,"href":"https:\/\/mouldking.store\/es\/wp-json\/wp\/v2\/product_tag?post=39700"}],"curies":[{"name":"wp","href":"https:\/\/api.w.org\/{rel}","templated":true}]}}