{"id":39712,"date":"2022-10-06T17:46:48","date_gmt":"2022-10-06T10:46:48","guid":{"rendered":"https:\/\/mouldking.store\/?post_type=product&#038;p=39712"},"modified":"2023-01-06T17:55:42","modified_gmt":"2023-01-06T10:55:42","slug":"loz-1286-the-worlds-cute-painting-lisa-zhai-with-604pcs","status":"publish","type":"product","link":"https:\/\/mouldking.store\/es\/shop\/loz-1286-the-worlds-cute-painting-lisa-zhai-with-604pcs\/","title":{"rendered":"LOZ 1286 La pintura linda del mundo: Lisa Zhai con 604 piezas"},"content":{"rendered":"<p>Informaci\u00f3n del Producto:<\/p>\n<ol>\n<li>Marca: LOZ<\/li>\n<li>G\u00e9nero: Unisex<\/li>\n<li>Name: The World\u2019s Cute Painting: Lisa Zhai<\/li>\n<li>Rango de edad: &gt; 6 a\u00f1os<\/li>\n<li>Model Number: 1286<\/li>\n<li>Clasificaci\u00f3n: Ensamblaje<\/li>\n<li>Forma de bloque de pl\u00e1stico: Ladrillos autoblocantes<\/li>\n<li>Material: Pl\u00e1stico<\/li>\n<li>Tipo de pl\u00e1stico: ABS<\/li>\n<li>Bricks Blocks:604PCS<\/li>\n<li>Size: 9.5 \u00d7 7 \u00d7 12.5 cm<\/li>\n<li>Contiene instrucciones de montaje detalladas.<\/li>\n<\/ol>\n<p>Aviso:<br \/>\n1. Sin caja original, pero garantizamos que nuestros productos tienen garant\u00eda de calidad y un buen embalaje.<br \/>\n2. Como todas las piezas que hemos comprobado antes del env\u00edo, si encuentra que faltan piezas o est\u00e1n da\u00f1adas, no se preocupe y p\u00f3ngase en contacto con nosotros y podemos reenvi\u00e1rselas inmediatamente de forma gratuita.<\/p>\n<figure id=\"attachment_39713\" aria-describedby=\"caption-attachment-39713\" style=\"width: 595px\" class=\"wp-caption aligncenter\"><img fetchpriority=\"high\" decoding=\"async\" class=\"wp-image-39713 size-full\" src=\"https:\/\/mouldking.store\/wp-content\/uploads\/2023\/01\/Lisa-Zhai-LOZ-1286-2.jpg\" alt=\"LOZ 1286 The World\u2019s Cute Painting: Lisa Zhai With 604pcs\" width=\"595\" height=\"513\" title=\"-\"><figcaption id=\"caption-attachment-39713\" class=\"wp-caption-text\">LOZ 1286 La pintura linda del mundo: Lisa Zhai con 604 piezas<\/figcaption><\/figure>\n<figure id=\"attachment_39714\" aria-describedby=\"caption-attachment-39714\" style=\"width: 800px\" class=\"wp-caption aligncenter\"><img decoding=\"async\" class=\"wp-image-39714 size-full\" src=\"https:\/\/mouldking.store\/wp-content\/uploads\/2023\/01\/Lisa-Zhai-LOZ-1286-1.jpg\" alt=\"LOZ 1286 The World\u2019s Cute Painting: Lisa Zhai With 604pcs\" width=\"800\" height=\"800\" title=\"-\"><figcaption id=\"caption-attachment-39714\" class=\"wp-caption-text\">LOZ 1286 La pintura linda del mundo: Lisa Zhai con 604 piezas<\/figcaption><\/figure>","protected":false},"excerpt":{"rendered":"<ul>\n<li>Gu\u00eda de construcci\u00f3n manual<\/li>\n<li data-wpmeteor-click=\"true\">El producto no incluye PEGATINA ni Piezas IMPRESAS. Todas las piezas impresas se reemplazar\u00e1n por piezas est\u00e1ndar y no se incluir\u00e1n en los accesorios de terceros.<\/li>\n<li data-wpmeteor-click=\"true\">Preventa<\/li>\n<\/ul>","protected":false},"featured_media":39714,"comment_status":"closed","ping_status":"closed","template":"","meta":{"_acf_changed":false},"product_cat":[1365],"product_tag":[11042,11044,2202,11046,11047,11041,7204,11043,11045],"class_list":["product","first","outofstock","shipping-taxable","purchasable","product-type-simple"],"acf":[],"_links":{"self":[{"href":"https:\/\/mouldking.store\/es\/wp-json\/wp\/v2\/product\/39712","targetHints":{"allow":["GET"]}}],"collection":[{"href":"https:\/\/mouldking.store\/es\/wp-json\/wp\/v2\/product"}],"about":[{"href":"https:\/\/mouldking.store\/es\/wp-json\/wp\/v2\/types\/product"}],"replies":[{"embeddable":true,"href":"https:\/\/mouldking.store\/es\/wp-json\/wp\/v2\/comments?post=39712"}],"wp:featuredmedia":[{"embeddable":true,"href":"https:\/\/mouldking.store\/es\/wp-json\/wp\/v2\/media\/39714"}],"wp:attachment":[{"href":"https:\/\/mouldking.store\/es\/wp-json\/wp\/v2\/media?parent=39712"}],"wp:term":[{"taxonomy":"product_cat","embeddable":true,"href":"https:\/\/mouldking.store\/es\/wp-json\/wp\/v2\/product_cat?post=39712"},{"taxonomy":"product_tag","embeddable":true,"href":"https:\/\/mouldking.store\/es\/wp-json\/wp\/v2\/product_tag?post=39712"}],"curies":[{"name":"wp","href":"https:\/\/api.w.org\/{rel}","templated":true}]}}