{"id":39715,"date":"2022-10-06T17:56:09","date_gmt":"2022-10-06T10:56:09","guid":{"rendered":"https:\/\/mouldking.store\/?post_type=product&#038;p=39715"},"modified":"2023-01-06T18:03:39","modified_gmt":"2023-01-06T11:03:39","slug":"jiestar-91024-honda-neowing-three-wheeled-motorcycle-with-996pcs","status":"publish","type":"product","link":"https:\/\/mouldking.store\/es\/shop\/jiestar-91024-honda-neowing-three-wheeled-motorcycle-with-996pcs\/","title":{"rendered":"JIESTAR 91024 Honda NEOWING motocicleta de tres ruedas con 996 piezas"},"content":{"rendered":"<p>Informaci\u00f3n del Producto:<\/p>\n<ol>\n<li>Marca: JIESTAR<\/li>\n<li>G\u00e9nero: Unisex<\/li>\n<li>Name: Honda NEOWING Three-wheeled Motorcycle<\/li>\n<li>Rango de edad: &gt; 6 a\u00f1os<\/li>\n<li>Model Number: 91024<\/li>\n<li>Clasificaci\u00f3n: Ensamblaje<\/li>\n<li>Forma de bloque de pl\u00e1stico: Ladrillos autoblocantes<\/li>\n<li>Material: Pl\u00e1stico<\/li>\n<li>Tipo de pl\u00e1stico: ABS<\/li>\n<li>Bricks Blocks:996PCS<\/li>\n<li>Size: 26.4 \u00d7 17.6 \u00d7 17.6 cm<\/li>\n<li>Contiene instrucciones de montaje detalladas.<\/li>\n<\/ol>\n<p>Aviso:<br \/>\n1. Sin caja original, pero garantizamos que nuestros productos tienen garant\u00eda de calidad y un buen embalaje.<br \/>\n2. Como todas las piezas que hemos comprobado antes del env\u00edo, si encuentra que faltan piezas o est\u00e1n da\u00f1adas, no se preocupe y p\u00f3ngase en contacto con nosotros y podemos reenvi\u00e1rselas inmediatamente de forma gratuita.<\/p>\n<figure id=\"attachment_39716\" aria-describedby=\"caption-attachment-39716\" style=\"width: 800px\" class=\"wp-caption aligncenter\"><img fetchpriority=\"high\" decoding=\"async\" class=\"wp-image-39716 size-full\" src=\"https:\/\/mouldking.store\/wp-content\/uploads\/2023\/01\/Honda-NEOWING-Three-wheeled-Motorcycle-JIESTAR-91024.jpg\" alt=\"JIESTAR 91024 Honda NEOWING Three-wheeled Motorcycle With 996pcs\" width=\"800\" height=\"800\" title=\"-\"><figcaption id=\"caption-attachment-39716\" class=\"wp-caption-text\">JIESTAR 91024 Honda NEOWING motocicleta de tres ruedas con 996 piezas<\/figcaption><\/figure>","protected":false},"excerpt":{"rendered":"<ul>\n<li>Gu\u00eda de construcci\u00f3n manual<\/li>\n<li data-wpmeteor-click=\"true\">El producto no incluye PEGATINA ni Piezas IMPRESAS. Todas las piezas impresas se reemplazar\u00e1n por piezas est\u00e1ndar y no se incluir\u00e1n en los accesorios de terceros.<\/li>\n<li data-wpmeteor-click=\"true\">Preventa<\/li>\n<\/ul>","protected":false},"featured_media":39716,"comment_status":"closed","ping_status":"closed","template":"","meta":{"_acf_changed":false},"product_cat":[1365],"product_tag":[11049,9118,11051,11055,3075,11052,11056,11048,2449,11050,11053,11054],"class_list":["product","first","outofstock","shipping-taxable","purchasable","product-type-simple"],"acf":[],"_links":{"self":[{"href":"https:\/\/mouldking.store\/es\/wp-json\/wp\/v2\/product\/39715","targetHints":{"allow":["GET"]}}],"collection":[{"href":"https:\/\/mouldking.store\/es\/wp-json\/wp\/v2\/product"}],"about":[{"href":"https:\/\/mouldking.store\/es\/wp-json\/wp\/v2\/types\/product"}],"replies":[{"embeddable":true,"href":"https:\/\/mouldking.store\/es\/wp-json\/wp\/v2\/comments?post=39715"}],"wp:featuredmedia":[{"embeddable":true,"href":"https:\/\/mouldking.store\/es\/wp-json\/wp\/v2\/media\/39716"}],"wp:attachment":[{"href":"https:\/\/mouldking.store\/es\/wp-json\/wp\/v2\/media?parent=39715"}],"wp:term":[{"taxonomy":"product_cat","embeddable":true,"href":"https:\/\/mouldking.store\/es\/wp-json\/wp\/v2\/product_cat?post=39715"},{"taxonomy":"product_tag","embeddable":true,"href":"https:\/\/mouldking.store\/es\/wp-json\/wp\/v2\/product_tag?post=39715"}],"curies":[{"name":"wp","href":"https:\/\/api.w.org\/{rel}","templated":true}]}}