{"id":39717,"date":"2022-10-06T18:04:03","date_gmt":"2022-10-06T11:04:03","guid":{"rendered":"https:\/\/mouldking.store\/?post_type=product&#038;p=39717"},"modified":"2023-01-06T18:08:59","modified_gmt":"2023-01-06T11:08:59","slug":"jiestar-91022-benelli-502c-with-765pcs","status":"publish","type":"product","link":"https:\/\/mouldking.store\/es\/shop\/jiestar-91022-benelli-502c-with-765pcs\/","title":{"rendered":"JIESTAR 91022 Benelli 502C con 765 piezas"},"content":{"rendered":"<p>Informaci\u00f3n del Producto:<\/p>\n<ol>\n<li>Marca: JIESTAR<\/li>\n<li>G\u00e9nero: Unisex<\/li>\n<li>Nombre: Benelli 502C<\/li>\n<li>Rango de edad: &gt; 6 a\u00f1os<\/li>\n<li>N\u00famero de modelo: 91022<\/li>\n<li>Clasificaci\u00f3n: Ensamblaje<\/li>\n<li>Forma de bloque de pl\u00e1stico: Ladrillos autoblocantes<\/li>\n<li>Material: Pl\u00e1stico<\/li>\n<li>Tipo de pl\u00e1stico: ABS<\/li>\n<li>Bloques de ladrillos: 765PCS<\/li>\n<li>Tama\u00f1o: 35,2 \u00d7 12,8 \u00d7 17,6 cm<\/li>\n<li>Contiene instrucciones de montaje detalladas.<\/li>\n<\/ol>\n<p>Aviso:<br \/>\n1. Sin caja original, pero garantizamos que nuestros productos tienen garant\u00eda de calidad y un buen embalaje.<br \/>\n2. Como todas las piezas que hemos comprobado antes del env\u00edo, si encuentra que faltan piezas o est\u00e1n da\u00f1adas, no se preocupe y p\u00f3ngase en contacto con nosotros y podemos reenvi\u00e1rselas inmediatamente de forma gratuita.<\/p>\n<figure id=\"attachment_39718\" aria-describedby=\"caption-attachment-39718\" style=\"width: 800px\" class=\"wp-caption aligncenter\"><img fetchpriority=\"high\" decoding=\"async\" class=\"wp-image-39718 size-full\" src=\"https:\/\/mouldking.store\/wp-content\/uploads\/2023\/01\/Benelli-502C-JIESTAR-91022-4.jpg\" alt=\"JIESTAR 91022 Benelli 502C With 765pcs\" width=\"800\" height=\"800\" title=\"-\"><figcaption id=\"caption-attachment-39718\" class=\"wp-caption-text\">JIESTAR 91022 Benelli 502C con 765 piezas<\/figcaption><\/figure>\n<figure id=\"attachment_39719\" aria-describedby=\"caption-attachment-39719\" style=\"width: 800px\" class=\"wp-caption aligncenter\"><img decoding=\"async\" class=\"wp-image-39719 size-full\" src=\"https:\/\/mouldking.store\/wp-content\/uploads\/2023\/01\/Benelli-502C-JIESTAR-91022-3.jpg\" alt=\"JIESTAR 91022 Benelli 502C With 765pcs\" width=\"800\" height=\"800\" title=\"-\"><figcaption id=\"caption-attachment-39719\" class=\"wp-caption-text\">JIESTAR 91022 Benelli 502C con 765 piezas<\/figcaption><\/figure>\n<figure id=\"attachment_39720\" aria-describedby=\"caption-attachment-39720\" style=\"width: 800px\" class=\"wp-caption aligncenter\"><img decoding=\"async\" class=\"wp-image-39720 size-full\" src=\"https:\/\/mouldking.store\/wp-content\/uploads\/2023\/01\/Benelli-502C-JIESTAR-91022-2.jpg\" alt=\"JIESTAR 91022 Benelli 502C With 765pcs\" width=\"800\" height=\"800\" title=\"-\"><figcaption id=\"caption-attachment-39720\" class=\"wp-caption-text\">JIESTAR 91022 Benelli 502C con 765 piezas<\/figcaption><\/figure>\n<figure id=\"attachment_39721\" aria-describedby=\"caption-attachment-39721\" style=\"width: 800px\" class=\"wp-caption aligncenter\"><img loading=\"lazy\" decoding=\"async\" class=\"wp-image-39721 size-full\" src=\"https:\/\/mouldking.store\/wp-content\/uploads\/2023\/01\/Benelli-502C-JIESTAR-91022-1.jpg\" alt=\"JIESTAR 91022 Benelli 502C With 765pcs\" width=\"800\" height=\"800\" title=\"-\"><figcaption id=\"caption-attachment-39721\" class=\"wp-caption-text\">JIESTAR 91022 Benelli 502C con 765 piezas<\/figcaption><\/figure>","protected":false},"excerpt":{"rendered":"<ul>\n<li>Gu\u00eda de construcci\u00f3n manual<\/li>\n<li data-wpmeteor-click=\"true\">El producto no incluye PEGATINA ni Piezas IMPRESAS. Todas las piezas impresas se reemplazar\u00e1n por piezas est\u00e1ndar y no se incluir\u00e1n en los accesorios de terceros.<\/li>\n<li data-wpmeteor-click=\"true\">Preventa<\/li>\n<\/ul>","protected":false},"featured_media":39719,"comment_status":"closed","ping_status":"closed","template":"","meta":{"_acf_changed":false},"product_cat":[1357],"product_tag":[11058,11059,11060,3075,11061,11062,11057],"class_list":["product","first","outofstock","shipping-taxable","purchasable","product-type-simple"],"acf":[],"_links":{"self":[{"href":"https:\/\/mouldking.store\/es\/wp-json\/wp\/v2\/product\/39717","targetHints":{"allow":["GET"]}}],"collection":[{"href":"https:\/\/mouldking.store\/es\/wp-json\/wp\/v2\/product"}],"about":[{"href":"https:\/\/mouldking.store\/es\/wp-json\/wp\/v2\/types\/product"}],"replies":[{"embeddable":true,"href":"https:\/\/mouldking.store\/es\/wp-json\/wp\/v2\/comments?post=39717"}],"wp:featuredmedia":[{"embeddable":true,"href":"https:\/\/mouldking.store\/es\/wp-json\/wp\/v2\/media\/39719"}],"wp:attachment":[{"href":"https:\/\/mouldking.store\/es\/wp-json\/wp\/v2\/media?parent=39717"}],"wp:term":[{"taxonomy":"product_cat","embeddable":true,"href":"https:\/\/mouldking.store\/es\/wp-json\/wp\/v2\/product_cat?post=39717"},{"taxonomy":"product_tag","embeddable":true,"href":"https:\/\/mouldking.store\/es\/wp-json\/wp\/v2\/product_tag?post=39717"}],"curies":[{"name":"wp","href":"https:\/\/api.w.org\/{rel}","templated":true}]}}