{"id":39722,"date":"2022-10-06T18:09:26","date_gmt":"2022-10-06T11:09:26","guid":{"rendered":"https:\/\/mouldking.store\/?post_type=product&#038;p=39722"},"modified":"2023-01-06T18:15:40","modified_gmt":"2023-01-06T11:15:40","slug":"jiestar-91025-bmw-f-850-gs-adventure-with-781pcs","status":"publish","type":"product","link":"https:\/\/mouldking.store\/es\/shop\/jiestar-91025-bmw-f-850-gs-adventure-with-781pcs\/","title":{"rendered":"JIESTAR 91025 BMW F 850 \u200b\u200b\u200b\u200bGS Aventura con 781 piezas"},"content":{"rendered":"<p>Informaci\u00f3n del Producto:<\/p>\n<ol>\n<li>Marca: JIESTAR<\/li>\n<li>G\u00e9nero: Unisex<\/li>\n<li>Name: BMW F 850 \u200b\u200bGS Adventure<\/li>\n<li>Rango de edad: &gt; 6 a\u00f1os<\/li>\n<li>Model Number: 91025<\/li>\n<li>Clasificaci\u00f3n: Ensamblaje<\/li>\n<li>Forma de bloque de pl\u00e1stico: Ladrillos autoblocantes<\/li>\n<li>Material: Pl\u00e1stico<\/li>\n<li>Tipo de pl\u00e1stico: ABS<\/li>\n<li>Bricks Blocks:781PCS<\/li>\n<li>Size: 32.8 \u00d7 14.4 \u00d7 17.6 cm<\/li>\n<li>Contiene instrucciones de montaje detalladas.<\/li>\n<\/ol>\n<p>Aviso:<br \/>\n1. Sin caja original, pero garantizamos que nuestros productos tienen garant\u00eda de calidad y un buen embalaje.<br \/>\n2. Como todas las piezas que hemos comprobado antes del env\u00edo, si encuentra que faltan piezas o est\u00e1n da\u00f1adas, no se preocupe y p\u00f3ngase en contacto con nosotros y podemos reenvi\u00e1rselas inmediatamente de forma gratuita.<\/p>\n<figure id=\"attachment_39723\" aria-describedby=\"caption-attachment-39723\" style=\"width: 800px\" class=\"wp-caption aligncenter\"><img fetchpriority=\"high\" decoding=\"async\" class=\"wp-image-39723 size-full\" src=\"https:\/\/mouldking.store\/wp-content\/uploads\/2023\/01\/BMW-F-850-\u200b\u200bGS-Adventure-JIESTAR-91025-3.jpg\" alt=\"JIESTAR 91025 BMW F 850 \u200b\u200bGS Adventure With 781pcs\" width=\"800\" height=\"800\" title=\"-\"><figcaption id=\"caption-attachment-39723\" class=\"wp-caption-text\">JIESTAR 91025 BMW F 850 \u200b\u200b\u200b\u200bGS Aventura con 781 piezas<\/figcaption><\/figure>\n<figure id=\"attachment_39724\" aria-describedby=\"caption-attachment-39724\" style=\"width: 800px\" class=\"wp-caption aligncenter\"><img decoding=\"async\" class=\"wp-image-39724 size-full\" src=\"https:\/\/mouldking.store\/wp-content\/uploads\/2023\/01\/BMW-F-850-\u200b\u200bGS-Adventure-JIESTAR-91025-2.jpg\" alt=\"JIESTAR 91025 BMW F 850 \u200b\u200bGS Adventure With 781pcs\" width=\"800\" height=\"800\" title=\"-\"><figcaption id=\"caption-attachment-39724\" class=\"wp-caption-text\">JIESTAR 91025 BMW F 850 \u200b\u200b\u200b\u200bGS Aventura con 781 piezas<\/figcaption><\/figure>\n<figure id=\"attachment_39725\" aria-describedby=\"caption-attachment-39725\" style=\"width: 800px\" class=\"wp-caption aligncenter\"><img decoding=\"async\" class=\"wp-image-39725 size-full\" src=\"https:\/\/mouldking.store\/wp-content\/uploads\/2023\/01\/BMW-F-850-\u200b\u200bGS-Adventure-JIESTAR-91025-1.jpg\" alt=\"JIESTAR 91025 BMW F 850 \u200b\u200bGS Adventure With 781pcs\" width=\"800\" height=\"800\" title=\"-\"><figcaption id=\"caption-attachment-39725\" class=\"wp-caption-text\">JIESTAR 91025 BMW F 850 \u200b\u200b\u200b\u200bGS Aventura con 781 piezas<\/figcaption><\/figure>","protected":false},"excerpt":{"rendered":"<ul>\n<li>Gu\u00eda de construcci\u00f3n manual<\/li>\n<li data-wpmeteor-click=\"true\">El producto no incluye PEGATINA ni Piezas IMPRESAS. Todas las piezas impresas se reemplazar\u00e1n por piezas est\u00e1ndar y no se incluir\u00e1n en los accesorios de terceros.<\/li>\n<li data-wpmeteor-click=\"true\">Preventa<\/li>\n<\/ul>","protected":false},"featured_media":39724,"comment_status":"closed","ping_status":"closed","template":"","meta":{"_acf_changed":false},"product_cat":[1357],"product_tag":[11064,6470,5583,11066,11065,3075,11067,11063],"class_list":["product","first","outofstock","shipping-taxable","purchasable","product-type-simple"],"acf":[],"_links":{"self":[{"href":"https:\/\/mouldking.store\/es\/wp-json\/wp\/v2\/product\/39722","targetHints":{"allow":["GET"]}}],"collection":[{"href":"https:\/\/mouldking.store\/es\/wp-json\/wp\/v2\/product"}],"about":[{"href":"https:\/\/mouldking.store\/es\/wp-json\/wp\/v2\/types\/product"}],"replies":[{"embeddable":true,"href":"https:\/\/mouldking.store\/es\/wp-json\/wp\/v2\/comments?post=39722"}],"wp:featuredmedia":[{"embeddable":true,"href":"https:\/\/mouldking.store\/es\/wp-json\/wp\/v2\/media\/39724"}],"wp:attachment":[{"href":"https:\/\/mouldking.store\/es\/wp-json\/wp\/v2\/media?parent=39722"}],"wp:term":[{"taxonomy":"product_cat","embeddable":true,"href":"https:\/\/mouldking.store\/es\/wp-json\/wp\/v2\/product_cat?post=39722"},{"taxonomy":"product_tag","embeddable":true,"href":"https:\/\/mouldking.store\/es\/wp-json\/wp\/v2\/product_tag?post=39722"}],"curies":[{"name":"wp","href":"https:\/\/api.w.org\/{rel}","templated":true}]}}