{"id":40511,"date":"2023-01-30T09:26:28","date_gmt":"2023-01-30T02:26:28","guid":{"rendered":"https:\/\/mouldking.store\/shop\/sluban-m38-b1107-world-war-ii-pacific-storm-type-97-medium-tank-with-563-pieces\/"},"modified":"2023-01-30T09:26:28","modified_gmt":"2023-01-30T02:26:28","slug":"sluban-m38-b1107-world-war-ii-pacific-storm-type-97-medium-tank-with-563-pieces","status":"publish","type":"product","link":"https:\/\/mouldking.store\/es\/shop\/sluban-m38-b1107-world-war-ii-pacific-storm-type-97-medium-tank-with-563-pieces\/","title":{"rendered":"Sluban M38-B1107 Tormenta del Pac\u00edfico de la Segunda Guerra Mundial: tanque mediano tipo 97 con 563 piezas"},"content":{"rendered":"<div>Tormenta del Pac\u00edfico de la Segunda Guerra Mundial: el tanque chino tipo 97 pertenece a la serie militar de conjuntos de bloques de construcci\u00f3n, y todo el conjunto contiene 563 part\u00edculas de bloques de construcci\u00f3n. Primer lanzamiento en 2022.<\/div>","protected":false},"excerpt":{"rendered":"<p>Marca: Sluban<br \/>\nG\u00e9nero: Unisex<br \/>\nRango de edad: &gt; 8 a\u00f1os<br \/>\nN\u00famero de modelo: M38-B1107<br \/>\nClasificaci\u00f3n: Ensamblaje<br \/>\nForma de bloque de pl\u00e1stico: Ladrillos autoblocantes<br \/>\nMaterial: Pl\u00e1stico<br \/>\nTipo de pl\u00e1stico: ABS<br \/>\nLadrillos Bloques: 563 +<br \/>\nPreventa<br \/>\nAgotado<\/p>","protected":false},"featured_media":40509,"comment_status":"open","ping_status":"closed","template":"","meta":{"_acf_changed":false},"product_cat":[1365,1350,372],"product_tag":[8452,3813,374,485,8235],"class_list":["product","first","instock","shipping-taxable","purchasable","product-type-simple"],"acf":[],"_links":{"self":[{"href":"https:\/\/mouldking.store\/es\/wp-json\/wp\/v2\/product\/40511","targetHints":{"allow":["GET"]}}],"collection":[{"href":"https:\/\/mouldking.store\/es\/wp-json\/wp\/v2\/product"}],"about":[{"href":"https:\/\/mouldking.store\/es\/wp-json\/wp\/v2\/types\/product"}],"replies":[{"embeddable":true,"href":"https:\/\/mouldking.store\/es\/wp-json\/wp\/v2\/comments?post=40511"}],"wp:featuredmedia":[{"embeddable":true,"href":"https:\/\/mouldking.store\/es\/wp-json\/wp\/v2\/media\/40509"}],"wp:attachment":[{"href":"https:\/\/mouldking.store\/es\/wp-json\/wp\/v2\/media?parent=40511"}],"wp:term":[{"taxonomy":"product_cat","embeddable":true,"href":"https:\/\/mouldking.store\/es\/wp-json\/wp\/v2\/product_cat?post=40511"},{"taxonomy":"product_tag","embeddable":true,"href":"https:\/\/mouldking.store\/es\/wp-json\/wp\/v2\/product_tag?post=40511"}],"curies":[{"name":"wp","href":"https:\/\/api.w.org\/{rel}","templated":true}]}}