{"id":40517,"date":"2023-01-30T09:35:42","date_gmt":"2023-01-30T02:35:42","guid":{"rendered":"https:\/\/mouldking.store\/shop\/sluban-m38-b1109-world-war-ii-pacific-storm-f4u-1-corsair-fighter-with-550-pieces\/"},"modified":"2023-02-06T10:35:48","modified_gmt":"2023-02-06T03:35:48","slug":"sluban-m38-b1109-world-war-ii-pacific-storm-f4u-1-corsair-fighter-with-550-pieces","status":"publish","type":"product","link":"https:\/\/mouldking.store\/es\/shop\/sluban-m38-b1109-world-war-ii-pacific-storm-f4u-1-corsair-fighter-with-550-pieces\/","title":{"rendered":"Sluban M38-B1109 Tormenta del Pac\u00edfico de la Segunda Guerra Mundial: F4U-1 Corsair Fighter con 550 piezas"},"content":{"rendered":"<p><span data-sheets-value=\"{&quot;1&quot;:2,&quot;2&quot;:&quot;\u2705 LW 2098 Iron Mech Anti-Hulk Armor\\n\\n\u2705Iron Mech Anti-Hulk Armor is a fictional technology from the Marvel Comics universe, specifically designed to be used against the Incredible Hulk. It is an armored exo-suit, equipped with weapons and other technology specifically made to combat the Hulk's immense strength and durability. The Iron Mech Anti-Hulk Armor was created by Tony Stark, also known as Iron Man, to help protect the world from the destructive power of the Hulk.\\n\\n\ud83d\udeab IMPORTANT!\\n\\nProduct Name: Iron Mech Anti-Hulk Armor\\n\\nCategory: Movie\\n\\nThis Kit Contains: LW 2098\\n\\n4448 pcs Good Quality Bricks\\n\\nSize: 37 \u00d7 17 \u00d7 45.5 cm\\n\\nManual Instructions\\n\\n\ud83d\udcccNature of the protagonist\\n\\nIntroducing our proud collection named \u201cIron Mech Anti-Hulk Armor\u201d you should not miss.\\n\\nIron Mech Anti-Hulk Armor is a fictional exo-suit created by Tony Stark, also known as Iron Man, in the Marvel Comics universe. It is specifically designed to combat the Incredible Hulk, one of the most powerful and destructive forces in the Marvel universe. The Iron Mech Anti-Hulk Armor is equipped with advanced weapons, technology, and armor to counteract the Hulk's immense strength and durability, making it one of the few weapons capable of stopping the rampaging superhero. This armor is seen as a last resort to protect humanity and maintain order in the face of the Hulk's overwhelming power.&quot;}\" data-sheets-userformat=\"{&quot;2&quot;:33559489,&quot;3&quot;:{&quot;1&quot;:0},&quot;9&quot;:0,&quot;10&quot;:2,&quot;11&quot;:3,&quot;12&quot;:0,&quot;15&quot;:&quot;Arial&quot;,&quot;28&quot;:1}\">\u2705 Sluban M38-B1109 Tormenta del Pac\u00edfico de la Segunda Guerra Mundial: F4U-1 Corsair Fighter<\/p>\n<p>\u2705El Vought F4U-1 Corsair fue un avi\u00f3n de combate que entr\u00f3 en servicio principalmente en la Segunda Guerra Mundial y la Guerra de Corea. La demanda del veh\u00edculo nunca disminuy\u00f3 desde su introducci\u00f3n en 1944 hasta su retiro del servicio en 1957. Este conjunto es una excelente adici\u00f3n a cualquier colecci\u00f3n militar.<\/p>\n<p>\ud83d\udeab \u00a1IMPORTANTE!<\/p>\n<p>Nombre del producto: Tormenta del Pac\u00edfico de la Segunda Guerra Mundial: F4U-1 Corsair Fighter<\/p>\n<p>Categor\u00eda: Militar<\/p>\n<p>Este kit contiene: Sluban M38-B1109<\/p>\n<p>550 piezas de ladrillos de buena calidad<\/p>\n<p>Instrucciones manuales<\/p>\n<p>\ud83d\udcccNaturaleza del protagonista<\/p>\n<p>Presentamos nuestra orgullosa colecci\u00f3n llamada &quot;Tormenta del Pac\u00edfico de la Segunda Guerra Mundial: F4U-1 Corsair Fighter&quot; que no debe perderse.<\/p>\n<p>Tormenta del Pac\u00edfico de la Segunda Guerra Mundial: Vought F4U-1 Corsair se refiere a un tipo espec\u00edfico de avi\u00f3n de combate utilizado por el ej\u00e9rcito de los Estados Unidos durante la Segunda Guerra Mundial. El Vought F4U-1 Corsair era un avi\u00f3n de combate de un solo motor y un solo asiento que se us\u00f3 ampliamente en el Teatro del Pac\u00edfico de la Segunda Guerra Mundial. Era conocido por su distintivo dise\u00f1o de ala de gaviota invertida y se consideraba uno de los mejores aviones de combate basados en portaaviones de la guerra. El F4U-1 Corsair fue utilizado por la Armada y el Cuerpo de Marines de los EE. UU. y se utiliz\u00f3 en una variedad de funciones, incluida la superioridad a\u00e9rea, el ataque terrestre y el apoyo a\u00e9reo cercano. &quot;Tormenta del Pac\u00edfico de la Segunda Guerra Mundial&quot; es probablemente el nombre de un videojuego u otra simulaci\u00f3n hist\u00f3rica que incluye el Vought F4U-1 Corsair como una unidad jugable.<\/span><\/p>","protected":false},"excerpt":{"rendered":"<p>Marca: Sluban<br \/>\nG\u00e9nero: Unisex<br \/>\nRango de edad: &gt; 8 a\u00f1os<br \/>\nN\u00famero de modelo: M38-B1109<br \/>\nClasificaci\u00f3n: Ensamblaje<br \/>\nForma de bloque de pl\u00e1stico: Ladrillos autoblocantes<br \/>\nMaterial: Pl\u00e1stico<br \/>\nTipo de pl\u00e1stico: ABS<br \/>\nLadrillos Bloques: 550 +<\/p>","protected":false},"featured_media":40515,"comment_status":"open","ping_status":"closed","template":"","meta":{"_acf_changed":false},"product_cat":[1365,1350,372],"product_tag":[8452,11142,7374,374,8235],"class_list":["product","first","instock","shipping-taxable","purchasable","product-type-simple"],"acf":[],"_links":{"self":[{"href":"https:\/\/mouldking.store\/es\/wp-json\/wp\/v2\/product\/40517","targetHints":{"allow":["GET"]}}],"collection":[{"href":"https:\/\/mouldking.store\/es\/wp-json\/wp\/v2\/product"}],"about":[{"href":"https:\/\/mouldking.store\/es\/wp-json\/wp\/v2\/types\/product"}],"replies":[{"embeddable":true,"href":"https:\/\/mouldking.store\/es\/wp-json\/wp\/v2\/comments?post=40517"}],"wp:featuredmedia":[{"embeddable":true,"href":"https:\/\/mouldking.store\/es\/wp-json\/wp\/v2\/media\/40515"}],"wp:attachment":[{"href":"https:\/\/mouldking.store\/es\/wp-json\/wp\/v2\/media?parent=40517"}],"wp:term":[{"taxonomy":"product_cat","embeddable":true,"href":"https:\/\/mouldking.store\/es\/wp-json\/wp\/v2\/product_cat?post=40517"},{"taxonomy":"product_tag","embeddable":true,"href":"https:\/\/mouldking.store\/es\/wp-json\/wp\/v2\/product_tag?post=40517"}],"curies":[{"name":"wp","href":"https:\/\/api.w.org\/{rel}","templated":true}]}}